{"id":332894,"date":"2026-02-27T16:59:08","date_gmt":"2026-02-27T13:59:08","guid":{"rendered":"https:\/\/ecoshop.ee\/maaratlemata\/kokkupandav-paikeseduss-must-214-cm-23-l\/"},"modified":"2026-04-15T16:29:13","modified_gmt":"2026-04-15T13:29:13","slug":"%d1%81%d0%ba%d0%bb%d0%b0%d0%b4%d0%bd%d0%be%d0%b9-%d1%88%d0%b5%d0%b7%d0%bb%d0%be%d0%bd%d0%b3-%d1%87%d0%b5%d1%80%d0%bd%d1%8b%d0%b9-214-%d1%81%d0%bc-23-%d0%bb","status":"publish","type":"product","link":"https:\/\/ecoshop.ee\/ru\/validussid\/kokkupandav-paikeseduss-must-214-cm-23-l\/","title":{"rendered":"\u0421\u043a\u043b\u0430\u0434\u043d\u043e\u0439 \u0441\u043e\u043b\u043d\u0435\u0447\u043d\u044b\u0439 \u0434\u0443\u0448, \u0447\u0435\u0440\u043d\u044b\u0439, 214 \u0441\u043c, 23 \u043b."},"content":{"rendered":"<p>\u041d\u0430\u0441\u043b\u0430\u0434\u0438\u0442\u0435\u0441\u044c \u0442\u0435\u043f\u043b\u044b\u043c \u0434\u0443\u0448\u0435\u043c \u0443 \u0431\u0430\u0441\u0441\u0435\u0439\u043d\u0430 \u0438\u043b\u0438 \u0432 \u0441\u0430\u0434\u0443 \u0441 \u043f\u043e\u043c\u043e\u0449\u044c\u044e \u0443\u0434\u043e\u0431\u043d\u043e\u0433\u043e \u0441\u043e\u043b\u043d\u0435\u0447\u043d\u043e\u0433\u043e \u0434\u0443\u0448\u0430! \u041e\u043d \u043d\u0430\u0433\u0440\u0435\u0432\u0430\u0435\u0442 \u0432\u043e\u0434\u0443, \u0438\u0441\u043f\u043e\u043b\u044c\u0437\u0443\u044f \u0441\u043e\u043b\u043d\u0435\u0447\u043d\u0443\u044e \u044d\u043d\u0435\u0440\u0433\u0438\u044e. \u0414\u0443\u0448 \u043e\u0441\u043d\u0430\u0449\u0435\u043d \u0440\u0435\u0437\u0435\u0440\u0432\u0443\u0430\u0440\u043e\u043c \u0434\u043b\u044f \u0432\u043e\u0434\u044b \u043e\u0431\u044a\u0435\u043c\u043e\u043c 23 \u043b.<\/p>\n<\/p>\n<p>\u0414\u0443\u0448 \u0434\u043b\u044f \u0441\u0430\u0434\u0430 \u0438\u0437\u0433\u043e\u0442\u043e\u0432\u043b\u0435\u043d \u0438\u0437 \u041f\u0412\u0425, \u0447\u0442\u043e \u0434\u0435\u043b\u0430\u0435\u0442 \u0435\u0433\u043e \u043f\u0440\u043e\u0447\u043d\u044b\u043c \u0438 \u043d\u0435 \u0441\u043e\u0434\u0435\u0440\u0436\u0430\u0449\u0438\u043c \u0432\u0440\u0435\u0434\u043d\u044b\u0445 \u0445\u0438\u043c\u0438\u0447\u0435\u0441\u043a\u0438\u0445 \u0432\u0435\u0449\u0435\u0441\u0442\u0432. \u0427\u0435\u0440\u043d\u044b\u0439 \u043a\u043e\u0440\u043f\u0443\u0441 \u043f\u043e\u043c\u043e\u0433\u0430\u0435\u0442 \u043f\u043e\u0433\u043b\u043e\u0449\u0430\u0442\u044c \u0441\u043e\u043b\u043d\u0435\u0447\u043d\u0443\u044e \u044d\u043d\u0435\u0440\u0433\u0438\u044e. \u0412\u043e\u0434\u0430 \u043d\u0430\u0433\u0440\u0435\u0432\u0430\u0435\u0442\u0441\u044f \u0434\u043e 62 \u00b0C. \u0423\u043b\u0438\u0447\u043d\u044b\u0439 \u0434\u0443\u0448 \u043e\u0441\u043d\u0430\u0449\u0435\u043d \u0443\u0434\u043e\u0431\u043d\u043e\u0439 \u043a\u043d\u043e\u043f\u043a\u043e\u0439 \u0434\u043b\u044f \u0440\u0435\u0433\u0443\u043b\u0438\u0440\u043e\u0432\u0430\u043d\u0438\u044f \u0433\u043e\u0440\u044f\u0447\u0435\u0439 \u0438 \u0445\u043e\u043b\u043e\u0434\u043d\u043e\u0439 \u0432\u043e\u0434\u044b. \u0415\u0433\u043e \u043c\u043e\u0436\u043d\u043e \u043f\u043e\u0434\u043a\u043b\u044e\u0447\u0438\u0442\u044c \u043a \u043e\u0431\u044b\u0447\u043d\u043e\u043c\u0443 \u0441\u0430\u0434\u043e\u0432\u043e\u043c\u0443 \u0448\u043b\u0430\u043d\u0433\u0443 \u0431\u0435\u0437 \u0434\u043e\u043f\u043e\u043b\u043d\u0438\u0442\u0435\u043b\u044c\u043d\u044b\u0445 \u0442\u0440\u0443\u0431. \u041a\u043e\u043c\u043f\u0430\u043a\u0442\u043d\u044b\u0439 \u0434\u0443\u0448 \u0434\u043b\u044f \u0431\u0430\u0441\u0441\u0435\u0439\u043d\u0430 \u0441\u043a\u043b\u0430\u0434\u044b\u0432\u0430\u0435\u0442\u0441\u044f, \u0447\u0442\u043e \u043e\u0431\u043b\u0435\u0433\u0447\u0430\u0435\u0442 \u0435\u0433\u043e \u0442\u0440\u0430\u043d\u0441\u043f\u043e\u0440\u0442\u0438\u0440\u043e\u0432\u043a\u0443 \u0438 \u0445\u0440\u0430\u043d\u0435\u043d\u0438\u0435.<\/p>\n<\/p>\n<p>\u0414\u0430\u043d\u043d\u044b\u0439 \u0442\u043e\u0432\u0430\u0440 \u0442\u0440\u0435\u0431\u0443\u0435\u0442 \u0441\u0431\u043e\u0440\u043a\u0438. \u041f\u0440\u0438\u043c\u0435\u0447\u0430\u043d\u0438\u0435: \u043a\u0440\u0435\u043f\u0435\u0436\u043d\u044b\u0435 \u0432\u0438\u043d\u0442\u044b \u0432\u0445\u043e\u0434\u044f\u0442 \u0432 \u043a\u043e\u043c\u043f\u043b\u0435\u043a\u0442.<\/p>\n<ul>\n<li>\u0426\u0432\u0435\u0442: \u0447\u0435\u0440\u043d\u044b\u0439<\/li>\n<li>\u041c\u0430\u0442\u0435\u0440\u0438\u0430\u043b: \u041f\u0412\u0425, \u0443\u0441\u0442\u043e\u0439\u0447\u0438\u0432\u044b\u0439 \u043a \u0423\u0424-\u0438\u0437\u043b\u0443\u0447\u0435\u043d\u0438\u044e.<\/li>\n<li>\u0420\u0430\u0437\u043c\u0435\u0440\u044b \u043e\u0441\u043d\u043e\u0432\u0430\u043d\u0438\u044f: 23 x 15 \u0441\u043c (\u0434\u043b\u0438\u043d\u0430 x \u0448\u0438\u0440\u0438\u043d\u0430)<\/li>\n<li>\u0412\u044b\u0441\u043e\u0442\u0430: 214 \u0441\u043c<\/li>\n<li>\u041e\u0431\u044a\u0435\u043c \u0440\u0435\u0437\u0435\u0440\u0432\u0443\u0430\u0440\u0430 \u0434\u043b\u044f \u0432\u043e\u0434\u044b: 23 \u043b<\/li>\n<li>\u0422\u0435\u043c\u043f\u0435\u0440\u0430\u0442\u0443\u0440\u0430 \u0432\u043e\u0434\u044b: \u0434\u043e 62 \u00b0C<\/li>\n<li>\u0414\u0430\u0432\u043b\u0435\u043d\u0438\u0435 \u0432\u043e\u0434\u044b: \u0434\u043e 3,5 \u0431\u0430\u0440<\/li>\n<li>\u0418\u0441\u043f\u043e\u043b\u044c\u0437\u0443\u0435\u0442 \u0441\u043e\u043b\u043d\u0435\u0447\u043d\u0443\u044e \u044d\u043d\u0435\u0440\u0433\u0438\u044e \u0434\u043b\u044f \u043d\u0430\u0433\u0440\u0435\u0432\u0430 \u0432\u043e\u0434\u044b.<\/li>\n<li>\u0423\u0434\u043e\u0431\u043d\u0430\u044f \u0440\u0443\u0447\u043a\u0430 \u0440\u0435\u0433\u0443\u043b\u0438\u0440\u043e\u0432\u043a\u0438 \u043f\u043e\u0434\u0430\u0447\u0438 \u0445\u043e\u043b\u043e\u0434\u043d\u043e\u0439 \u0438 \u0433\u043e\u0440\u044f\u0447\u0435\u0439 \u0432\u043e\u0434\u044b.<\/li>\n<li>\u041f\u043e\u0434\u043a\u043b\u044e\u0447\u0430\u0435\u0442\u0441\u044f \u043a \u0441\u0442\u0430\u043d\u0434\u0430\u0440\u0442\u043d\u043e\u043c\u0443 \u0441\u0430\u0434\u043e\u0432\u043e\u043c\u0443 \u0448\u043b\u0430\u043d\u0433\u0443 (\u0431\u0435\u0437 \u0434\u043e\u043f\u043e\u043b\u043d\u0438\u0442\u0435\u043b\u044c\u043d\u044b\u0445 \u0442\u0440\u0443\u0431).<\/li>\n<li>\u0421\u043a\u043b\u0430\u0434\u043d\u0430\u044f \u043a\u043e\u043d\u0441\u0442\u0440\u0443\u043a\u0446\u0438\u044f \u0434\u043b\u044f \u0443\u0434\u043e\u0431\u043d\u043e\u0433\u043e \u0445\u0440\u0430\u043d\u0435\u043d\u0438\u044f \u0438 \u0442\u0440\u0430\u043d\u0441\u043f\u043e\u0440\u0442\u0438\u0440\u043e\u0432\u043a\u0438.<\/li>\n<li>\u041a\u0440\u0435\u043f\u0435\u0436\u043d\u044b\u0435 \u0432\u0438\u043d\u0442\u044b \u0432\u0445\u043e\u0434\u044f\u0442 \u0432 \u043a\u043e\u043c\u043f\u043b\u0435\u043a\u0442.<\/li>\n<\/ul>","protected":false},"excerpt":{"rendered":"<p>Nautige mugava p\u00e4ikesedu\u0161i abil basseini \u00e4\u00e4res v\u00f5i aias sooja du\u0161\u0161i! See soojendab vett p\u00e4ikeseenergia abil. Du\u0161il on 23 l veemahuti. Aiadu\u0161\u0161 on&hellip;<\/p>","protected":false},"featured_media":332886,"comment_status":"open","ping_status":"closed","template":"","meta":{"wprm-recipe-roundup-name":"","wprm-recipe-roundup-description":""},"product_brand":[],"product_cat":[3665],"product_tag":[3731,3705,536,540],"class_list":{"0":"post-332894","1":"product","2":"type-product","3":"status-publish","4":"has-post-thumbnail","6":"product_cat-validussid","7":"product_tag-basseini-ja-spaa-tarvikud","8":"product_tag-basseinid-ja-spaad","9":"product_tag-kodu-ja-aed","10":"product_tag-parcel","11":"pa_brand-vidaxl","13":"first","14":"instock","15":"taxable","16":"shipping-taxable","17":"purchasable","18":"product-type-simple"},"supplier_id":null,"supplier_sku":"","barcode":null,"atum_controlled":false,"out_stock_date":null,"out_stock_threshold":null,"inheritable":false,"inbound_stock":null,"stock_on_hold":null,"sold_today":null,"sales_last_days":null,"reserved_stock":null,"customer_returns":null,"warehouse_damage":null,"lost_in_post":null,"other_logs":null,"out_stock_days":null,"lost_sales":null,"has_location":null,"update_date":"2026-04-15T13:29:13","atum_locations":[],"atum_stock_status":"instock","restock_status":false,"low_stock_amount":"","sales_update_date":null,"calc_backorders":null,"aioseo_notices":[],"_links":{"self":[{"href":"https:\/\/ecoshop.ee\/ru\/wp-json\/wp\/v2\/product\/332894","targetHints":{"allow":["GET"]}}],"collection":[{"href":"https:\/\/ecoshop.ee\/ru\/wp-json\/wp\/v2\/product"}],"about":[{"href":"https:\/\/ecoshop.ee\/ru\/wp-json\/wp\/v2\/types\/product"}],"replies":[{"embeddable":true,"href":"https:\/\/ecoshop.ee\/ru\/wp-json\/wp\/v2\/comments?post=332894"}],"version-history":[{"count":0,"href":"https:\/\/ecoshop.ee\/ru\/wp-json\/wp\/v2\/product\/332894\/revisions"}],"wp:featuredmedia":[{"embeddable":true,"href":"https:\/\/ecoshop.ee\/ru\/wp-json\/wp\/v2\/media\/332886"}],"wp:attachment":[{"href":"https:\/\/ecoshop.ee\/ru\/wp-json\/wp\/v2\/media?parent=332894"}],"wp:term":[{"taxonomy":"product_brand","embeddable":true,"href":"https:\/\/ecoshop.ee\/ru\/wp-json\/wp\/v2\/product_brand?post=332894"},{"taxonomy":"product_cat","embeddable":true,"href":"https:\/\/ecoshop.ee\/ru\/wp-json\/wp\/v2\/product_cat?post=332894"},{"taxonomy":"product_tag","embeddable":true,"href":"https:\/\/ecoshop.ee\/ru\/wp-json\/wp\/v2\/product_tag?post=332894"}],"curies":[{"name":"wp","href":"https:\/\/api.w.org\/{rel}","templated":true}]}}