{"id":333114,"date":"2026-02-27T17:04:03","date_gmt":"2026-02-27T14:04:03","guid":{"rendered":"https:\/\/ecoshop.ee\/maaratlemata\/basseini-kolbventiil-2-tk\/"},"modified":"2026-05-15T05:08:59","modified_gmt":"2026-05-15T02:08:59","slug":"%d0%bf%d0%be%d1%80%d1%88%d0%bd%d0%b5%d0%b2%d0%be%d0%b9-%d0%ba%d0%bb%d0%b0%d0%bf%d0%b0%d0%bd-%d0%b4%d0%bb%d1%8f-%d0%b1%d0%b0%d1%81%d1%81%d0%b5%d0%b9%d0%bd%d0%b0-2-%d1%88%d1%82","status":"publish","type":"product","link":"https:\/\/ecoshop.ee\/ru\/basseini-puhastustarvikud\/basseini-kolbventiil-2-tk\/","title":{"rendered":"\u041f\u043e\u0440\u0448\u043d\u0435\u0432\u043e\u0439 \u043a\u043b\u0430\u043f\u0430\u043d \u0434\u043b\u044f \u0431\u0430\u0441\u0441\u0435\u0439\u043d\u0430, 2 \u0448\u0442."},"content":{"rendered":"<p>\u041a\u043e\u043c\u043f\u043b\u0435\u043a\u0442 \u043f\u043e\u0440\u0448\u043d\u0435\u0432\u043e\u0433\u043e \u043a\u043b\u0430\u043f\u0430\u043d\u0430 \u2014 \u044d\u0442\u043e \u043f\u0440\u043e\u0441\u0442\u043e\u0435 \u0440\u0435\u0448\u0435\u043d\u0438\u0435 \u0434\u043b\u044f \u043e\u0441\u0442\u0430\u043d\u043e\u0432\u043a\u0438 \u0440\u0430\u0431\u043e\u0442\u044b, \u0431\u044b\u0441\u0442\u0440\u043e\u0439 \u0437\u0430\u043c\u0435\u043d\u044b \u0444\u0438\u043b\u044c\u0442\u0440\u0443\u044e\u0449\u0435\u0433\u043e \u043d\u0430\u0441\u043e\u0441\u0430 \u0438\u043b\u0438 \u0444\u0438\u043b\u044c\u0442\u0440\u0443\u044e\u0449\u0435\u0433\u043e \u043a\u0430\u0440\u0442\u0440\u0438\u0434\u0436\u0430. \u041e\u043d \u044d\u0444\u0444\u0435\u043a\u0442\u0438\u0432\u043d\u043e \u0438 \u0443\u0434\u043e\u0431\u043d\u043e \u043f\u0435\u0440\u0435\u043a\u0440\u044b\u0432\u0430\u0435\u0442 \u043f\u043e\u0442\u043e\u043a \u0432\u043e\u0434\u044b \u0432 \u0431\u0430\u0441\u0441\u0435\u0439\u043d\u0435.<\/p>\n<\/p>\n<p>\u041f\u043e\u0440\u0448\u043d\u0435\u0432\u043e\u0439 \u043a\u043e\u043c\u043f\u043b\u0435\u043a\u0442 \u0438\u0441\u043f\u043e\u043b\u044c\u0437\u0443\u0435\u0442\u0441\u044f \u0441 \u043d\u0430\u0437\u0435\u043c\u043d\u044b\u043c\u0438 \u0431\u0430\u0441\u0441\u0435\u0439\u043d\u0430\u043c\u0438, \u0432 \u043a\u043e\u0442\u043e\u0440\u044b\u0445 \u043f\u0440\u0438\u043c\u0435\u043d\u044f\u044e\u0442\u0441\u044f \u0448\u043b\u0430\u043d\u0433\u0438 \u0434\u0438\u0430\u043c\u0435\u0442\u0440\u043e\u043c 38 \u043c\u043c \u0441 \u0440\u0435\u0437\u044c\u0431\u043e\u0432\u044b\u043c\u0438 \u0441\u043e\u0435\u0434\u0438\u043d\u0438\u0442\u0435\u043b\u044f\u043c\u0438 \u0434\u0438\u0430\u043c\u0435\u0442\u0440\u043e\u043c 59 \u043c\u043c. \u0421 \u043f\u043e\u0440\u0448\u043d\u0435\u0432\u044b\u043c \u043a\u043e\u043c\u043f\u043b\u0435\u043a\u0442\u043e\u043c \u0434\u043b\u044f \u0431\u0430\u0441\u0441\u0435\u0439\u043d\u0430 \u0432\u044b \u0441\u043c\u043e\u0436\u0435\u0442\u0435 \u0431\u043e\u043b\u044c\u0448\u0435 \u0432\u0440\u0435\u043c\u0435\u043d\u0438 \u043f\u0440\u043e\u0432\u043e\u0434\u0438\u0442\u044c \u0437\u0430 \u043f\u043b\u0430\u0432\u0430\u043d\u0438\u0435\u043c \u0438 \u043c\u0435\u043d\u044c\u0448\u0435 \u2014 \u0437\u0430 \u043e\u0431\u0441\u043b\u0443\u0436\u0438\u0432\u0430\u043d\u0438\u0435\u043c \u0431\u0430\u0441\u0441\u0435\u0439\u043d\u0430.<\/p>\n<\/p>\n<p>\u041f\u043e\u0440\u0448\u043d\u0435\u0432\u043e\u0439 \u043a\u043b\u0430\u043f\u0430\u043d \u0441\u043e\u0432\u043c\u0435\u0441\u0442\u0438\u043c \u0441 \u0431\u0430\u0441\u0441\u0435\u0439\u043d\u0430\u043c\u0438 Bestway \u0438 Intex, \u0438\u043c\u0435\u044e\u0449\u0438\u043c\u0438 \u043e\u0434\u0438\u043d\u0430\u043a\u043e\u0432\u044b\u0435 \u0440\u0430\u0437\u043c\u0435\u0440\u044b \u0432\u0445\u043e\u0434\u043d\u043e\u0433\u043e\/\u0432\u044b\u0445\u043e\u0434\u043d\u043e\u0433\u043e \u043f\u0430\u0442\u0440\u0443\u0431\u043a\u0430.<\/p>\n<ul>\n<li>\u0426\u0432\u0435\u0442: \u0441\u0435\u0440\u044b\u0439<\/li>\n<li>\u041c\u0430\u0442\u0435\u0440\u0438\u0430\u043b: \u041f\u041f (\u043f\u043e\u043b\u0438\u043f\u0440\u043e\u043f\u0438\u043b\u0435\u043d)<\/li>\n<li>\u0414\u043b\u044f \u043d\u0430\u0437\u0435\u043c\u043d\u044b\u0445 \u0431\u0430\u0441\u0441\u0435\u0439\u043d\u043e\u0432 \u0438\u0441\u043f\u043e\u043b\u044c\u0437\u0443\u0439\u0442\u0435 \u0448\u043b\u0430\u043d\u0433\u0438 \u0434\u0438\u0430\u043c\u0435\u0442\u0440\u043e\u043c 38 \u043c\u043c \u0441 \u0440\u0435\u0437\u044c\u0431\u043e\u0432\u044b\u043c\u0438 \u0437\u0430\u0433\u043b\u0443\u0448\u043a\u0430\u043c\u0438 \u0434\u0438\u0430\u043c\u0435\u0442\u0440\u043e\u043c 59 \u043c\u043c.<\/li>\n<li><strong>\u0412 \u043a\u043e\u043c\u043f\u043b\u0435\u043a\u0442 \u0432\u0445\u043e\u0434\u044f\u0442:<\/strong><\/li>\n<li>2 \u043f\u043e\u0440\u0448\u043d\u0435\u0432\u044b\u0445 \u043a\u043b\u0430\u043f\u0430\u043d\u0430<\/li>\n<\/ul>","protected":false},"excerpt":{"rendered":"<p>Kolbventiilide komplekt on seiskamise, kiirfiltripumba v\u00f5i filtrikasseti vahetuste \u00fcheetapiline lahendus. See seiskab basseini veevoolu t\u00f5husalt ja mugavalt. Kolbkomplekti kasutatakse maapealsete basseinidega, kasutades&hellip;<\/p>","protected":false},"featured_media":333107,"comment_status":"open","ping_status":"closed","template":"","meta":{"wprm-recipe-roundup-name":"","wprm-recipe-roundup-description":""},"product_brand":[],"product_cat":[3662],"product_tag":[3853,3731,3705,536,540],"class_list":{"0":"post-333114","1":"product","2":"type-product","3":"status-publish","4":"has-post-thumbnail","6":"product_cat-basseini-puhastustarvikud","7":"product_tag-basseini-ja-spaa-hoolduskomplektid","8":"product_tag-basseini-ja-spaa-tarvikud","9":"product_tag-basseinid-ja-spaad","10":"product_tag-kodu-ja-aed","11":"product_tag-parcel","12":"pa_brand-vidaxl","14":"first","15":"instock","16":"taxable","17":"shipping-taxable","18":"purchasable","19":"product-type-simple"},"supplier_id":null,"supplier_sku":"","barcode":null,"atum_controlled":false,"out_stock_date":null,"out_stock_threshold":null,"inheritable":false,"inbound_stock":null,"stock_on_hold":null,"sold_today":null,"sales_last_days":null,"reserved_stock":null,"customer_returns":null,"warehouse_damage":null,"lost_in_post":null,"other_logs":null,"out_stock_days":null,"lost_sales":null,"has_location":null,"update_date":"2026-05-15T02:09:00","atum_locations":[],"atum_stock_status":"instock","restock_status":false,"low_stock_amount":"","sales_update_date":null,"calc_backorders":null,"aioseo_notices":[],"_links":{"self":[{"href":"https:\/\/ecoshop.ee\/ru\/wp-json\/wp\/v2\/product\/333114","targetHints":{"allow":["GET"]}}],"collection":[{"href":"https:\/\/ecoshop.ee\/ru\/wp-json\/wp\/v2\/product"}],"about":[{"href":"https:\/\/ecoshop.ee\/ru\/wp-json\/wp\/v2\/types\/product"}],"replies":[{"embeddable":true,"href":"https:\/\/ecoshop.ee\/ru\/wp-json\/wp\/v2\/comments?post=333114"}],"version-history":[{"count":0,"href":"https:\/\/ecoshop.ee\/ru\/wp-json\/wp\/v2\/product\/333114\/revisions"}],"wp:featuredmedia":[{"embeddable":true,"href":"https:\/\/ecoshop.ee\/ru\/wp-json\/wp\/v2\/media\/333107"}],"wp:attachment":[{"href":"https:\/\/ecoshop.ee\/ru\/wp-json\/wp\/v2\/media?parent=333114"}],"wp:term":[{"taxonomy":"product_brand","embeddable":true,"href":"https:\/\/ecoshop.ee\/ru\/wp-json\/wp\/v2\/product_brand?post=333114"},{"taxonomy":"product_cat","embeddable":true,"href":"https:\/\/ecoshop.ee\/ru\/wp-json\/wp\/v2\/product_cat?post=333114"},{"taxonomy":"product_tag","embeddable":true,"href":"https:\/\/ecoshop.ee\/ru\/wp-json\/wp\/v2\/product_tag?post=333114"}],"curies":[{"name":"wp","href":"https:\/\/api.w.org\/{rel}","templated":true}]}}