{"id":333480,"date":"2026-02-27T17:14:36","date_gmt":"2026-02-27T14:14:36","guid":{"rendered":"https:\/\/ecoshop.ee\/maaratlemata\/basseiniredel-maapealsele-basseinile-84-cm-teras-ja-plast\/"},"modified":"2026-04-06T17:03:35","modified_gmt":"2026-04-06T14:03:35","slug":"%d0%bb%d0%b5%d1%81%d1%82%d0%bd%d0%b8%d1%86%d0%b0-%d0%b4%d0%bb%d1%8f-%d0%bd%d0%b0%d0%b7%d0%b5%d0%bc%d0%bd%d0%be%d0%b3%d0%be-%d0%b1%d0%b0%d1%81%d1%81%d0%b5%d0%b9%d0%bd%d0%b0-84-%d1%81%d0%bc-%d1%81","status":"publish","type":"product","link":"https:\/\/ecoshop.ee\/ru\/basseiniredelid-astmed-ja-kaldteed\/basseiniredel-maapealsele-basseinile-84-cm-teras-ja-plast\/","title":{"rendered":"\u041b\u0435\u0441\u0442\u043d\u0438\u0446\u0430 \u0434\u043b\u044f \u043d\u0430\u0437\u0435\u043c\u043d\u043e\u0433\u043e \u0431\u0430\u0441\u0441\u0435\u0439\u043d\u0430 84 \u0441\u043c, \u0441\u0442\u0430\u043b\u044c \u0438 \u043f\u043b\u0430\u0441\u0442\u0438\u043a"},"content":{"rendered":"<p>\u041f\u0440\u0438\u043e\u0431\u0440\u0435\u0442\u0438\u0442\u0435 \u044d\u0442\u0443 \u043f\u0440\u043e\u0447\u043d\u0443\u044e \u043b\u0435\u0441\u0442\u043d\u0438\u0446\u0443 \u0434\u043b\u044f \u0431\u0430\u0441\u0441\u0435\u0439\u043d\u0430 \u0438 \u043d\u0430\u0441\u043b\u0430\u0436\u0434\u0430\u0439\u0442\u0435\u0441\u044c \u043b\u0435\u0442\u043d\u0438\u043c\u0438 \u0440\u0430\u0437\u0432\u043b\u0435\u0447\u0435\u043d\u0438\u044f\u043c\u0438 \u0441 \u0434\u0440\u0443\u0437\u044c\u044f\u043c\u0438 \u0438 \u0441\u0435\u043c\u044c\u0435\u0439!<\/p>\n<\/p>\n<ul>\n<li>\u041f\u0440\u043e\u0447\u043d\u0430\u044f \u0438 \u0434\u043e\u043b\u0433\u043e\u0432\u0435\u0447\u043d\u0430\u044f: \u043b\u0435\u0441\u0442\u043d\u0438\u0446\u0430 \u0434\u043b\u044f \u0431\u0430\u0441\u0441\u0435\u0439\u043d\u0430 \u0438\u043c\u0435\u0435\u0442 \u0441\u0442\u0430\u043b\u044c\u043d\u0443\u044e \u043a\u043e\u043d\u0441\u0442\u0440\u0443\u043a\u0446\u0438\u044e, \u0447\u0442\u043e \u0434\u0435\u043b\u0430\u0435\u0442 \u0435\u0435 \u043f\u0440\u043e\u0447\u043d\u043e\u0439 \u0438 \u0434\u043e\u043b\u0433\u043e\u0432\u0435\u0447\u043d\u043e\u0439.<\/li>\n<li>\u041f\u0440\u043e\u0442\u0438\u0432\u043e\u0441\u043a\u043e\u043b\u044c\u0437\u044f\u0449\u0430\u044f \u043a\u043e\u043d\u0441\u0442\u0440\u0443\u043a\u0446\u0438\u044f: \u042d\u0442\u0430 \u043b\u0435\u0441\u0442\u043d\u0438\u0446\u0430 \u0434\u043b\u044f \u0431\u0430\u0441\u0441\u0435\u0439\u043d\u0430 \u0438\u043c\u0435\u0435\u0442 \u043f\u043e 2 \u043f\u0440\u043e\u0442\u0438\u0432\u043e\u0441\u043a\u043e\u043b\u044c\u0437\u044f\u0449\u0438\u0435 \u0441\u0442\u0443\u043f\u0435\u043d\u0438 \u0441 \u043a\u0430\u0436\u0434\u043e\u0439 \u0441\u0442\u043e\u0440\u043e\u043d\u044b, \u043a\u043e\u0442\u043e\u0440\u044b\u0435 \u0443\u0432\u0435\u043b\u0438\u0447\u0438\u0432\u0430\u044e\u0442 \u0442\u0440\u0435\u043d\u0438\u0435 \u0438 \u043f\u0440\u0435\u0434\u043e\u0442\u0432\u0440\u0430\u0449\u0430\u044e\u0442 \u0441\u043a\u043e\u043b\u044c\u0436\u0435\u043d\u0438\u0435.<\/li>\n<li>\u041f\u0440\u043e\u0441\u0442\u043e\u0442\u0430 \u0432 \u0438\u0441\u043f\u043e\u043b\u044c\u0437\u043e\u0432\u0430\u043d\u0438\u0438: \u043b\u0435\u0441\u0442\u043d\u0438\u0446\u0430 \u0434\u043b\u044f \u043d\u0430\u0434\u0437\u0435\u043c\u043d\u043e\u0433\u043e \u0431\u0430\u0441\u0441\u0435\u0439\u043d\u0430 \u0440\u0430\u0437\u0440\u0430\u0431\u043e\u0442\u0430\u043d\u0430 \u0434\u043b\u044f \u043b\u0435\u0433\u043a\u043e\u0439 \u0443\u0441\u0442\u0430\u043d\u043e\u0432\u043a\u0438 \u0438 \u0434\u0435\u043c\u043e\u043d\u0442\u0430\u0436\u0430, \u043f\u043e\u043c\u043e\u0433\u0430\u044f \u043f\u043b\u043e\u0432\u0446\u0430\u043c \u0432\u0445\u043e\u0434\u0438\u0442\u044c \u0438 \u0432\u044b\u0445\u043e\u0434\u0438\u0442\u044c \u0438\u0437 \u0431\u0430\u0441\u0441\u0435\u0439\u043d\u0430.<\/li>\n<li>\u0428\u0438\u0440\u043e\u043a\u0438\u0439 \u0441\u043f\u0435\u043a\u0442\u0440 \u043f\u0440\u0438\u043c\u0435\u043d\u0435\u043d\u0438\u044f: \u043b\u0435\u0441\u0442\u043d\u0438\u0446\u0430 \u0434\u043b\u044f \u0431\u0430\u0441\u0441\u0435\u0439\u043d\u0430 \u043f\u043e\u0434\u0445\u043e\u0434\u0438\u0442 \u0434\u043b\u044f \u0440\u0430\u0437\u043b\u0438\u0447\u043d\u044b\u0445 \u0442\u0438\u043f\u043e\u0432 \u0431\u0430\u0441\u0441\u0435\u0439\u043d\u043e\u0432 \u0432\u044b\u0441\u043e\u0442\u043e\u0439 \u0434\u043e 84 \u0441\u043c.<\/li>\n<\/ul>\n<ul>\n<li>\u0426\u0432\u0435\u0442: \u0441\u0435\u0440\u044b\u0439 \u0438 \u0441\u0438\u043d\u0438\u0439<\/li>\n<li>\u041c\u0430\u0442\u0435\u0440\u0438\u0430\u043b \u043a\u043e\u043d\u0441\u0442\u0440\u0443\u043a\u0446\u0438\u0438: \u0441\u0442\u0430\u043b\u044c<\/li>\n<li>\u041c\u0430\u0442\u0435\u0440\u0438\u0430\u043b \u043b\u0435\u0441\u0442\u043d\u0438\u0446\u044b: \u043f\u043b\u0430\u0441\u0442\u0438\u043a<\/li>\n<li>\u0413\u0430\u0431\u0430\u0440\u0438\u0442\u043d\u044b\u0435 \u0440\u0430\u0437\u043c\u0435\u0440\u044b: 96 x 76 x 121 \u0441\u043c (\u0414 x \u0428 x \u0412)<\/li>\n<li>\u0420\u0430\u0437\u043c\u0435\u0440\u044b \u0441\u0442\u0443\u043f\u0435\u043d\u0438: 405 x 70 x 40 \u043c\u043c (\u0434\u043b\u0438\u043d\u0430 x \u0448\u0438\u0440\u0438\u043d\u0430 x \u0442\u043e\u043b\u0449\u0438\u043d\u0430)<\/li>\n<li>\u041f\u043e\u0434\u0445\u043e\u0434\u0438\u0442 \u0434\u043b\u044f \u0431\u0430\u0441\u0441\u0435\u0439\u043d\u043e\u0432 \u0432\u044b\u0441\u043e\u0442\u043e\u0439 \u0434\u043e 84 \u0441\u043c.<\/li>\n<li>\u0413\u0440\u0443\u0437\u043e\u043f\u043e\u0434\u044a\u0435\u043c\u043d\u043e\u0441\u0442\u044c: 150 \u043a\u0433<\/li>\n<li>2 \u043f\u0440\u043e\u0442\u0438\u0432\u043e\u0441\u043a\u043e\u043b\u044c\u0437\u044f\u0449\u0438\u0435 \u0441\u0442\u0443\u043f\u0435\u043d\u044c\u043a\u0438 \u0441 \u043a\u0430\u0436\u0434\u043e\u0439 \u0441\u0442\u043e\u0440\u043e\u043d\u044b<\/li>\n<li>\u041f\u0440\u0435\u0434\u043d\u0430\u0437\u043d\u0430\u0447\u0435\u043d \u0434\u043b\u044f \u043d\u0430\u0437\u0435\u043c\u043d\u044b\u0445 \u0431\u0430\u0441\u0441\u0435\u0439\u043d\u043e\u0432.<\/li>\n<li>\u041f\u043e\u0434\u0445\u043e\u0434\u0438\u0442 \u0434\u043b\u044f \u0432\u043e\u0434\u044b \u0441 \u043d\u0435\u0439\u0442\u0440\u0430\u043b\u044c\u043d\u044b\u043c pH (\u043d\u0435 \u043f\u043e\u0434\u0445\u043e\u0434\u0438\u0442 \u0434\u043b\u044f \u0441\u043e\u043b\u0435\u043d\u043e\u0439 \u0432\u043e\u0434\u044b).<\/li>\n<li>\u0422\u0440\u0435\u0431\u0443\u0435\u0442\u0441\u044f \u0441\u0431\u043e\u0440\u043a\u0430: \u0434\u0430<\/li>\n<\/ul>","protected":false},"excerpt":{"rendered":"<p>Tooge see vastupidav basseiniredel koju ja nautige suver\u00f5\u00f5me oma s\u00f5prade ja pereliikmetega! Tugev ja kauakestev: basseiniredel on teraskonstruktsiooniga, mis muudab selle tugevaks&hellip;<\/p>","protected":false},"featured_media":333474,"comment_status":"open","ping_status":"closed","template":"","meta":{"wprm-recipe-roundup-name":"","wprm-recipe-roundup-description":""},"product_brand":[],"product_cat":[3658],"product_tag":[3990,3731,3705,3989,536,540,820],"class_list":{"0":"post-333480","1":"product","2":"type-product","3":"status-publish","4":"has-post-thumbnail","6":"product_cat-basseiniredelid-astmed-ja-kaldteed","7":"product_tag-astmed-ja-kaldteed","8":"product_tag-basseini-ja-spaa-tarvikud","9":"product_tag-basseinid-ja-spaad","10":"product_tag-basseiniredelid","11":"product_tag-kodu-ja-aed","12":"product_tag-parcel","13":"product_tag-sinine","14":"pa_brand-vidaxl","16":"first","17":"instock","18":"taxable","19":"shipping-taxable","20":"purchasable","21":"product-type-simple"},"supplier_id":null,"supplier_sku":"","barcode":null,"atum_controlled":false,"out_stock_date":null,"out_stock_threshold":null,"inheritable":false,"inbound_stock":null,"stock_on_hold":null,"sold_today":null,"sales_last_days":null,"reserved_stock":null,"customer_returns":null,"warehouse_damage":null,"lost_in_post":null,"other_logs":null,"out_stock_days":null,"lost_sales":null,"has_location":null,"update_date":"2026-04-06T14:03:36","atum_locations":[],"atum_stock_status":"instock","restock_status":false,"low_stock_amount":"","sales_update_date":null,"calc_backorders":null,"aioseo_notices":[],"_links":{"self":[{"href":"https:\/\/ecoshop.ee\/ru\/wp-json\/wp\/v2\/product\/333480","targetHints":{"allow":["GET"]}}],"collection":[{"href":"https:\/\/ecoshop.ee\/ru\/wp-json\/wp\/v2\/product"}],"about":[{"href":"https:\/\/ecoshop.ee\/ru\/wp-json\/wp\/v2\/types\/product"}],"replies":[{"embeddable":true,"href":"https:\/\/ecoshop.ee\/ru\/wp-json\/wp\/v2\/comments?post=333480"}],"version-history":[{"count":0,"href":"https:\/\/ecoshop.ee\/ru\/wp-json\/wp\/v2\/product\/333480\/revisions"}],"wp:featuredmedia":[{"embeddable":true,"href":"https:\/\/ecoshop.ee\/ru\/wp-json\/wp\/v2\/media\/333474"}],"wp:attachment":[{"href":"https:\/\/ecoshop.ee\/ru\/wp-json\/wp\/v2\/media?parent=333480"}],"wp:term":[{"taxonomy":"product_brand","embeddable":true,"href":"https:\/\/ecoshop.ee\/ru\/wp-json\/wp\/v2\/product_brand?post=333480"},{"taxonomy":"product_cat","embeddable":true,"href":"https:\/\/ecoshop.ee\/ru\/wp-json\/wp\/v2\/product_cat?post=333480"},{"taxonomy":"product_tag","embeddable":true,"href":"https:\/\/ecoshop.ee\/ru\/wp-json\/wp\/v2\/product_tag?post=333480"}],"curies":[{"name":"wp","href":"https:\/\/api.w.org\/{rel}","templated":true}]}}