{"id":333723,"date":"2026-02-27T17:19:30","date_gmt":"2026-02-27T14:19:30","guid":{"rendered":"https:\/\/ecoshop.ee\/maaratlemata\/5-osaline-kaminatooriistade-komplekt-18-x-66-cm-terasest\/"},"modified":"2026-05-14T03:26:41","modified_gmt":"2026-05-14T00:26:41","slug":"%d0%bd%d0%b0%d0%b1%d0%be%d1%80-%d0%b8%d0%b7-5-%d0%bf%d1%80%d0%b5%d0%b4%d0%bc%d0%b5%d1%82%d0%be%d0%b2-%d0%b4%d0%bb%d1%8f-%d0%ba%d0%b0%d0%bc%d0%b8%d0%bd%d0%b0-%d1%81%d1%82%d0%b0%d0%bb%d1%8c%d0%bd%d0%be","status":"publish","type":"product","link":"https:\/\/ecoshop.ee\/ru\/kaminatarvikud\/5-osaline-kaminatooriistade-komplekt-18-x-66-cm-terasest\/","title":{"rendered":"\u041d\u0430\u0431\u043e\u0440 \u0438\u0437 5 \u043f\u0440\u0435\u0434\u043c\u0435\u0442\u043e\u0432 \u0434\u043b\u044f \u043a\u0430\u043c\u0438\u043d\u0430, \u0441\u0442\u0430\u043b\u044c, 18 x 66 \u0441\u043c."},"content":{"rendered":"<p>\u041d\u0430\u0431\u043e\u0440 \u0438\u043d\u0441\u0442\u0440\u0443\u043c\u0435\u043d\u0442\u043e\u0432 \u0434\u043b\u044f \u043a\u0430\u043c\u0438\u043d\u0430 \u0438\u0434\u0435\u0430\u043b\u044c\u043d\u043e \u043f\u043e\u0434\u0445\u043e\u0434\u0438\u0442 \u0434\u043b\u044f \u0441\u0435\u043c\u0435\u0439, \u0436\u0435\u043b\u0430\u044e\u0449\u0438\u0445 \u043f\u043e\u0434\u0434\u0435\u0440\u0436\u0438\u0432\u0430\u0442\u044c \u043a\u0430\u043c\u0438\u043d \u0432 \u0447\u0438\u0441\u0442\u043e\u0442\u0435 \u0438 \u043f\u043e\u0440\u044f\u0434\u043a\u0435.<\/p>\n<\/p>\n<ul>\n<li>\u041f\u0440\u043e\u0447\u043d\u044b\u0439 \u0438 \u0434\u043e\u043b\u0433\u043e\u0432\u0435\u0447\u043d\u044b\u0439: \u043d\u0430\u0431\u043e\u0440 \u0434\u043b\u044f \u0440\u0430\u0437\u0432\u0435\u0434\u0435\u043d\u0438\u044f \u043e\u0433\u043d\u044f \u0438\u0437\u0433\u043e\u0442\u043e\u0432\u043b\u0435\u043d \u0438\u0437 \u043f\u0440\u043e\u0447\u043d\u043e\u0439 \u0441\u0442\u0430\u043b\u0438 \u0441 \u043f\u043e\u0440\u043e\u0448\u043a\u043e\u0432\u044b\u043c \u043f\u043e\u043a\u0440\u044b\u0442\u0438\u0435\u043c \u0434\u043b\u044f \u0443\u0432\u0435\u043b\u0438\u0447\u0435\u043d\u0438\u044f \u0441\u0440\u043e\u043a\u0430 \u0441\u043b\u0443\u0436\u0431\u044b.<\/li>\n<li>\u0428\u0438\u0440\u043e\u043a\u0438\u0435 \u0432\u043e\u0437\u043c\u043e\u0436\u043d\u043e\u0441\u0442\u0438 \u043f\u0440\u0430\u043a\u0442\u0438\u0447\u0435\u0441\u043a\u043e\u0433\u043e \u043f\u0440\u0438\u043c\u0435\u043d\u0435\u043d\u0438\u044f: \u0432 \u043a\u043e\u043c\u043f\u043b\u0435\u043a\u0442 \u0434\u043b\u044f \u043a\u0430\u043c\u0438\u043d\u0430 \u0432\u0445\u043e\u0434\u044f\u0442 \u043f\u0440\u043e\u0447\u043d\u0430\u044f \u043f\u043e\u043b\u043a\u0430, \u043a\u0440\u044e\u0447\u043e\u043a, \u0449\u0438\u043f\u0446\u044b, \u0449\u0435\u0442\u043a\u0430 \u0438 \u043b\u043e\u043f\u0430\u0442\u043a\u0430 \u0434\u043b\u044f \u043b\u0435\u0433\u043a\u043e\u0439 \u0443\u0431\u043e\u0440\u043a\u0438 \u0437\u043e\u043b\u044b \u0438 \u043c\u0443\u0441\u043e\u0440\u0430, \u043e\u0431\u0435\u0441\u043f\u0435\u0447\u0438\u0432\u0430\u044e\u0449\u0438\u0435 \u043c\u0435\u0434\u043b\u0435\u043d\u043d\u0443\u044e \u043f\u0435\u0440\u0435\u0434\u0430\u0447\u0443 \u0442\u0435\u043f\u043b\u0430 \u0438 \u043f\u0440\u0435\u0434\u043e\u0442\u0432\u0440\u0430\u0449\u0430\u044e\u0449\u0438\u0435 \u043e\u0436\u043e\u0433\u0438 \u043f\u0430\u043b\u044c\u0446\u0435\u0432.<\/li>\n<li>\u041f\u0440\u043e\u0441\u0442\u043e\u0442\u0430 \u0432 \u0438\u0441\u043f\u043e\u043b\u044c\u0437\u043e\u0432\u0430\u043d\u0438\u0438: \u043f\u043e\u0434\u0441\u0442\u0430\u0432\u043a\u0430 \u0434\u043b\u044f \u043a\u0430\u043c\u0438\u043d\u043d\u044b\u0445 \u0438\u043d\u0441\u0442\u0440\u0443\u043c\u0435\u043d\u0442\u043e\u0432 \u043e\u0431\u0435\u0441\u043f\u0435\u0447\u0438\u0432\u0430\u0435\u0442 \u0430\u043a\u043a\u0443\u0440\u0430\u0442\u043d\u043e\u0435 \u0440\u0430\u0437\u043c\u0435\u0449\u0435\u043d\u0438\u0435 \u043a\u0430\u0436\u0434\u043e\u0433\u043e \u0438\u043d\u0441\u0442\u0440\u0443\u043c\u0435\u043d\u0442\u0430 \u0438 \u0432\u044b\u0433\u043b\u044f\u0434\u0438\u0442 \u043e\u0447\u0435\u043d\u044c \u0434\u0435\u043a\u043e\u0440\u0430\u0442\u0438\u0432\u043d\u043e \u0438 \u044d\u0441\u0442\u0435\u0442\u0438\u0447\u043d\u043e.<\/li>\n<li>\u042d\u043a\u043e\u043d\u043e\u043c\u0438\u044f \u043c\u0435\u0441\u0442\u0430: \u041a\u043e\u043c\u043f\u043b\u0435\u043a\u0442 \u043a\u0440\u0435\u0441\u043b\u0430-\u043a\u0430\u0447\u0430\u043b\u043a\u0438 \u0441 \u043a\u0430\u043c\u0438\u043d\u043e\u043c \u0437\u0430\u043d\u0438\u043c\u0430\u0435\u0442 \u043c\u0430\u043b\u043e \u043c\u0435\u0441\u0442\u0430 \u0438 \u0434\u0435\u043b\u0430\u0435\u0442 \u0432\u0430\u0448\u0443 \u043a\u043e\u043c\u043d\u0430\u0442\u0443 \u0431\u043e\u043b\u0435\u0435 \u0430\u043a\u043a\u0443\u0440\u0430\u0442\u043d\u043e\u0439 \u0438 \u0443\u044e\u0442\u043d\u043e\u0439.<\/li>\n<\/ul>\n<ul>\n<li>\u0426\u0432\u0435\u0442: \u0427\u0435\u0440\u043d\u044b\u0439<\/li>\n<li>\u041c\u0430\u0442\u0435\u0440\u0438\u0430\u043b: \u0441\u0442\u0430\u043b\u044c<\/li>\n<li>\u0420\u0430\u0437\u043c\u0435\u0440\u044b \u0438\u0437\u0434\u0435\u043b\u0438\u044f: 18 x 66 \u0441\u043c (\u0434\u0438\u0430\u043c\u0435\u0442\u0440 x \u0432\u044b\u0441\u043e\u0442\u0430)<\/li>\n<li>\u0420\u0430\u0437\u043c\u0435\u0440 \u043a\u0440\u044e\u0447\u043a\u0430: 6,5 x 55 \u0441\u043c (\u0448\u0438\u0440\u0438\u043d\u0430 x \u0434\u043b\u0438\u043d\u0430)<\/li>\n<li>\u0420\u0430\u0437\u043c\u0435\u0440\u044b \u043f\u043b\u043e\u0441\u043a\u043e\u0433\u0443\u0431\u0446\u0435\u0432: 12 x 55,5 \u0441\u043c (\u0448\u0438\u0440\u0438\u043d\u0430 x \u0434\u043b\u0438\u043d\u0430)<\/li>\n<li>\u0420\u0430\u0437\u043c\u0435\u0440 \u043c\u0435\u0442\u043b\u044b: 13 x 55 \u0441\u043c (\u0428 x \u0414)<\/li>\n<li>\u0420\u0430\u0437\u043c\u0435\u0440\u044b \u043b\u043e\u043f\u0430\u0442\u044b: 11 x 54,5 \u0441\u043c (\u0448\u0438\u0440\u0438\u043d\u0430 x \u0434\u043b\u0438\u043d\u0430)<\/li>\n<li>\u0412\u0435\u0441: 2807 \u0433<\/li>\n<li>\u0422\u0440\u0435\u0431\u0443\u0435\u0442\u0441\u044f \u0441\u0431\u043e\u0440\u043a\u0430: \u0414\u0430<\/li>\n<li><strong>\u0412 \u043a\u043e\u043c\u043f\u043b\u0435\u043a\u0442 \u043f\u043e\u0441\u0442\u0430\u0432\u043a\u0438 \u0432\u0445\u043e\u0434\u0438\u0442:<\/strong><\/li>\n<li>1 \u0441\u0438\u0434\u0435\u043d\u044c\u0435<\/li>\n<li>1 \u043a\u0440\u044e\u0447\u043e\u043a<\/li>\n<li>1 x \u041f\u043b\u043e\u0441\u043a\u043e\u0433\u0443\u0431\u0446\u044b<\/li>\n<li>1 \u0445 \u041a\u043e\u0441\u0442\u0438<\/li>\n<li>1 \u043b\u043e\u043f\u0430\u0442\u0430<\/li>\n<\/ul>","protected":false},"excerpt":{"rendered":"<p>Kaminat\u00f6\u00f6riistade komplekt sobib peredele korras ja h\u00e4sti varustatud kamina hoidmiseks. Vastupidav ja vastupidav: Tulerokeri komplekt on valmistatud vastupidavast terasest pulberv\u00e4rvitud pinnaga, mis&hellip;<\/p>","protected":false},"featured_media":333713,"comment_status":"open","ping_status":"closed","template":"","meta":{"wprm-recipe-roundup-name":"","wprm-recipe-roundup-description":""},"product_brand":[],"product_cat":[3669],"product_tag":[4038,4039,536,544,540],"class_list":{"0":"post-333723","1":"product","2":"type-product","3":"status-publish","4":"has-post-thumbnail","6":"product_cat-kaminatarvikud","7":"product_tag-kamina-ja-ahjutarvikud","8":"product_tag-kaminatarvikud","9":"product_tag-kodu-ja-aed","10":"product_tag-must","11":"product_tag-parcel","12":"pa_brand-vidaxl","14":"first","15":"instock","16":"taxable","17":"shipping-taxable","18":"purchasable","19":"product-type-simple"},"supplier_id":null,"supplier_sku":"","barcode":null,"atum_controlled":false,"out_stock_date":null,"out_stock_threshold":null,"inheritable":false,"inbound_stock":null,"stock_on_hold":null,"sold_today":null,"sales_last_days":null,"reserved_stock":null,"customer_returns":null,"warehouse_damage":null,"lost_in_post":null,"other_logs":null,"out_stock_days":null,"lost_sales":null,"has_location":null,"update_date":"2026-05-14T00:26:41","atum_locations":[],"atum_stock_status":"instock","restock_status":false,"low_stock_amount":"","sales_update_date":null,"calc_backorders":null,"aioseo_notices":[],"_links":{"self":[{"href":"https:\/\/ecoshop.ee\/ru\/wp-json\/wp\/v2\/product\/333723","targetHints":{"allow":["GET"]}}],"collection":[{"href":"https:\/\/ecoshop.ee\/ru\/wp-json\/wp\/v2\/product"}],"about":[{"href":"https:\/\/ecoshop.ee\/ru\/wp-json\/wp\/v2\/types\/product"}],"replies":[{"embeddable":true,"href":"https:\/\/ecoshop.ee\/ru\/wp-json\/wp\/v2\/comments?post=333723"}],"version-history":[{"count":0,"href":"https:\/\/ecoshop.ee\/ru\/wp-json\/wp\/v2\/product\/333723\/revisions"}],"wp:featuredmedia":[{"embeddable":true,"href":"https:\/\/ecoshop.ee\/ru\/wp-json\/wp\/v2\/media\/333713"}],"wp:attachment":[{"href":"https:\/\/ecoshop.ee\/ru\/wp-json\/wp\/v2\/media?parent=333723"}],"wp:term":[{"taxonomy":"product_brand","embeddable":true,"href":"https:\/\/ecoshop.ee\/ru\/wp-json\/wp\/v2\/product_brand?post=333723"},{"taxonomy":"product_cat","embeddable":true,"href":"https:\/\/ecoshop.ee\/ru\/wp-json\/wp\/v2\/product_cat?post=333723"},{"taxonomy":"product_tag","embeddable":true,"href":"https:\/\/ecoshop.ee\/ru\/wp-json\/wp\/v2\/product_tag?post=333723"}],"curies":[{"name":"wp","href":"https:\/\/api.w.org\/{rel}","templated":true}]}}