{"id":334496,"date":"2026-02-27T17:41:46","date_gmt":"2026-02-27T14:41:46","guid":{"rendered":"https:\/\/ecoshop.ee\/maaratlemata\/3-osaline-kuttepuu-korvide-komplekt-tumepruun-paju\/"},"modified":"2026-04-26T03:29:04","modified_gmt":"2026-04-26T00:29:04","slug":"%d0%bd%d0%b0%d0%b1%d0%be%d1%80-%d0%b8%d0%b7-3-%d0%bf%d0%bb%d0%b5%d1%82%d0%b5%d0%bd%d1%8b%d1%85-%d0%ba%d0%be%d1%80%d0%b7%d0%b8%d0%bd-%d1%82%d0%b5%d0%bc%d0%bd%d0%be-%d0%ba%d0%be%d1%80%d0%b8%d1%87%d0%bd","status":"publish","type":"product","link":"https:\/\/ecoshop.ee\/ru\/kaminapuude-alused\/3-osaline-kuttepuu-korvide-komplekt-tumepruun-paju\/","title":{"rendered":"\u041d\u0430\u0431\u043e\u0440 \u0438\u0437 3 \u043a\u043e\u0440\u0437\u0438\u043d \u0434\u043b\u044f \u0434\u0440\u043e\u0432, \u0442\u0435\u043c\u043d\u043e-\u043a\u043e\u0440\u0438\u0447\u043d\u0435\u0432\u044b\u0439, \u0446\u0432\u0435\u0442 \u00ab\u0438\u0432\u0430\u00bb."},"content":{"rendered":"<p>\u041a\u043e\u0440\u0437\u0438\u043d\u0430 \u0434\u043b\u044f \u0434\u0440\u043e\u0432 \u0438\u0437 \u0442\u0440\u0435\u0445 \u0447\u0430\u0441\u0442\u0435\u0439 \u0441 \u0440\u0443\u0447\u043a\u0430\u043c\u0438 \u0434\u043b\u044f \u043f\u0435\u0440\u0435\u043d\u043e\u0441\u043a\u0438 \u2014 \u0438\u0434\u0435\u0430\u043b\u044c\u043d\u043e\u0435 \u0440\u0435\u0448\u0435\u043d\u0438\u0435 \u0434\u043b\u044f \u0445\u0440\u0430\u043d\u0435\u043d\u0438\u044f \u0440\u044f\u0434\u043e\u043c \u0441 \u043a\u0430\u043c\u0438\u043d\u043e\u043c.<\/p>\n<\/p>\n<p>\u041f\u043e\u0434\u0441\u0442\u0430\u0432\u043a\u0438 \u0434\u043b\u044f \u0434\u0440\u043e\u0432 \u0438\u0437 \u0438\u0432\u043e\u0432\u043e\u0439 \u0434\u0440\u0435\u0432\u0435\u0441\u0438\u043d\u044b \u0438\u0441\u0442\u043e\u0447\u0430\u044e\u0442 \u0434\u0435\u0440\u0435\u0432\u0435\u043d\u0441\u043a\u0438\u0439 \u0448\u0430\u0440\u043c \u0438 \u043f\u0440\u0438\u0432\u043b\u0435\u043a\u0430\u044e\u0442 \u0432\u043d\u0438\u043c\u0430\u043d\u0438\u0435 \u0441\u0432\u043e\u0438\u043c \u0434\u0435\u0440\u0435\u0432\u0435\u043d\u0441\u043a\u0438\u043c \u0441\u0442\u0438\u043b\u0435\u043c. \u0414\u0432\u0435 \u0432\u0435\u0440\u0435\u0432\u043e\u0447\u043d\u044b\u0435 \u0440\u0443\u0447\u043a\u0438 \u043e\u0431\u043b\u0435\u0433\u0447\u0430\u044e\u0442 \u043f\u0435\u0440\u0435\u043c\u0435\u0449\u0435\u043d\u0438\u0435 \u043f\u043e\u0434\u0441\u0442\u0430\u0432\u043e\u043a. \u041f\u0440\u043e\u0447\u043d\u0430\u044f \u0438 \u0434\u043e\u043b\u0433\u043e\u0432\u0435\u0447\u043d\u0430\u044f \u043a\u043e\u043d\u0441\u0442\u0440\u0443\u043a\u0446\u0438\u044f \u0433\u0430\u0440\u0430\u043d\u0442\u0438\u0440\u0443\u0435\u0442 \u0434\u043b\u0438\u0442\u0435\u043b\u044c\u043d\u044b\u0439 \u0441\u0440\u043e\u043a \u0441\u043b\u0443\u0436\u0431\u044b. \u042d\u0442\u0438 \u0443\u043d\u0438\u0432\u0435\u0440\u0441\u0430\u043b\u044c\u043d\u044b\u0435 \u043f\u043b\u0435\u0442\u0435\u043d\u044b\u0435 \u043a\u043e\u0440\u0437\u0438\u043d\u044b \u0442\u0430\u043a\u0436\u0435 \u043c\u043e\u0436\u043d\u043e \u0438\u0441\u043f\u043e\u043b\u044c\u0437\u043e\u0432\u0430\u0442\u044c \u0432 \u043a\u0430\u0447\u0435\u0441\u0442\u0432\u0435 \u043a\u043e\u0440\u0437\u0438\u043d \u0434\u043b\u044f \u0431\u0435\u043b\u044c\u044f \u0438\u043b\u0438 \u043e\u0432\u043e\u0449\u0435\u0439. <span style=\"font-size: 13.12px\">\u0411\u043b\u0430\u0433\u043e\u0434\u0430\u0440\u044f \u043a\u043e\u043c\u043f\u0430\u043a\u0442\u043d\u043e\u0439 \u043a\u043e\u043d\u0441\u0442\u0440\u0443\u043a\u0446\u0438\u0438 \u043a\u043e\u0440\u0437\u0438\u043d\u044b \u043f\u043e\u0437\u0432\u043e\u043b\u044f\u044e\u0442 \u0445\u0440\u0430\u043d\u0438\u0442\u044c \u0432\u0435\u0449\u0438 \u0432\u043d\u0443\u0442\u0440\u0438 \u0441\u0430\u043c\u043e\u0439 \u0431\u043e\u043b\u044c\u0448\u043e\u0439 \u043a\u043e\u0440\u0437\u0438\u043d\u044b, \u043a\u043e\u0433\u0434\u0430 \u043e\u043d\u0438 \u043d\u0435 \u0438\u0441\u043f\u043e\u043b\u044c\u0437\u0443\u044e\u0442\u0441\u044f.<\/span><\/p>\n<\/p>\n<p>\u0412 \u043a\u043e\u043c\u043f\u043b\u0435\u043a\u0442 \u0432\u0445\u043e\u0434\u044f\u0442 3 \u043a\u043e\u0440\u0437\u0438\u043d\u044b \u0434\u043b\u044f \u0434\u0440\u043e\u0432.<\/p>\n<ul>\n<li>\u0426\u0432\u0435\u0442: \u0442\u0451\u043c\u043d\u043e-\u043a\u043e\u0440\u0438\u0447\u043d\u0435\u0432\u044b\u0439<\/li>\n<li>\u041c\u0430\u0442\u0435\u0440\u0438\u0430\u043b: \u0438\u0432\u0430<\/li>\n<li>\u0420\u0430\u0437\u043c\u0435\u0440\u044b (\u043c\u0430\u043b\u0435\u043d\u044c\u043a\u0438\u0439): 40 x 25 \u0441\u043c (\u0434\u0438\u0430\u043c\u0435\u0442\u0440 x \u0432\u044b\u0441\u043e\u0442\u0430)<\/li>\n<li>\u0420\u0430\u0437\u043c\u0435\u0440\u044b (\u0441\u0440\u0435\u0434\u043d\u0438\u0439 \u0441\u0442\u043e\u043b): 50 x 35 \u0441\u043c (\u0434\u0438\u0430\u043c\u0435\u0442\u0440 x \u0432\u044b\u0441\u043e\u0442\u0430)<\/li>\n<li>\u0420\u0430\u0437\u043c\u0435\u0440\u044b (\u0431\u043e\u043b\u044c\u0448\u043e\u0439): 60 x 38 \u0441\u043c (\u0434\u0438\u0430\u043c\u0435\u0442\u0440 x \u0432\u044b\u0441\u043e\u0442\u0430)<\/li>\n<li>\u0420\u0443\u0447\u043a\u0438 \u0434\u043b\u044f \u0443\u0434\u043e\u0431\u043d\u043e\u0439 \u043f\u0435\u0440\u0435\u043d\u043e\u0441\u043a\u0438<\/li>\n<li>\u0423\u043d\u0438\u0432\u0435\u0440\u0441\u0430\u043b\u044c\u043d\u043e\u0435 \u0438\u0441\u043f\u043e\u043b\u044c\u0437\u043e\u0432\u0430\u043d\u0438\u0435<\/li>\n<li>\u0421\u0431\u043e\u0440\u043a\u0430 \u043d\u0435 \u0442\u0440\u0435\u0431\u0443\u0435\u0442\u0441\u044f.<\/li>\n<li><strong>\u0412 \u043a\u043e\u043c\u043f\u043b\u0435\u043a\u0442 \u0432\u0445\u043e\u0434\u044f\u0442:<\/strong><\/li>\n<li>3 \u043a\u043e\u0440\u0437\u0438\u043d\u044b \u0434\u043b\u044f \u0434\u0440\u043e\u0432<\/li>\n<\/ul>","protected":false},"excerpt":{"rendered":"<p>Kolmest osast koosnev kandek\u00e4epidemetega k\u00fcttepuukorv on ideaalne hoiulahendus kamina k\u00f5rval. Pajupuust valmistatud k\u00fcttepuude hoidjad \u00f5hkavad maal\u00e4hedast v\u00f5lu ja on maal\u00e4hedase stiili t\u00f5ttu&hellip;<\/p>","protected":false},"featured_media":334488,"comment_status":"open","ping_status":"closed","template":"","meta":{"wprm-recipe-roundup-name":"","wprm-recipe-roundup-description":""},"product_brand":[],"product_cat":[3670],"product_tag":[4038,4049,536,554,540],"class_list":{"0":"post-334496","1":"product","2":"type-product","3":"status-publish","4":"has-post-thumbnail","6":"product_cat-kaminapuude-alused","7":"product_tag-kamina-ja-ahjutarvikud","8":"product_tag-kaminapuude-alused","9":"product_tag-kodu-ja-aed","10":"product_tag-ouemoobli-komplektid","11":"product_tag-parcel","12":"pa_brand-vidaxl","14":"first","15":"instock","16":"taxable","17":"shipping-taxable","18":"purchasable","19":"product-type-simple"},"supplier_id":null,"supplier_sku":"","barcode":null,"atum_controlled":false,"out_stock_date":null,"out_stock_threshold":null,"inheritable":false,"inbound_stock":null,"stock_on_hold":null,"sold_today":null,"sales_last_days":null,"reserved_stock":null,"customer_returns":null,"warehouse_damage":null,"lost_in_post":null,"other_logs":null,"out_stock_days":null,"lost_sales":null,"has_location":null,"update_date":"2026-04-26T00:29:04","atum_locations":[],"atum_stock_status":"instock","restock_status":false,"low_stock_amount":"","sales_update_date":null,"calc_backorders":null,"aioseo_notices":[],"_links":{"self":[{"href":"https:\/\/ecoshop.ee\/ru\/wp-json\/wp\/v2\/product\/334496","targetHints":{"allow":["GET"]}}],"collection":[{"href":"https:\/\/ecoshop.ee\/ru\/wp-json\/wp\/v2\/product"}],"about":[{"href":"https:\/\/ecoshop.ee\/ru\/wp-json\/wp\/v2\/types\/product"}],"replies":[{"embeddable":true,"href":"https:\/\/ecoshop.ee\/ru\/wp-json\/wp\/v2\/comments?post=334496"}],"version-history":[{"count":0,"href":"https:\/\/ecoshop.ee\/ru\/wp-json\/wp\/v2\/product\/334496\/revisions"}],"wp:featuredmedia":[{"embeddable":true,"href":"https:\/\/ecoshop.ee\/ru\/wp-json\/wp\/v2\/media\/334488"}],"wp:attachment":[{"href":"https:\/\/ecoshop.ee\/ru\/wp-json\/wp\/v2\/media?parent=334496"}],"wp:term":[{"taxonomy":"product_brand","embeddable":true,"href":"https:\/\/ecoshop.ee\/ru\/wp-json\/wp\/v2\/product_brand?post=334496"},{"taxonomy":"product_cat","embeddable":true,"href":"https:\/\/ecoshop.ee\/ru\/wp-json\/wp\/v2\/product_cat?post=334496"},{"taxonomy":"product_tag","embeddable":true,"href":"https:\/\/ecoshop.ee\/ru\/wp-json\/wp\/v2\/product_tag?post=334496"}],"curies":[{"name":"wp","href":"https:\/\/api.w.org\/{rel}","templated":true}]}}