{"id":334804,"date":"2026-02-27T17:51:48","date_gmt":"2026-02-27T14:51:48","guid":{"rendered":"https:\/\/ecoshop.ee\/maaratlemata\/kuttepuukorv-kaepidemetega-59x42x28-cm-hall-paju\/"},"modified":"2026-05-16T12:55:01","modified_gmt":"2026-05-16T09:55:01","slug":"%d0%bf%d0%bb%d0%b5%d1%82%d0%b5%d0%bd%d0%b0%d1%8f-%d0%ba%d0%be%d1%80%d0%b7%d0%b8%d0%bd%d0%b0-%d1%81-%d1%80%d1%83%d1%87%d0%ba%d0%b0%d0%bc%d0%b8-59x42x28-%d1%81%d0%bc-%d1%81%d0%b5%d1%80%d0%b0%d1%8f","status":"publish","type":"product","link":"https:\/\/ecoshop.ee\/ru\/kaminapuude-alused\/kuttepuukorv-kaepidemetega-59x42x28-cm-hall-paju\/","title":{"rendered":"\u041a\u043e\u0440\u0437\u0438\u043d\u0430 \u0434\u043b\u044f \u0434\u0440\u043e\u0432 \u0441 \u0440\u0443\u0447\u043a\u0430\u043c\u0438, 59 x 42 x 28 \u0441\u043c, \u0441\u0435\u0440\u0430\u044f \u0438\u0432\u0430."},"content":{"rendered":"<p>\u041f\u0440\u043e\u0447\u043d\u0430\u044f \u043a\u043e\u0440\u0437\u0438\u043d\u0430 \u0434\u043b\u044f \u0434\u0440\u043e\u0432 \u0441 \u0440\u0443\u0447\u043a\u043e\u0439 \u2014 \u0438\u0434\u0435\u0430\u043b\u044c\u043d\u043e\u0435 \u0440\u0435\u0448\u0435\u043d\u0438\u0435 \u0434\u043b\u044f \u0445\u0440\u0430\u043d\u0435\u043d\u0438\u044f \u0434\u0440\u043e\u0432.<\/p>\n<\/p>\n<p>\u0418\u0437\u0433\u043e\u0442\u043e\u0432\u043b\u0435\u043d\u043d\u0430\u044f \u0438\u0437 \u043d\u0430\u0442\u0443\u0440\u0430\u043b\u044c\u043d\u043e\u0439 \u0438\u0432\u044b, \u044d\u0442\u0430 \u043a\u043e\u0440\u0437\u0438\u043d\u0430 \u0434\u043b\u044f \u0434\u0440\u043e\u0432 \u0438\u0437\u043b\u0443\u0447\u0430\u0435\u0442 \u0434\u0435\u0440\u0435\u0432\u0435\u043d\u0441\u043a\u0438\u0439 \u0448\u0430\u0440\u043c \u0438 \u043f\u0440\u0438\u0432\u043b\u0435\u043a\u0430\u0435\u0442 \u0432\u043d\u0438\u043c\u0430\u043d\u0438\u0435. \u0411\u043b\u0430\u0433\u043e\u0434\u0430\u0440\u044f \u0434\u0432\u0443\u043c \u0432\u0435\u0440\u0435\u0432\u043e\u0447\u043d\u044b\u043c \u0440\u0443\u0447\u043a\u0430\u043c, \u043a\u043e\u0440\u0437\u0438\u043d\u0443 \u043b\u0435\u0433\u043a\u043e \u043f\u0435\u0440\u0435\u043d\u043e\u0441\u0438\u0442\u044c. \u041f\u0440\u043e\u0447\u043d\u0430\u044f \u0438 \u0434\u043e\u043b\u0433\u043e\u0432\u0435\u0447\u043d\u0430\u044f \u043a\u043e\u043d\u0441\u0442\u0440\u0443\u043a\u0446\u0438\u044f \u0433\u0430\u0440\u0430\u043d\u0442\u0438\u0440\u0443\u0435\u0442 \u0434\u043b\u0438\u0442\u0435\u043b\u044c\u043d\u044b\u0439 \u0441\u0440\u043e\u043a \u0441\u043b\u0443\u0436\u0431\u044b. \u0423\u043d\u0438\u0432\u0435\u0440\u0441\u0430\u043b\u044c\u043d\u0430\u044f \u043f\u043b\u0435\u0442\u0435\u043d\u0430\u044f \u043a\u043e\u0440\u0437\u0438\u043d\u0430 \u0434\u043b\u044f \u0434\u0440\u043e\u0432 \u0442\u0430\u043a\u0436\u0435 \u043c\u043e\u0436\u0435\u0442 \u0438\u0441\u043f\u043e\u043b\u044c\u0437\u043e\u0432\u0430\u0442\u044c\u0441\u044f \u043a\u0430\u043a \u043a\u043e\u0440\u0437\u0438\u043d\u0430 \u0434\u043b\u044f \u0431\u0435\u043b\u044c\u044f \u0438\u043b\u0438 \u043e\u0432\u043e\u0449\u043d\u0430\u044f \u043a\u043e\u0440\u0437\u0438\u043d\u0430.<\/p>\n<ul>\n<li>\u0426\u0432\u0435\u0442: \u0441\u0435\u0440\u044b\u0439<\/li>\n<li>\u041c\u0430\u0442\u0435\u0440\u0438\u0430\u043b: \u0438\u0432\u0430<\/li>\n<li>\u0420\u0430\u0437\u043c\u0435\u0440\u044b \u0441\u0442\u043e\u043b\u0435\u0448\u043d\u0438\u0446\u044b: 59 x 42 \u0441\u043c (\u0434\u043b\u0438\u043d\u0430 x \u0448\u0438\u0440\u0438\u043d\u0430)<\/li>\n<li>\u0420\u0430\u0437\u043c\u0435\u0440\u044b \u043e\u0441\u043d\u043e\u0432\u0430\u043d\u0438\u044f: 51 x 35 \u0441\u043c (\u0434\u043b\u0438\u043d\u0430 x \u0448\u0438\u0440\u0438\u043d\u0430)<\/li>\n<li>\u0412\u044b\u0441\u043e\u0442\u0430: 28 \u0441\u043c<\/li>\n<li>\u0420\u0430\u0441\u0441\u0442\u043e\u044f\u043d\u0438\u0435 \u043c\u0435\u0436\u0434\u0443 \u0440\u0443\u0447\u043a\u043e\u0439 \u0438 \u043a\u043e\u0440\u0437\u0438\u043d\u043e\u0439: 7 \u0441\u043c<\/li>\n<li>\u0420\u0443\u0447\u043a\u0438 \u0434\u043b\u044f \u0443\u0434\u043e\u0431\u043d\u043e\u0439 \u043f\u0435\u0440\u0435\u043d\u043e\u0441\u043a\u0438<\/li>\n<li>\u0423\u043d\u0438\u0432\u0435\u0440\u0441\u0430\u043b\u044c\u043d\u044b\u0439<\/li>\n<li>\u0421\u0431\u043e\u0440\u043a\u0430 \u043d\u0435 \u0442\u0440\u0435\u0431\u0443\u0435\u0442\u0441\u044f.<\/li>\n<\/ul>","protected":false},"excerpt":{"rendered":"<p>Vastupidav k\u00e4epidemete k\u00fcttekorv on ideaalne lahendus k\u00fcttepuude ladustamiseks. Naturaalsest pajust tehtud k\u00fcttepuukorv \u00f5hkab maal\u00e4hedast v\u00f5lu ja p\u00fc\u00fcab pilke. K\u00fcttepuuhoidikut on kahe n\u00f6\u00f6rist&hellip;<\/p>","protected":false},"featured_media":334798,"comment_status":"open","ping_status":"closed","template":"","meta":{"wprm-recipe-roundup-name":"","wprm-recipe-roundup-description":""},"product_brand":[],"product_cat":[3670],"product_tag":[550,4038,4049,536,540],"class_list":{"0":"post-334804","1":"product","2":"type-product","3":"status-publish","4":"has-post-thumbnail","6":"product_cat-kaminapuude-alused","7":"product_tag-hall","8":"product_tag-kamina-ja-ahjutarvikud","9":"product_tag-kaminapuude-alused","10":"product_tag-kodu-ja-aed","11":"product_tag-parcel","12":"pa_brand-vidaxl","14":"first","15":"instock","16":"taxable","17":"shipping-taxable","18":"purchasable","19":"product-type-simple"},"supplier_id":null,"supplier_sku":"","barcode":null,"atum_controlled":false,"out_stock_date":null,"out_stock_threshold":null,"inheritable":false,"inbound_stock":null,"stock_on_hold":0,"sold_today":0,"sales_last_days":0,"reserved_stock":null,"customer_returns":null,"warehouse_damage":null,"lost_in_post":null,"other_logs":null,"out_stock_days":0,"lost_sales":0,"has_location":null,"update_date":"2026-05-16T09:55:01","atum_locations":[],"atum_stock_status":"instock","restock_status":false,"low_stock_amount":"","sales_update_date":"2026-03-05T01:07:33","calc_backorders":null,"aioseo_notices":[],"_links":{"self":[{"href":"https:\/\/ecoshop.ee\/ru\/wp-json\/wp\/v2\/product\/334804","targetHints":{"allow":["GET"]}}],"collection":[{"href":"https:\/\/ecoshop.ee\/ru\/wp-json\/wp\/v2\/product"}],"about":[{"href":"https:\/\/ecoshop.ee\/ru\/wp-json\/wp\/v2\/types\/product"}],"replies":[{"embeddable":true,"href":"https:\/\/ecoshop.ee\/ru\/wp-json\/wp\/v2\/comments?post=334804"}],"version-history":[{"count":0,"href":"https:\/\/ecoshop.ee\/ru\/wp-json\/wp\/v2\/product\/334804\/revisions"}],"wp:featuredmedia":[{"embeddable":true,"href":"https:\/\/ecoshop.ee\/ru\/wp-json\/wp\/v2\/media\/334798"}],"wp:attachment":[{"href":"https:\/\/ecoshop.ee\/ru\/wp-json\/wp\/v2\/media?parent=334804"}],"wp:term":[{"taxonomy":"product_brand","embeddable":true,"href":"https:\/\/ecoshop.ee\/ru\/wp-json\/wp\/v2\/product_brand?post=334804"},{"taxonomy":"product_cat","embeddable":true,"href":"https:\/\/ecoshop.ee\/ru\/wp-json\/wp\/v2\/product_cat?post=334804"},{"taxonomy":"product_tag","embeddable":true,"href":"https:\/\/ecoshop.ee\/ru\/wp-json\/wp\/v2\/product_tag?post=334804"}],"curies":[{"name":"wp","href":"https:\/\/api.w.org\/{rel}","templated":true}]}}