{"id":336003,"date":"2026-02-27T18:37:28","date_gmt":"2026-02-27T15:37:28","guid":{"rendered":"https:\/\/ecoshop.ee\/maaratlemata\/purskkaevu-pump-50-w-2000-l-h\/"},"modified":"2026-05-15T09:24:55","modified_gmt":"2026-05-15T06:24:55","slug":"%d1%84%d0%be%d0%bd%d1%82%d0%b0%d0%bd%d0%bd%d1%8b%d0%b9-%d0%bd%d0%b0%d1%81%d0%be%d1%81-50-%d0%b2%d1%82-2000-%d0%bb-%d1%81","status":"publish","type":"product","link":"https:\/\/ecoshop.ee\/ru\/purskkaevud-ja-tiigi-tarvikud\/purskkaevu-pump-50-w-2000-l-h\/","title":{"rendered":"\u0424\u043e\u043d\u0442\u0430\u043d\u043d\u044b\u0439 \u043d\u0430\u0441\u043e\u0441 50 \u0412\u0442 2000 \u043b\/\u0447"},"content":{"rendered":"<p>\u041d\u0430\u0441\u043e\u0441 \u043f\u0440\u043e\u0438\u0437\u0432\u043e\u0434\u0438\u0442\u0435\u043b\u044c\u043d\u043e\u0441\u0442\u044c\u044e 2000 \u043b\u0438\u0442\u0440\u043e\u0432 \u0432 \u0447\u0430\u0441 \u2014 \u043e\u0442\u043b\u0438\u0447\u043d\u044b\u0439 \u0432\u044b\u0431\u043e\u0440 \u0434\u043b\u044f \u043f\u0440\u0443\u0434\u043e\u0432 \u0441\u0440\u0435\u0434\u043d\u0435\u0433\u043e \u0438 \u0431\u043e\u043b\u044c\u0448\u043e\u0433\u043e \u0440\u0430\u0437\u043c\u0435\u0440\u0430, \u0432\u043e\u0434\u043e\u043f\u0430\u0434\u043e\u0432 \u0438 \u0432\u043e\u0434\u043d\u044b\u0445 \u0441\u0438\u0441\u0442\u0435\u043c. \u0421 \u043f\u043e\u043c\u043e\u0449\u044c\u044e \u0432\u044b\u0441\u043e\u043a\u043e\u043a\u0430\u0447\u0435\u0441\u0442\u0432\u0435\u043d\u043d\u043e\u0433\u043e \u043d\u0430\u0441\u043e\u0441\u0430 \u0432\u044b \u0441\u043c\u043e\u0436\u0435\u0442\u0435 \u0441\u043e\u0437\u0434\u0430\u0432\u0430\u0442\u044c \u0443\u043d\u0438\u043a\u0430\u043b\u044c\u043d\u044b\u0435 \u0432\u043e\u0434\u043d\u044b\u0435 \u0440\u0430\u0437\u0432\u043b\u0435\u0447\u0435\u043d\u0438\u044f.<\/p>\n<\/p>\n<p>\u041f\u0440\u0443\u0434\u043e\u0432\u044b\u0439 \u043d\u0430\u0441\u043e\u0441 \u043e\u0441\u043d\u0430\u0449\u0435\u043d \u044d\u043d\u0435\u0440\u0433\u043e\u0441\u0431\u0435\u0440\u0435\u0433\u0430\u044e\u0449\u0438\u043c \u0434\u0432\u0438\u0433\u0430\u0442\u0435\u043b\u0435\u043c \u0432\u044b\u0441\u043e\u043a\u043e\u0439 \u043c\u043e\u0449\u043d\u043e\u0441\u0442\u0438 \u0438 \u043d\u0438\u0437\u043a\u0438\u043c \u044d\u043d\u0435\u0440\u0433\u043e\u043f\u043e\u0442\u0440\u0435\u0431\u043b\u0435\u043d\u0438\u0435\u043c. \u041c\u0430\u043a\u0441\u0438\u043c\u0430\u043b\u044c\u043d\u044b\u0439 \u043d\u0430\u043f\u043e\u0440 \u043d\u0430\u0441\u043e\u0441\u0430 \u0441\u043e\u0441\u0442\u0430\u0432\u043b\u044f\u0435\u0442 2,5 \u043c\u0435\u0442\u0440\u0430. \u041a\u043e\u043c\u043f\u0430\u043a\u0442\u043d\u0430\u044f \u043a\u043e\u043d\u0441\u0442\u0440\u0443\u043a\u0446\u0438\u044f, \u043d\u0438\u0437\u043a\u0438\u0439 \u0443\u0440\u043e\u0432\u0435\u043d\u044c \u0448\u0443\u043c\u0430 \u0438 4 \u0441\u043c\u0435\u043d\u043d\u044b\u0435 \u043d\u0430\u0441\u0430\u0434\u043a\u0438 \u0432 \u043a\u043e\u043c\u043f\u043b\u0435\u043a\u0442\u0435 \u0434\u0435\u043b\u0430\u044e\u0442 \u0435\u0433\u043e \u043e\u043f\u0442\u0438\u043c\u0430\u043b\u044c\u043d\u044b\u043c \u0432\u044b\u0431\u043e\u0440\u043e\u043c. \u041e\u043d \u043e\u0441\u043d\u0430\u0449\u0435\u043d \u0433\u0438\u0431\u043a\u0438\u043c 10-\u043c\u0435\u0442\u0440\u043e\u0432\u044b\u043c \u0437\u0430\u0437\u0435\u043c\u043b\u0435\u043d\u043d\u044b\u043c \u0437\u0430\u0449\u0438\u0442\u043d\u044b\u043c \u044d\u043b\u0435\u043a\u0442\u0440\u0438\u0447\u0435\u0441\u043a\u0438\u043c \u043a\u0430\u0431\u0435\u043b\u0435\u043c \u0438 \u0432\u0438\u043b\u043a\u043e\u0439.<\/p>\n<ul>\n<li>\u041c\u0430\u0442\u0435\u0440\u0438\u0430\u043b: \u043f\u043b\u0430\u0441\u0442\u0438\u043a<\/li>\n<li>\u041d\u0430\u043f\u0440\u044f\u0436\u0435\u043d\u0438\u0435: 230 \u0412, 50 \u0413\u0446<\/li>\n<li>\u041d\u043e\u043c\u0438\u043d\u0430\u043b\u044c\u043d\u0430\u044f \u043c\u043e\u0449\u043d\u043e\u0441\u0442\u044c: 50 \u0412\u0442<\/li>\n<li>\u041c\u0430\u043a\u0441\u0438\u043c\u0430\u043b\u044c\u043d\u0430\u044f \u0432\u044b\u0441\u043e\u0442\u0430: 2,5 \u043c<\/li>\n<li>\u041c\u0430\u043a\u0441\u0438\u043c\u0430\u043b\u044c\u043d\u0430\u044f \u0433\u043b\u0443\u0431\u0438\u043d\u0430 \u043f\u043e\u0433\u0440\u0443\u0436\u0435\u043d\u0438\u044f: 3 \u043c<\/li>\n<li>\u041c\u0430\u043a\u0441\u0438\u043c\u0430\u043b\u044c\u043d\u0430\u044f \u0441\u043a\u043e\u0440\u043e\u0441\u0442\u044c \u043f\u043e\u0442\u043e\u043a\u0430: 2000 \u043b\/\u0447<\/li>\n<li>\u041c\u0430\u043a\u0441\u0438\u043c\u0430\u043b\u044c\u043d\u043e\u0435 \u0434\u0430\u0432\u043b\u0435\u043d\u0438\u0435: 0,3 \u0431\u0430\u0440<\/li>\n<li>\u0414\u043b\u0438\u043d\u0430 \u043a\u0430\u0431\u0435\u043b\u044f: 10 \u043c<\/li>\n<li>\u0414\u0438\u0430\u043c\u0435\u0442\u0440 \u0442\u0440\u0443\u0431\u044b: G1-\u00bd\u201d<\/li>\n<li>4 \u0440\u0430\u0437\u043b\u0438\u0447\u043d\u044b\u0445 \u0441\u043c\u0435\u043d\u043d\u044b\u0445 \u043d\u0430\u043a\u043e\u043d\u0435\u0447\u043d\u0438\u043a\u0430<\/li>\n<\/ul>","protected":false},"excerpt":{"rendered":"<p>Pump v\u00f5imsusega 2000 liitrit\/tunnis on suurep\u00e4rane valik keskmiste v\u00f5i suurte tiikide, kaskaadide ja vees\u00fcsteemide jaoks. Kvaliteetse pumbaga saate luua unikaalsed veem\u00e4ngud. Tiigipump&hellip;<\/p>","protected":false},"featured_media":335998,"comment_status":"open","ping_status":"closed","template":"","meta":{"wprm-recipe-roundup-name":"","wprm-recipe-roundup-description":""},"product_brand":[],"product_cat":[3672],"product_tag":[536,540,4307,4304,1071],"class_list":{"0":"post-336003","1":"product","2":"type-product","3":"status-publish","4":"has-post-thumbnail","6":"product_cat-purskkaevud-ja-tiigi-tarvikud","7":"product_tag-kodu-ja-aed","8":"product_tag-parcel","9":"product_tag-purskkaevu-ja-tiigi-tarvikud","10":"product_tag-purskkaevud-ja-tiigid","11":"product_tag-sisekujundus","12":"pa_brand-vidaxl","14":"first","15":"instock","16":"taxable","17":"shipping-taxable","18":"purchasable","19":"product-type-simple"},"supplier_id":null,"supplier_sku":"","barcode":null,"atum_controlled":false,"out_stock_date":null,"out_stock_threshold":null,"inheritable":false,"inbound_stock":null,"stock_on_hold":null,"sold_today":null,"sales_last_days":null,"reserved_stock":null,"customer_returns":null,"warehouse_damage":null,"lost_in_post":null,"other_logs":null,"out_stock_days":null,"lost_sales":null,"has_location":null,"update_date":"2026-05-15T06:24:56","atum_locations":[],"atum_stock_status":"instock","restock_status":false,"low_stock_amount":"","sales_update_date":null,"calc_backorders":null,"aioseo_notices":[],"_links":{"self":[{"href":"https:\/\/ecoshop.ee\/ru\/wp-json\/wp\/v2\/product\/336003","targetHints":{"allow":["GET"]}}],"collection":[{"href":"https:\/\/ecoshop.ee\/ru\/wp-json\/wp\/v2\/product"}],"about":[{"href":"https:\/\/ecoshop.ee\/ru\/wp-json\/wp\/v2\/types\/product"}],"replies":[{"embeddable":true,"href":"https:\/\/ecoshop.ee\/ru\/wp-json\/wp\/v2\/comments?post=336003"}],"version-history":[{"count":0,"href":"https:\/\/ecoshop.ee\/ru\/wp-json\/wp\/v2\/product\/336003\/revisions"}],"wp:featuredmedia":[{"embeddable":true,"href":"https:\/\/ecoshop.ee\/ru\/wp-json\/wp\/v2\/media\/335998"}],"wp:attachment":[{"href":"https:\/\/ecoshop.ee\/ru\/wp-json\/wp\/v2\/media?parent=336003"}],"wp:term":[{"taxonomy":"product_brand","embeddable":true,"href":"https:\/\/ecoshop.ee\/ru\/wp-json\/wp\/v2\/product_brand?post=336003"},{"taxonomy":"product_cat","embeddable":true,"href":"https:\/\/ecoshop.ee\/ru\/wp-json\/wp\/v2\/product_cat?post=336003"},{"taxonomy":"product_tag","embeddable":true,"href":"https:\/\/ecoshop.ee\/ru\/wp-json\/wp\/v2\/product_tag?post=336003"}],"curies":[{"name":"wp","href":"https:\/\/api.w.org\/{rel}","templated":true}]}}