{"id":336696,"date":"2026-02-27T19:16:28","date_gmt":"2026-02-27T16:16:28","guid":{"rendered":"https:\/\/ecoshop.ee\/maaratlemata\/toapurskkaev-led-tulega-poluvaik-3\/"},"modified":"2026-05-15T04:12:11","modified_gmt":"2026-05-15T01:12:11","slug":"%d0%ba%d0%be%d0%bc%d0%bd%d0%b0%d1%82%d0%bd%d1%8b%d0%b9-%d1%84%d0%be%d0%bd%d1%82%d0%b0%d0%bd-%d1%81%d0%be-%d1%81%d0%b2%d0%b5%d1%82%d0%be%d0%b4%d0%b8%d0%be%d0%b4%d0%bd%d0%be%d0%b9-%d0%bf%d0%be%d0%b4-3","status":"publish","type":"product","link":"https:\/\/ecoshop.ee\/ru\/purskkaevud-ja-tiigi-tarvikud\/toapurskkaev-led-tulega-poluvaik-3\/","title":{"rendered":"\u041a\u043e\u043c\u043d\u0430\u0442\u043d\u044b\u0439 \u0444\u043e\u043d\u0442\u0430\u043d \u0441\u043e \u0441\u0432\u0435\u0442\u043e\u0434\u0438\u043e\u0434\u043d\u043e\u0439 \u043f\u043e\u0434\u0441\u0432\u0435\u0442\u043a\u043e\u0439, \u0438\u0437\u0433\u043e\u0442\u043e\u0432\u043b\u0435\u043d\u043d\u044b\u0439 \u0438\u0437 \u043f\u043e\u043b\u0438\u0440\u0435\u0437\u0438\u043d\u0430."},"content":{"rendered":"<p>\u041a\u043e\u043c\u043d\u0430\u0442\u043d\u044b\u0439 \u0444\u043e\u043d\u0442\u0430\u043d \u0441 \u043f\u043e\u0434\u0441\u0432\u0435\u0442\u043a\u043e\u0439 \u0438\u0437 \u0441\u0432\u0435\u0442\u043e\u0434\u0438\u043e\u0434\u043e\u0432 \u2014 \u043e\u0442\u043b\u0438\u0447\u043d\u044b\u0439 \u0432\u044b\u0431\u043e\u0440 \u0434\u043b\u044f \u0441\u043e\u0437\u0434\u0430\u043d\u0438\u044f \u0441\u043f\u043e\u043a\u043e\u0439\u043d\u043e\u0439 \u0430\u0442\u043c\u043e\u0441\u0444\u0435\u0440\u044b \u0432 \u0432\u0430\u0448\u0435\u043c \u0436\u0438\u043b\u043e\u043c \u043f\u0440\u043e\u0441\u0442\u0440\u0430\u043d\u0441\u0442\u0432\u0435.<\/p>\n<\/p>\n<p>\u0424\u043e\u043d\u0442\u0430\u043d \u0438\u0437\u0433\u043e\u0442\u043e\u0432\u043b\u0435\u043d \u0438\u0437 \u043f\u043e\u043b\u0438\u0440\u0435\u0437\u0438\u043d\u0430. \u041f\u0430\u0434\u0430\u044e\u0449\u0430\u044f \u0432\u043e\u0434\u0430 \u043f\u043e\u0434\u0441\u0432\u0435\u0447\u0438\u0432\u0430\u0435\u0442\u0441\u044f \u0441\u0432\u0435\u0442\u043e\u0434\u0438\u043e\u0434\u0430\u043c\u0438, \u0447\u0442\u043e \u0443\u0441\u0438\u043b\u0438\u0432\u0430\u0435\u0442 \u0432\u0438\u0437\u0443\u0430\u043b\u044c\u043d\u044b\u0439 \u044d\u0444\u0444\u0435\u043a\u0442, \u043e\u0441\u043e\u0431\u0435\u043d\u043d\u043e \u0432 \u0442\u0435\u043c\u043d\u043e\u0442\u0435. \u041c\u043d\u043e\u0436\u0435\u0441\u0442\u0432\u043e \u0432\u043e\u0434\u044f\u043d\u044b\u0445 \u0441\u0442\u0440\u0443\u0439 \u0438 \u0443\u0441\u043f\u043e\u043a\u0430\u0438\u0432\u0430\u044e\u0449\u0430\u044f \u0440\u044f\u0431\u044c \u0441\u043e\u0437\u0434\u0430\u044e\u0442 \u0440\u0430\u0441\u0441\u043b\u0430\u0431\u043b\u044f\u044e\u0449\u0443\u044e \u0438 \u043c\u0435\u0434\u0438\u0442\u0430\u0442\u0438\u0432\u043d\u0443\u044e \u0430\u0442\u043c\u043e\u0441\u0444\u0435\u0440\u0443. \u0412\u044b\u0441\u043e\u043a\u043e\u043a\u0430\u0447\u0435\u0441\u0442\u0432\u0435\u043d\u043d\u044b\u0439 \u043d\u0430\u0441\u043e\u0441, \u0432\u0445\u043e\u0434\u044f\u0449\u0438\u0439 \u0432 \u043a\u043e\u043c\u043f\u043b\u0435\u043a\u0442, \u043e\u0431\u0435\u0441\u043f\u0435\u0447\u0438\u0432\u0430\u0435\u0442 \u0431\u0435\u0437\u043e\u043f\u0430\u0441\u043d\u0443\u044e \u0438 \u043d\u0430\u0434\u0435\u0436\u043d\u0443\u044e \u0440\u0430\u0431\u043e\u0442\u0443.<\/p>\n<\/p>\n<p>\u041f\u043e\u043b\u043d\u043e\u0441\u0442\u044c\u044e \u0430\u0432\u0442\u043e\u043d\u043e\u043c\u043d\u044b\u0439 \u0432\u043e\u0434\u043d\u044b\u0439 \u043e\u0431\u044a\u0435\u043a\u0442 \u043c\u043e\u0436\u043d\u043e \u0440\u0430\u0437\u043c\u0435\u0441\u0442\u0438\u0442\u044c \u0432 \u043b\u044e\u0431\u043e\u043c \u043c\u0435\u0441\u0442\u0435 \u0434\u043e\u043c\u0430.<\/p>\n<ul>\n<li>\u0426\u0432\u0435\u0442: \u0447\u0435\u0440\u043d\u044b\u0439 \u0438 \u0441\u0432\u0435\u0442\u043b\u043e-\u0441\u0435\u0440\u044b\u0439<\/li>\n<li>\u041c\u0430\u0442\u0435\u0440\u0438\u0430\u043b: \u043f\u043e\u043b\u0438\u0440\u0435\u0437\u0438\u043d + \u043f\u043b\u0430\u0441\u0442\u0438\u043a\u043e\u0432\u0430\u044f \u043e\u0441\u043d\u043e\u0432\u0430<\/li>\n<li>\u0420\u0430\u0437\u043c\u0435\u0440\u044b: 21,5 x 19 x 28 \u0441\u043c (\u0414 x \u0428 x \u0412)<\/li>\n<li>\u041c\u043e\u0449\u043d\u043e\u0441\u0442\u044c \u043d\u0430\u0441\u043e\u0441\u0430: 12 \u0412~, 50 \u0413\u0446, 2 \u0412\u0442<\/li>\n<li>\u041c\u043e\u0449\u043d\u043e\u0441\u0442\u044c \u0441\u0432\u0435\u0442\u043e\u0434\u0438\u043e\u0434\u0430: 3-3,4 \u0412\u2393, 0,06 \u0412\u0442, 20 \u043c\u0410<\/li>\n<li>\u041f\u0440\u043e\u0441\u0442\u043e\u0442\u0430 \u0432 \u0438\u0441\u043f\u043e\u043b\u044c\u0437\u043e\u0432\u0430\u043d\u0438\u0438<\/li>\n<li><strong>\u0412 \u043a\u043e\u043c\u043f\u043b\u0435\u043a\u0442 \u0432\u0445\u043e\u0434\u0438\u0442:<\/strong><\/li>\n<li>4 \u0441\u0432\u0435\u0442\u043e\u0434\u0438\u043e\u0434\u043d\u044b\u0445 \u0441\u0432\u0435\u0442\u0438\u043b\u044c\u043d\u0438\u043a\u0430<\/li>\n<li>1 \u043d\u0430\u0441\u043e\u0441<\/li>\n<li>1 x \u0432\u043e\u0434\u044f\u043d\u043e\u0439 \u0433\u043b\u0430\u0437<\/li>\n<\/ul>","protected":false},"excerpt":{"rendered":"<p>LED-tuledega valgustatud sisepurskkaev on suurep\u00e4rane valik, millega eluruumi rahulikku \u00f5hkkonda luua. Purskkaev on valmistatud pol\u00fcvaigust. Langev vesi on valgustatud LED-tuledega, mis lisavad&hellip;<\/p>","protected":false},"featured_media":336691,"comment_status":"open","ping_status":"closed","template":"","meta":{"wprm-recipe-roundup-name":"","wprm-recipe-roundup-description":""},"product_brand":[],"product_cat":[3672],"product_tag":[550,536,540,4305,4304,1071],"class_list":{"0":"post-336696","1":"product","2":"type-product","3":"status-publish","4":"has-post-thumbnail","6":"product_cat-purskkaevud-ja-tiigi-tarvikud","7":"product_tag-hall","8":"product_tag-kodu-ja-aed","9":"product_tag-parcel","10":"product_tag-purskkaevud-ja-kosed","11":"product_tag-purskkaevud-ja-tiigid","12":"product_tag-sisekujundus","13":"pa_brand-vidaxl","15":"first","16":"instock","17":"taxable","18":"shipping-taxable","19":"purchasable","20":"product-type-simple"},"supplier_id":null,"supplier_sku":"","barcode":null,"atum_controlled":false,"out_stock_date":null,"out_stock_threshold":null,"inheritable":false,"inbound_stock":null,"stock_on_hold":null,"sold_today":null,"sales_last_days":null,"reserved_stock":null,"customer_returns":null,"warehouse_damage":null,"lost_in_post":null,"other_logs":null,"out_stock_days":null,"lost_sales":null,"has_location":null,"update_date":"2026-05-15T01:12:12","atum_locations":[],"atum_stock_status":"instock","restock_status":false,"low_stock_amount":"","sales_update_date":null,"calc_backorders":null,"aioseo_notices":[],"_links":{"self":[{"href":"https:\/\/ecoshop.ee\/ru\/wp-json\/wp\/v2\/product\/336696","targetHints":{"allow":["GET"]}}],"collection":[{"href":"https:\/\/ecoshop.ee\/ru\/wp-json\/wp\/v2\/product"}],"about":[{"href":"https:\/\/ecoshop.ee\/ru\/wp-json\/wp\/v2\/types\/product"}],"replies":[{"embeddable":true,"href":"https:\/\/ecoshop.ee\/ru\/wp-json\/wp\/v2\/comments?post=336696"}],"version-history":[{"count":0,"href":"https:\/\/ecoshop.ee\/ru\/wp-json\/wp\/v2\/product\/336696\/revisions"}],"wp:featuredmedia":[{"embeddable":true,"href":"https:\/\/ecoshop.ee\/ru\/wp-json\/wp\/v2\/media\/336691"}],"wp:attachment":[{"href":"https:\/\/ecoshop.ee\/ru\/wp-json\/wp\/v2\/media?parent=336696"}],"wp:term":[{"taxonomy":"product_brand","embeddable":true,"href":"https:\/\/ecoshop.ee\/ru\/wp-json\/wp\/v2\/product_brand?post=336696"},{"taxonomy":"product_cat","embeddable":true,"href":"https:\/\/ecoshop.ee\/ru\/wp-json\/wp\/v2\/product_cat?post=336696"},{"taxonomy":"product_tag","embeddable":true,"href":"https:\/\/ecoshop.ee\/ru\/wp-json\/wp\/v2\/product_tag?post=336696"}],"curies":[{"name":"wp","href":"https:\/\/api.w.org\/{rel}","templated":true}]}}