{"id":336711,"date":"2026-02-27T19:16:48","date_gmt":"2026-02-27T16:16:48","guid":{"rendered":"https:\/\/ecoshop.ee\/maaratlemata\/aiapurskkaev-pumbaga-tunn\/"},"modified":"2026-05-09T03:28:19","modified_gmt":"2026-05-09T00:28:19","slug":"%d1%81%d0%b0%d0%b4%d0%be%d0%b2%d1%8b%d0%b9-%d1%84%d0%be%d0%bd%d1%82%d0%b0%d0%bd-%d1%81-%d0%bd%d0%b0%d1%81%d0%be%d1%81%d0%be%d0%bc-%d1%87%d0%b0%d1%81-%d1%80%d0%b0%d0%b1%d0%be%d1%82%d1%8b","status":"publish","type":"product","link":"https:\/\/ecoshop.ee\/ru\/purskkaevud-ja-tiigi-tarvikud\/aiapurskkaev-pumbaga-tunn\/","title":{"rendered":"\u0421\u0430\u0434\u043e\u0432\u044b\u0439 \u0444\u043e\u043d\u0442\u0430\u043d, \u0431\u043e\u0447\u043a\u0430 \u0441 \u043d\u0430\u0441\u043e\u0441\u043e\u043c"},"content":{"rendered":"<p>\u041e\u0442\u0434\u043e\u0445\u043d\u0438\u0442\u0435 \u043d\u0430 \u0442\u0435\u0440\u0440\u0430\u0441\u0435 \u0438\u043b\u0438 \u0432 \u0441\u0430\u0434\u0443, \u043d\u0430\u0441\u043b\u0430\u0436\u0434\u0430\u044f\u0441\u044c \u0443\u0441\u043f\u043e\u043a\u0430\u0438\u0432\u0430\u044e\u0449\u0438\u043c \u0436\u0443\u0440\u0447\u0430\u043d\u0438\u0435\u043c \u0432\u043e\u0434\u044b \u0438\u0437 \u0441\u0430\u0434\u043e\u0432\u043e\u0433\u043e \u0444\u043e\u043d\u0442\u0430\u043d\u0430.<\/p>\n<\/p>\n<p>\u0421\u0430\u0434\u043e\u0432\u044b\u0439 \u0444\u043e\u043d\u0442\u0430\u043d \u0434\u043e\u0431\u0430\u0432\u0438\u0442 \u0432\u0430\u0448\u0435\u043c\u0443 \u0434\u0432\u043e\u0440\u0443 \u0434\u0435\u0440\u0435\u0432\u0435\u043d\u0441\u043a\u043e\u0433\u043e \u043e\u0447\u0430\u0440\u043e\u0432\u0430\u043d\u0438\u044f. \u041e\u043d \u043e\u0441\u043d\u0430\u0449\u0435\u043d \u043d\u0430\u0441\u043e\u0441\u043e\u043c, \u043a\u043e\u0442\u043e\u0440\u044b\u0439 \u043f\u0435\u0440\u0435\u043a\u0430\u0447\u0438\u0432\u0430\u0435\u0442 \u0432\u043e\u0434\u0443 \u0432 \u0431\u043e\u0447\u043a\u0443. \u0421\u0430\u0434\u043e\u0432\u044b\u0439 \u0444\u043e\u043d\u0442\u0430\u043d \u043b\u0435\u0433\u043a\u043e \u0441\u043e\u0431\u0440\u0430\u0442\u044c \u0438 \u0438\u0441\u043f\u043e\u043b\u044c\u0437\u043e\u0432\u0430\u0442\u044c. \u041f\u0440\u043e\u0441\u0442\u043e \u043f\u043e\u0434\u043a\u043b\u044e\u0447\u0438\u0442\u0435 \u0435\u0433\u043e \u043a \u0440\u043e\u0437\u0435\u0442\u043a\u0435, \u043d\u0430\u043f\u043e\u043b\u043d\u0438\u0442\u0435 \u0432\u043e\u0434\u043e\u0439 \u0438 \u043d\u0430\u0441\u043b\u0430\u0436\u0434\u0430\u0439\u0442\u0435\u0441\u044c \u043a\u0440\u0430\u0441\u043e\u0442\u043e\u0439 \u0438 \u0443\u0441\u043f\u043e\u043a\u0430\u0438\u0432\u0430\u044e\u0449\u0438\u043c \u0437\u0432\u0443\u043a\u043e\u043c \u0444\u043e\u043d\u0442\u0430\u043d\u0430.<\/p>\n<\/p>\n<p>\u0418\u0437\u0433\u043e\u0442\u043e\u0432\u043b\u0435\u043d\u043d\u044b\u0439 \u0438\u0437 \u043f\u043e\u043b\u0438\u043f\u0440\u043e\u043f\u0438\u043b\u0435\u043d\u0430 (\u041f\u041f), \u0441\u0430\u0434\u043e\u0432\u044b\u0439 \u0444\u043e\u043d\u0442\u0430\u043d \u0443\u0441\u0442\u043e\u0439\u0447\u0438\u0432 \u043a \u043f\u043e\u0433\u043e\u0434\u043d\u044b\u043c \u0443\u0441\u043b\u043e\u0432\u0438\u044f\u043c, \u043a\u043e\u0440\u0440\u043e\u0437\u0438\u0438 \u0438 \u0434\u043e\u043b\u0433\u043e\u0432\u0435\u0447\u0435\u043d.<\/p>\n<ul>\n<li>\u0426\u0432\u0435\u0442: \u0431\u0440\u043e\u043d\u0437\u043e\u0432\u044b\u0439<\/li>\n<li>\u041c\u0430\u0442\u0435\u0440\u0438\u0430\u043b: \u043f\u043e\u043b\u0438\u043f\u0440\u043e\u043f\u0438\u043b\u0435\u043d (\u041f\u041f)<\/li>\n<li>\u0420\u0430\u0437\u043c\u0435\u0440\u044b: 29,5 x 45 \u0441\u043c (\u0434\u0438\u0430\u043c\u0435\u0442\u0440 x \u0432\u044b\u0441\u043e\u0442\u0430)<\/li>\n<li>\u0423\u0440\u043e\u0432\u0435\u043d\u044c IP: IPX8<\/li>\n<li>\u041f\u043e\u0434\u0445\u043e\u0434\u0438\u0442 \u0434\u043b\u044f \u0434\u0432\u043e\u0440\u0430<\/li>\n<li>\u0421\u043e \u0448\u043b\u0430\u043d\u0433\u043e\u043c<\/li>\n<li>\u0421 \u0432\u043e\u0434\u044f\u043d\u044b\u043c \u043d\u0430\u0441\u043e\u0441\u043e\u043c:<\/li>\n<li>\u0418\u0441\u0442\u043e\u0447\u043d\u0438\u043a \u043f\u0438\u0442\u0430\u043d\u0438\u044f: 220-240 \u0412~, 50 \u0413\u0446<\/li>\n<li>\u041c\u043e\u0449\u043d\u043e\u0441\u0442\u044c: 6 \u0412\u0442<\/li>\n<\/ul>","protected":false},"excerpt":{"rendered":"<p>L\u00f5\u00f5gastuge oma terrassil v\u00f5i aias, kuulates aiapurskkaevu rahustavat veevulinat. Aiapurskkaev lisab teie \u00f5uealale maal\u00e4hedast sarmi. See on varustatud pumbaga, mille kaudu vesi&hellip;<\/p>","protected":false},"featured_media":336704,"comment_status":"open","ping_status":"closed","template":"","meta":{"wprm-recipe-roundup-name":"","wprm-recipe-roundup-description":""},"product_brand":[],"product_cat":[3672],"product_tag":[536,554,540,4305,4304,1071],"class_list":{"0":"post-336711","1":"product","2":"type-product","3":"status-publish","4":"has-post-thumbnail","6":"product_cat-purskkaevud-ja-tiigi-tarvikud","7":"product_tag-kodu-ja-aed","8":"product_tag-ouemoobli-komplektid","9":"product_tag-parcel","10":"product_tag-purskkaevud-ja-kosed","11":"product_tag-purskkaevud-ja-tiigid","12":"product_tag-sisekujundus","13":"pa_brand-vidaxl","15":"first","16":"instock","17":"taxable","18":"shipping-taxable","19":"purchasable","20":"product-type-simple"},"supplier_id":null,"supplier_sku":"","barcode":null,"atum_controlled":false,"out_stock_date":null,"out_stock_threshold":null,"inheritable":false,"inbound_stock":null,"stock_on_hold":null,"sold_today":null,"sales_last_days":null,"reserved_stock":null,"customer_returns":null,"warehouse_damage":null,"lost_in_post":null,"other_logs":null,"out_stock_days":null,"lost_sales":null,"has_location":null,"update_date":"2026-05-09T00:28:20","atum_locations":[],"atum_stock_status":"instock","restock_status":false,"low_stock_amount":"","sales_update_date":null,"calc_backorders":null,"aioseo_notices":[],"_links":{"self":[{"href":"https:\/\/ecoshop.ee\/ru\/wp-json\/wp\/v2\/product\/336711","targetHints":{"allow":["GET"]}}],"collection":[{"href":"https:\/\/ecoshop.ee\/ru\/wp-json\/wp\/v2\/product"}],"about":[{"href":"https:\/\/ecoshop.ee\/ru\/wp-json\/wp\/v2\/types\/product"}],"replies":[{"embeddable":true,"href":"https:\/\/ecoshop.ee\/ru\/wp-json\/wp\/v2\/comments?post=336711"}],"version-history":[{"count":0,"href":"https:\/\/ecoshop.ee\/ru\/wp-json\/wp\/v2\/product\/336711\/revisions"}],"wp:featuredmedia":[{"embeddable":true,"href":"https:\/\/ecoshop.ee\/ru\/wp-json\/wp\/v2\/media\/336704"}],"wp:attachment":[{"href":"https:\/\/ecoshop.ee\/ru\/wp-json\/wp\/v2\/media?parent=336711"}],"wp:term":[{"taxonomy":"product_brand","embeddable":true,"href":"https:\/\/ecoshop.ee\/ru\/wp-json\/wp\/v2\/product_brand?post=336711"},{"taxonomy":"product_cat","embeddable":true,"href":"https:\/\/ecoshop.ee\/ru\/wp-json\/wp\/v2\/product_cat?post=336711"},{"taxonomy":"product_tag","embeddable":true,"href":"https:\/\/ecoshop.ee\/ru\/wp-json\/wp\/v2\/product_tag?post=336711"}],"curies":[{"name":"wp","href":"https:\/\/api.w.org\/{rel}","templated":true}]}}