{"id":338923,"date":"2026-02-27T20:54:13","date_gmt":"2026-02-27T17:54:13","guid":{"rendered":"https:\/\/ecoshop.ee\/maaratlemata\/koogikaru-akaatsiapuidust-92-x-435-x-1415-cm\/"},"modified":"2026-05-15T09:25:31","modified_gmt":"2026-05-15T06:25:31","slug":"%d0%bf%d0%b8%d1%80%d0%be%d0%b6%d0%bd%d0%be%d0%b5-%d0%b2-%d0%b2%d0%b8%d0%b4%d0%b5-%d0%bc%d0%b5%d0%b4%d0%b2%d0%b5%d0%b4%d1%8f-%d0%b8%d0%b7%d0%b3%d0%be%d1%82%d0%be%d0%b2%d0%bb%d0%b5%d0%bd%d0%bd%d0%be","status":"publish","type":"product","link":"https:\/\/ecoshop.ee\/ru\/karud-ja-liigutatavad-lauad\/koogikaru-akaatsiapuidust-92-x-435-x-1415-cm\/","title":{"rendered":"\u041a\u0443\u0445\u043e\u043d\u043d\u0430\u044f \u0442\u0435\u043b\u0435\u0436\u043a\u0430 \u0438\u0437 \u0430\u043a\u0430\u0446\u0438\u0438, 92 x 43,5 x 141,5 \u0441\u043c."},"content":{"rendered":"<p>\u041d\u0430\u0448\u0430 \u0434\u0435\u0440\u0435\u0432\u044f\u043d\u043d\u0430\u044f \u043a\u0443\u0445\u043e\u043d\u043d\u0430\u044f \u0442\u0435\u043b\u0435\u0436\u043a\u0430 \u043c\u043e\u0436\u0435\u0442 \u0438\u0441\u043f\u043e\u043b\u044c\u0437\u043e\u0432\u0430\u0442\u044c\u0441\u044f \u0434\u043b\u044f \u043f\u0440\u0438\u0433\u043e\u0442\u043e\u0432\u043b\u0435\u043d\u0438\u044f \u0438 \u043f\u043e\u0434\u0430\u0447\u0438 \u043f\u0438\u0449\u0438, \u0430 \u0442\u0430\u043a\u0436\u0435 \u0434\u043b\u044f \u0445\u0440\u0430\u043d\u0435\u043d\u0438\u044f \u0440\u0430\u0437\u043b\u0438\u0447\u043d\u044b\u0445 \u043f\u0440\u0435\u0434\u043c\u0435\u0442\u043e\u0432 \u0432 \u044f\u0449\u0438\u043a\u0435, \u043d\u0430 \u043f\u043e\u043b\u043a\u0435 \u0438 \u043d\u0430 9 \u043a\u0440\u044e\u0447\u043a\u0430\u0445. <\/p>\n<\/p>\n<p>\u041a\u0443\u0445\u043e\u043d\u043d\u0430\u044f \u0442\u0435\u043b\u0435\u0436\u043a\u0430 \u0438\u0437\u0433\u043e\u0442\u043e\u0432\u043b\u0435\u043d\u0430 \u0438\u0437 \u0430\u043a\u0430\u0446\u0438\u0438, \u0442\u0440\u043e\u043f\u0438\u0447\u0435\u0441\u043a\u043e\u0439 \u0434\u0440\u0435\u0432\u0435\u0441\u0438\u043d\u044b, \u0443\u0441\u0442\u043e\u0439\u0447\u0438\u0432\u043e\u0439 \u043a \u043f\u043e\u0433\u043e\u0434\u043d\u044b\u043c \u0443\u0441\u043b\u043e\u0432\u0438\u044f\u043c \u0438 \u043e\u0447\u0435\u043d\u044c \u043f\u0440\u043e\u0447\u043d\u043e\u0439. \u0414\u0435\u0440\u0435\u0432\u044f\u043d\u043d\u0430\u044f \u043a\u0443\u0445\u043e\u043d\u043d\u0430\u044f \u0442\u0435\u043b\u0435\u0436\u043a\u0430 \u0434\u043e\u0431\u0430\u0432\u0438\u0442 \u0434\u0435\u0440\u0435\u0432\u0435\u043d\u0441\u043a\u043e\u0433\u043e \u0448\u0430\u0440\u043c\u0430 \u0432\u0430\u0448\u0435\u043c\u0443 \u0434\u043e\u043c\u0443 \u0438\u043b\u0438 \u0441\u0430\u0434\u0443.<\/p>\n<\/p>\n<p>\u041a\u0443\u0445\u043e\u043d\u043d\u0430\u044f \u0442\u0435\u043b\u0435\u0436\u043a\u0430 \u043e\u0441\u043d\u0430\u0449\u0435\u043d\u0430 \u043f\u0440\u043e\u0447\u043d\u044b\u043c \u0441\u0435\u0440\u0432\u0438\u0440\u043e\u0432\u043e\u0447\u043d\u044b\u043c \u0441\u0442\u043e\u043b\u043e\u043c \u0438 \u0446\u0438\u043d\u043a\u043e\u0432\u044b\u043c \u043f\u043e\u0434\u043d\u043e\u0441\u043e\u043c \u0434\u043b\u044f \u043f\u0440\u0438\u0433\u043e\u0442\u043e\u0432\u043b\u0435\u043d\u0438\u044f \u043f\u0438\u0449\u0438. \u041d\u0430 \u043f\u043e\u043b\u043a\u0430\u0445 \u0438 \u0432 \u044f\u0449\u0438\u043a\u0430\u0445 \u0434\u043e\u0441\u0442\u0430\u0442\u043e\u0447\u043d\u043e \u043c\u0435\u0441\u0442\u0430 \u0434\u043b\u044f \u0445\u0440\u0430\u043d\u0435\u043d\u0438\u044f \u043c\u0438\u0441\u043e\u043a, \u0442\u0430\u0440\u0435\u043b\u043e\u043a \u0438 \u0437\u0430\u043a\u0443\u0441\u043e\u043a. \u041a\u0440\u043e\u043c\u0435 \u0442\u043e\u0433\u043e, \u0442\u0435\u043b\u0435\u0436\u043a\u0430 \u0438\u043c\u0435\u0435\u0442 \u043a\u0440\u044e\u0447\u043a\u0438 \u0434\u043b\u044f \u0445\u0440\u0430\u043d\u0435\u043d\u0438\u044f \u043a\u0443\u0445\u043e\u043d\u043d\u044b\u0445 \u043f\u0440\u0438\u043d\u0430\u0434\u043b\u0435\u0436\u043d\u043e\u0441\u0442\u0435\u0439. \u0411\u043e\u043b\u044c\u0448\u0438\u0435 \u043a\u043e\u043b\u0435\u0441\u0430 \u043e\u0431\u043b\u0435\u0433\u0447\u0430\u044e\u0442 \u043f\u0435\u0440\u0435\u043c\u0435\u0449\u0435\u043d\u0438\u0435 \u043a\u0443\u0445\u043e\u043d\u043d\u043e\u0439 \u0442\u0435\u043b\u0435\u0436\u043a\u0438.<\/p>\n<\/p>\n<p>\u041a\u0443\u0445\u043e\u043d\u043d\u0443\u044e \u0442\u0435\u043b\u0435\u0436\u043a\u0443 \u043d\u0435\u043e\u0431\u0445\u043e\u0434\u0438\u043c\u043e \u0441\u043e\u0431\u0440\u0430\u0442\u044c.<\/p>\n<ul>\n<li>\u041c\u0430\u0442\u0435\u0440\u0438\u0430\u043b: \u043f\u0440\u043e\u0447\u043d\u0430\u044f \u0434\u0440\u0435\u0432\u0435\u0441\u0438\u043d\u0430 \u0430\u043a\u0430\u0446\u0438\u0438 \u0441 \u043c\u0430\u0441\u043b\u044f\u043d\u043e\u0439 \u043e\u0442\u0434\u0435\u043b\u043a\u043e\u0439. <\/li>\n<li>\u0413\u0430\u0431\u0430\u0440\u0438\u0442\u043d\u044b\u0435 \u0440\u0430\u0437\u043c\u0435\u0440\u044b: 92 x 43,5 x 141,5 \u0441\u043c (\u0428 x \u0413 x \u0412)<\/li>\n<li>\u0420\u0430\u0437\u043c\u0435\u0440\u044b \u043f\u043e\u0434\u043d\u043e\u0441\u0430: 27,3 x 27,3 x 6 \u0441\u043c (\u0428 x \u0413 x \u0412)<\/li>\n<li>\u0420\u0430\u0437\u043c\u0435\u0440\u044b \u044f\u0449\u0438\u043a\u0430: 33 x 30 x 10 \u0441\u043c (\u0428 x \u0413 x \u0412)<\/li>\n<li>\u0412\u044b\u0441\u043e\u0442\u0430 \u0441\u0442\u043e\u043b\u0435\u0448\u043d\u0438\u0446\u044b: 86 \u0441\u043c<\/li>\n<li>\u0414\u0438\u0430\u043c\u0435\u0442\u0440 \u043a\u043e\u043b\u0435\u0441\u0430: 20 \u0441\u043c<\/li>\n<li>\u0421\u044a\u0435\u043c\u043d\u044b\u0439 \u0446\u0438\u043d\u043a\u043e\u0432\u044b\u0439 \u043f\u043e\u0434\u0434\u043e\u043d<\/li>\n<li>\u0421 9 \u043a\u0440\u044e\u0447\u043a\u0430\u043c\u0438<\/li>\n<li>\u041f\u043e\u0434\u0445\u043e\u0434\u0438\u0442 \u043a\u0430\u043a \u0434\u043b\u044f \u0438\u0441\u043f\u043e\u043b\u044c\u0437\u043e\u0432\u0430\u043d\u0438\u044f \u043d\u0430 \u043e\u0442\u043a\u0440\u044b\u0442\u043e\u043c \u0432\u043e\u0437\u0434\u0443\u0445\u0435, \u0442\u0430\u043a \u0438 \u0432 \u043f\u043e\u043c\u0435\u0449\u0435\u043d\u0438\u0438.<\/li>\n<\/ul>","protected":false},"excerpt":{"rendered":"<p>Meie puidust k\u00f6\u00f6gik\u00e4rul saab toitu ette valmistada ja serveerida ning sahtlis, riiulis ja 9 konksu otsas palju erinevaid asju hoiustada. K\u00f6\u00f6gik\u00e4ru on&hellip;<\/p>","protected":false},"featured_media":338912,"comment_status":"open","ping_status":"closed","template":"","meta":{"wprm-recipe-roundup-name":"","wprm-recipe-roundup-description":""},"product_brand":[],"product_cat":[4614],"product_tag":[4690,4691,547,554,540],"class_list":{"0":"post-338923","1":"product","2":"type-product","3":"status-publish","4":"has-post-thumbnail","6":"product_cat-karud-ja-liigutatavad-lauad","7":"product_tag-karud-ja-liigutatavad-lauad","8":"product_tag-koogi-ja-soogitoa-karud","9":"product_tag-moobel","10":"product_tag-ouemoobli-komplektid","11":"product_tag-parcel","12":"pa_brand-vidaxl","14":"first","15":"instock","16":"taxable","17":"shipping-taxable","18":"purchasable","19":"product-type-simple"},"supplier_id":null,"supplier_sku":"","barcode":null,"atum_controlled":false,"out_stock_date":null,"out_stock_threshold":null,"inheritable":false,"inbound_stock":null,"stock_on_hold":null,"sold_today":null,"sales_last_days":null,"reserved_stock":null,"customer_returns":null,"warehouse_damage":null,"lost_in_post":null,"other_logs":null,"out_stock_days":null,"lost_sales":null,"has_location":null,"update_date":"2026-05-15T06:25:32","atum_locations":[],"atum_stock_status":"instock","restock_status":false,"low_stock_amount":"","sales_update_date":null,"calc_backorders":null,"aioseo_notices":[],"_links":{"self":[{"href":"https:\/\/ecoshop.ee\/ru\/wp-json\/wp\/v2\/product\/338923","targetHints":{"allow":["GET"]}}],"collection":[{"href":"https:\/\/ecoshop.ee\/ru\/wp-json\/wp\/v2\/product"}],"about":[{"href":"https:\/\/ecoshop.ee\/ru\/wp-json\/wp\/v2\/types\/product"}],"replies":[{"embeddable":true,"href":"https:\/\/ecoshop.ee\/ru\/wp-json\/wp\/v2\/comments?post=338923"}],"version-history":[{"count":0,"href":"https:\/\/ecoshop.ee\/ru\/wp-json\/wp\/v2\/product\/338923\/revisions"}],"wp:featuredmedia":[{"embeddable":true,"href":"https:\/\/ecoshop.ee\/ru\/wp-json\/wp\/v2\/media\/338912"}],"wp:attachment":[{"href":"https:\/\/ecoshop.ee\/ru\/wp-json\/wp\/v2\/media?parent=338923"}],"wp:term":[{"taxonomy":"product_brand","embeddable":true,"href":"https:\/\/ecoshop.ee\/ru\/wp-json\/wp\/v2\/product_brand?post=338923"},{"taxonomy":"product_cat","embeddable":true,"href":"https:\/\/ecoshop.ee\/ru\/wp-json\/wp\/v2\/product_cat?post=338923"},{"taxonomy":"product_tag","embeddable":true,"href":"https:\/\/ecoshop.ee\/ru\/wp-json\/wp\/v2\/product_tag?post=338923"}],"curies":[{"name":"wp","href":"https:\/\/api.w.org\/{rel}","templated":true}]}}