{"id":338951,"date":"2026-02-27T20:54:42","date_gmt":"2026-02-27T17:54:42","guid":{"rendered":"https:\/\/ecoshop.ee\/maaratlemata\/koogikaru-16-kandikule-38x55x163-cm-roostevaba-teras\/"},"modified":"2026-05-12T22:44:48","modified_gmt":"2026-05-12T19:44:48","slug":"%d0%bf%d0%be%d0%b4%d1%81%d1%82%d0%b0%d0%b2%d0%ba%d0%b0-%d0%b4%d0%bb%d1%8f-%d1%82%d0%be%d1%80%d1%82%d0%b0-%d0%bd%d0%b0-16-%d0%bf%d0%be%d0%b4%d0%bd%d0%be%d1%81%d0%be%d0%b2-38x55x163-%d1%81%d0%bc","status":"publish","type":"product","link":"https:\/\/ecoshop.ee\/ru\/karud-ja-liigutatavad-lauad\/koogikaru-16-kandikule-38x55x163-cm-roostevaba-teras\/","title":{"rendered":"\u041a\u0443\u0445\u043e\u043d\u043d\u0430\u044f \u0442\u0435\u043b\u0435\u0436\u043a\u0430 \u043d\u0430 16 \u043f\u043e\u0434\u043d\u043e\u0441\u043e\u0432, 38 x 55 x 163 \u0441\u043c, \u043d\u0435\u0440\u0436\u0430\u0432\u0435\u044e\u0449\u0430\u044f \u0441\u0442\u0430\u043b\u044c."},"content":{"rendered":"<p>\u041a\u0443\u0445\u043e\u043d\u043d\u0430\u044f \u0442\u0435\u043b\u0435\u0436\u043a\u0430 \u043f\u0440\u0435\u0434\u043d\u0430\u0437\u043d\u0430\u0447\u0435\u043d\u0430 \u0434\u043b\u044f \u043f\u0440\u043e\u0444\u0435\u0441\u0441\u0438\u043e\u043d\u0430\u043b\u044c\u043d\u043e\u0433\u043e \u0438\u0441\u043f\u043e\u043b\u044c\u0437\u043e\u0432\u0430\u043d\u0438\u044f \u0432 \u0441\u0444\u0435\u0440\u0435 \u043e\u0431\u0449\u0435\u0441\u0442\u0432\u0435\u043d\u043d\u043e\u0433\u043e \u043f\u0438\u0442\u0430\u043d\u0438\u044f \u0438 \u043c\u043e\u0436\u0435\u0442 \u043f\u0440\u0438\u043c\u0435\u043d\u044f\u0442\u044c\u0441\u044f \u0434\u043b\u044f \u0441\u0430\u043c\u044b\u0445 \u0440\u0430\u0437\u043d\u044b\u0445 \u0446\u0435\u043b\u0435\u0439.<\/p>\n<\/p>\n<p>\u0422\u0435\u043b\u0435\u0436\u043a\u0430 \u0432\u043c\u0435\u0449\u0430\u0435\u0442 16 \u043f\u043e\u0434\u043d\u043e\u0441\u043e\u0432, \u0447\u0442\u043e \u043e\u0431\u0435\u0441\u043f\u0435\u0447\u0438\u0432\u0430\u0435\u0442 \u0434\u043e\u0441\u0442\u0430\u0442\u043e\u0447\u043d\u043e \u043c\u0435\u0441\u0442\u0430 \u0434\u043b\u044f \u0445\u0440\u0430\u043d\u0435\u043d\u0438\u044f \u043d\u0430 \u043d\u0435\u0431\u043e\u043b\u044c\u0448\u043e\u0439 \u043f\u043b\u043e\u0449\u0430\u0434\u0438. \u0420\u0430\u043c\u0430 \u0438\u0437 \u043d\u0435\u0440\u0436\u0430\u0432\u0435\u044e\u0449\u0435\u0439 \u0441\u0442\u0430\u043b\u0438 \u043e\u0431\u0435\u0441\u043f\u0435\u0447\u0438\u0432\u0430\u0435\u0442 \u0443\u0441\u0442\u043e\u0439\u0447\u0438\u0432\u043e\u0441\u0442\u044c \u0438 \u043f\u0440\u043e\u0447\u043d\u043e\u0441\u0442\u044c \u0442\u0435\u043b\u0435\u0436\u043a\u0438 \u0434\u0430\u0436\u0435 \u043f\u0440\u0438 \u043f\u043e\u043b\u043d\u043e\u0439 \u0437\u0430\u0433\u0440\u0443\u0437\u043a\u0435. \u0411\u043b\u0430\u0433\u043e\u0434\u0430\u0440\u044f \u043f\u043b\u0430\u0432\u043d\u043e \u0432\u0440\u0430\u0449\u0430\u044e\u0449\u0438\u043c\u0441\u044f \u043a\u043e\u043b\u0435\u0441\u0438\u043a\u0430\u043c \u0442\u0435\u043b\u0435\u0436\u043a\u0443 \u043c\u043e\u0436\u043d\u043e \u043b\u0435\u0433\u043a\u043e \u0438 \u0431\u0435\u0441\u0448\u0443\u043c\u043d\u043e \u043f\u0435\u0440\u0435\u043c\u0435\u0449\u0430\u0442\u044c. \u041a\u0440\u043e\u043c\u0435 \u0442\u043e\u0433\u043e, \u0434\u0432\u0430 \u043a\u043e\u043b\u0435\u0441\u0430 \u043e\u0441\u043d\u0430\u0449\u0435\u043d\u044b \u0442\u043e\u0440\u043c\u043e\u0437\u0430\u043c\u0438, \u043f\u0440\u0435\u0434\u043e\u0442\u0432\u0440\u0430\u0449\u0430\u044e\u0449\u0438\u043c\u0438 \u0441\u0430\u043c\u043e\u043f\u0440\u043e\u0438\u0437\u0432\u043e\u043b\u044c\u043d\u043e\u0435 \u0434\u0432\u0438\u0436\u0435\u043d\u0438\u0435 \u0442\u0435\u043b\u0435\u0436\u043a\u0438.<\/p>\n<\/p>\n<p>\u0422\u0435\u043b\u0435\u0436\u043a\u0430 \u0434\u043b\u044f \u043f\u043e\u0434\u043d\u043e\u0441\u043e\u0432 \u043b\u0435\u0433\u043a\u043e \u0441\u043e\u0431\u0438\u0440\u0430\u0435\u0442\u0441\u044f.<\/p>\n<ul>\n<li>\u0426\u0432\u0435\u0442: \u0441\u0435\u0440\u0435\u0431\u0440\u0438\u0441\u0442\u044b\u0439<\/li>\n<li>\u041c\u0430\u0442\u0435\u0440\u0438\u0430\u043b: \u043d\u0435\u0440\u0436\u0430\u0432\u0435\u044e\u0449\u0430\u044f \u0441\u0442\u0430\u043b\u044c<\/li>\n<li>\u041c\u0430\u0442\u0435\u0440\u0438\u0430\u043b \u043a\u043e\u043b\u0435\u0441\u0430: \u0442\u0435\u0440\u043c\u043e\u043f\u043b\u0430\u0441\u0442\u0438\u0447\u043d\u0430\u044f \u0440\u0435\u0437\u0438\u043d\u0430 (TPR)<\/li>\n<li>\u0413\u0430\u0431\u0430\u0440\u0438\u0442\u043d\u044b\u0435 \u0440\u0430\u0437\u043c\u0435\u0440\u044b: 38 x 55 x 163 \u0441\u043c (\u0414 x \u0428 x \u0412)<\/li>\n<li>\u041f\u043e\u0434\u0445\u043e\u0434\u044f\u0449\u0438\u0439 \u0440\u0430\u0437\u043c\u0435\u0440 \u043a\u043e\u0440\u043e\u0431\u043a\u0438: 53 x 32,5 \u0441\u043c (\u0428 x \u0414)<\/li>\n<li>\u0414\u0438\u0430\u043c\u0435\u0442\u0440 \u043a\u043e\u043b\u0435\u0441\u0430: 100 \u043c\u043c<\/li>\n<li>\u0420\u0430\u0441\u0441\u0442\u043e\u044f\u043d\u0438\u0435 \u043c\u0435\u0436\u0434\u0443 \u043e\u0442\u0432\u0435\u0440\u0441\u0442\u0438\u044f\u043c\u0438 \u043b\u043e\u0442\u043a\u0430: 75 \u043c\u043c<\/li>\n<li>\u041c\u0430\u043a\u0441\u0438\u043c\u0430\u043b\u044c\u043d\u0430\u044f \u043d\u0430\u0433\u0440\u0443\u0437\u043a\u0430 \u043d\u0430 \u043a\u0430\u0436\u0434\u0443\u044e \u043f\u043e\u043b\u043a\u0443: 10 \u043a\u0433.<\/li>\n<li>\u0421 16 \u043e\u0442\u0432\u0435\u0440\u0441\u0442\u0438\u044f\u043c\u0438 \u0432 \u043b\u043e\u0442\u043a\u0435<\/li>\n<li>\u0421 \u0447\u0435\u0442\u044b\u0440\u044c\u043c\u044f \u043f\u043e\u0432\u043e\u0440\u043e\u0442\u043d\u044b\u043c\u0438 \u043a\u043e\u043b\u0435\u0441\u0430\u043c\u0438 (\u0434\u0432\u0430 \u0438\u0437 \u043a\u043e\u0442\u043e\u0440\u044b\u0445 \u043e\u0441\u043d\u0430\u0449\u0435\u043d\u044b \u0442\u043e\u0440\u043c\u043e\u0437\u0430\u043c\u0438)<\/li>\n<\/ul>","protected":false},"excerpt":{"rendered":"<p>K\u00f6\u00f6gik\u00e4ru on m\u00f5eldud professionaalseks kasutamiseks toitlustusvaldkonnas ja seda saab kasutada mitmetel eesm\u00e4rkidel. K\u00e4rus on ruumi 16 kandikule, mis v\u00f5imaldab v\u00e4ikses ruumis piisavalt&hellip;<\/p>","protected":false},"featured_media":338945,"comment_status":"open","ping_status":"closed","template":"","meta":{"wprm-recipe-roundup-name":"","wprm-recipe-roundup-description":""},"product_brand":[],"product_cat":[4614],"product_tag":[1885,4690,4691,547,540],"class_list":{"0":"post-338951","1":"product","2":"type-product","3":"status-publish","4":"has-post-thumbnail","6":"product_cat-karud-ja-liigutatavad-lauad","7":"product_tag-hobedane","8":"product_tag-karud-ja-liigutatavad-lauad","9":"product_tag-koogi-ja-soogitoa-karud","10":"product_tag-moobel","11":"product_tag-parcel","12":"pa_brand-vidaxl","14":"first","15":"instock","16":"taxable","17":"shipping-taxable","18":"purchasable","19":"product-type-simple"},"supplier_id":null,"supplier_sku":"","barcode":null,"atum_controlled":false,"out_stock_date":null,"out_stock_threshold":null,"inheritable":false,"inbound_stock":null,"stock_on_hold":null,"sold_today":null,"sales_last_days":null,"reserved_stock":null,"customer_returns":null,"warehouse_damage":null,"lost_in_post":null,"other_logs":null,"out_stock_days":null,"lost_sales":null,"has_location":null,"update_date":"2026-05-12T19:44:49","atum_locations":[],"atum_stock_status":"instock","restock_status":false,"low_stock_amount":"","sales_update_date":null,"calc_backorders":null,"aioseo_notices":[],"_links":{"self":[{"href":"https:\/\/ecoshop.ee\/ru\/wp-json\/wp\/v2\/product\/338951","targetHints":{"allow":["GET"]}}],"collection":[{"href":"https:\/\/ecoshop.ee\/ru\/wp-json\/wp\/v2\/product"}],"about":[{"href":"https:\/\/ecoshop.ee\/ru\/wp-json\/wp\/v2\/types\/product"}],"replies":[{"embeddable":true,"href":"https:\/\/ecoshop.ee\/ru\/wp-json\/wp\/v2\/comments?post=338951"}],"version-history":[{"count":0,"href":"https:\/\/ecoshop.ee\/ru\/wp-json\/wp\/v2\/product\/338951\/revisions"}],"wp:featuredmedia":[{"embeddable":true,"href":"https:\/\/ecoshop.ee\/ru\/wp-json\/wp\/v2\/media\/338945"}],"wp:attachment":[{"href":"https:\/\/ecoshop.ee\/ru\/wp-json\/wp\/v2\/media?parent=338951"}],"wp:term":[{"taxonomy":"product_brand","embeddable":true,"href":"https:\/\/ecoshop.ee\/ru\/wp-json\/wp\/v2\/product_brand?post=338951"},{"taxonomy":"product_cat","embeddable":true,"href":"https:\/\/ecoshop.ee\/ru\/wp-json\/wp\/v2\/product_cat?post=338951"},{"taxonomy":"product_tag","embeddable":true,"href":"https:\/\/ecoshop.ee\/ru\/wp-json\/wp\/v2\/product_tag?post=338951"}],"curies":[{"name":"wp","href":"https:\/\/api.w.org\/{rel}","templated":true}]}}