{"id":339230,"date":"2026-02-27T21:01:06","date_gmt":"2026-02-27T18:01:06","guid":{"rendered":"https:\/\/ecoshop.ee\/maaratlemata\/seinakapp-valge-49x22x59-cm-tehispuit\/"},"modified":"2026-05-15T21:31:35","modified_gmt":"2026-05-15T18:31:35","slug":"%d0%bd%d0%b0%d1%81%d1%82%d0%b5%d0%bd%d0%bd%d1%8b%d0%b9-%d1%88%d0%ba%d0%b0%d1%84-%d0%b1%d0%b5%d0%bb%d1%8b%d0%b9-49x22x59-%d1%81%d0%bc-%d0%b8%d0%b7-%d0%b8%d1%81%d0%ba%d1%83%d1%81%d1%81%d1%82%d0%b2%d0%b5","status":"publish","type":"product","link":"https:\/\/ecoshop.ee\/ru\/koogikapid\/seinakapp-valge-49x22x59-cm-tehispuit\/","title":{"rendered":"\u041d\u0430\u0441\u0442\u0435\u043d\u043d\u044b\u0439 \u0448\u043a\u0430\u0444, \u0431\u0435\u043b\u044b\u0439, 49 x 22 x 59 \u0441\u043c, \u0438\u0441\u043a\u0443\u0441\u0441\u0442\u0432\u0435\u043d\u043d\u0430\u044f \u0434\u0440\u0435\u0432\u0435\u0441\u0438\u043d\u0430."},"content":{"rendered":"<p>\u041c\u043d\u043e\u0433\u043e\u0444\u0443\u043d\u043a\u0446\u0438\u043e\u043d\u0430\u043b\u044c\u043d\u044b\u0439 \u043d\u0430\u0441\u0442\u0435\u043d\u043d\u044b\u0439 \u0448\u043a\u0430\u0444 \u0432\u043e \u0444\u0440\u0430\u043d\u0446\u0443\u0437\u0441\u043a\u043e\u043c \u0441\u0442\u0438\u043b\u0435 \u043c\u043e\u0436\u043d\u043e \u0438\u0441\u043f\u043e\u043b\u044c\u0437\u043e\u0432\u0430\u0442\u044c \u043d\u0430 \u043a\u0443\u0445\u043d\u0435 \u0434\u043b\u044f \u0445\u0440\u0430\u043d\u0435\u043d\u0438\u044f \u0441\u043f\u0435\u0446\u0438\u0439, \u043a\u043e\u043d\u0441\u0435\u0440\u0432\u043e\u0432 \u0438 \u043c\u043d\u043e\u0433\u043e\u0433\u043e \u0434\u0440\u0443\u0433\u043e\u0433\u043e, \u0432 \u0432\u0430\u043d\u043d\u043e\u0439 \u043a\u043e\u043c\u043d\u0430\u0442\u0435 \u0434\u043b\u044f \u043e\u0440\u0433\u0430\u043d\u0438\u0437\u0430\u0446\u0438\u0438 \u0445\u0440\u0430\u043d\u0435\u043d\u0438\u044f \u0431\u0430\u043d\u043d\u044b\u0445 \u043f\u043e\u043b\u043e\u0442\u0435\u043d\u0435\u0446 \u0438\u043b\u0438 \u0432 \u0433\u043e\u0441\u0442\u0438\u043d\u043e\u0439 \u0434\u043b\u044f \u0434\u0435\u043c\u043e\u043d\u0441\u0442\u0440\u0430\u0446\u0438\u0438 \u043a\u043d\u0438\u0433, \u043a\u043e\u043b\u043b\u0435\u043a\u0446\u0438\u0439, \u043f\u0440\u0435\u0434\u043c\u0435\u0442\u043e\u0432 \u0434\u0435\u043a\u043e\u0440\u0430 \u0438 \u0442. \u0434.<\/p>\n<\/p>\n<p>\u041a\u043e\u043c\u043e\u0434 \u0432 \u0434\u0435\u0440\u0435\u0432\u0435\u043d\u0441\u043a\u043e\u043c \u0441\u0442\u0438\u043b\u0435 \u0438\u0437\u0433\u043e\u0442\u043e\u0432\u043b\u0435\u043d \u0438\u0437 \u0438\u0441\u043a\u0443\u0441\u0441\u0442\u0432\u0435\u043d\u043d\u043e\u0433\u043e \u0434\u0435\u0440\u0435\u0432\u0430 \u0441 \u043e\u043a\u0440\u0430\u0448\u0435\u043d\u043d\u043e\u0439 \u043f\u043e\u0432\u0435\u0440\u0445\u043d\u043e\u0441\u0442\u044c\u044e, \u0447\u0442\u043e \u043f\u0440\u0438\u0434\u0430\u0435\u0442 \u0435\u043c\u0443 \u044d\u043b\u0435\u0433\u0430\u043d\u0442\u043d\u044b\u0439 \u0432\u0438\u0434 \u0438 \u043e\u0431\u043b\u0435\u0433\u0447\u0430\u0435\u0442 \u0447\u0438\u0441\u0442\u043a\u0443 \u0432\u043b\u0430\u0436\u043d\u043e\u0439 \u0442\u043a\u0430\u043d\u044c\u044e. \u041d\u0430\u0441\u0442\u0435\u043d\u043d\u044b\u0439 \u0448\u043a\u0430\u0444 \u0438\u043c\u0435\u0435\u0442 \u0434\u0432\u0430 \u0432\u044b\u0434\u0432\u0438\u0436\u043d\u044b\u0445 \u044f\u0449\u0438\u043a\u0430 \u0434\u043b\u044f \u0434\u043e\u043f\u043e\u043b\u043d\u0438\u0442\u0435\u043b\u044c\u043d\u043e\u0433\u043e \u043c\u0435\u0441\u0442\u0430 \u0445\u0440\u0430\u043d\u0435\u043d\u0438\u044f \u0438 \u0434\u0432\u0435 \u043b\u0435\u0433\u043a\u043e \u043e\u0442\u043a\u0440\u044b\u0432\u0430\u044e\u0449\u0438\u0435\u0441\u044f \u0430\u043a\u0440\u0438\u043b\u043e\u0432\u044b\u0435 \u0434\u0432\u0435\u0440\u0446\u044b. \u041a\u043b\u0430\u0441\u0441\u0438\u0447\u0435\u0441\u043a\u0438\u0435 \u0440\u0443\u0447\u043a\u0438 \u0434\u043e\u043f\u043e\u043b\u043d\u044f\u044e\u0442 \u0432\u0438\u043d\u0442\u0430\u0436\u043d\u044b\u0439 \u0441\u0442\u0438\u043b\u044c \u0448\u043a\u0430\u0444\u0430. \u0411\u043b\u0430\u0433\u043e\u0434\u0430\u0440\u044f \u0441\u0438\u0441\u0442\u0435\u043c\u0435 \u043a\u0440\u0435\u043f\u043b\u0435\u043d\u0438\u044f, \u0448\u043a\u0430\u0444 \u043b\u0435\u0433\u043a\u043e \u043a\u0440\u0435\u043f\u0438\u0442\u0441\u044f \u043a \u0441\u0442\u0435\u043d\u0435. \u0418\u0437\u0434\u0435\u043b\u0438\u0435 \u043b\u0435\u0433\u043a\u043e \u0441\u043e\u0431\u0438\u0440\u0430\u0435\u0442\u0441\u044f.<\/p>\n<ul>\n<li>\u0426\u0432\u0435\u0442: \u043a\u043e\u0440\u0438\u0447\u043d\u0435\u0432\u044b\u0439 \u0438 \u0431\u0435\u043b\u044b\u0439<\/li>\n<li>\u041c\u0430\u0442\u0435\u0440\u0438\u0430\u043b: \u0438\u0441\u043a\u0443\u0441\u0441\u0442\u0432\u0435\u043d\u043d\u043e\u0435 \u0434\u0435\u0440\u0435\u0432\u043e, \u0430\u043a\u0440\u0438\u043b<\/li>\n<li>\u0420\u0430\u0437\u043c\u0435\u0440\u044b: 49 x 22 x 59 \u0441\u043c (\u0428 x \u0413 x \u0412)<\/li>\n<li>2 \u0434\u0432\u0435\u0440\u0446\u044b \u0438 2 \u044f\u0449\u0438\u043a\u0430<\/li>\n<li>\u0444\u0440\u0430\u043d\u0446\u0443\u0437\u0441\u043a\u0438\u0439 \u0441\u0442\u0438\u043b\u044c<\/li>\n<li>\u041c\u0430\u043a\u0441\u0438\u043c\u0430\u043b\u044c\u043d\u0430\u044f \u0433\u0440\u0443\u0437\u043e\u043f\u043e\u0434\u044a\u0435\u043c\u043d\u043e\u0441\u0442\u044c (\u043e\u0431\u0449\u0430\u044f): 10 \u043a\u0433<\/li>\n<li>\u041c\u0430\u043a\u0441\u0438\u043c\u0430\u043b\u044c\u043d\u0430\u044f \u0433\u0440\u0443\u0437\u043e\u043f\u043e\u0434\u044a\u0435\u043c\u043d\u043e\u0441\u0442\u044c \u043e\u0434\u043d\u043e\u0439 \u043f\u043e\u043b\u043a\u0438: 3 \u043a\u0433<\/li>\n<li>\u041c\u0430\u043a\u0441\u0438\u043c\u0430\u043b\u044c\u043d\u0430\u044f \u0433\u0440\u0443\u0437\u043e\u043f\u043e\u0434\u044a\u0435\u043c\u043d\u043e\u0441\u0442\u044c \u043a\u0430\u0436\u0434\u043e\u0433\u043e \u044f\u0449\u0438\u043a\u0430: 2 \u043a\u0433<\/li>\n<li>\u042e\u0440\u0438\u0434\u0438\u0447\u0435\u0441\u043a\u0438\u0435 \u0434\u043e\u043a\u0443\u043c\u0435\u043d\u0442\u044b:\n<p><span>\u0414\u043b\u044f \u043f\u043e\u043b\u0443\u0447\u0435\u043d\u0438\u044f \u0434\u043e\u043f\u043e\u043b\u043d\u0438\u0442\u0435\u043b\u044c\u043d\u043e\u0439 \u0438\u043d\u0444\u043e\u0440\u043c\u0430\u0446\u0438\u0438 \u043e \u0442\u043e\u043c, \u043a\u0430\u043a \u043f\u0440\u0435\u0434\u043e\u0442\u0432\u0440\u0430\u0442\u0438\u0442\u044c \u043e\u043f\u0440\u043e\u043a\u0438\u0434\u044b\u0432\u0430\u043d\u0438\u0435 \u043c\u0435\u0431\u0435\u043b\u0438, \u0441\u043c. <span style=\"text-decoration: underline\"><strong><a title=\"https:\/\/bit.ly\/3hTNl1i\" href=\"https:\/\/bit.ly\/3hTNl1i\" target=\"_blank\">\u043e\u0442\u0441\u044e\u0434\u0430<\/a><\/strong><\/span><\/span><\/p>\n<\/li>\n<\/ul>","protected":false},"excerpt":{"rendered":"<p>Mitmeotstarbelist Prantsuse stiilis seinakappi saab kasutada k\u00f6\u00f6gis v\u00fcrtside, konservide ja palju muu hoidmiseks, vannitoas vannir\u00e4tikute korrektseks hoidmiseks v\u00f5i elutoas raamatute, kollektsioonide, kaunistuste&hellip;<\/p>","protected":false},"featured_media":339222,"comment_status":"open","ping_status":"closed","template":"","meta":{"wprm-recipe-roundup-name":"","wprm-recipe-roundup-description":""},"product_brand":[],"product_cat":[1321],"product_tag":[567,1322,547,540,539],"class_list":{"0":"post-339230","1":"product","2":"type-product","3":"status-publish","4":"has-post-thumbnail","6":"product_cat-koogikapid","7":"product_tag-kapid-ja-hoiustamine","8":"product_tag-koogikapid","9":"product_tag-moobel","10":"product_tag-parcel","11":"product_tag-voodilinad","12":"pa_brand-vidaxl","14":"first","15":"instock","16":"taxable","17":"shipping-taxable","18":"purchasable","19":"product-type-simple"},"supplier_id":null,"supplier_sku":"","barcode":null,"atum_controlled":false,"out_stock_date":null,"out_stock_threshold":null,"inheritable":false,"inbound_stock":null,"stock_on_hold":null,"sold_today":null,"sales_last_days":null,"reserved_stock":null,"customer_returns":null,"warehouse_damage":null,"lost_in_post":null,"other_logs":null,"out_stock_days":null,"lost_sales":null,"has_location":null,"update_date":"2026-05-15T18:31:36","atum_locations":[],"atum_stock_status":"instock","restock_status":false,"low_stock_amount":"","sales_update_date":null,"calc_backorders":null,"aioseo_notices":[],"_links":{"self":[{"href":"https:\/\/ecoshop.ee\/ru\/wp-json\/wp\/v2\/product\/339230","targetHints":{"allow":["GET"]}}],"collection":[{"href":"https:\/\/ecoshop.ee\/ru\/wp-json\/wp\/v2\/product"}],"about":[{"href":"https:\/\/ecoshop.ee\/ru\/wp-json\/wp\/v2\/types\/product"}],"replies":[{"embeddable":true,"href":"https:\/\/ecoshop.ee\/ru\/wp-json\/wp\/v2\/comments?post=339230"}],"version-history":[{"count":0,"href":"https:\/\/ecoshop.ee\/ru\/wp-json\/wp\/v2\/product\/339230\/revisions"}],"wp:featuredmedia":[{"embeddable":true,"href":"https:\/\/ecoshop.ee\/ru\/wp-json\/wp\/v2\/media\/339222"}],"wp:attachment":[{"href":"https:\/\/ecoshop.ee\/ru\/wp-json\/wp\/v2\/media?parent=339230"}],"wp:term":[{"taxonomy":"product_brand","embeddable":true,"href":"https:\/\/ecoshop.ee\/ru\/wp-json\/wp\/v2\/product_brand?post=339230"},{"taxonomy":"product_cat","embeddable":true,"href":"https:\/\/ecoshop.ee\/ru\/wp-json\/wp\/v2\/product_cat?post=339230"},{"taxonomy":"product_tag","embeddable":true,"href":"https:\/\/ecoshop.ee\/ru\/wp-json\/wp\/v2\/product_tag?post=339230"}],"curies":[{"name":"wp","href":"https:\/\/api.w.org\/{rel}","templated":true}]}}