{"id":339249,"date":"2026-02-27T21:01:27","date_gmt":"2026-02-27T18:01:27","guid":{"rendered":"https:\/\/ecoshop.ee\/maaratlemata\/puidust-koogi-seinakapp-valge\/"},"modified":"2026-05-14T03:27:44","modified_gmt":"2026-05-14T00:27:44","slug":"%d0%b4%d0%b5%d1%80%d0%b5%d0%b2%d1%8f%d0%bd%d0%bd%d1%8b%d0%b9-%d0%bd%d0%b0%d1%81%d1%82%d0%b5%d0%bd%d0%bd%d1%8b%d0%b9-%d1%88%d0%ba%d0%b0%d1%84-%d0%b4%d0%bb%d1%8f-%d1%82%d0%be%d1%80%d1%82%d0%b0-%d0%b1","status":"publish","type":"product","link":"https:\/\/ecoshop.ee\/ru\/koogikapid\/puidust-koogi-seinakapp-valge\/","title":{"rendered":"\u0411\u0435\u043b\u044b\u0439 \u0434\u0435\u0440\u0435\u0432\u044f\u043d\u043d\u044b\u0439 \u043a\u0443\u0445\u043e\u043d\u043d\u044b\u0439 \u043d\u0430\u0441\u0442\u0435\u043d\u043d\u044b\u0439 \u0448\u043a\u0430\u0444"},"content":{"rendered":"<p>\u042d\u0442\u043e\u0442 \u044d\u043b\u0435\u0433\u0430\u043d\u0442\u043d\u044b\u0439 \u043a\u0443\u0445\u043e\u043d\u043d\u044b\u0439 \u0448\u043a\u0430\u0444 \u0438\u0437 \u0434\u0435\u0440\u0435\u0432\u0430 \u0432 \u0430\u043d\u0442\u0438\u043a\u0432\u0430\u0440\u043d\u043e\u043c \u0441\u0442\u0438\u043b\u0435 \u043f\u0440\u0435\u0434\u043b\u0430\u0433\u0430\u0435\u0442 \u0434\u043e\u0441\u0442\u0430\u0442\u043e\u0447\u043d\u043e \u043c\u0435\u0441\u0442\u0430 \u0434\u043b\u044f \u0445\u0440\u0430\u043d\u0435\u043d\u0438\u044f \u043d\u0430 \u043b\u044e\u0431\u043e\u0439 \u043a\u0443\u0445\u043d\u0435 \u0438 \u043f\u043e\u043c\u043e\u0436\u0435\u0442 \u0432\u0430\u043c \u043f\u043e\u0434\u0434\u0435\u0440\u0436\u0438\u0432\u0430\u0442\u044c \u043f\u043e\u0440\u044f\u0434\u043e\u043a.<\/p>\n<\/p>\n<p>\u0428\u043a\u0430\u0444 \u0438\u043c\u0435\u0435\u0442 \u0447\u0435\u0442\u044b\u0440\u0435 \u0432\u044b\u0434\u0432\u0438\u0436\u043d\u044b\u0445 \u044f\u0449\u0438\u043a\u0430 \u0438 \u0447\u0435\u0442\u044b\u0440\u0435 \u043f\u043e\u043b\u043a\u0438, \u0447\u0442\u043e \u043f\u043e\u0437\u0432\u043e\u043b\u044f\u0435\u0442 \u0443\u0434\u043e\u0431\u043d\u043e \u0445\u0440\u0430\u043d\u0438\u0442\u044c \u043a\u0440\u0443\u043f\u044b, \u0441\u043f\u0435\u0446\u0438\u0438, \u0437\u0430\u043a\u0443\u0441\u043a\u0438, \u043a\u043e\u043d\u0441\u0435\u0440\u0432\u044b \u0438 \u043c\u043d\u043e\u0433\u043e\u0435 \u0434\u0440\u0443\u0433\u043e\u0435. \u0412\u044b\u0434\u0432\u0438\u0436\u043d\u044b\u0435 \u0448\u0442\u0430\u043d\u0433\u0438 \u043d\u0430\u0434\u0435\u0436\u043d\u043e \u0443\u0434\u0435\u0440\u0436\u0438\u0432\u0430\u044e\u0442 \u0442\u0430\u0440\u0435\u043b\u043a\u0438 \u0438 \u043f\u043e\u0441\u0443\u0434\u0443. \u042f\u0449\u0438\u043a\u0438 \u043b\u0435\u0433\u043a\u043e \u043e\u0442\u043a\u0440\u044b\u0432\u0430\u044e\u0442\u0441\u044f, \u043f\u043e\u044d\u0442\u043e\u043c\u0443 \u0432\u044b \u043c\u043e\u0436\u0435\u0442\u0435 \u0431\u044b\u0441\u0442\u0440\u043e \u0434\u043e\u0441\u0442\u0430\u0442\u044c \u043d\u0443\u0436\u043d\u044b\u0435 \u0432\u0435\u0449\u0438. \u0428\u043a\u0430\u0444 \u043e\u0431\u043e\u0440\u0443\u0434\u043e\u0432\u0430\u043d \u043a\u0440\u044e\u0447\u043a\u0430\u043c\u0438 \u0434\u043b\u044f \u043f\u043e\u0434\u0432\u0435\u0448\u0438\u0432\u0430\u043d\u0438\u044f \u043a\u0440\u0443\u0436\u0435\u043a \u0438\u043b\u0438 \u043f\u043e\u043b\u043e\u0442\u0435\u043d\u0435\u0446.<\/p>\n<\/p>\n<p>\u0412\u044b\u0441\u043e\u043a\u043e\u043a\u0430\u0447\u0435\u0441\u0442\u0432\u0435\u043d\u043d\u044b\u0439 \u0434\u0435\u0440\u0435\u0432\u044f\u043d\u043d\u044b\u0439 \u0448\u043a\u0430\u0444 \u0443\u0441\u0442\u043e\u0439\u0447\u0438\u0432 \u043a \u0432\u043e\u0437\u0434\u0435\u0439\u0441\u0442\u0432\u0438\u044e \u0432\u043b\u0430\u0433\u0438. \u0411\u0435\u043b\u043e\u0435 \u043f\u043e\u043a\u0440\u044b\u0442\u0438\u0435 \u043b\u0435\u0433\u043a\u043e \u0447\u0438\u0441\u0442\u0438\u0442\u0441\u044f \u0432\u043b\u0430\u0436\u043d\u043e\u0439 \u0442\u043a\u0430\u043d\u044c\u044e.<\/p>\n<ul>\n<li>\u0426\u0432\u0435\u0442: \u0431\u0435\u043b\u044b\u0439<\/li>\n<li>\u041c\u0430\u0442\u0435\u0440\u0438\u0430\u043b: \u041c\u0414\u0424 \u0438 \u0441\u043e\u0441\u043d\u043e\u0432\u0430\u044f \u0434\u0440\u0435\u0432\u0435\u0441\u0438\u043d\u0430 (\u0440\u0430\u043c\u0430) + \u0436\u0435\u043b\u0435\u0437\u043e (\u0440\u0443\u0447\u043a\u0430 \u0438 \u043a\u0440\u044e\u0447\u043e\u043a)<\/li>\n<li>\u0413\u0430\u0431\u0430\u0440\u0438\u0442\u043d\u044b\u0435 \u0440\u0430\u0437\u043c\u0435\u0440\u044b: 90,5 x 22,5 x 70,3 \u0441\u043c (\u0414 x \u0428 x \u0412)<\/li>\n<li>\u0420\u0430\u0437\u043c\u0435\u0440\u044b \u044f\u0449\u0438\u043a\u0430: 18 x 12,8 x 12 \u0441\u043c (\u0414 x \u0428 x \u0412)<\/li>\n<li>\u0414\u0438\u0430\u043c\u0435\u0442\u0440 \u043f\u0430\u043b\u043e\u0447\u043a\u0438: 1 \u0441\u043c<\/li>\n<li>\u041c\u0430\u043a\u0441\u0438\u043c\u0430\u043b\u044c\u043d\u0430\u044f \u0433\u0440\u0443\u0437\u043e\u043f\u043e\u0434\u044a\u0435\u043c\u043d\u043e\u0441\u0442\u044c (\u043e\u0431\u0449\u0430\u044f): 20 \u043a\u0433<\/li>\n<\/ul>","protected":false},"excerpt":{"rendered":"<p>Elegantne antiikv\u00e4limusega puidust k\u00f6\u00f6gikapp pakub igale k\u00f6\u00f6gile k\u00fcllaldaselt hoiuruumi ning aitab teil k\u00f6\u00f6ki korras hoida. Kapil on neli sahtlit ja neli riiulit,&hellip;<\/p>","protected":false},"featured_media":339241,"comment_status":"open","ping_status":"closed","template":"","meta":{"wprm-recipe-roundup-name":"","wprm-recipe-roundup-description":""},"product_brand":[],"product_cat":[1321],"product_tag":[567,1322,547,540,539],"class_list":{"0":"post-339249","1":"product","2":"type-product","3":"status-publish","4":"has-post-thumbnail","6":"product_cat-koogikapid","7":"product_tag-kapid-ja-hoiustamine","8":"product_tag-koogikapid","9":"product_tag-moobel","10":"product_tag-parcel","11":"product_tag-voodilinad","12":"pa_brand-vidaxl","14":"first","15":"instock","16":"taxable","17":"shipping-taxable","18":"purchasable","19":"product-type-simple"},"supplier_id":null,"supplier_sku":"","barcode":null,"atum_controlled":false,"out_stock_date":null,"out_stock_threshold":null,"inheritable":false,"inbound_stock":null,"stock_on_hold":null,"sold_today":null,"sales_last_days":null,"reserved_stock":null,"customer_returns":null,"warehouse_damage":null,"lost_in_post":null,"other_logs":null,"out_stock_days":null,"lost_sales":null,"has_location":null,"update_date":"2026-05-14T00:27:44","atum_locations":[],"atum_stock_status":"instock","restock_status":false,"low_stock_amount":"","sales_update_date":null,"calc_backorders":null,"aioseo_notices":[],"_links":{"self":[{"href":"https:\/\/ecoshop.ee\/ru\/wp-json\/wp\/v2\/product\/339249","targetHints":{"allow":["GET"]}}],"collection":[{"href":"https:\/\/ecoshop.ee\/ru\/wp-json\/wp\/v2\/product"}],"about":[{"href":"https:\/\/ecoshop.ee\/ru\/wp-json\/wp\/v2\/types\/product"}],"replies":[{"embeddable":true,"href":"https:\/\/ecoshop.ee\/ru\/wp-json\/wp\/v2\/comments?post=339249"}],"version-history":[{"count":0,"href":"https:\/\/ecoshop.ee\/ru\/wp-json\/wp\/v2\/product\/339249\/revisions"}],"wp:featuredmedia":[{"embeddable":true,"href":"https:\/\/ecoshop.ee\/ru\/wp-json\/wp\/v2\/media\/339241"}],"wp:attachment":[{"href":"https:\/\/ecoshop.ee\/ru\/wp-json\/wp\/v2\/media?parent=339249"}],"wp:term":[{"taxonomy":"product_brand","embeddable":true,"href":"https:\/\/ecoshop.ee\/ru\/wp-json\/wp\/v2\/product_brand?post=339249"},{"taxonomy":"product_cat","embeddable":true,"href":"https:\/\/ecoshop.ee\/ru\/wp-json\/wp\/v2\/product_cat?post=339249"},{"taxonomy":"product_tag","embeddable":true,"href":"https:\/\/ecoshop.ee\/ru\/wp-json\/wp\/v2\/product_tag?post=339249"}],"curies":[{"name":"wp","href":"https:\/\/api.w.org\/{rel}","templated":true}]}}