{"id":3395,"date":"2024-05-12T23:16:05","date_gmt":"2024-05-12T20:16:05","guid":{"rendered":"https:\/\/ecoshop.ee\/?post_type=product&#038;p=3395"},"modified":"2024-10-10T00:56:34","modified_gmt":"2024-10-09T21:56:34","slug":"%d0%b0%d1%81%d1%81%d0%be%d1%80%d1%82%d0%b8%d0%bc%d0%b5%d0%bd%d1%82-%d0%b2%d0%b5%d0%b3%d0%b0%d0%bd%d1%81%d0%ba%d0%be%d0%b3%d0%be-%d1%88%d0%be%d0%ba%d0%be%d0%bb%d0%b0%d0%b4%d0%b0-hallingers-150-%d0%b3","status":"publish","type":"product","link":"https:\/\/ecoshop.ee\/ru\/kommid\/hallingersi-vegan-sokolaadiassortii-150g\/","title":{"rendered":"\u0412\u0435\u0433\u0430\u043d\u0441\u043a\u0438\u0439 \u0448\u043e\u043a\u043e\u043b\u0430\u0434\u043d\u044b\u0439 \u043d\u0430\u0431\u043e\u0440 Hallingers, 150 \u0433."},"content":{"rendered":"<p>\u041f\u043e\u0434\u0430\u0440\u0438\u0442\u0435 \u043b\u044e\u0431\u0438\u043c\u043e\u043c\u0443 \u0447\u0435\u043b\u043e\u0432\u0435\u043a\u0443, \u043b\u0443\u0447\u0448\u0435\u043c\u0443 \u0434\u0440\u0443\u0433\u0443 \u0438\u043b\u0438 \u0447\u043b\u0435\u043d\u0443 \u0441\u0435\u043c\u044c\u0438 \u0441\u043b\u0430\u0434\u043a\u0438\u0439 \u0438 \u0437\u0430\u043f\u043e\u043c\u0438\u043d\u0430\u044e\u0449\u0438\u0439\u0441\u044f \u0441\u044e\u0440\u043f\u0440\u0438\u0437! \u0412\u0435\u0433\u0430\u043d\u0441\u043a\u0438\u0439 \u0448\u043e\u043a\u043e\u043b\u0430\u0434\u043d\u044b\u0439 \u043d\u0430\u0431\u043e\u0440 Hallingers \u0438\u0437\u0433\u043e\u0442\u043e\u0432\u043b\u0435\u043d \u0432\u0440\u0443\u0447\u043d\u0443\u044e \u0441 \u043b\u044e\u0431\u043e\u0432\u044c\u044e \u0432 \u0413\u0435\u0440\u043c\u0430\u043d\u0438\u0438.<\/p>\n<p>12 \u0432\u0435\u0433\u0430\u043d\u0441\u043a\u0438\u0445 \u0448\u043e\u043a\u043e\u043b\u0430\u0434\u043d\u044b\u0445 \u043a\u043e\u043d\u0444\u0435\u0442 \u0432 \u0432\u044b\u0441\u043e\u043a\u043e\u043a\u0430\u0447\u0435\u0441\u0442\u0432\u0435\u043d\u043d\u043e\u0439 \u0438 \u043a\u0440\u0430\u0441\u0438\u0432\u043e\u0439 \u0443\u043f\u0430\u043a\u043e\u0432\u043a\u0435.<br \/>\n\u041a\u0430\u0436\u0434\u0430\u044f \u0448\u043e\u043a\u043e\u043b\u0430\u0434\u043a\u0430 \u2014 \u044d\u0442\u043e \u0443\u043d\u0438\u043a\u0430\u043b\u044c\u043d\u043e\u0435 \u0438\u0437\u0434\u0435\u043b\u0438\u0435, \u0441\u043e\u0437\u0434\u0430\u043d\u043d\u043e\u0435 \u0432\u0440\u0443\u0447\u043d\u0443\u044e \u0438 \u0441 \u043b\u044e\u0431\u043e\u0432\u044c\u044e \u043e\u043f\u044b\u0442\u043d\u044b\u043c\u0438 \u043c\u0430\u0441\u0442\u0435\u0440\u0430\u043c\u0438.<br \/>\n\u0418\u0437\u0433\u043e\u0442\u043e\u0432\u043b\u0435\u043d\u043e \u0438\u0441\u043a\u043b\u044e\u0447\u0438\u0442\u0435\u043b\u044c\u043d\u043e \u0438\u0437 \u0432\u044b\u0441\u043e\u043a\u043e\u043a\u0430\u0447\u0435\u0441\u0442\u0432\u0435\u043d\u043d\u043e\u0433\u043e, \u043e\u0442\u0431\u043e\u0440\u043d\u043e\u0433\u043e \u0441\u044b\u0440\u044c\u044f, \u0431\u0435\u0437 \u043a\u043e\u043d\u0441\u0435\u0440\u0432\u0430\u043d\u0442\u043e\u0432, \u043c\u0430\u043a\u0441\u0438\u043c\u0430\u043b\u044c\u043d\u043e \u043d\u0430\u0442\u0443\u0440\u0430\u043b\u044c\u043d\u043e.<br \/>\n\u0414\u0438\u0437\u0430\u0439\u043d \u0443\u043f\u0430\u043a\u043e\u0432\u043a\u0438 Hallingers \u043f\u043e\u043b\u0443\u0447\u0438\u043b \u043c\u0435\u0436\u0434\u0443\u043d\u0430\u0440\u043e\u0434\u043d\u043e\u0435 \u043f\u0440\u0438\u0437\u043d\u0430\u043d\u0438\u0435 (\u0432\u043a\u043b\u044e\u0447\u0430\u044f \u043f\u0440\u0435\u043c\u0438\u044e Red Dot Design Award \u0438 \u0441\u043f\u0435\u0446\u0438\u0430\u043b\u044c\u043d\u043e\u0435 \u0443\u043f\u043e\u043c\u0438\u043d\u0430\u043d\u0438\u0435 \u043d\u0430 \u043d\u0435\u043c\u0435\u0446\u043a\u043e\u043c \u043a\u043e\u043d\u043a\u0443\u0440\u0441\u0435 \u0434\u0438\u0437\u0430\u0439\u043d\u0430). \u041d\u0430\u043f\u0438\u0442\u043a\u043e\u043c Hallingers \u043c\u043e\u0436\u043d\u043e \u043d\u0430\u0441\u043b\u0430\u0436\u0434\u0430\u0442\u044c\u0441\u044f \u0432\u0441\u0435\u043c\u0438 \u043e\u0440\u0433\u0430\u043d\u0430\u043c\u0438 \u0447\u0443\u0432\u0441\u0442\u0432!<\/p>","protected":false},"excerpt":{"rendered":"<p>Tee oma kallimale, parimale s\u00f5brale v\u00f5i pereliikmele \u00fcks magus ja meeldej\u00e4\u00e4v \u00fcllatus! Hallingers&#8217;i vegan \u0161okolaadiassortii on Saksamaal suure s\u00fcdamega k\u00e4sit\u00f6\u00f6na valmistatud. 12&hellip;<\/p>","protected":false},"featured_media":5075,"comment_status":"open","ping_status":"closed","template":"","meta":{"wprm-recipe-roundup-name":"","wprm-recipe-roundup-description":""},"product_brand":[12060],"product_cat":[240,160],"product_tag":[150],"class_list":{"0":"post-3395","1":"product","2":"type-product","3":"status-publish","4":"has-post-thumbnail","6":"product_brand-hallingers","7":"product_cat-allahinnatud","8":"product_cat-kommid","9":"product_tag-kingitused","11":"first","12":"outofstock","13":"sale","14":"taxable","15":"shipping-taxable","16":"purchasable","17":"product-type-simple"},"supplier_id":null,"supplier_sku":"","barcode":null,"atum_controlled":true,"out_stock_date":null,"out_stock_threshold":null,"inheritable":false,"inbound_stock":0,"stock_on_hold":0,"sold_today":0,"sales_last_days":0,"reserved_stock":0,"customer_returns":0,"warehouse_damage":0,"lost_in_post":0,"other_logs":0,"out_stock_days":0,"lost_sales":0,"has_location":false,"update_date":"2026-03-07T01:16:01","atum_locations":[],"atum_stock_status":"outofstock","restock_status":false,"low_stock_amount":"","sales_update_date":"2026-03-07T01:16:01","calc_backorders":null,"aioseo_notices":[],"_links":{"self":[{"href":"https:\/\/ecoshop.ee\/ru\/wp-json\/wp\/v2\/product\/3395","targetHints":{"allow":["GET"]}}],"collection":[{"href":"https:\/\/ecoshop.ee\/ru\/wp-json\/wp\/v2\/product"}],"about":[{"href":"https:\/\/ecoshop.ee\/ru\/wp-json\/wp\/v2\/types\/product"}],"replies":[{"embeddable":true,"href":"https:\/\/ecoshop.ee\/ru\/wp-json\/wp\/v2\/comments?post=3395"}],"version-history":[{"count":0,"href":"https:\/\/ecoshop.ee\/ru\/wp-json\/wp\/v2\/product\/3395\/revisions"}],"wp:featuredmedia":[{"embeddable":true,"href":"https:\/\/ecoshop.ee\/ru\/wp-json\/wp\/v2\/media\/5075"}],"wp:attachment":[{"href":"https:\/\/ecoshop.ee\/ru\/wp-json\/wp\/v2\/media?parent=3395"}],"wp:term":[{"taxonomy":"product_brand","embeddable":true,"href":"https:\/\/ecoshop.ee\/ru\/wp-json\/wp\/v2\/product_brand?post=3395"},{"taxonomy":"product_cat","embeddable":true,"href":"https:\/\/ecoshop.ee\/ru\/wp-json\/wp\/v2\/product_cat?post=3395"},{"taxonomy":"product_tag","embeddable":true,"href":"https:\/\/ecoshop.ee\/ru\/wp-json\/wp\/v2\/product_tag?post=3395"}],"curies":[{"name":"wp","href":"https:\/\/api.w.org\/{rel}","templated":true}]}}