{"id":339544,"date":"2026-02-27T21:09:29","date_gmt":"2026-02-27T18:09:29","guid":{"rendered":"https:\/\/ecoshop.ee\/maaratlemata\/veekraan-aeda-alumiinium-95-cm\/"},"modified":"2026-05-12T21:37:31","modified_gmt":"2026-05-12T18:37:31","slug":"%d0%b0%d0%bb%d1%8e%d0%bc%d0%b8%d0%bd%d0%b8%d0%b5%d0%b2%d1%8b%d0%b9-%d1%81%d0%b0%d0%b4%d0%be%d0%b2%d1%8b%d0%b9-%d0%b2%d0%be%d0%b4%d0%be%d0%bf%d1%80%d0%be%d0%b2%d0%be%d0%b4%d0%bd%d1%8b%d0%b9-%d0%ba","status":"publish","type":"product","link":"https:\/\/ecoshop.ee\/ru\/muruhooldus\/veekraan-aeda-alumiinium-95-cm\/","title":{"rendered":"Veekraan Aeda, Alumiinium, 95 Cm"},"content":{"rendered":"<p>\u041e\u0442\u0434\u0435\u043b\u044c\u043d\u043e \u0441\u0442\u043e\u044f\u0449\u0438\u0439 \u0432\u043e\u0434\u043e\u043f\u0440\u043e\u0432\u043e\u0434\u043d\u044b\u0439 \u043a\u0440\u0430\u043d \u0441\u0442\u0430\u043d\u0435\u0442 \u043f\u0440\u0435\u043a\u0440\u0430\u0441\u043d\u044b\u043c \u0434\u043e\u043f\u043e\u043b\u043d\u0435\u043d\u0438\u0435\u043c \u043a \u0432\u0430\u0448\u0435\u043c\u0443 \u0441\u0430\u0434\u0443. \u0421 \u0430\u043b\u044e\u043c\u0438\u043d\u0438\u0435\u0432\u044b\u043c \u043a\u0440\u0430\u043d\u043e\u043c \u0432\u044b \u0441\u043c\u043e\u0436\u0435\u0442\u0435 \u043b\u0435\u0433\u043a\u043e \u043f\u043e\u043b\u0438\u0432\u0430\u0442\u044c \u0446\u0432\u0435\u0442\u044b \u0438 \u043c\u044b\u0442\u044c \u0440\u0443\u043a\u0438 \u0432 \u0441\u0430\u0434\u0443 \u0447\u0438\u0441\u0442\u043e\u0439 \u0432\u043e\u0434\u043e\u0439.<\/p>\n<\/p>\n<p>\u041a \u0432\u0435\u0440\u0445\u043d\u0435\u043c\u0443 \u043f\u0430\u0442\u0440\u0443\u0431\u043a\u0443 \u043c\u043e\u0436\u043d\u043e \u043f\u043e\u0434\u0441\u043e\u0435\u0434\u0438\u043d\u0438\u0442\u044c \u043f\u043e\u043b\u0438\u0432\u043e\u0447\u043d\u044b\u0435 \u0448\u043b\u0430\u043d\u0433\u0438 \u0434\u043b\u044f \u043f\u043e\u0434\u0430\u0447\u0438 \u0432\u043e\u0434\u044b. \u0412 \u043a\u043e\u043c\u043f\u043b\u0435\u043a\u0442 \u0432\u0445\u043e\u0434\u044f\u0442 2 \u0442\u0435\u0444\u043b\u043e\u043d\u043e\u0432\u044b\u0445 \u0443\u043f\u043b\u043e\u0442\u043d\u0435\u043d\u0438\u044f \u0434\u043b\u044f \u043e\u0431\u0435\u0441\u043f\u0435\u0447\u0435\u043d\u0438\u044f \u0432\u043e\u0434\u043e\u043d\u0435\u043f\u0440\u043e\u043d\u0438\u0446\u0430\u0435\u043c\u043e\u0441\u0442\u0438 \u0441\u043e\u0435\u0434\u0438\u043d\u0435\u043d\u0438\u044f. \u041a\u043e\u043b\u043e\u043d\u043d\u0430 \u043b\u0435\u0433\u043a\u043e \u0443\u0441\u0442\u0430\u043d\u0430\u0432\u043b\u0438\u0432\u0430\u0435\u0442\u0441\u044f \u0441 \u043f\u043e\u043c\u043e\u0449\u044c\u044e \u043f\u0440\u0438\u043b\u0430\u0433\u0430\u0435\u043c\u044b\u0445 \u043f\u0440\u0438\u043d\u0430\u0434\u043b\u0435\u0436\u043d\u043e\u0441\u0442\u0435\u0439.<\/p>\n<\/p>\n<p>\u041e\u0431\u0440\u0430\u0442\u0438\u0442\u0435 \u0432\u043d\u0438\u043c\u0430\u043d\u0438\u0435, \u0447\u0442\u043e \u0441\u043e\u0432\u043c\u0435\u0441\u0442\u0438\u043c\u044b\u0439 \u0430\u043d\u043a\u0435\u0440 \u0434\u043b\u044f \u043a\u0440\u0435\u043f\u043b\u0435\u043d\u0438\u044f \u043a \u0437\u0435\u043c\u043b\u0435 \u043c\u043e\u0436\u043d\u043e \u043f\u0440\u0438\u043e\u0431\u0440\u0435\u0441\u0442\u0438 \u0432 \u043d\u0430\u0448\u0435\u043c \u043c\u0430\u0433\u0430\u0437\u0438\u043d\u0435 (\u0430\u0440\u0442\u0438\u043a\u0443\u043b 45459).<\/p>\n<ul>\n<li>\u0426\u0432\u0435\u0442: \u0441\u0435\u0440\u0435\u0431\u0440\u0438\u0441\u0442\u044b\u0439<\/li>\n<li>\u041c\u0430\u0442\u0435\u0440\u0438\u0430\u043b \u043a\u043e\u043b\u043e\u043d\u043d\u044b: \u0430\u043b\u044e\u043c\u0438\u043d\u0438\u0439<\/li>\n<li>\u041c\u0430\u0442\u0435\u0440\u0438\u0430\u043b \u0441\u043c\u0435\u0441\u0438\u0442\u0435\u043b\u044f: \u0445\u0440\u043e\u043c\u0438\u0440\u043e\u0432\u0430\u043d\u043d\u0430\u044f \u043b\u0430\u0442\u0443\u043d\u044c \u0441 \u043f\u043b\u0430\u0441\u0442\u0438\u043a\u043e\u0432\u043e\u0439 \u0440\u0443\u0447\u043a\u043e\u0439.<\/li>\n<li>\u0420\u0430\u0437\u043c\u0435\u0440\u044b \u043a\u043e\u043b\u043e\u043d\u043d\u044b: 7 x 3 x 95 \u0441\u043c (\u0414 x \u0428 x \u0412)<\/li>\n<li>\u0420\u0430\u0437\u043c\u0435\u0440 \u043e\u0441\u043d\u043e\u0432\u0430\u043d\u0438\u044f: 15 x 15 \u0441\u043c (\u0434\u043b\u0438\u043d\u0430 x \u0448\u0438\u0440\u0438\u043d\u0430)<\/li>\n<li>\u0421 \u043a\u0440\u044e\u0447\u043a\u043e\u043c \u0434\u043b\u044f \u043f\u043e\u0434\u0432\u0435\u0448\u0438\u0432\u0430\u043d\u0438\u044f \u0441\u0430\u0434\u043e\u0432\u043e\u0433\u043e \u0448\u043b\u0430\u043d\u0433\u0430.<\/li>\n<li>\u041f\u043e\u0434\u043a\u043b\u044e\u0447\u0435\u043d\u0438\u0435: \u043d\u0430\u0440\u0443\u0436\u043d\u0430\u044f \u0440\u0435\u0437\u044c\u0431\u0430 1\/2\u2033 \u0441 \u0430\u0434\u0430\u043f\u0442\u0435\u0440\u043e\u043c Gardena.<\/li>\n<li>\u0412\u043d\u0443\u0442\u0440\u0435\u043d\u043d\u0438\u0445 \u043a\u0430\u043c\u0435\u0440 \u043d\u0435\u0442.<\/li>\n<li>\u0412 \u043a\u043e\u043c\u043f\u043b\u0435\u043a\u0442 \u0432\u0445\u043e\u0434\u044f\u0442 2 \u0442\u0435\u0444\u043b\u043e\u043d\u043e\u0432\u044b\u0445 \u0443\u043f\u043b\u043e\u0442\u043d\u0435\u043d\u0438\u044f \u0438 \u043c\u043e\u043d\u0442\u0430\u0436\u043d\u044b\u0435 \u043f\u0440\u0438\u043d\u0430\u0434\u043b\u0435\u0436\u043d\u043e\u0441\u0442\u0438.<\/li>\n<\/ul>","protected":false},"excerpt":{"rendered":"<p>Iseseisev veekraan on suurep\u00e4rane lisa teie aeda. Alumiiniumist veekraani abil saate aias v\u00e4ga lihtsalt puhta veega lilli kasta ja k\u00e4si pesta. Kastmisvoolikud&hellip;<\/p>","protected":false},"featured_media":339536,"comment_status":"open","ping_status":"closed","template":"","meta":{"wprm-recipe-roundup-name":"","wprm-recipe-roundup-description":""},"product_brand":[],"product_cat":[4615],"product_tag":[2127,1885,4777,536,540],"class_list":{"0":"post-339544","1":"product","2":"type-product","3":"status-publish","4":"has-post-thumbnail","6":"product_cat-muruhooldus","7":"product_tag-aed-ja-muru","8":"product_tag-hobedane","9":"product_tag-kastmine-ja-niisutamine","10":"product_tag-kodu-ja-aed","11":"product_tag-parcel","12":"pa_brand-vidaxl","14":"first","15":"instock","16":"taxable","17":"shipping-taxable","18":"purchasable","19":"product-type-simple"},"supplier_id":null,"supplier_sku":"","barcode":null,"atum_controlled":false,"out_stock_date":null,"out_stock_threshold":null,"inheritable":false,"inbound_stock":null,"stock_on_hold":null,"sold_today":null,"sales_last_days":null,"reserved_stock":null,"customer_returns":null,"warehouse_damage":null,"lost_in_post":null,"other_logs":null,"out_stock_days":null,"lost_sales":null,"has_location":null,"update_date":"2026-05-12T18:37:32","atum_locations":[],"atum_stock_status":"instock","restock_status":false,"low_stock_amount":"","sales_update_date":null,"calc_backorders":null,"aioseo_notices":[],"_links":{"self":[{"href":"https:\/\/ecoshop.ee\/ru\/wp-json\/wp\/v2\/product\/339544","targetHints":{"allow":["GET"]}}],"collection":[{"href":"https:\/\/ecoshop.ee\/ru\/wp-json\/wp\/v2\/product"}],"about":[{"href":"https:\/\/ecoshop.ee\/ru\/wp-json\/wp\/v2\/types\/product"}],"replies":[{"embeddable":true,"href":"https:\/\/ecoshop.ee\/ru\/wp-json\/wp\/v2\/comments?post=339544"}],"version-history":[{"count":0,"href":"https:\/\/ecoshop.ee\/ru\/wp-json\/wp\/v2\/product\/339544\/revisions"}],"wp:featuredmedia":[{"embeddable":true,"href":"https:\/\/ecoshop.ee\/ru\/wp-json\/wp\/v2\/media\/339536"}],"wp:attachment":[{"href":"https:\/\/ecoshop.ee\/ru\/wp-json\/wp\/v2\/media?parent=339544"}],"wp:term":[{"taxonomy":"product_brand","embeddable":true,"href":"https:\/\/ecoshop.ee\/ru\/wp-json\/wp\/v2\/product_brand?post=339544"},{"taxonomy":"product_cat","embeddable":true,"href":"https:\/\/ecoshop.ee\/ru\/wp-json\/wp\/v2\/product_cat?post=339544"},{"taxonomy":"product_tag","embeddable":true,"href":"https:\/\/ecoshop.ee\/ru\/wp-json\/wp\/v2\/product_tag?post=339544"}],"curies":[{"name":"wp","href":"https:\/\/api.w.org\/{rel}","templated":true}]}}