{"id":339826,"date":"2026-02-27T21:21:06","date_gmt":"2026-02-27T18:21:06","guid":{"rendered":"https:\/\/ecoshop.ee\/maaratlemata\/impulss-sprinkleri-aiakastmine-tsingist-metalloradega-2-tk\/"},"modified":"2026-04-26T22:27:37","modified_gmt":"2026-04-26T19:27:37","slug":"%d0%b8%d0%bc%d0%bf%d1%83%d0%bb%d1%8c%d1%81%d0%bd%d1%8b%d0%b9-%d0%b4%d0%be%d0%b6%d0%b4%d0%b5%d0%b2%d0%b0%d1%82%d0%b5%d0%bb%d1%8c-%d0%b4%d0%bb%d1%8f-%d0%bf%d0%be%d0%bb%d0%b8%d0%b2%d0%b0-%d1%81%d0%b0-2","status":"publish","type":"product","link":"https:\/\/ecoshop.ee\/ru\/muruhooldus\/impulss-sprinkleri-aiakastmine-tsingist-metalloradega-2-tk\/","title":{"rendered":"\u041d\u0430\u0441\u0430\u0434\u043a\u0438 \u0434\u043b\u044f \u0438\u043c\u043f\u0443\u043b\u044c\u0441\u043d\u043e\u0433\u043e \u0434\u043e\u0436\u0434\u0435\u0432\u0430\u0442\u0435\u043b\u044f \u0434\u043b\u044f \u043f\u043e\u043b\u0438\u0432\u0430 \u0441\u0430\u0434\u0430, \u0446\u0438\u043d\u043a\u043e\u0432\u043e-\u043c\u0435\u0442\u0430\u043b\u043b\u0438\u0447\u0435\u0441\u043a\u0438\u0435, 2 \u0448\u0442."},"content":{"rendered":"<p>\u042d\u0442\u0430 \u0441\u0442\u0438\u043b\u044c\u043d\u0430\u044f \u0438\u043c\u043f\u0443\u043b\u044c\u0441\u043d\u0430\u044f \u0441\u0438\u0441\u0442\u0435\u043c\u0430 \u043f\u043e\u043b\u0438\u0432\u0430, \u043a\u043e\u043c\u043f\u043b\u0435\u043a\u0442 \u0438\u0437 2 \u0448\u0442\u0443\u043a, \u043e\u0431\u0435\u0441\u043f\u0435\u0447\u0438\u0432\u0430\u0435\u0442 \u043f\u043e\u043b\u043d\u043e\u0435 \u0438\u043b\u0438 \u0447\u0430\u0441\u0442\u0438\u0447\u043d\u043e\u0435 \u043e\u0440\u043e\u0448\u0435\u043d\u0438\u0435 \u0432 \u0437\u0430\u0432\u0438\u0441\u0438\u043c\u043e\u0441\u0442\u0438 \u043e\u0442 \u0432\u0430\u0448\u0438\u0445 \u043f\u043e\u0442\u0440\u0435\u0431\u043d\u043e\u0441\u0442\u0435\u0439. \u0412 \u043a\u043e\u043c\u043f\u043b\u0435\u043a\u0442 \u0432\u0445\u043e\u0434\u044f\u0442 \u0448\u0438\u043f\u044b \u0434\u043b\u044f \u043a\u0440\u0435\u043f\u043b\u0435\u043d\u0438\u044f \u043a \u0437\u0435\u043c\u043b\u0435 \u0438 \u0434\u0432\u0430 \u0448\u043b\u0430\u043d\u0433\u043e\u0432\u044b\u0445 \u0441\u043e\u0435\u0434\u0438\u043d\u0435\u043d\u0438\u044f. \u0411\u043b\u0430\u0433\u043e\u0434\u0430\u0440\u044f \u043c\u0430\u043a\u0441\u0438\u043c\u0430\u043b\u044c\u043d\u043e\u043c\u0443 \u0434\u0438\u0430\u043c\u0435\u0442\u0440\u0443 \u0441\u0442\u0440\u0443\u0438 24 \u043c, \u043e\u043d\u0430 \u043c\u043e\u0436\u0435\u0442 \u043e\u0431\u0435\u0441\u043f\u0435\u0447\u0438\u0442\u044c \u043f\u043e\u043b\u0438\u0432 \u043f\u043b\u043e\u0449\u0430\u0434\u0438 \u0434\u043e 450 \u043c2 \u0434\u043b\u044f \u044d\u0444\u0444\u0435\u043a\u0442\u0438\u0432\u043d\u043e\u0433\u043e \u043e\u0440\u043e\u0448\u0435\u043d\u0438\u044f \u0433\u0430\u0437\u043e\u043d\u043e\u0432 \u0438 \u0441\u0430\u0434\u043e\u0432. \u0418\u0437\u0433\u043e\u0442\u043e\u0432\u043b\u0435\u043d\u043d\u0430\u044f \u0438\u0437 \u0432\u044b\u0441\u043e\u043a\u043e\u043a\u0430\u0447\u0435\u0441\u0442\u0432\u0435\u043d\u043d\u043e\u0433\u043e \u0446\u0438\u043d\u043a\u0430 \u0438 \u043c\u0435\u0434\u0438, \u0435\u0451 \u043f\u0440\u043e\u0447\u043d\u0430\u044f \u043a\u043e\u043d\u0441\u0442\u0440\u0443\u043a\u0446\u0438\u044f \u0433\u0430\u0440\u0430\u043d\u0442\u0438\u0440\u0443\u0435\u0442 \u0434\u043b\u0438\u0442\u0435\u043b\u044c\u043d\u044b\u0439 \u0441\u0440\u043e\u043a \u0441\u043b\u0443\u0436\u0431\u044b. \u0412 \u043a\u043e\u043c\u043f\u043b\u0435\u043a\u0442 \u043f\u043e\u0441\u0442\u0430\u0432\u043a\u0438 \u0432\u0445\u043e\u0434\u044f\u0442 2 \u0447\u0430\u0441\u0442\u0438, \u043f\u043e\u044d\u0442\u043e\u043c\u0443 \u0434\u043e\u0436\u0434\u0435\u0432\u0430\u0442\u0435\u043b\u044c \u043c\u043e\u0436\u043d\u043e \u0438\u0441\u043f\u043e\u043b\u044c\u0437\u043e\u0432\u0430\u0442\u044c \u043a\u0430\u043a \u043f\u043e \u043e\u0442\u0434\u0435\u043b\u044c\u043d\u043e\u0441\u0442\u0438, \u0442\u0430\u043a \u0438 \u0432 \u0441\u043e\u0441\u0442\u0430\u0432\u0435 \u043d\u0435\u0441\u043a\u043e\u043b\u044c\u043a\u0438\u0445 \u0434\u043e\u0436\u0434\u0435\u0432\u0430\u0442\u0435\u043b\u0435\u0439 \u0434\u043b\u044f \u0433\u0430\u0437\u043e\u043d\u043e\u0432 \u0432 \u0437\u0430\u0432\u0438\u0441\u0438\u043c\u043e\u0441\u0442\u0438 \u043e\u0442 \u0440\u0430\u0437\u043c\u0435\u0440\u0430 \u043f\u043e\u043b\u0438\u0432\u0430\u0435\u043c\u043e\u0439 \u043f\u043b\u043e\u0449\u0430\u0434\u0438. \u042d\u0442\u043e\u0442 \u043a\u043e\u043c\u043f\u0430\u043a\u0442\u043d\u044b\u0439 \u0438\u043c\u043f\u0443\u043b\u044c\u0441\u043d\u044b\u0439 \u0434\u043e\u0436\u0434\u0435\u0432\u0430\u0442\u0435\u043b\u044c \u043d\u0430 \u043f\u043e\u0434\u0441\u0442\u0430\u0432\u043a\u0435 \u2014 \u043f\u0440\u0430\u043a\u0442\u0438\u0447\u043d\u044b\u0439 \u0430\u043a\u0441\u0435\u0441\u0441\u0443\u0430\u0440, \u043a\u043e\u0442\u043e\u0440\u044b\u0439 \u043f\u043e\u043c\u043e\u0436\u0435\u0442 \u0432\u0430\u043c \u043f\u043e\u043b\u0438\u0432\u0430\u0442\u044c \u0441\u0430\u0434 \u0438 \u043d\u0430\u0441\u043b\u0430\u0436\u0434\u0430\u0442\u044c\u0441\u044f \u0436\u0430\u0440\u043a\u0438\u043c \u043b\u0435\u0442\u043d\u0438\u043c \u0432\u043e\u0437\u0434\u0443\u0445\u043e\u043c.<\/p>\n<ul>\n<li>\u041a\u043e\u043b\u0438\u0447\u0435\u0441\u0442\u0432\u043e: 2<\/li>\n<li>\u041c\u0430\u0442\u0435\u0440\u0438\u0430\u043b: \u0446\u0438\u043d\u043a \u0438 \u043c\u0435\u0434\u044c<\/li>\n<li>\u0420\u0430\u0431\u043e\u0447\u0435\u0435 \u0434\u0430\u0432\u043b\u0435\u043d\u0438\u0435: 20\u2013100 PSI<\/li>\n<li>\u0420\u0430\u0441\u0445\u043e\u0434: 5,3 \u2013 13,5 \u043b\/\u043c\u0438\u043d<\/li>\n<li>\u041c\u0430\u043a\u0441\u0438\u043c\u0430\u043b\u044c\u043d\u044b\u0439 \u0440\u0430\u0434\u0438\u0443\u0441 \u0440\u0430\u0441\u043f\u044b\u043b\u0435\u043d\u0438\u044f: 12 \u043c (\u0434\u0438\u0430\u043c\u0435\u0442\u0440 24 \u043c)<\/li>\n<li>\u041f\u043b\u043e\u0449\u0430\u0434\u044c \u043e\u0431\u0440\u0430\u0431\u043e\u0442\u043a\u0438: 450 \u043c2<\/li>\n<li>\u0421\u043e\u0435\u0434\u0438\u043d\u0435\u043d\u0438\u044f: \u0443\u043d\u0438\u0432\u0435\u0440\u0441\u0430\u043b\u044c\u043d\u044b\u0439 3\/4 \u0434\u044e\u0439\u043c\u0430 (Gardena-Hozelock)<\/li>\n<li>\u041d\u0430\u043f\u0440\u0430\u0432\u043b\u0435\u043d\u0438\u0435 \u043f\u043e\u043b\u0438\u0432\u0430 \u043c\u043e\u0436\u043d\u043e \u0443\u0441\u0442\u0430\u043d\u043e\u0432\u0438\u0442\u044c \u0441\u043b\u0435\u0434\u0443\u044e\u0449\u0438\u043c \u043e\u0431\u0440\u0430\u0437\u043e\u043c: 30, 90, 180, 270, 360 \u0433\u0440\u0430\u0434\u0443\u0441\u043e\u0432.<\/li>\n<\/ul>","protected":false},"excerpt":{"rendered":"<p>See stiilne impulss sprinklers\u00fcsteem, 2 tk, pakub t\u00e4ieliku v\u00f5i poolikut veega katmist, et vastata teie vajadustele. See on koos oradega, et kinnitada&hellip;<\/p>","protected":false},"featured_media":339820,"comment_status":"open","ping_status":"closed","template":"","meta":{"wprm-recipe-roundup-name":"","wprm-recipe-roundup-description":""},"product_brand":[],"product_cat":[4615],"product_tag":[2127,4777,536,2822,540,4847],"class_list":{"0":"post-339826","1":"product","2":"type-product","3":"status-publish","4":"has-post-thumbnail","6":"product_cat-muruhooldus","7":"product_tag-aed-ja-muru","8":"product_tag-kastmine-ja-niisutamine","9":"product_tag-kodu-ja-aed","10":"product_tag-kuldne","11":"product_tag-parcel","12":"product_tag-vihmutid-ja-vihmutipead","13":"pa_brand-vidaxl","15":"first","16":"instock","17":"taxable","18":"shipping-taxable","19":"purchasable","20":"product-type-simple"},"supplier_id":null,"supplier_sku":"","barcode":null,"atum_controlled":false,"out_stock_date":null,"out_stock_threshold":null,"inheritable":false,"inbound_stock":null,"stock_on_hold":0,"sold_today":0,"sales_last_days":0,"reserved_stock":null,"customer_returns":null,"warehouse_damage":null,"lost_in_post":null,"other_logs":null,"out_stock_days":0,"lost_sales":0,"has_location":null,"update_date":"2026-04-26T19:27:38","atum_locations":[],"atum_stock_status":"instock","restock_status":false,"low_stock_amount":"","sales_update_date":"2026-03-07T01:17:29","calc_backorders":null,"aioseo_notices":[],"_links":{"self":[{"href":"https:\/\/ecoshop.ee\/ru\/wp-json\/wp\/v2\/product\/339826","targetHints":{"allow":["GET"]}}],"collection":[{"href":"https:\/\/ecoshop.ee\/ru\/wp-json\/wp\/v2\/product"}],"about":[{"href":"https:\/\/ecoshop.ee\/ru\/wp-json\/wp\/v2\/types\/product"}],"replies":[{"embeddable":true,"href":"https:\/\/ecoshop.ee\/ru\/wp-json\/wp\/v2\/comments?post=339826"}],"version-history":[{"count":0,"href":"https:\/\/ecoshop.ee\/ru\/wp-json\/wp\/v2\/product\/339826\/revisions"}],"wp:featuredmedia":[{"embeddable":true,"href":"https:\/\/ecoshop.ee\/ru\/wp-json\/wp\/v2\/media\/339820"}],"wp:attachment":[{"href":"https:\/\/ecoshop.ee\/ru\/wp-json\/wp\/v2\/media?parent=339826"}],"wp:term":[{"taxonomy":"product_brand","embeddable":true,"href":"https:\/\/ecoshop.ee\/ru\/wp-json\/wp\/v2\/product_brand?post=339826"},{"taxonomy":"product_cat","embeddable":true,"href":"https:\/\/ecoshop.ee\/ru\/wp-json\/wp\/v2\/product_cat?post=339826"},{"taxonomy":"product_tag","embeddable":true,"href":"https:\/\/ecoshop.ee\/ru\/wp-json\/wp\/v2\/product_tag?post=339826"}],"curies":[{"name":"wp","href":"https:\/\/api.w.org\/{rel}","templated":true}]}}