{"id":339870,"date":"2026-02-27T21:22:04","date_gmt":"2026-02-27T18:22:04","guid":{"rendered":"https:\/\/ecoshop.ee\/maaratlemata\/kahe-valjalaskeavaga-automaatne-kastmistaimer\/"},"modified":"2026-04-13T16:44:44","modified_gmt":"2026-04-13T13:44:44","slug":"%d0%b0%d0%b2%d1%82%d0%be%d0%bc%d0%b0%d1%82%d0%b8%d1%87%d0%b5%d1%81%d0%ba%d0%b8%d0%b9-%d1%82%d0%b0%d0%b9%d0%bc%d0%b5%d1%80-%d0%bf%d0%be%d0%bb%d0%b8%d0%b2%d0%b0-%d1%81-%d0%b4%d0%b2%d1%83%d0%bc%d1%8f","status":"publish","type":"product","link":"https:\/\/ecoshop.ee\/ru\/muruhooldus\/kahe-valjalaskeavaga-automaatne-kastmistaimer\/","title":{"rendered":"\u0410\u0432\u0442\u043e\u043c\u0430\u0442\u0438\u0447\u0435\u0441\u043a\u0438\u0439 \u0442\u0430\u0439\u043c\u0435\u0440 \u043f\u043e\u043b\u0438\u0432\u0430 \u0441 \u0434\u0432\u0443\u043c\u044f \u0440\u043e\u0437\u0435\u0442\u043a\u0430\u043c\u0438"},"content":{"rendered":"<p>\u041f\u0440\u0435\u0432\u0440\u0430\u0442\u0438\u0442\u0435 \u0441\u0432\u043e\u0439 \u0441\u0430\u0434\u043e\u0432\u044b\u0439 \u0448\u043b\u0430\u043d\u0433 \u0432 \u043f\u0440\u043e\u0433\u0440\u0430\u043c\u043c\u0438\u0440\u0443\u0435\u043c\u0443\u044e \u0441\u0438\u0441\u0442\u0435\u043c\u0443 \u043f\u043e\u043b\u0438\u0432\u0430 \u0441 \u043f\u043e\u043c\u043e\u0449\u044c\u044e \u043d\u0430\u0448\u0435\u0433\u043e \u0430\u0432\u0442\u043e\u043c\u0430\u0442\u0438\u0447\u0435\u0441\u043a\u043e\u0433\u043e \u0446\u0438\u0444\u0440\u043e\u0432\u043e\u0433\u043e \u0442\u0430\u0439\u043c\u0435\u0440\u0430! \u0422\u0430\u0439\u043c\u0435\u0440 \u043f\u043e\u0437\u0430\u0431\u043e\u0442\u0438\u0442\u0441\u044f \u043e \u043f\u043e\u043b\u0438\u0432\u0435 \u0432\u0430\u0448\u0438\u0445 \u0440\u0430\u0441\u0442\u0435\u043d\u0438\u0439, \u043d\u0435\u0437\u0430\u0432\u0438\u0441\u0438\u043c\u043e \u043e\u0442 \u0442\u043e\u0433\u043e, \u043d\u0443\u0436\u043d\u043e \u043b\u0438 \u0432\u0430\u043c \u043f\u043e\u043b\u0438\u0432\u0430\u0442\u044c \u0432 \u043e\u043f\u0440\u0435\u0434\u0435\u043b\u0435\u043d\u043d\u044b\u0435 \u0434\u043d\u0438 \u043d\u0435\u0434\u0435\u043b\u0438 \u0438\u043b\u0438 \u043a\u0430\u0436\u0434\u044b\u0435 \u043d\u0435\u0441\u043a\u043e\u043b\u044c\u043a\u043e \u0434\u043d\u0435\u0439. \u041e\u043d \u0438\u0434\u0435\u0430\u043b\u044c\u043d\u043e \u043f\u043e\u0434\u0445\u043e\u0434\u0438\u0442 \u0434\u043b\u044f \u043f\u043e\u043b\u0438\u0432\u0430 \u0433\u0430\u0437\u043e\u043d\u0430, \u0441\u0430\u0434\u0430, \u0434\u0432\u043e\u0440\u0430, \u0442\u0435\u043f\u043b\u0438\u0446\u044b, \u043a\u043b\u0443\u043c\u0431\u044b \u0438 \u0442.\u0434.<\/p>\n<\/p>\n<p>\u0426\u0438\u0444\u0440\u043e\u0432\u043e\u0439 \u0442\u0430\u0439\u043c\u0435\u0440 \u043f\u043e\u043b\u0438\u0432\u0430 \u043e\u0441\u043d\u0430\u0449\u0435\u043d \u0434\u0432\u0443\u043c\u044f \u0438\u043c\u043f\u0443\u043b\u044c\u0441\u043d\u044b\u043c\u0438 \u044d\u043b\u0435\u043a\u0442\u0440\u043e\u043c\u0430\u0433\u043d\u0438\u0442\u043d\u044b\u043c\u0438 \u043a\u043b\u0430\u043f\u0430\u043d\u0430\u043c\u0438 \u0441 \u0433\u0438\u0431\u043a\u0438\u043c\u0438 \u043d\u0430\u0441\u0442\u0440\u043e\u0439\u043a\u0430\u043c\u0438. \u041f\u043e\u0434\u0441\u043e\u0435\u0434\u0438\u043d\u0438\u0442\u0435 \u0434\u0432\u0430 \u0448\u043b\u0430\u043d\u0433\u0430 \u0438 \u043d\u0430\u0441\u0442\u0440\u043e\u0439\u0442\u0435 \u043a\u0430\u0436\u0434\u044b\u0439 \u0438\u0437 \u043d\u0438\u0445 \u0432 \u0441\u043e\u043e\u0442\u0432\u0435\u0442\u0441\u0442\u0432\u0438\u0438 \u0441 \u0432\u0430\u0448\u0438\u043c\u0438 \u043f\u043e\u0442\u0440\u0435\u0431\u043d\u043e\u0441\u0442\u044f\u043c\u0438 \u0432 \u043f\u043e\u043b\u0438\u0432\u0435 \u0438 \u0447\u0430\u0441\u0442\u043e\u0442\u0435. \u041a\u0440\u043e\u043c\u0435 \u0442\u043e\u0433\u043e, \u0444\u0443\u043d\u043a\u0446\u0438\u044f \u0437\u0430\u0434\u0435\u0440\u0436\u043a\u0438 \u043f\u043e\u043b\u0438\u0432\u0430 \u0432 \u0441\u043b\u0443\u0447\u0430\u0435 \u0434\u043e\u0436\u0434\u044f \u043f\u043e\u0437\u0432\u043e\u043b\u044f\u0435\u0442 \u043b\u0435\u0433\u043a\u043e \u043f\u0440\u043e\u043f\u0443\u0441\u043a\u0430\u0442\u044c \u0441\u0435\u0430\u043d\u0441\u044b \u043f\u043e\u043b\u0438\u0432\u0430 \u0432 \u0434\u043e\u0436\u0434\u043b\u0438\u0432\u044b\u0435 \u0434\u043d\u0438 \u0438 \u043f\u043e\u0441\u043b\u0435 \u043d\u0438\u0445, \u043d\u0435 \u043f\u0440\u0435\u0440\u044b\u0432\u0430\u044f \u0437\u0430\u043f\u0440\u043e\u0433\u0440\u0430\u043c\u043c\u0438\u0440\u043e\u0432\u0430\u043d\u043d\u044b\u0435 \u0446\u0438\u043a\u043b\u044b \u043f\u043e\u043b\u0438\u0432\u0430.<\/p>\n<ul>\n<li>\u0426\u0432\u0435\u0442: \u0447\u0435\u0440\u043d\u044b\u0439, \u0441\u0438\u043d\u0438\u0439 \u0438 \u0441\u0435\u0440\u044b\u0439<\/li>\n<li>\u041c\u0430\u0442\u0435\u0440\u0438\u0430\u043b: ABS<\/li>\n<li>\u0420\u0430\u0437\u043c\u0435\u0440\u044b: 15 x 9 x 14 \u0441\u043c (\u0414 x \u0428 x \u0412)<\/li>\n<li>2 \u0438\u043c\u043f\u0443\u043b\u044c\u0441\u043d\u044b\u0445 \u044d\u043b\u0435\u043a\u0442\u0440\u043e\u043c\u0430\u0433\u043d\u0438\u0442\u043d\u044b\u0445 \u043a\u043b\u0430\u043f\u0430\u043d\u0430<\/li>\n<li>\u0420\u0430\u0431\u043e\u0447\u0435\u0435 \u0434\u0430\u0432\u043b\u0435\u043d\u0438\u0435 \u0432\u043e\u0434\u044b: 0,5-8 \u0431\u0430\u0440<\/li>\n<li>\u0423\u0440\u043e\u0432\u0435\u043d\u044c IP: IP 66<\/li>\n<li>\u041b\u0435\u0433\u043a\u043e \u0447\u0438\u0442\u0430\u0435\u043c\u044b\u0439 \u0416\u041a-\u0434\u0438\u0441\u043f\u043b\u0435\u0439<\/li>\n<li>\u0420\u0430\u0431\u043e\u0447\u0435\u0435 \u043d\u0430\u043f\u0440\u044f\u0436\u0435\u043d\u0438\u0435: 3 \u0412\u2393<\/li>\n<li>\u0414\u043b\u044f \u0440\u0430\u0431\u043e\u0442\u044b \u0442\u0440\u0435\u0431\u0443\u044e\u0442\u0441\u044f 2 \u0449\u0435\u043b\u043e\u0447\u043d\u044b\u0435 \u0431\u0430\u0442\u0430\u0440\u0435\u0439\u043a\u0438 \u0442\u0438\u043f\u0430 \u0410\u0410 1,5 \u0412 (\u0432 \u043a\u043e\u043c\u043f\u043b\u0435\u043a\u0442 \u043d\u0435 \u0432\u0445\u043e\u0434\u044f\u0442).<\/li>\n<li>\u0421 \u0437\u0430\u0449\u0438\u0442\u043d\u044b\u043c \u0447\u0435\u0445\u043b\u043e\u043c<\/li>\n<li>\u0421 \u0434\u0432\u0443\u043c\u044f \u0442\u043e\u0440\u0433\u043e\u0432\u044b\u043c\u0438 \u0442\u043e\u0447\u043a\u0430\u043c\u0438<\/li>\n<li>\u041f\u043e\u0434\u0445\u043e\u0434\u0438\u0442 \u0434\u043b\u044f \u043c\u0435\u0442\u0447\u0438\u043a\u043e\u0432 \u0434\u0438\u0430\u043c\u0435\u0442\u0440\u043e\u043c 3\/4\u201d (20 \u043c\u043c) \u0438\u043b\u0438 1\u201d (25 \u043c\u043c).<\/li>\n<li>\u0413\u0438\u0431\u043a\u0438\u0435 \u043d\u0430\u0441\u0442\u0440\u043e\u0439\u043a\u0438 (S = \u0441\u0435\u043a\u0443\u043d\u0434\u0430, M = \u043c\u0438\u043d\u0443\u0442\u0430, H = \u0447\u0430\u0441, D = \u0434\u0435\u043d\u044c):<\/li>\n<li>\u041f\u0440\u043e\u0434\u043e\u043b\u0436\u0438\u0442\u0435\u043b\u044c\u043d\u043e\u0441\u0442\u044c \u043f\u043e\u043b\u0438\u0432\u0430: 0 (\u0432\u044b\u043a\u043b), 15 \u0441, 30 \u0441, \u043e\u0442 1 \u0434\u043e 240 \u043c\u0438\u043d.<\/li>\n<li>\u0427\u0430\u0441\u0442\u043e\u0442\u0430 \u043f\u043e\u043b\u0438\u0432\u0430: 30 \u0441, 1 \u043c\u0438\u043d, 3 \u043c\u0438\u043d, 5 \u043c\u0438\u043d, 1 \u0447, 2 \u0447, 4 \u0447, 12 \u0447, 1 \u0434, 2 \u0434, 3 \u0434, 4 \u0434, 5 \u0434, 6 \u0434, 7 \u0434 <\/li>\n<li>\u0417\u0430\u0434\u0435\u0440\u0436\u043a\u0430 \u0434\u043e\u0436\u0434\u044f: 0, 1D, 2D, 3D, 4D, 5D, 6D, 7D.<\/li>\n<\/ul>","protected":false},"excerpt":{"rendered":"<p>Muutke voolikukraan meie automaatse digitaalse kastmistaimeriga programmeeritud sprinklers\u00fcsteemiks! Kastmistaimer hoolitseb taimede kastmise eest, \u00fcksk\u00f5ik kas teil on vaja kasta kindlatel n\u00e4dalap\u00e4evadel v\u00f5i&hellip;<\/p>","protected":false},"featured_media":339863,"comment_status":"open","ping_status":"closed","template":"","meta":{"wprm-recipe-roundup-name":"","wprm-recipe-roundup-description":""},"product_brand":[],"product_cat":[4615],"product_tag":[2127,4777,536,883,540,4852,4860],"class_list":{"0":"post-339870","1":"product","2":"type-product","3":"status-publish","4":"has-post-thumbnail","6":"product_cat-muruhooldus","7":"product_tag-aed-ja-muru","8":"product_tag-kastmine-ja-niisutamine","9":"product_tag-kodu-ja-aed","10":"product_tag-mitmevarviline","11":"product_tag-parcel","12":"product_tag-vihmutisusteemid","13":"product_tag-vihmutite-juhtimine","14":"pa_brand-vidaxl","16":"first","17":"instock","18":"taxable","19":"shipping-taxable","20":"purchasable","21":"product-type-simple"},"supplier_id":null,"supplier_sku":"","barcode":null,"atum_controlled":false,"out_stock_date":null,"out_stock_threshold":null,"inheritable":false,"inbound_stock":null,"stock_on_hold":0,"sold_today":0,"sales_last_days":0,"reserved_stock":null,"customer_returns":null,"warehouse_damage":null,"lost_in_post":null,"other_logs":null,"out_stock_days":0,"lost_sales":0,"has_location":null,"update_date":"2026-04-13T13:44:45","atum_locations":[],"atum_stock_status":"instock","restock_status":false,"low_stock_amount":"","sales_update_date":"2026-03-07T01:17:29","calc_backorders":null,"aioseo_notices":[],"_links":{"self":[{"href":"https:\/\/ecoshop.ee\/ru\/wp-json\/wp\/v2\/product\/339870","targetHints":{"allow":["GET"]}}],"collection":[{"href":"https:\/\/ecoshop.ee\/ru\/wp-json\/wp\/v2\/product"}],"about":[{"href":"https:\/\/ecoshop.ee\/ru\/wp-json\/wp\/v2\/types\/product"}],"replies":[{"embeddable":true,"href":"https:\/\/ecoshop.ee\/ru\/wp-json\/wp\/v2\/comments?post=339870"}],"version-history":[{"count":0,"href":"https:\/\/ecoshop.ee\/ru\/wp-json\/wp\/v2\/product\/339870\/revisions"}],"wp:featuredmedia":[{"embeddable":true,"href":"https:\/\/ecoshop.ee\/ru\/wp-json\/wp\/v2\/media\/339863"}],"wp:attachment":[{"href":"https:\/\/ecoshop.ee\/ru\/wp-json\/wp\/v2\/media?parent=339870"}],"wp:term":[{"taxonomy":"product_brand","embeddable":true,"href":"https:\/\/ecoshop.ee\/ru\/wp-json\/wp\/v2\/product_brand?post=339870"},{"taxonomy":"product_cat","embeddable":true,"href":"https:\/\/ecoshop.ee\/ru\/wp-json\/wp\/v2\/product_cat?post=339870"},{"taxonomy":"product_tag","embeddable":true,"href":"https:\/\/ecoshop.ee\/ru\/wp-json\/wp\/v2\/product_tag?post=339870"}],"curies":[{"name":"wp","href":"https:\/\/api.w.org\/{rel}","templated":true}]}}