{"id":341266,"date":"2026-02-27T21:59:23","date_gmt":"2026-02-27T18:59:23","guid":{"rendered":"https:\/\/ecoshop.ee\/maaratlemata\/kasvuhooned-2-tk-immutatud-mannipuit-200-x-50-x-35-cm\/"},"modified":"2026-05-12T21:37:48","modified_gmt":"2026-05-12T18:37:48","slug":"%d1%82%d0%b5%d0%bf%d0%bb%d0%b8%d1%86%d1%8b-2-%d1%88%d1%82-%d0%bf%d1%80%d0%be%d0%bf%d0%b8%d1%82%d0%b0%d0%bd%d0%bd%d0%b0%d1%8f-%d0%b4%d1%80%d0%b5%d0%b2%d0%b5%d1%81%d0%b8%d0%bd%d0%b0-%d0%bc%d0%b0-2","status":"publish","type":"product","link":"https:\/\/ecoshop.ee\/ru\/kasvuhooned\/kasvuhooned-2-tk-immutatud-mannipuit-200-x-50-x-35-cm\/","title":{"rendered":"\u0422\u0435\u043f\u043b\u0438\u0446\u044b, 2 \u0448\u0442., \u043f\u0440\u043e\u043f\u0438\u0442\u0430\u043d\u043d\u0430\u044f \u0441\u043e\u0441\u043d\u043e\u0432\u0430\u044f \u0434\u0440\u0435\u0432\u0435\u0441\u0438\u043d\u0430, 200 x 50 x 35 \u0441\u043c."},"content":{"rendered":"<p>\u0414\u0435\u0440\u0435\u0432\u044f\u043d\u043d\u044b\u0435 \u0442\u0435\u043f\u043b\u0438\u0446\u044b \u0438\u0434\u0435\u0430\u043b\u044c\u043d\u043e \u043f\u043e\u0434\u0445\u043e\u0434\u044f\u0442 \u0434\u043b\u044f \u043b\u044e\u0431\u0438\u0442\u0435\u043b\u0435\u0439 \u0441\u0430\u0434\u043e\u0432\u043e\u0434\u0441\u0442\u0432\u0430, \u0436\u0435\u043b\u0430\u044e\u0449\u0438\u0445 \u0432\u044b\u0440\u0430\u0449\u0438\u0432\u0430\u0442\u044c \u0446\u0432\u0435\u0442\u044b \u0438\u043b\u0438 \u0440\u0430\u0441\u0442\u0435\u043d\u0438\u044f \u0432 \u0441\u0430\u0434\u0443.<\/p>\n<\/p>\n<p>\u041f\u0440\u0438\u043f\u043e\u0434\u043d\u044f\u0442\u044b\u0435 \u043a\u043b\u0443\u043c\u0431\u044b \u0438\u043c\u0435\u044e\u0442 \u043f\u0440\u043e\u0441\u0442\u043e\u0439, \u0434\u0435\u0440\u0435\u0432\u0435\u043d\u0441\u043a\u0438\u0439 \u0434\u0438\u0437\u0430\u0439\u043d \u0438 \u043f\u0440\u043e\u0447\u043d\u0443\u044e \u043a\u043e\u043d\u0441\u0442\u0440\u0443\u043a\u0446\u0438\u044e, \u043a\u043e\u0442\u043e\u0440\u0430\u044f \u0434\u043e\u0431\u0430\u0432\u0438\u0442 \u0435\u0441\u0442\u0435\u0441\u0442\u0432\u0435\u043d\u043d\u043e\u0441\u0442\u0438 \u0432\u0430\u0448\u0435\u043c\u0443 \u0441\u0430\u0434\u0443. \u0412 \u043a\u043b\u0443\u043c\u0431\u0430\u0445 \u043c\u043e\u0436\u043d\u043e \u0440\u0430\u0437\u043c\u0435\u0441\u0442\u0438\u0442\u044c \u0448\u0438\u0440\u043e\u043a\u0438\u0439 \u0441\u043f\u0435\u043a\u0442\u0440 \u0440\u0430\u0441\u0442\u0435\u043d\u0438\u0439 \u0438 \u0446\u0432\u0435\u0442\u043e\u0432. \u041e\u043d\u0438 \u0438\u0437\u0433\u043e\u0442\u043e\u0432\u043b\u0435\u043d\u044b \u0438\u0437 \u0432\u044b\u0441\u043e\u043a\u043e\u043a\u0430\u0447\u0435\u0441\u0442\u0432\u0435\u043d\u043d\u043e\u0439 \u043f\u0440\u043e\u043f\u0438\u0442\u0430\u043d\u043d\u043e\u0439 \u0441\u043e\u0441\u043d\u043e\u0432\u043e\u0439 \u0434\u0440\u0435\u0432\u0435\u0441\u0438\u043d\u044b, \u043a\u043e\u0442\u043e\u0440\u0430\u044f \u0434\u043e\u043b\u0433\u043e\u0432\u0435\u0447\u043d\u0430, \u0443\u0441\u0442\u043e\u0439\u0447\u0438\u0432\u0430 \u043a \u043f\u043e\u0433\u043e\u0434\u043d\u044b\u043c \u0443\u0441\u043b\u043e\u0432\u0438\u044f\u043c \u0438 \u0433\u043d\u0438\u0435\u043d\u0438\u044e. \u0411\u043b\u0430\u0433\u043e\u0434\u0430\u0440\u044f \u0443\u043d\u0438\u043a\u0430\u043b\u044c\u043d\u043e\u0439 \u043a\u043e\u043d\u0441\u0442\u0440\u0443\u043a\u0446\u0438\u0438 \u043a\u0440\u044b\u0448\u0438 \u043e\u043d\u0438 \u043e\u0431\u0435\u0441\u043f\u0435\u0447\u0438\u0432\u0430\u044e\u0442 \u0442\u0435\u043f\u043b\u043e \u0438 \u0437\u0430\u0449\u0438\u0442\u0443 \u043e\u0442 \u0445\u043e\u043b\u043e\u0434\u043d\u043e\u0439 \u043f\u043e\u0433\u043e\u0434\u044b. \u0421\u0430\u0434\u043e\u0432\u044b\u0435 \u044f\u0449\u0438\u043a\u0438 \u043b\u0435\u0433\u043a\u043e \u0441\u043e\u0431\u0438\u0440\u0430\u044e\u0442\u0441\u044f.<\/p>\n<\/p>\n<p>\u041e\u0431\u0440\u0430\u0442\u0438\u0442\u0435 \u0432\u043d\u0438\u043c\u0430\u043d\u0438\u0435, \u0447\u0442\u043e \u0434\u0440\u0435\u0432\u0435\u0441\u0438\u043d\u0430 \u2014 \u044d\u0442\u043e \u043d\u0430\u0442\u0443\u0440\u0430\u043b\u044c\u043d\u044b\u0439 \u043f\u0440\u043e\u0434\u0443\u043a\u0442, \u0438 \u043e\u043d\u0430 \u043c\u043e\u0436\u0435\u0442 \u0438\u043c\u0435\u0442\u044c \u0434\u0435\u0444\u0435\u043a\u0442\u044b.<\/p>\n<ul>\n<li>\u0426\u0432\u0435\u0442: \u043d\u0430\u0442\u0443\u0440\u0430\u043b\u044c\u043d\u044b\u0439<\/li>\n<li>\u041c\u0430\u0442\u0435\u0440\u0438\u0430\u043b: \u043f\u0440\u043e\u043f\u0438\u0442\u0430\u043d\u043d\u0430\u044f \u0441\u043e\u0441\u043d\u043e\u0432\u0430\u044f \u0434\u0440\u0435\u0432\u0435\u0441\u0438\u043d\u0430, \u041f\u0412\u0425.<\/li>\n<li>\u0420\u0430\u0437\u043c\u0435\u0440\u044b: 200 x 50 x 25\/35 \u0441\u043c (\u0428 x \u0413 x \u0412)<\/li>\n<li>\u0421 \u043a\u0440\u044b\u0448\u0435\u0439<\/li>\n<li>\u041f\u043e\u0434\u0445\u043e\u0434\u0438\u0442 \u0434\u043b\u044f \u0434\u0432\u043e\u0440\u0430<\/li>\n<li>\u0422\u0440\u0435\u0431\u0443\u0435\u0442\u0441\u044f \u0441\u0431\u043e\u0440\u043a\u0430: \u0434\u0430<\/li>\n<li><strong>\u0412 \u043a\u043e\u043c\u043f\u043b\u0435\u043a\u0442 \u0432\u0445\u043e\u0434\u044f\u0442: <\/strong><\/li>\n<li>2 \u0442\u0435\u043f\u043b\u0438\u0446\u044b<\/li>\n<\/ul>","protected":false},"excerpt":{"rendered":"<p>Puidust kasvuhooned sobivad suurep\u00e4raselt aiandushuvilistele, kes soovivad aias lilli v\u00f5i taimi kasvatada. K\u00f5rgendatud taimelavad on tagasihoidliku maal\u00e4hedase disaini ja tugeva konstruktsiooniga, mis&hellip;<\/p>","protected":false},"featured_media":341260,"comment_status":"open","ping_status":"closed","template":"","meta":{"wprm-recipe-roundup-name":"","wprm-recipe-roundup-description":""},"product_brand":[],"product_cat":[4618],"product_tag":[2127,2128,4957,536,955,879],"class_list":{"0":"post-341266","1":"product","2":"type-product","3":"status-publish","4":"has-post-thumbnail","6":"product_cat-kasvuhooned","7":"product_tag-aed-ja-muru","8":"product_tag-aiandus","9":"product_tag-kasvuhooned","10":"product_tag-kodu-ja-aed","11":"product_tag-pallet","12":"product_tag-roheline","13":"pa_brand-vidaxl","15":"first","16":"instock","17":"taxable","18":"shipping-taxable","19":"purchasable","20":"product-type-simple"},"supplier_id":null,"supplier_sku":"","barcode":null,"atum_controlled":false,"out_stock_date":null,"out_stock_threshold":null,"inheritable":false,"inbound_stock":null,"stock_on_hold":null,"sold_today":null,"sales_last_days":null,"reserved_stock":null,"customer_returns":null,"warehouse_damage":null,"lost_in_post":null,"other_logs":null,"out_stock_days":null,"lost_sales":null,"has_location":null,"update_date":"2026-05-12T18:37:49","atum_locations":[],"atum_stock_status":"instock","restock_status":false,"low_stock_amount":"","sales_update_date":null,"calc_backorders":null,"aioseo_notices":[],"_links":{"self":[{"href":"https:\/\/ecoshop.ee\/ru\/wp-json\/wp\/v2\/product\/341266","targetHints":{"allow":["GET"]}}],"collection":[{"href":"https:\/\/ecoshop.ee\/ru\/wp-json\/wp\/v2\/product"}],"about":[{"href":"https:\/\/ecoshop.ee\/ru\/wp-json\/wp\/v2\/types\/product"}],"replies":[{"embeddable":true,"href":"https:\/\/ecoshop.ee\/ru\/wp-json\/wp\/v2\/comments?post=341266"}],"version-history":[{"count":0,"href":"https:\/\/ecoshop.ee\/ru\/wp-json\/wp\/v2\/product\/341266\/revisions"}],"wp:featuredmedia":[{"embeddable":true,"href":"https:\/\/ecoshop.ee\/ru\/wp-json\/wp\/v2\/media\/341260"}],"wp:attachment":[{"href":"https:\/\/ecoshop.ee\/ru\/wp-json\/wp\/v2\/media?parent=341266"}],"wp:term":[{"taxonomy":"product_brand","embeddable":true,"href":"https:\/\/ecoshop.ee\/ru\/wp-json\/wp\/v2\/product_brand?post=341266"},{"taxonomy":"product_cat","embeddable":true,"href":"https:\/\/ecoshop.ee\/ru\/wp-json\/wp\/v2\/product_cat?post=341266"},{"taxonomy":"product_tag","embeddable":true,"href":"https:\/\/ecoshop.ee\/ru\/wp-json\/wp\/v2\/product_tag?post=341266"}],"curies":[{"name":"wp","href":"https:\/\/api.w.org\/{rel}","templated":true}]}}