{"id":356790,"date":"2026-02-28T06:16:09","date_gmt":"2026-02-28T03:16:09","guid":{"rendered":"https:\/\/ecoshop.ee\/maaratlemata\/aiakaar-tumeroheline-142-x-37-x-275-cm-raud\/"},"modified":"2026-05-15T09:27:17","modified_gmt":"2026-05-15T06:27:17","slug":"%d1%81%d0%b0%d0%b4%d0%be%d0%b2%d0%b0%d1%8f-%d0%b0%d1%80%d0%ba%d0%b0-%d1%82%d0%b5%d0%bc%d0%bd%d0%be-%d0%b7%d0%b5%d0%bb%d0%b5%d0%bd%d0%be%d0%b3%d0%be-%d1%86%d0%b2%d0%b5%d1%82%d0%b0-142-x-37-x-275","status":"publish","type":"product","link":"https:\/\/ecoshop.ee\/ru\/taimetoed-ja-aiakaared\/aiakaar-tumeroheline-142-x-37-x-275-cm-raud\/","title":{"rendered":"\u0421\u0430\u0434\u043e\u0432\u0430\u044f \u0430\u0440\u043a\u0430, \u0442\u0435\u043c\u043d\u043e-\u0437\u0435\u043b\u0435\u043d\u0430\u044f, 142 x 37 x 275 \u0441\u043c, \u0436\u0435\u043b\u0435\u0437\u043e."},"content":{"rendered":"<p>\u0421\u0430\u0434\u043e\u0432\u0430\u044f \u0430\u0440\u043a\u0430 \u2014 \u044d\u0442\u043e \u043f\u0440\u043e\u0441\u0442\u043e\u0439 \u0438 \u043a\u0440\u0430\u0441\u0438\u0432\u044b\u0439 \u0441\u043f\u043e\u0441\u043e\u0431 \u0434\u043e\u0431\u0430\u0432\u0438\u0442\u044c \u044d\u043b\u0435\u0433\u0430\u043d\u0442\u043d\u043e\u0441\u0442\u0438 \u0432\u0430\u0448\u0435\u043c\u0443 \u0441\u0430\u0434\u0443. \u0412\u044b \u043c\u043e\u0436\u0435\u0442\u0435 \u0438\u0441\u043f\u043e\u043b\u044c\u0437\u043e\u0432\u0430\u0442\u044c \u0435\u0435 \u0432 \u043a\u0430\u0447\u0435\u0441\u0442\u0432\u0435 \u043e\u043f\u043e\u0440\u044b \u0434\u043b\u044f \u0432\u044c\u044e\u0449\u0438\u0445\u0441\u044f \u0440\u0430\u0441\u0442\u0435\u043d\u0438\u0439 \u0438\u043b\u0438 \u0443\u043a\u0440\u0430\u0441\u0438\u0442\u044c \u0446\u0432\u0435\u0442\u0430\u043c\u0438 \u0438\u043b\u0438 \u0432\u043e\u0437\u0434\u0443\u0448\u043d\u044b\u043c\u0438 \u0448\u0430\u0440\u0430\u043c\u0438 \u0434\u043b\u044f \u0441\u0432\u0430\u0434\u0435\u0431 \u0438 \u0434\u0440\u0443\u0433\u0438\u0445 \u0442\u043e\u0440\u0436\u0435\u0441\u0442\u0432\u0435\u043d\u043d\u044b\u0445 \u043c\u0435\u0440\u043e\u043f\u0440\u0438\u044f\u0442\u0438\u0439.<\/p>\n<\/p>\n<p>\u0411\u0435\u0441\u0435\u0434\u043a\u0430 \u0438\u0437 \u0436\u0435\u043b\u0435\u0437\u043d\u044b\u0445 \u0442\u0440\u0443\u0431 \u043f\u043e\u043a\u0440\u044b\u0442\u0430 \u0430\u0442\u043c\u043e\u0441\u0444\u0435\u0440\u043e\u0441\u0442\u043e\u0439\u043a\u043e\u0439 \u0447\u0435\u0440\u043d\u043e\u0439 \u044d\u043f\u043e\u043a\u0441\u0438\u0434\u043d\u043e\u0439 \u0441\u043c\u043e\u043b\u043e\u0439, \u0447\u0442\u043e \u0434\u0435\u043b\u0430\u0435\u0442 \u0435\u0435 \u043f\u0440\u043e\u0447\u043d\u043e\u0439 \u0438 \u043f\u0440\u043e\u0441\u0442\u043e\u0439 \u0432 \u0443\u0445\u043e\u0434\u0435. \u0421\u0430\u0434\u043e\u0432\u0430\u044f \u0430\u0440\u043a\u0430 \u043b\u0435\u0433\u043a\u043e \u0441\u043e\u0431\u0438\u0440\u0430\u0435\u0442\u0441\u044f.<\/p>\n<ul>\n<li>\u0426\u0432\u0435\u0442: \u0442\u0435\u043c\u043d\u043e-\u0437\u0435\u043b\u0435\u043d\u044b\u0439<\/li>\n<li>\u041c\u0430\u0442\u0435\u0440\u0438\u0430\u043b: \u0436\u0435\u043b\u0435\u0437\u043e \u0441 \u043f\u043e\u0440\u043e\u0448\u043a\u043e\u0432\u044b\u043c \u043f\u043e\u043a\u0440\u044b\u0442\u0438\u0435\u043c, \u043f\u043b\u0430\u0441\u0442\u0438\u043a.<\/li>\n<li>\u0420\u0430\u0437\u043c\u0435\u0440\u044b: 142 x 37 x 275 \u0441\u043c (\u0428 x \u0413 x \u0412)<\/li>\n<li>\u0412\u043b\u0430\u0433\u043e\u0441\u0442\u043e\u0439\u043a\u0438\u0439<\/li>\n<li>\u0422\u0440\u0435\u0431\u0443\u0435\u0442\u0441\u044f \u0441\u0431\u043e\u0440\u043a\u0430: \u0434\u0430<\/li>\n<\/ul>","protected":false},"excerpt":{"rendered":"<p>Aiakaar on lihtne ja kena viis aeda elegantse noodi lisamiseks. Saate seda kasutada kaartoena ronitaimedele v\u00f5i kaunistada seda lillede v\u00f5i \u00f5hupallidega pulmade&hellip;<\/p>","protected":false},"featured_media":356784,"comment_status":"open","ping_status":"closed","template":"","meta":{"wprm-recipe-roundup-name":"","wprm-recipe-roundup-description":""},"product_brand":[],"product_cat":[7039],"product_tag":[7079,7078,2127,7077,7051,536,4867,540,879],"class_list":{"0":"post-356790","1":"product","2":"type-product","3":"status-publish","4":"has-post-thumbnail","6":"product_cat-taimetoed-ja-aiakaared","7":"product_tag-plaadid-ja-varjualused","8":"product_tag-vored","9":"product_tag-aed-ja-muru","10":"product_tag-aiakaared","11":"product_tag-aiakujundus","12":"product_tag-kodu-ja-aed","13":"product_tag-ouetegevused","14":"product_tag-parcel","15":"product_tag-roheline","16":"pa_brand-vidaxl","18":"first","19":"instock","20":"taxable","21":"shipping-taxable","22":"purchasable","23":"product-type-simple"},"supplier_id":null,"supplier_sku":"","barcode":null,"atum_controlled":false,"out_stock_date":null,"out_stock_threshold":null,"inheritable":false,"inbound_stock":null,"stock_on_hold":0,"sold_today":0,"sales_last_days":0,"reserved_stock":null,"customer_returns":null,"warehouse_damage":null,"lost_in_post":null,"other_logs":null,"out_stock_days":0,"lost_sales":0,"has_location":null,"update_date":"2026-05-15T06:27:18","atum_locations":[],"atum_stock_status":"instock","restock_status":false,"low_stock_amount":"","sales_update_date":"2026-03-07T01:13:07","calc_backorders":null,"aioseo_notices":[],"_links":{"self":[{"href":"https:\/\/ecoshop.ee\/ru\/wp-json\/wp\/v2\/product\/356790","targetHints":{"allow":["GET"]}}],"collection":[{"href":"https:\/\/ecoshop.ee\/ru\/wp-json\/wp\/v2\/product"}],"about":[{"href":"https:\/\/ecoshop.ee\/ru\/wp-json\/wp\/v2\/types\/product"}],"replies":[{"embeddable":true,"href":"https:\/\/ecoshop.ee\/ru\/wp-json\/wp\/v2\/comments?post=356790"}],"version-history":[{"count":0,"href":"https:\/\/ecoshop.ee\/ru\/wp-json\/wp\/v2\/product\/356790\/revisions"}],"wp:featuredmedia":[{"embeddable":true,"href":"https:\/\/ecoshop.ee\/ru\/wp-json\/wp\/v2\/media\/356784"}],"wp:attachment":[{"href":"https:\/\/ecoshop.ee\/ru\/wp-json\/wp\/v2\/media?parent=356790"}],"wp:term":[{"taxonomy":"product_brand","embeddable":true,"href":"https:\/\/ecoshop.ee\/ru\/wp-json\/wp\/v2\/product_brand?post=356790"},{"taxonomy":"product_cat","embeddable":true,"href":"https:\/\/ecoshop.ee\/ru\/wp-json\/wp\/v2\/product_cat?post=356790"},{"taxonomy":"product_tag","embeddable":true,"href":"https:\/\/ecoshop.ee\/ru\/wp-json\/wp\/v2\/product_tag?post=356790"}],"curies":[{"name":"wp","href":"https:\/\/api.w.org\/{rel}","templated":true}]}}