{"id":356798,"date":"2026-02-28T06:16:20","date_gmt":"2026-02-28T03:16:20","guid":{"rendered":"https:\/\/ecoshop.ee\/maaratlemata\/lehtla-immutatud-mannipuit-180-x-210-x-40-cm\/"},"modified":"2026-05-15T09:27:17","modified_gmt":"2026-05-15T06:27:17","slug":"%d0%b1%d0%b5%d1%81%d0%b5%d0%b4%d0%ba%d0%b0-%d0%b8%d0%b7-%d0%bf%d1%80%d0%be%d0%bf%d0%b8%d1%82%d0%b0%d0%bd%d0%bd%d0%be%d0%b9-%d0%b4%d1%80%d0%b5%d0%b2%d0%b5%d1%81%d0%b8%d0%bd%d1%8b-%d0%bc%d0%b0%d0%bd-3","status":"publish","type":"product","link":"https:\/\/ecoshop.ee\/ru\/taimetoed-ja-aiakaared\/lehtla-immutatud-mannipuit-180-x-210-x-40-cm\/","title":{"rendered":"\u0411\u0435\u0441\u0435\u0434\u043a\u0430, \u0438\u0437 \u043f\u0440\u043e\u043f\u0438\u0442\u0430\u043d\u043d\u043e\u0439 \u0441\u043e\u0441\u043d\u044b, 180 x 210 x 40 \u0441\u043c."},"content":{"rendered":"<p>\u0423\u043a\u0440\u0430\u0441\u044c\u0442\u0435 \u0441\u0432\u043e\u0439 \u0441\u0430\u0434 \u043f\u0440\u043e\u0447\u043d\u043e\u0439 \u0441\u043e\u0441\u043d\u043e\u0432\u043e\u0439 \u0431\u0435\u0441\u0435\u0434\u043a\u043e\u0439, \u043a\u043e\u0442\u043e\u0440\u0430\u044f \u043e\u0431\u0435\u0441\u043f\u0435\u0447\u0438\u0442 \u043d\u0430\u0434\u0435\u0436\u043d\u0443\u044e \u043e\u043f\u043e\u0440\u0443 \u0434\u043b\u044f \u0432\u044c\u044e\u0449\u0438\u0445\u0441\u044f \u0440\u0430\u0441\u0442\u0435\u043d\u0438\u0439 \u0438 \u0441\u043e\u0437\u0434\u0430\u0441\u0442 \u043f\u0440\u0435\u043a\u0440\u0430\u0441\u043d\u0443\u044e \u0437\u043e\u043d\u0443 \u043e\u0442\u0434\u044b\u0445\u0430, \u0433\u0434\u0435 \u0432\u044b \u0441\u043c\u043e\u0436\u0435\u0442\u0435 \u0440\u0430\u0441\u0441\u043b\u0430\u0431\u0438\u0442\u044c\u0441\u044f \u0438 \u043f\u0440\u043e\u0432\u0435\u0441\u0442\u0438 \u0432\u0440\u0435\u043c\u044f.<\/p>\n<\/p>\n<p>\u0418\u0437\u0433\u043e\u0442\u043e\u0432\u043b\u0435\u043d\u043d\u0430\u044f \u0438\u0437 \u0432\u044b\u0441\u043e\u043a\u043e\u043a\u0430\u0447\u0435\u0441\u0442\u0432\u0435\u043d\u043d\u043e\u0439 \u0441\u043e\u0441\u043d\u043e\u0432\u043e\u0439 \u0434\u0440\u0435\u0432\u0435\u0441\u0438\u043d\u044b, \u043f\u0440\u043e\u043f\u0438\u0442\u0430\u043d\u043d\u043e\u0439 \u0437\u0435\u043b\u0435\u043d\u044b\u043c \u0441\u043e\u0441\u0442\u0430\u0432\u043e\u043c, \u044d\u0442\u0430 \u0431\u0435\u0441\u0435\u0434\u043a\u0430 \u043f\u0440\u043e\u0447\u043d\u0430\u044f, \u0434\u043e\u043b\u0433\u043e\u0432\u0435\u0447\u043d\u0430\u044f \u0438 \u0443\u0441\u0442\u043e\u0439\u0447\u0438\u0432\u0430\u044f \u043a \u0433\u043d\u0438\u0435\u043d\u0438\u044e. \u0411\u0435\u0441\u0435\u0434\u043a\u0430 \u043b\u0435\u0433\u043a\u043e \u0441\u043e\u0431\u0438\u0440\u0430\u0435\u0442\u0441\u044f. \u0412 \u043a\u043e\u043c\u043f\u043b\u0435\u043a\u0442 \u0432\u0445\u043e\u0434\u044f\u0442 2 \u0441\u0442\u043e\u043b\u0431\u0430, 1 \u0431\u0430\u043b\u043a\u0430, 2 \u043e\u043f\u043e\u0440\u044b, 5 \u0441\u0442\u0440\u043e\u043f\u0438\u043b \u0438 \u0448\u0443\u0440\u0443\u043f\u044b.<\/p>\n<\/p>\n<p>\u041e\u0431\u0440\u0430\u0442\u0438\u0442\u0435 \u0432\u043d\u0438\u043c\u0430\u043d\u0438\u0435, \u0447\u0442\u043e \u0434\u0440\u0435\u0432\u0435\u0441\u0438\u043d\u0430 \u2014 \u044d\u0442\u043e \u043d\u0430\u0442\u0443\u0440\u0430\u043b\u044c\u043d\u044b\u0439 \u043f\u0440\u043e\u0434\u0443\u043a\u0442, \u0438 \u043e\u043d\u0430 \u043c\u043e\u0436\u0435\u0442 \u0438\u043c\u0435\u0442\u044c \u0434\u0435\u0444\u0435\u043a\u0442\u044b.<\/p>\n<\/p>\n<p>\u041f\u043e\u043b\u0435\u0437\u043d\u043e \u0437\u043d\u0430\u0442\u044c: \u0438\u0437-\u0437\u0430 \u043e\u0433\u0440\u0430\u043d\u0438\u0447\u0435\u043d\u0438\u0439 \u043f\u043e\u0441\u0442\u0430\u0432\u0449\u0438\u043a\u0430 \u0440\u0430\u0437\u043c\u0435\u0440 \u0443\u043f\u0430\u043a\u043e\u0432\u043a\u0438 \u0441\u043e\u0441\u0442\u0430\u0432\u043b\u044f\u0435\u0442 120 \u0441\u043c \u0438\u043b\u0438 \u043c\u0435\u043d\u044c\u0448\u0435.<\/p>\n<ul>\n<li>\u041c\u0430\u0442\u0435\u0440\u0438\u0430\u043b: \u043f\u0440\u043e\u043f\u0438\u0442\u0430\u043d\u043d\u0430\u044f \u0441\u043e\u0441\u043d\u043e\u0432\u0430\u044f \u0434\u0440\u0435\u0432\u0435\u0441\u0438\u043d\u0430<\/li>\n<li>\u0420\u0430\u0437\u043c\u0435\u0440\u044b: 180 x 210 x 40 \u0441\u043c (\u0414 x \u0428 x \u0412)<\/li>\n<li>\u0414\u0438\u0430\u043c\u0435\u0442\u0440 \u0441\u0442\u043e\u043b\u0431\u0430: 6 \u0441\u043c<\/li>\n<li>\u0418\u0437\u043e\u0433\u043d\u0443\u0442\u044b\u0439 \u0434\u0438\u0437\u0430\u0439\u043d<\/li>\n<li>\u0422\u0440\u0435\u0431\u0443\u0435\u0442\u0441\u044f \u0441\u0431\u043e\u0440\u043a\u0430: \u0434\u0430<\/li>\n<li><strong>\u0412 \u043a\u043e\u043c\u043f\u043b\u0435\u043a\u0442 \u0432\u0445\u043e\u0434\u0438\u0442:<\/strong><\/li>\n<li>2 \u0441\u0442\u043e\u043b\u0431\u0430<\/li>\n<li>1 \u0431\u0430\u043b\u043a\u0430<\/li>\n<li>2 \u043e\u043f\u043e\u0440\u044b<\/li>\n<li>5 \u0441\u0442\u0440\u043e\u043f\u0438\u043b<\/li>\n<\/ul>","protected":false},"excerpt":{"rendered":"<p>Kaunistage aeda toeka m\u00e4nnipuidust lehtlaga, mis on vastupidavaks toeks ronitaimedele ja loob kauni istumisala, kus saate l\u00f5\u00f5gastuda ja aega veeta. Kvaliteetsest roheimmutusega&hellip;<\/p>","protected":false},"featured_media":356792,"comment_status":"open","ping_status":"closed","template":"","meta":{"wprm-recipe-roundup-name":"","wprm-recipe-roundup-description":""},"product_brand":[],"product_cat":[7039],"product_tag":[7079,7078,2127,7077,7051,536,4867,955,879],"class_list":{"0":"post-356798","1":"product","2":"type-product","3":"status-publish","4":"has-post-thumbnail","6":"product_cat-taimetoed-ja-aiakaared","7":"product_tag-plaadid-ja-varjualused","8":"product_tag-vored","9":"product_tag-aed-ja-muru","10":"product_tag-aiakaared","11":"product_tag-aiakujundus","12":"product_tag-kodu-ja-aed","13":"product_tag-ouetegevused","14":"product_tag-pallet","15":"product_tag-roheline","16":"pa_brand-vidaxl","18":"first","19":"instock","20":"taxable","21":"shipping-taxable","22":"purchasable","23":"product-type-simple"},"supplier_id":null,"supplier_sku":"","barcode":null,"atum_controlled":false,"out_stock_date":null,"out_stock_threshold":null,"inheritable":false,"inbound_stock":null,"stock_on_hold":null,"sold_today":null,"sales_last_days":null,"reserved_stock":null,"customer_returns":null,"warehouse_damage":null,"lost_in_post":null,"other_logs":null,"out_stock_days":null,"lost_sales":null,"has_location":null,"update_date":"2026-05-15T06:27:18","atum_locations":[],"atum_stock_status":"instock","restock_status":false,"low_stock_amount":"","sales_update_date":null,"calc_backorders":null,"aioseo_notices":[],"_links":{"self":[{"href":"https:\/\/ecoshop.ee\/ru\/wp-json\/wp\/v2\/product\/356798","targetHints":{"allow":["GET"]}}],"collection":[{"href":"https:\/\/ecoshop.ee\/ru\/wp-json\/wp\/v2\/product"}],"about":[{"href":"https:\/\/ecoshop.ee\/ru\/wp-json\/wp\/v2\/types\/product"}],"replies":[{"embeddable":true,"href":"https:\/\/ecoshop.ee\/ru\/wp-json\/wp\/v2\/comments?post=356798"}],"version-history":[{"count":0,"href":"https:\/\/ecoshop.ee\/ru\/wp-json\/wp\/v2\/product\/356798\/revisions"}],"wp:featuredmedia":[{"embeddable":true,"href":"https:\/\/ecoshop.ee\/ru\/wp-json\/wp\/v2\/media\/356792"}],"wp:attachment":[{"href":"https:\/\/ecoshop.ee\/ru\/wp-json\/wp\/v2\/media?parent=356798"}],"wp:term":[{"taxonomy":"product_brand","embeddable":true,"href":"https:\/\/ecoshop.ee\/ru\/wp-json\/wp\/v2\/product_brand?post=356798"},{"taxonomy":"product_cat","embeddable":true,"href":"https:\/\/ecoshop.ee\/ru\/wp-json\/wp\/v2\/product_cat?post=356798"},{"taxonomy":"product_tag","embeddable":true,"href":"https:\/\/ecoshop.ee\/ru\/wp-json\/wp\/v2\/product_tag?post=356798"}],"curies":[{"name":"wp","href":"https:\/\/api.w.org\/{rel}","templated":true}]}}