{"id":356930,"date":"2026-02-28T06:19:33","date_gmt":"2026-02-28T03:19:33","guid":{"rendered":"https:\/\/ecoshop.ee\/maaratlemata\/aiakaar-varavaga\/"},"modified":"2026-04-19T16:29:02","modified_gmt":"2026-04-19T13:29:02","slug":"%d1%81%d0%b0%d0%b4%d0%be%d0%b2%d0%b0%d1%8f-%d0%b0%d1%80%d0%ba%d0%b0-%d1%81-%d0%b2%d0%be%d1%80%d0%be%d1%82%d0%b0%d0%bc%d0%b8","status":"publish","type":"product","link":"https:\/\/ecoshop.ee\/ru\/taimetoed-ja-aiakaared\/aiakaar-varavaga\/","title":{"rendered":"\u0421\u0430\u0434\u043e\u0432\u0430\u044f \u0430\u0440\u043a\u0430 \u0441 \u0432\u043e\u0440\u043e\u0442\u0430\u043c\u0438"},"content":{"rendered":"<p>\u042d\u0442\u0430 \u0432\u044b\u0441\u043e\u043a\u043e\u043a\u0430\u0447\u0435\u0441\u0442\u0432\u0435\u043d\u043d\u0430\u044f \u0441\u0430\u0434\u043e\u0432\u0430\u044f \u0430\u0440\u043a\u0430\/\u0432\u043e\u0440\u043e\u0442\u0430 \u0441 \u044d\u043b\u0435\u0433\u0430\u043d\u0442\u043d\u044b\u043c \u0446\u0432\u0435\u0442\u043e\u0447\u043d\u044b\u043c \u0443\u0437\u043e\u0440\u043e\u043c \u0438\u0434\u0435\u0430\u043b\u044c\u043d\u043e \u043f\u043e\u0434\u0445\u043e\u0434\u0438\u0442 \u0434\u043b\u044f \u0440\u043e\u0437 \u0438 \u0434\u0440\u0443\u0433\u0438\u0445 \u0432\u044c\u044e\u0449\u0438\u0445\u0441\u044f \u0440\u0430\u0441\u0442\u0435\u043d\u0438\u0439. \u041e\u043d\u0430 \u0441\u0442\u0430\u043d\u0435\u0442 \u0443\u043a\u0440\u0430\u0448\u0435\u043d\u0438\u0435\u043c \u043b\u044e\u0431\u043e\u0433\u043e \u0441\u0430\u0434\u0430 \u0438\u043b\u0438 \u043f\u0430\u0442\u0438\u043e.<\/p>\n<\/p>\n<p>\u0418\u0437\u0433\u043e\u0442\u043e\u0432\u043b\u0435\u043d\u043d\u0430\u044f \u0438\u0437 \u043f\u0440\u043e\u0447\u043d\u043e\u0433\u043e \u0436\u0435\u043b\u0435\u0437\u0430, \u044d\u0442\u0430 \u0441\u0430\u0434\u043e\u0432\u0430\u044f \u0430\u0440\u043a\u0430 \u0434\u043e\u0441\u0442\u0430\u0442\u043e\u0447\u043d\u043e \u043a\u0440\u0435\u043f\u043a\u0430, \u0447\u0442\u043e\u0431\u044b \u0432\u044b\u0434\u0435\u0440\u0436\u0430\u0442\u044c \u0434\u0430\u0436\u0435 \u0441\u0430\u043c\u044b\u0435 \u0441\u0438\u043b\u044c\u043d\u043e\u0440\u043e\u0441\u043b\u044b\u0435 \u0432\u044c\u044e\u0449\u0438\u0435\u0441\u044f \u0440\u0430\u0441\u0442\u0435\u043d\u0438\u044f. \u0410\u0440\u043a\u0430 \u043b\u0435\u0433\u043a\u043e \u0441\u043e\u0431\u0438\u0440\u0430\u0435\u0442\u0441\u044f \u0438 \u0443\u0441\u0442\u0430\u043d\u0430\u0432\u043b\u0438\u0432\u0430\u0435\u0442\u0441\u044f. <\/p>\n<ul>\n<li>\u0420\u0430\u0437\u043c\u0435\u0440\u044b: 115 x 37 x 230 \u0441\u043c (\u0414 x \u0428 x \u0412)<\/li>\n<li>\u041c\u0430\u0442\u0435\u0440\u0438\u0430\u043b: \u0436\u0435\u043b\u0435\u0437\u043e<\/li>\n<li>\u0426\u0432\u0435\u0442: \u0427\u0435\u0440\u043d\u044b\u0439<\/li>\n<\/ul>","protected":false},"excerpt":{"rendered":"<p>Sellel kvaliteetsel aiakaarel\/v\u00e4raval on elegantne lilledisain ja see on ideaalne pind roosidele ja teistele ronitaimedele. See p\u00fc\u00fcab pilku igas aias ja terrassil.&hellip;<\/p>","protected":false},"featured_media":356923,"comment_status":"open","ping_status":"closed","template":"","meta":{"wprm-recipe-roundup-name":"","wprm-recipe-roundup-description":""},"product_brand":[],"product_cat":[7039],"product_tag":[7079,7078,2127,7077,7051,536,544,4867,540],"class_list":{"0":"post-356930","1":"product","2":"type-product","3":"status-publish","4":"has-post-thumbnail","6":"product_cat-taimetoed-ja-aiakaared","7":"product_tag-plaadid-ja-varjualused","8":"product_tag-vored","9":"product_tag-aed-ja-muru","10":"product_tag-aiakaared","11":"product_tag-aiakujundus","12":"product_tag-kodu-ja-aed","13":"product_tag-must","14":"product_tag-ouetegevused","15":"product_tag-parcel","16":"pa_brand-vidaxl","18":"first","19":"instock","20":"taxable","21":"shipping-taxable","22":"purchasable","23":"product-type-simple"},"supplier_id":null,"supplier_sku":"","barcode":null,"atum_controlled":false,"out_stock_date":null,"out_stock_threshold":null,"inheritable":false,"inbound_stock":null,"stock_on_hold":0,"sold_today":0,"sales_last_days":0,"reserved_stock":null,"customer_returns":null,"warehouse_damage":null,"lost_in_post":null,"other_logs":null,"out_stock_days":0,"lost_sales":0,"has_location":null,"update_date":"2026-04-19T13:29:02","atum_locations":[],"atum_stock_status":"instock","restock_status":false,"low_stock_amount":"","sales_update_date":"2026-03-05T01:08:19","calc_backorders":null,"aioseo_notices":[],"_links":{"self":[{"href":"https:\/\/ecoshop.ee\/ru\/wp-json\/wp\/v2\/product\/356930","targetHints":{"allow":["GET"]}}],"collection":[{"href":"https:\/\/ecoshop.ee\/ru\/wp-json\/wp\/v2\/product"}],"about":[{"href":"https:\/\/ecoshop.ee\/ru\/wp-json\/wp\/v2\/types\/product"}],"replies":[{"embeddable":true,"href":"https:\/\/ecoshop.ee\/ru\/wp-json\/wp\/v2\/comments?post=356930"}],"version-history":[{"count":0,"href":"https:\/\/ecoshop.ee\/ru\/wp-json\/wp\/v2\/product\/356930\/revisions"}],"wp:featuredmedia":[{"embeddable":true,"href":"https:\/\/ecoshop.ee\/ru\/wp-json\/wp\/v2\/media\/356923"}],"wp:attachment":[{"href":"https:\/\/ecoshop.ee\/ru\/wp-json\/wp\/v2\/media?parent=356930"}],"wp:term":[{"taxonomy":"product_brand","embeddable":true,"href":"https:\/\/ecoshop.ee\/ru\/wp-json\/wp\/v2\/product_brand?post=356930"},{"taxonomy":"product_cat","embeddable":true,"href":"https:\/\/ecoshop.ee\/ru\/wp-json\/wp\/v2\/product_cat?post=356930"},{"taxonomy":"product_tag","embeddable":true,"href":"https:\/\/ecoshop.ee\/ru\/wp-json\/wp\/v2\/product_tag?post=356930"}],"curies":[{"name":"wp","href":"https:\/\/api.w.org\/{rel}","templated":true}]}}