{"id":358104,"date":"2026-02-28T06:52:06","date_gmt":"2026-02-28T03:52:06","guid":{"rendered":"https:\/\/ecoshop.ee\/maaratlemata\/aia-tooriistakuur-163x50x171-cm-immutatud-mannipuit\/"},"modified":"2026-04-26T03:32:24","modified_gmt":"2026-04-26T00:32:24","slug":"%d1%81%d0%b0%d1%80%d0%b0%d0%b9-%d0%b4%d0%bb%d1%8f-%d1%81%d0%b0%d0%b4%d0%be%d0%b2%d0%be%d0%b3%d0%be-%d0%b8%d0%bd%d0%b2%d0%b5%d0%bd%d1%82%d0%b0%d1%80%d1%8f-163x50x171-%d1%81%d0%bc-%d0%b8%d0%b7-%d0%bf","status":"publish","type":"product","link":"https:\/\/ecoshop.ee\/ru\/aiakuurid\/aia-tooriistakuur-163x50x171-cm-immutatud-mannipuit\/","title":{"rendered":"\u0421\u0430\u0440\u0430\u0439 \u0434\u043b\u044f \u0441\u0430\u0434\u043e\u0432\u043e\u0433\u043e \u0438\u043d\u0432\u0435\u043d\u0442\u0430\u0440\u044f, 163 x 50 x 171 \u0441\u043c, \u0434\u0440\u0435\u0432\u0435\u0441\u0438\u043d\u0430 \u0441\u043e\u0441\u043d\u044b, \u043e\u0431\u0440\u0430\u0431\u043e\u0442\u0430\u043d\u043d\u0430\u044f \u043f\u0440\u043e\u043f\u0438\u0442\u043a\u043e\u0439."},"content":{"rendered":"<p>\u0421\u0430\u0434\u043e\u0432\u044b\u0439 \u0441\u0430\u0440\u0430\u0439 \u2014 \u044d\u0442\u043e \u0446\u0435\u043d\u043d\u043e\u0435 \u043c\u0435\u0441\u0442\u043e \u0434\u043b\u044f \u0445\u0440\u0430\u043d\u0435\u043d\u0438\u044f \u0441\u0430\u0434\u043e\u0432\u044b\u0445 \u0438\u043d\u0441\u0442\u0440\u0443\u043c\u0435\u043d\u0442\u043e\u0432 \u0438 \u043f\u0440\u0438\u043d\u0430\u0434\u043b\u0435\u0436\u043d\u043e\u0441\u0442\u0435\u0439, \u043f\u043e\u0437\u0432\u043e\u043b\u044f\u044e\u0449\u0435\u0435 \u043e\u0440\u0433\u0430\u043d\u0438\u0437\u043e\u0432\u0430\u0442\u044c \u0438\u0445 \u0445\u0440\u0430\u043d\u0435\u043d\u0438\u0435 \u0438 \u0434\u0435\u0440\u0436\u0430\u0442\u044c \u043f\u043e\u0434 \u0440\u0443\u043a\u043e\u0439.<\/p>\n<\/p>\n<ul>\n<li>\u041f\u0440\u043e\u0441\u0442\u043e\u0440\u043d\u043e\u0435 \u0438 \u043e\u0440\u0433\u0430\u043d\u0438\u0437\u043e\u0432\u0430\u043d\u043d\u043e\u0435 \u043f\u0440\u043e\u0441\u0442\u0440\u0430\u043d\u0441\u0442\u0432\u043e: \u0432 \u0434\u0435\u0440\u0435\u0432\u044f\u043d\u043d\u043e\u043c \u0441\u0430\u0440\u0430\u0435 \u0435\u0441\u0442\u044c \u0447\u0435\u0442\u044b\u0440\u0435 \u043f\u043e\u043b\u043a\u0438, \u043f\u0440\u0435\u0434\u043d\u0430\u0437\u043d\u0430\u0447\u0435\u043d\u043d\u044b\u0435 \u0434\u043b\u044f \u0445\u0440\u0430\u043d\u0435\u043d\u0438\u044f \u0440\u0430\u0437\u043b\u0438\u0447\u043d\u044b\u0445 \u0441\u0430\u0434\u043e\u0432\u044b\u0445 \u0438\u043d\u0441\u0442\u0440\u0443\u043c\u0435\u043d\u0442\u043e\u0432, \u043e\u0431\u043e\u0440\u0443\u0434\u043e\u0432\u0430\u043d\u0438\u044f \u0434\u043b\u044f \u0443\u0445\u043e\u0434\u0430 \u0437\u0430 \u0433\u0430\u0437\u043e\u043d\u043e\u043c, \u043f\u0440\u0438\u043d\u0430\u0434\u043b\u0435\u0436\u043d\u043e\u0441\u0442\u0435\u0439 \u0434\u043b\u044f \u0431\u0430\u0441\u0441\u0435\u0439\u043d\u0430 \u0438 \u0438\u043d\u0441\u0442\u0440\u0443\u043c\u0435\u043d\u0442\u043e\u0432 \u0441 \u0434\u043b\u0438\u043d\u043d\u044b\u043c\u0438 \u0440\u0443\u0447\u043a\u0430\u043c\u0438, \u0442\u0430\u043a\u0438\u0445 \u043a\u0430\u043a \u043c\u0435\u0442\u043b\u044b, \u0433\u0440\u0430\u0431\u043b\u0438 \u0438 \u0442. \u0434.<\/li>\n<li>\u041f\u0440\u043e\u043f\u0438\u0442\u0430\u043d\u043d\u0430\u044f \u0441\u043e\u0441\u043d\u043e\u0432\u0430\u044f \u0434\u0440\u0435\u0432\u0435\u0441\u0438\u043d\u0430: \u0421\u0430\u0440\u0430\u0439 \u043f\u043e\u0441\u0442\u0440\u043e\u0435\u043d \u0438\u0437 \u043f\u0440\u043e\u043f\u0438\u0442\u0430\u043d\u043d\u043e\u0439 \u0441\u043e\u0441\u043d\u043e\u0432\u043e\u0439 \u0434\u0440\u0435\u0432\u0435\u0441\u0438\u043d\u044b, \u043a\u043e\u0442\u043e\u0440\u0430\u044f \u043e\u0431\u0435\u0441\u043f\u0435\u0447\u0438\u0432\u0430\u0435\u0442 \u0437\u0430\u0449\u0438\u0442\u0443 \u043e\u0442 \u0433\u0440\u044f\u0437\u0438, \u043f\u044b\u043b\u0438, \u0432\u0435\u0442\u0440\u0430 \u0438 \u0441\u0443\u0440\u043e\u0432\u044b\u0445 \u043f\u043e\u0433\u043e\u0434\u043d\u044b\u0445 \u0443\u0441\u043b\u043e\u0432\u0438\u0439. \u041f\u0440\u043e\u043f\u0438\u0442\u043a\u0430 \u2014 \u044d\u0442\u043e \u043f\u0440\u043e\u0446\u0435\u0441\u0441 \u043a\u043e\u043d\u0441\u0435\u0440\u0432\u0430\u0446\u0438\u0438, \u043f\u0440\u043e\u0432\u043e\u0434\u0438\u043c\u044b\u0439 \u0441 \u0438\u0441\u043f\u043e\u043b\u044c\u0437\u043e\u0432\u0430\u043d\u0438\u0435\u043c \u0430\u0432\u0442\u043e\u043a\u043b\u0430\u0432\u043e\u0432. \u041e\u0431\u0440\u0430\u0431\u043e\u0442\u043a\u0430 \u043f\u043e\u0434 \u0434\u0430\u0432\u043b\u0435\u043d\u0438\u0435\u043c \u043f\u043e\u0432\u044b\u0448\u0430\u0435\u0442 \u0443\u0441\u0442\u043e\u0439\u0447\u0438\u0432\u043e\u0441\u0442\u044c \u043a \u0433\u043d\u0438\u0435\u043d\u0438\u044e \u0438 \u0432\u043e\u0437\u0434\u0435\u0439\u0441\u0442\u0432\u0438\u044e \u0432\u043e\u0434\u044b.<\/li>\n<li>\u0417\u0430\u0449\u0438\u0442\u0430 \u043e\u0442 \u0432\u043b\u0430\u0433\u0438: \u043a\u0440\u044b\u0448\u0430 \u043f\u043e\u043a\u0440\u044b\u0442\u0430 \u0431\u0438\u0442\u0443\u043c\u043d\u044b\u043c \u0432\u043e\u0439\u043b\u043e\u043a\u043e\u043c, \u043a\u043e\u0442\u043e\u0440\u044b\u0439 \u0437\u0430\u0449\u0438\u0449\u0430\u0435\u0442 \u0441\u0430\u0440\u0430\u0439 \u043e\u0442 \u0432\u043b\u0430\u0433\u0438.<\/li>\n<li>\u041a\u043e\u043d\u0441\u0442\u0440\u0443\u043a\u0446\u0438\u044f \u0441 \u0434\u0432\u043e\u0439\u043d\u044b\u043c\u0438 \u0434\u0432\u0435\u0440\u044f\u043c\u0438: \u0414\u0432\u043e\u0439\u043d\u044b\u0435 \u0434\u0432\u0435\u0440\u0438 \u0441 \u0437\u0430\u043c\u043a\u043e\u043c \u043e\u0431\u0435\u0441\u043f\u0435\u0447\u0438\u0432\u0430\u044e\u0442 \u0434\u043e\u043f\u043e\u043b\u043d\u0438\u0442\u0435\u043b\u044c\u043d\u0443\u044e \u0431\u0435\u0437\u043e\u043f\u0430\u0441\u043d\u043e\u0441\u0442\u044c.<\/li>\n<\/ul>\n<p>\u041f\u0440\u0435\u0434\u0443\u043f\u0440\u0435\u0436\u0434\u0435\u043d\u0438\u0435:<\/p>\n<ul>\n<li>\u0427\u0442\u043e\u0431\u044b \u043f\u0440\u0435\u0434\u043e\u0442\u0432\u0440\u0430\u0442\u0438\u0442\u044c \u043e\u043f\u0440\u043e\u043a\u0438\u0434\u044b\u0432\u0430\u043d\u0438\u0435, \u0438\u0437\u0434\u0435\u043b\u0438\u0435 \u043d\u0435\u043e\u0431\u0445\u043e\u0434\u0438\u043c\u043e \u0438\u0441\u043f\u043e\u043b\u044c\u0437\u043e\u0432\u0430\u0442\u044c \u0441 \u043f\u0440\u0438\u043b\u0430\u0433\u0430\u0435\u043c\u044b\u043c \u043d\u0430\u0441\u0442\u0435\u043d\u043d\u044b\u043c \u043a\u0440\u0435\u043f\u043b\u0435\u043d\u0438\u0435\u043c.<\/li>\n<\/ul>\n<ul>\n<li>\u041c\u0430\u0442\u0435\u0440\u0438\u0430\u043b: \u0441\u043e\u0441\u043d\u0430, \u043f\u0440\u043e\u043f\u0438\u0442\u0430\u043d\u043d\u0430\u044f<\/li>\n<li>\u0420\u0430\u0437\u043c\u0435\u0440\u044b: 163 x 50 x 171 \u0441\u043c (\u0428 x \u0413 x \u0412)<\/li>\n<li>3 \u043f\u043e\u043b\u043a\u0438 \u0432\u043e \u0432\u0441\u044e \u0434\u043b\u0438\u043d\u0443 \u0441 \u0432\u044b\u0440\u0435\u0437\u0430\u043c\u0438 \u0432 \u0441\u0442\u0435\u043d\u0435<\/li>\n<li>\u0422\u0440\u0435\u0431\u0443\u0435\u0442\u0441\u044f \u0441\u0431\u043e\u0440\u043a\u0430: \u0434\u0430<\/li>\n<li><strong>\u0412 \u043a\u043e\u043c\u043f\u043b\u0435\u043a\u0442 \u0432\u0445\u043e\u0434\u044f\u0442:<\/strong><strong><\/strong><\/li>\n<li>1 \u0441\u0430\u0434\u043e\u0432\u044b\u0439 \u0441\u0430\u0440\u0430\u0439<\/li>\n<li>1 \u043a\u043e\u043c\u043f\u043b\u0435\u043a\u0442 \u0437\u0430\u0449\u0438\u0442\u044b \u043e\u0442 \u043e\u043f\u0440\u043e\u043a\u0438\u0434\u044b\u0432\u0430\u043d\u0438\u044f<\/li>\n<li>\u042e\u0440\u0438\u0434\u0438\u0447\u0435\u0441\u043a\u0438\u0435 \u0434\u043e\u043a\u0443\u043c\u0435\u043d\u0442\u044b:\n<p><span>\u0414\u043b\u044f \u043f\u043e\u043b\u0443\u0447\u0435\u043d\u0438\u044f \u0434\u043e\u043f\u043e\u043b\u043d\u0438\u0442\u0435\u043b\u044c\u043d\u043e\u0439 \u0438\u043d\u0444\u043e\u0440\u043c\u0430\u0446\u0438\u0438 \u043e \u0442\u043e\u043c, \u043a\u0430\u043a \u043f\u0440\u0435\u0434\u043e\u0442\u0432\u0440\u0430\u0442\u0438\u0442\u044c \u043e\u043f\u0440\u043e\u043a\u0438\u0434\u044b\u0432\u0430\u043d\u0438\u0435 \u043c\u0435\u0431\u0435\u043b\u0438, \u0441\u043c. <span style=\"text-decoration: underline\"><strong><a title=\"https:\/\/bit.ly\/3hTNl1i\" href=\"https:\/\/bit.ly\/3hTNl1i\" target=\"_blank\">\u043e\u0442\u0441\u044e\u0434\u0430<\/a><\/strong><\/span><\/span><\/p>\n<\/li>\n<\/ul>","protected":false},"excerpt":{"rendered":"<p>Aiakuur on v\u00e4\u00e4rtuslik panipaik, kus hoida aiat\u00f6\u00f6riistu ja tarvikuid korras ja k\u00e4eulatuses. Suur ja organiseeritud ruum: puukuuril on neli riiulit, mis on&hellip;<\/p>","protected":false},"featured_media":358094,"comment_status":"open","ping_status":"closed","template":"","meta":{"wprm-recipe-roundup-name":"","wprm-recipe-roundup-description":""},"product_brand":[],"product_cat":[7040],"product_tag":[2127,7051,536,7143,554,4867,955],"class_list":{"0":"post-358104","1":"product","2":"type-product","3":"status-publish","4":"has-post-thumbnail","6":"product_cat-aiakuurid","7":"product_tag-aed-ja-muru","8":"product_tag-aiakujundus","9":"product_tag-kodu-ja-aed","10":"product_tag-kuurid","11":"product_tag-ouemoobli-komplektid","12":"product_tag-ouetegevused","13":"product_tag-pallet","14":"pa_brand-vidaxl","16":"first","17":"instock","18":"taxable","19":"shipping-taxable","20":"purchasable","21":"product-type-simple"},"supplier_id":null,"supplier_sku":"","barcode":null,"atum_controlled":false,"out_stock_date":null,"out_stock_threshold":null,"inheritable":false,"inbound_stock":null,"stock_on_hold":null,"sold_today":null,"sales_last_days":null,"reserved_stock":null,"customer_returns":null,"warehouse_damage":null,"lost_in_post":null,"other_logs":null,"out_stock_days":null,"lost_sales":null,"has_location":null,"update_date":"2026-04-26T00:32:24","atum_locations":[],"atum_stock_status":"instock","restock_status":false,"low_stock_amount":"","sales_update_date":null,"calc_backorders":null,"aioseo_notices":[],"_links":{"self":[{"href":"https:\/\/ecoshop.ee\/ru\/wp-json\/wp\/v2\/product\/358104","targetHints":{"allow":["GET"]}}],"collection":[{"href":"https:\/\/ecoshop.ee\/ru\/wp-json\/wp\/v2\/product"}],"about":[{"href":"https:\/\/ecoshop.ee\/ru\/wp-json\/wp\/v2\/types\/product"}],"replies":[{"embeddable":true,"href":"https:\/\/ecoshop.ee\/ru\/wp-json\/wp\/v2\/comments?post=358104"}],"version-history":[{"count":0,"href":"https:\/\/ecoshop.ee\/ru\/wp-json\/wp\/v2\/product\/358104\/revisions"}],"wp:featuredmedia":[{"embeddable":true,"href":"https:\/\/ecoshop.ee\/ru\/wp-json\/wp\/v2\/media\/358094"}],"wp:attachment":[{"href":"https:\/\/ecoshop.ee\/ru\/wp-json\/wp\/v2\/media?parent=358104"}],"wp:term":[{"taxonomy":"product_brand","embeddable":true,"href":"https:\/\/ecoshop.ee\/ru\/wp-json\/wp\/v2\/product_brand?post=358104"},{"taxonomy":"product_cat","embeddable":true,"href":"https:\/\/ecoshop.ee\/ru\/wp-json\/wp\/v2\/product_cat?post=358104"},{"taxonomy":"product_tag","embeddable":true,"href":"https:\/\/ecoshop.ee\/ru\/wp-json\/wp\/v2\/product_tag?post=358104"}],"curies":[{"name":"wp","href":"https:\/\/api.w.org\/{rel}","templated":true}]}}