{"id":358321,"date":"2026-02-28T06:56:56","date_gmt":"2026-02-28T03:56:56","guid":{"rendered":"https:\/\/ecoshop.ee\/maaratlemata\/hoiutelk-hall-180x180-cm-tsingitud-teras\/"},"modified":"2026-05-15T04:15:50","modified_gmt":"2026-05-15T01:15:50","slug":"%d0%bf%d0%b0%d0%bb%d0%b0%d1%82%d0%ba%d0%b0-%d0%b4%d0%bb%d1%8f-%d1%85%d1%80%d0%b0%d0%bd%d0%b5%d0%bd%d0%b8%d1%8f-%d0%b2%d0%b5%d1%89%d0%b5%d0%b9-%d1%81%d0%b5%d1%80%d0%b0%d1%8f-180x180-%d1%81%d0%bc","status":"publish","type":"product","link":"https:\/\/ecoshop.ee\/ru\/aiakuurid\/hoiutelk-hall-180x180-cm-tsingitud-teras\/","title":{"rendered":"\u041f\u0430\u043b\u0430\u0442\u043a\u0430 \u0434\u043b\u044f \u0445\u0440\u0430\u043d\u0435\u043d\u0438\u044f \u0432\u0435\u0449\u0435\u0439, \u0441\u0435\u0440\u0430\u044f, 180 x 180 \u0441\u043c, \u043e\u0446\u0438\u043d\u043a\u043e\u0432\u0430\u043d\u043d\u0430\u044f \u0441\u0442\u0430\u043b\u044c."},"content":{"rendered":"<p>\u041a\u043b\u0430\u0441\u0441\u0438\u0447\u0435\u0441\u043a\u0430\u044f \u043c\u043d\u043e\u0433\u043e\u0444\u0443\u043d\u043a\u0446\u0438\u043e\u043d\u0430\u043b\u044c\u043d\u0430\u044f \u043f\u0430\u043b\u0430\u0442\u043a\u0430 \u043e\u0442\u043b\u0438\u0447\u043d\u043e \u0437\u0430\u0449\u0438\u0442\u0438\u0442 \u0432\u0430\u0448\u0435 \u0442\u0443\u0440\u0438\u0441\u0442\u0438\u0447\u0435\u0441\u043a\u043e\u0435 \u0441\u043d\u0430\u0440\u044f\u0436\u0435\u043d\u0438\u0435 \u0438\u043b\u0438 \u0434\u0440\u0443\u0433\u0438\u0435 \u0432\u0435\u0449\u0438, \u043a\u043e\u0442\u043e\u0440\u044b\u0435 \u0432\u0430\u043c \u043d\u0443\u0436\u043d\u043e \u0445\u0440\u0430\u043d\u0438\u0442\u044c, \u0438 \u0441\u0442\u0430\u043d\u0435\u0442 \u0434\u0435\u043a\u043e\u0440\u0430\u0442\u0438\u0432\u043d\u044b\u043c \u0438 \u043f\u0440\u0430\u043a\u0442\u0438\u0447\u043d\u044b\u043c \u0434\u043e\u043f\u043e\u043b\u043d\u0435\u043d\u0438\u0435\u043c \u043a \u0432\u0430\u0448\u0435\u043c\u0443 \u0443\u0447\u0430\u0441\u0442\u043a\u0443 \u043e\u0442\u0434\u044b\u0445\u0430 \u043d\u0430 \u043f\u0440\u0438\u0440\u043e\u0434\u0435.<\/p>\n<\/p>\n<p>\u041f\u0430\u043b\u0430\u0442\u043a\u0430 \u0434\u043b\u044f \u0445\u0440\u0430\u043d\u0435\u043d\u0438\u044f \u0438\u0437\u0433\u043e\u0442\u043e\u0432\u043b\u0435\u043d\u0430 \u0438\u0437 \u043f\u043e\u043b\u0438\u044d\u0442\u0438\u043b\u0435\u043d\u0430, \u0432\u043e\u0434\u043e\u043d\u0435\u043f\u0440\u043e\u043d\u0438\u0446\u0430\u0435\u043c\u0430 \u0438 \u0443\u0441\u0442\u043e\u0439\u0447\u0438\u0432\u0430 \u043a \u0443\u043b\u044c\u0442\u0440\u0430\u0444\u0438\u043e\u043b\u0435\u0442\u043e\u0432\u043e\u043c\u0443 \u0438\u0437\u043b\u0443\u0447\u0435\u043d\u0438\u044e, \u0437\u0430\u0449\u0438\u0449\u0430\u044f \u0441\u043e\u0434\u0435\u0440\u0436\u0438\u043c\u043e\u0435 \u043e\u0442 \u0434\u043e\u0436\u0434\u044f \u0438 \u0436\u0430\u0440\u044b. \u041a\u0430\u0440\u043a\u0430\u0441 \u0438\u0437 \u043e\u0446\u0438\u043d\u043a\u043e\u0432\u0430\u043d\u043d\u043e\u0439 \u0441\u0442\u0430\u043b\u0438 \u043f\u043e\u0432\u044b\u0448\u0430\u0435\u0442 \u0435\u0435 \u043f\u0440\u043e\u0447\u043d\u043e\u0441\u0442\u044c \u0438 \u0443\u0441\u0442\u043e\u0439\u0447\u0438\u0432\u043e\u0441\u0442\u044c. \u041a\u043e\u043d\u0441\u0442\u0440\u0443\u043a\u0446\u0438\u044f \u0441 \u043e\u0442\u043a\u0440\u044b\u0442\u044b\u043c\u0438 \u0434\u0432\u0435\u0440\u044f\u043c\u0438 \u043e\u0431\u0435\u0441\u043f\u0435\u0447\u0438\u0432\u0430\u0435\u0442 \u043f\u0440\u0438\u0442\u043e\u043a \u0441\u0432\u0435\u0436\u0435\u0433\u043e \u0432\u043e\u0437\u0434\u0443\u0445\u0430. \u042d\u0442\u043e \u0442\u0430\u043a\u0436\u0435 \u043e\u0442\u043b\u0438\u0447\u043d\u044b\u0439 \u0432\u044b\u0431\u043e\u0440 \u0434\u043b\u044f \u043c\u0435\u0440\u043e\u043f\u0440\u0438\u044f\u0442\u0438\u0439 \u043d\u0430 \u043e\u0442\u043a\u0440\u044b\u0442\u043e\u043c \u0432\u043e\u0437\u0434\u0443\u0445\u0435. \u0412 \u0441\u043b\u043e\u0436\u0435\u043d\u043d\u043e\u043c \u0432\u0438\u0434\u0435 \u0435\u0435 \u043c\u043e\u0436\u043d\u043e \u0445\u0440\u0430\u043d\u0438\u0442\u044c \u0438 \u0445\u0440\u0430\u043d\u0438\u0442\u044c \u0432 \u0437\u0430\u043a\u0440\u044b\u0442\u043e\u043c \u0432\u0438\u0434\u0435.<\/p>\n<ul>\n<li>\u0426\u0432\u0435\u0442: \u0441\u0435\u0440\u044b\u0439<\/li>\n<li>\u041c\u0430\u0442\u0435\u0440\u0438\u0430\u043b: \u043f\u043e\u043b\u0438\u044d\u0442\u0438\u043b\u0435\u043d (\u041f\u042d), \u043e\u0446\u0438\u043d\u043a\u043e\u0432\u0430\u043d\u043d\u0430\u044f \u0441\u0442\u0430\u043b\u044c.<\/li>\n<li>\u0420\u0430\u0437\u043c\u0435\u0440\u044b: 180 x 180 x 180 \u0441\u043c (\u0414 x \u0428 x \u0412)<\/li>\n<li>\u0420\u0430\u0437\u043c\u0435\u0440\u044b \u0434\u0432\u0435\u0440\u0438: 130 x 150 \u0441\u043c (\u0412 x \u0428)<\/li>\n<li>\u041f\u043b\u043e\u0442\u043d\u043e\u0441\u0442\u044c \u043f\u043e\u043a\u0440\u044b\u0442\u0438\u044f: 210 \u0433\/\u043c\u00b2<\/li>\n<li>\u0414\u0438\u0430\u043c\u0435\u0442\u0440 \u0441\u0442\u043e\u0439\u043a\u0438: 3,4 \u0441\u043c<\/li>\n<li>\u0412 \u043a\u043e\u043c\u043f\u043b\u0435\u043a\u0442 \u0432\u0445\u043e\u0434\u044f\u0442 8 \u043a\u0440\u0435\u043f\u0435\u0436\u043d\u044b\u0445 \u0440\u0435\u043c\u043d\u0435\u0439 \u0438 4 \u0448\u0442\u043e\u0440\u043c\u043e\u0432\u044b\u0445 \u0437\u0430\u0441\u0442\u0435\u0436\u043a\u0438.<\/li>\n<li>\u0423\u0441\u0442\u043e\u0439\u0447\u0438\u0432\u043e\u0441\u0442\u044c \u043a \u0423\u0424-\u0438\u0437\u043b\u0443\u0447\u0435\u043d\u0438\u044e<\/li>\n<li>\u0422\u0440\u0435\u0431\u0443\u0435\u0442\u0441\u044f \u0441\u0431\u043e\u0440\u043a\u0430: \u0434\u0430<\/li>\n<\/ul>","protected":false},"excerpt":{"rendered":"<p>Klassikaline mitmeotstarbeline telk on hea kaitse \u00f5ueseadmetele v\u00f5i muudele esemetele, mida peate hoiustama, tehes sellest teie \u00f5ueruumile dekoratiivse ja praktilise lisandi. Hoiutelk&hellip;<\/p>","protected":false},"featured_media":358314,"comment_status":"open","ping_status":"closed","template":"","meta":{"wprm-recipe-roundup-name":"","wprm-recipe-roundup-description":""},"product_brand":[],"product_cat":[7040],"product_tag":[2127,7051,550,536,7143,4867,540],"class_list":{"0":"post-358321","1":"product","2":"type-product","3":"status-publish","4":"has-post-thumbnail","6":"product_cat-aiakuurid","7":"product_tag-aed-ja-muru","8":"product_tag-aiakujundus","9":"product_tag-hall","10":"product_tag-kodu-ja-aed","11":"product_tag-kuurid","12":"product_tag-ouetegevused","13":"product_tag-parcel","14":"pa_brand-vidaxl","16":"first","17":"instock","18":"taxable","19":"shipping-taxable","20":"purchasable","21":"product-type-simple"},"supplier_id":null,"supplier_sku":"","barcode":null,"atum_controlled":false,"out_stock_date":null,"out_stock_threshold":null,"inheritable":false,"inbound_stock":null,"stock_on_hold":null,"sold_today":null,"sales_last_days":null,"reserved_stock":null,"customer_returns":null,"warehouse_damage":null,"lost_in_post":null,"other_logs":null,"out_stock_days":null,"lost_sales":null,"has_location":null,"update_date":"2026-05-15T01:15:51","atum_locations":[],"atum_stock_status":"instock","restock_status":false,"low_stock_amount":"","sales_update_date":null,"calc_backorders":null,"aioseo_notices":[],"_links":{"self":[{"href":"https:\/\/ecoshop.ee\/ru\/wp-json\/wp\/v2\/product\/358321","targetHints":{"allow":["GET"]}}],"collection":[{"href":"https:\/\/ecoshop.ee\/ru\/wp-json\/wp\/v2\/product"}],"about":[{"href":"https:\/\/ecoshop.ee\/ru\/wp-json\/wp\/v2\/types\/product"}],"replies":[{"embeddable":true,"href":"https:\/\/ecoshop.ee\/ru\/wp-json\/wp\/v2\/comments?post=358321"}],"version-history":[{"count":0,"href":"https:\/\/ecoshop.ee\/ru\/wp-json\/wp\/v2\/product\/358321\/revisions"}],"wp:featuredmedia":[{"embeddable":true,"href":"https:\/\/ecoshop.ee\/ru\/wp-json\/wp\/v2\/media\/358314"}],"wp:attachment":[{"href":"https:\/\/ecoshop.ee\/ru\/wp-json\/wp\/v2\/media?parent=358321"}],"wp:term":[{"taxonomy":"product_brand","embeddable":true,"href":"https:\/\/ecoshop.ee\/ru\/wp-json\/wp\/v2\/product_brand?post=358321"},{"taxonomy":"product_cat","embeddable":true,"href":"https:\/\/ecoshop.ee\/ru\/wp-json\/wp\/v2\/product_cat?post=358321"},{"taxonomy":"product_tag","embeddable":true,"href":"https:\/\/ecoshop.ee\/ru\/wp-json\/wp\/v2\/product_tag?post=358321"}],"curies":[{"name":"wp","href":"https:\/\/api.w.org\/{rel}","templated":true}]}}