{"id":359893,"date":"2026-02-28T07:56:02","date_gmt":"2026-02-28T04:56:02","guid":{"rendered":"https:\/\/ecoshop.ee\/maaratlemata\/grilli-varikatus-koos-kuljeriiulitega-antratsiithall-teras\/"},"modified":"2026-05-02T16:46:30","modified_gmt":"2026-05-02T13:46:30","slug":"%d0%bd%d0%b0%d0%b2%d0%b5%d1%81-%d0%b4%d0%bb%d1%8f-%d0%b1%d0%b0%d1%80%d0%b1%d0%b5%d0%ba%d1%8e-%d1%81-%d0%bf%d0%be%d0%bb%d0%ba%d0%b0%d0%bc%d0%b8-%d0%b4%d0%bb%d1%8f-%d0%bf%d0%b5%d1%80%d0%b5%d0%bd%d0%be","status":"publish","type":"product","link":"https:\/\/ecoshop.ee\/ru\/aiapaviljonid\/grilli-varikatus-koos-kuljeriiulitega-antratsiithall-teras\/","title":{"rendered":"\u041d\u0430\u0432\u0435\u0441 \u0434\u043b\u044f \u0431\u0430\u0440\u0431\u0435\u043a\u044e \u0441 \u0431\u043e\u043a\u043e\u0432\u044b\u043c\u0438 \u043f\u043e\u043b\u043a\u0430\u043c\u0438, \u0430\u043d\u0442\u0440\u0430\u0446\u0438\u0442\u043e\u0432\u043e-\u0441\u0435\u0440\u044b\u0439, \u0441\u0442\u0430\u043b\u044c\u043d\u043e\u0439"},"content":{"rendered":"<p>\u0425\u043e\u0442\u0438\u0442\u0435 \u043d\u0430\u0441\u043b\u0430\u0434\u0438\u0442\u044c\u0441\u044f \u0432\u043a\u0443\u0441\u043d\u044b\u043c \u0431\u0430\u0440\u0431\u0435\u043a\u044e \u0432 \u043a\u0440\u0443\u0433\u0443 \u0441\u0435\u043c\u044c\u0438 \u0438 \u0434\u0440\u0443\u0437\u0435\u0439 \u0432 \u0436\u0430\u0440\u043a\u0438\u0439 \u043b\u0435\u0442\u043d\u0438\u0439 \u0438\u043b\u0438 \u0434\u043e\u0436\u0434\u043b\u0438\u0432\u044b\u0439 \u0434\u0435\u043d\u044c? \u042d\u0442\u043e\u0442 \u043d\u0430\u0432\u0435\u0441 \u0434\u043b\u044f \u0431\u0430\u0440\u0431\u0435\u043a\u044e \u2014 \u0438\u043c\u0435\u043d\u043d\u043e \u0442\u043e, \u0447\u0442\u043e \u0432\u0430\u043c \u043d\u0443\u0436\u043d\u043e!<\/p>\n<\/p>\n<ul>\n<li> \u041f\u0440\u043e\u0447\u043d\u0430\u044f \u0440\u0430\u043c\u0430: \u0421\u0442\u0430\u043b\u044c \u2014 \u0438\u0441\u043a\u043b\u044e\u0447\u0438\u0442\u0435\u043b\u044c\u043d\u043e \u0442\u0432\u0435\u0440\u0434\u044b\u0439 \u0438 \u043f\u0440\u043e\u0447\u043d\u044b\u0439 \u043c\u0430\u0442\u0435\u0440\u0438\u0430\u043b. \u041e\u043d\u0430 \u043e\u0431\u0435\u0441\u043f\u0435\u0447\u0438\u0432\u0430\u0435\u0442 \u0434\u043e\u043b\u0433\u043e\u0432\u0435\u0447\u043d\u043e\u0441\u0442\u044c \u0438 \u0443\u0441\u0442\u043e\u0439\u0447\u0438\u0432\u043e\u0441\u0442\u044c.<\/li>\n<li>\u041f\u0440\u043e\u0447\u043d\u0430\u044f \u043a\u0440\u044b\u0448\u0430: \u041a\u0440\u044b\u0448\u0430 \u0438\u0437 \u043f\u043e\u043b\u0438\u043a\u0430\u0440\u0431\u043e\u043d\u0430\u0442\u043d\u044b\u0445 \u043f\u043b\u0438\u0442 \u043e\u0431\u043b\u0430\u0434\u0430\u0435\u0442 \u0442\u0435\u043f\u043b\u043e\u0438\u0437\u043e\u043b\u044f\u0446\u0438\u0435\u0439 \u0438 \u0432\u043b\u0430\u0433\u043e\u0441\u0442\u043e\u0439\u043a\u043e\u0441\u0442\u044c\u044e, \u0447\u0442\u043e \u0434\u0435\u043b\u0430\u0435\u0442 \u043d\u0430\u0432\u0435\u0441 \u0434\u043b\u044f \u0443\u043b\u0438\u0447\u043d\u043e\u0433\u043e \u0433\u0440\u0438\u043b\u044f \u043f\u0440\u0438\u0433\u043e\u0434\u043d\u044b\u043c \u0434\u043b\u044f \u0438\u0441\u043f\u043e\u043b\u044c\u0437\u043e\u0432\u0430\u043d\u0438\u044f \u043d\u0430 \u043e\u0442\u043a\u0440\u044b\u0442\u043e\u043c \u0432\u043e\u0437\u0434\u0443\u0445\u0435. <\/li>\n<li>\u0423\u0434\u043e\u0431\u043d\u0430\u044f \u043a\u043e\u043d\u0441\u0442\u0440\u0443\u043a\u0446\u0438\u044f: \u043d\u0430\u0432\u0435\u0441 \u0434\u043b\u044f \u0433\u0440\u0438\u043b\u044f \u0438\u043c\u0435\u0435\u0442 2 \u0431\u043e\u043a\u043e\u0432\u044b\u0435 \u043f\u043e\u043b\u043a\u0438, \u043d\u0430 \u043a\u043e\u0442\u043e\u0440\u044b\u0445 \u043c\u043e\u0436\u043d\u043e \u0440\u0430\u0437\u043c\u0435\u0441\u0442\u0438\u0442\u044c \u0435\u0434\u0443 \u0438 \u043d\u0430\u043f\u0438\u0442\u043a\u0438, \u0430 \u043f\u0435\u0440\u0435\u043a\u043b\u0430\u0434\u0438\u043d\u0430 \u043f\u043e\u0437\u0432\u043e\u043b\u044f\u0435\u0442 \u043f\u043e\u0434\u0432\u0435\u0448\u0438\u0432\u0430\u0442\u044c \u0430\u043a\u0441\u0435\u0441\u0441\u0443\u0430\u0440\u044b \u0434\u043b\u044f \u0433\u0440\u0438\u043b\u044f.<\/li>\n<\/ul>\n<p>\u041f\u043e\u043b\u0435\u0437\u043d\u043e \u0437\u043d\u0430\u0442\u044c:<\/p>\n<ul>\n<li>\u0414\u043b\u044f \u043c\u0430\u043a\u0441\u0438\u043c\u0430\u043b\u044c\u043d\u043e\u0439 \u043f\u0440\u043e\u0441\u0442\u043e\u0442\u044b \u0441\u0431\u043e\u0440\u043a\u0438 \u043a \u043a\u0430\u0436\u0434\u043e\u043c\u0443 \u0438\u0437\u0434\u0435\u043b\u0438\u044e \u043f\u0440\u0438\u043b\u0430\u0433\u0430\u0435\u0442\u0441\u044f \u0438\u043d\u0441\u0442\u0440\u0443\u043a\u0446\u0438\u044f \u043f\u043e \u0441\u0431\u043e\u0440\u043a\u0435. <\/li>\n<\/ul>\n<ul>\n<li>\u0426\u0432\u0435\u0442: \u0430\u043d\u0442\u0440\u0430\u0446\u0438\u0442\u043e\u0432\u043e-\u0441\u0435\u0440\u044b\u0439<\/li>\n<li>\u041c\u0430\u0442\u0435\u0440\u0438\u0430\u043b: \u0441\u0442\u0430\u043b\u044c, \u043f\u0435\u0447\u0430\u0442\u043d\u0430\u044f \u043f\u043b\u0430\u0442\u0430<\/li>\n<li>\u0413\u0430\u0431\u0430\u0440\u0438\u0442\u043d\u044b\u0435 \u0440\u0430\u0437\u043c\u0435\u0440\u044b: 220 x 115 x 230 \u0441\u043c (\u0414 x \u0428 x \u0412)<\/li>\n<li>\u0420\u0430\u0437\u043c\u0435\u0440\u044b \u0431\u043e\u043a\u043e\u0432\u044b\u0445 \u043f\u043e\u043b\u043e\u043a: 105 x 20 \u0441\u043c (\u0434\u043b\u0438\u043d\u0430 x \u0448\u0438\u0440\u0438\u043d\u0430)<\/li>\n<\/ul>","protected":false},"excerpt":{"rendered":"<p>Kas soovite nautida m\u00f5nusat grilli koos pere ja s\u00f5pradega kuumal suvep\u00e4eval v\u00f5i vihmasel p\u00e4eval? See grilli varikatus on just see, mida vajate!&hellip;<\/p>","protected":false},"featured_media":359886,"comment_status":"open","ping_status":"closed","template":"","meta":{"wprm-recipe-roundup-name":"","wprm-recipe-roundup-description":""},"product_brand":[],"product_cat":[7038],"product_tag":[2127,7051,561,536,4867,540,7052],"class_list":{"0":"post-359893","1":"product","2":"type-product","3":"status-publish","4":"has-post-thumbnail","6":"product_cat-aiapaviljonid","7":"product_tag-aed-ja-muru","8":"product_tag-aiakujundus","9":"product_tag-antratsiithall","10":"product_tag-kodu-ja-aed","11":"product_tag-ouetegevused","12":"product_tag-parcel","13":"product_tag-varjualaused","14":"pa_brand-vidaxl","16":"first","17":"instock","18":"taxable","19":"shipping-taxable","20":"purchasable","21":"product-type-simple"},"supplier_id":null,"supplier_sku":"","barcode":null,"atum_controlled":false,"out_stock_date":null,"out_stock_threshold":null,"inheritable":false,"inbound_stock":null,"stock_on_hold":null,"sold_today":null,"sales_last_days":null,"reserved_stock":null,"customer_returns":null,"warehouse_damage":null,"lost_in_post":null,"other_logs":null,"out_stock_days":null,"lost_sales":null,"has_location":null,"update_date":"2026-05-02T13:46:31","atum_locations":[],"atum_stock_status":"instock","restock_status":false,"low_stock_amount":"","sales_update_date":null,"calc_backorders":null,"aioseo_notices":[],"_links":{"self":[{"href":"https:\/\/ecoshop.ee\/ru\/wp-json\/wp\/v2\/product\/359893","targetHints":{"allow":["GET"]}}],"collection":[{"href":"https:\/\/ecoshop.ee\/ru\/wp-json\/wp\/v2\/product"}],"about":[{"href":"https:\/\/ecoshop.ee\/ru\/wp-json\/wp\/v2\/types\/product"}],"replies":[{"embeddable":true,"href":"https:\/\/ecoshop.ee\/ru\/wp-json\/wp\/v2\/comments?post=359893"}],"version-history":[{"count":0,"href":"https:\/\/ecoshop.ee\/ru\/wp-json\/wp\/v2\/product\/359893\/revisions"}],"wp:featuredmedia":[{"embeddable":true,"href":"https:\/\/ecoshop.ee\/ru\/wp-json\/wp\/v2\/media\/359886"}],"wp:attachment":[{"href":"https:\/\/ecoshop.ee\/ru\/wp-json\/wp\/v2\/media?parent=359893"}],"wp:term":[{"taxonomy":"product_brand","embeddable":true,"href":"https:\/\/ecoshop.ee\/ru\/wp-json\/wp\/v2\/product_brand?post=359893"},{"taxonomy":"product_cat","embeddable":true,"href":"https:\/\/ecoshop.ee\/ru\/wp-json\/wp\/v2\/product_cat?post=359893"},{"taxonomy":"product_tag","embeddable":true,"href":"https:\/\/ecoshop.ee\/ru\/wp-json\/wp\/v2\/product_tag?post=359893"}],"curies":[{"name":"wp","href":"https:\/\/api.w.org\/{rel}","templated":true}]}}