{"id":3796,"date":"2024-05-28T03:23:13","date_gmt":"2024-05-28T00:23:13","guid":{"rendered":"https:\/\/ecoshop.ee\/?post_type=product&#038;p=3796"},"modified":"2026-05-14T23:20:58","modified_gmt":"2026-05-14T20:20:58","slug":"%d0%be%d1%81%d1%82%d1%80%d0%b0%d1%8f-%d0%b2%d0%b5%d0%b3%d0%b0%d0%bd%d1%81%d0%ba%d0%b0%d1%8f-%d0%bb%d0%b0%d0%bf%d1%88%d0%b0-%d0%b1%d1%8b%d1%81%d1%82%d1%80%d0%be%d0%b3%d0%be-%d0%bf%d1%80%d0%b8%d0%b3","status":"publish","type":"product","link":"https:\/\/ecoshop.ee\/ru\/sahvrikaubad\/nissin-soba-vurtsikad-vegan-kiirnuudlid-111g\/","title":{"rendered":"\u041e\u0441\u0442\u0440\u0430\u044f \u0432\u0435\u0433\u0430\u043d\u0441\u043a\u0430\u044f \u043b\u0430\u043f\u0448\u0430 \u0431\u044b\u0441\u0442\u0440\u043e\u0433\u043e \u043f\u0440\u0438\u0433\u043e\u0442\u043e\u0432\u043b\u0435\u043d\u0438\u044f Nissin \u0441\u043e\u0431\u0430, 111 \u0433"},"content":{"rendered":"<p>\u0412\u0435\u0433\u0430\u043d\u0441\u043a\u0430\u044f \u043b\u0430\u043f\u0448\u0430 \u0431\u044b\u0441\u0442\u0440\u043e\u0433\u043e \u043f\u0440\u0438\u0433\u043e\u0442\u043e\u0432\u043b\u0435\u043d\u0438\u044f Nissin Soba \u043f\u0440\u0438\u043f\u0440\u0430\u0432\u043b\u0435\u043d\u0430 \u043e\u0441\u0442\u0440\u044b\u043c \u0441\u043e\u0443\u0441\u043e\u043c \u0447\u0438\u043b\u0438, \u043f\u0435\u0440\u0446\u0435\u043c \u0447\u0438\u043b\u0438 \u0438 \u0432\u043a\u0443\u0441\u043d\u044b\u043c\u0438 \u043e\u0432\u043e\u0449\u0430\u043c\u0438, \u0447\u0442\u043e \u043e\u0431\u0435\u0441\u043f\u0435\u0447\u0438\u0432\u0430\u0435\u0442 \u043f\u043e-\u043d\u0430\u0441\u0442\u043e\u044f\u0449\u0435\u043c\u0443 \u043f\u0438\u043a\u0430\u043d\u0442\u043d\u044b\u0439 \u0432\u043a\u0443\u0441. \u041b\u0430\u043f\u0448\u0430 Nissin, \u043f\u0440\u0438\u0433\u043e\u0442\u043e\u0432\u043b\u0435\u043d\u043d\u0430\u044f \u0432 \u0432\u043e\u043a\u0435, \u0434\u0430\u0440\u0438\u0442 \u0430\u0443\u0442\u0435\u043d\u0442\u0438\u0447\u043d\u044b\u0435 \u0430\u0437\u0438\u0430\u0442\u0441\u043a\u0438\u0435 \u0432\u043a\u0443\u0441\u043e\u0432\u044b\u0435 \u043e\u0449\u0443\u0449\u0435\u043d\u0438\u044f. \u0418\u0434\u0435\u0430\u043b\u044c\u043d\u043e \u043f\u043e\u0434\u0445\u043e\u0434\u0438\u0442 \u0434\u043b\u044f \u0431\u044b\u0441\u0442\u0440\u043e\u0433\u043e \u043f\u0435\u0440\u0435\u043a\u0443\u0441\u0430 \u0434\u043e\u043c\u0430 \u0438\u043b\u0438 \u0432 \u043e\u0444\u0438\u0441\u0435.<\/p>","protected":false},"excerpt":{"rendered":"<p>Nissin Soba vegan kiirnuudlid on maitsestatud v\u00fcrtsika t\u0161illikastme, tuliste t\u0161illipiparde ja maitsvate k\u00f6\u00f6giviljadega, pakkudes t\u00f5eliselt v\u00fcrtsikat kogemust. Nissini wok stiilis nuudlid pakuvad&hellip;<\/p>","protected":false},"featured_media":3797,"comment_status":"open","ping_status":"closed","template":"","meta":{"wprm-recipe-roundup-name":"","wprm-recipe-roundup-description":""},"product_brand":[12023],"product_cat":[363,323,240,161],"product_tag":[162],"class_list":{"0":"post-3796","1":"product","2":"type-product","3":"status-publish","4":"has-post-thumbnail","6":"product_brand-nissin","7":"product_cat-pastad-ja-nuudlid","8":"product_cat-kupsetussegud-ja-kuivained","9":"product_cat-allahinnatud","10":"product_cat-sahvrikaubad","11":"product_tag-kiirnuudlid","12":"j79_wcxd_expiry_type-best-before","14":"first","15":"instock","16":"sale","17":"taxable","18":"shipping-taxable","19":"purchasable","20":"product-type-simple"},"supplier_id":9158,"supplier_sku":"","barcode":"5997523324292","atum_controlled":true,"out_stock_date":null,"out_stock_threshold":null,"inheritable":false,"inbound_stock":0,"stock_on_hold":0,"sold_today":0,"sales_last_days":0,"reserved_stock":0,"customer_returns":0,"warehouse_damage":0,"lost_in_post":0,"other_logs":0,"out_stock_days":28,"lost_sales":17,"has_location":false,"update_date":"2026-05-14T20:20:59","atum_locations":[],"atum_stock_status":"instock","restock_status":false,"low_stock_amount":"","sales_update_date":"2026-03-07T01:16:16","calc_backorders":null,"aioseo_notices":[],"_links":{"self":[{"href":"https:\/\/ecoshop.ee\/ru\/wp-json\/wp\/v2\/product\/3796","targetHints":{"allow":["GET"]}}],"collection":[{"href":"https:\/\/ecoshop.ee\/ru\/wp-json\/wp\/v2\/product"}],"about":[{"href":"https:\/\/ecoshop.ee\/ru\/wp-json\/wp\/v2\/types\/product"}],"replies":[{"embeddable":true,"href":"https:\/\/ecoshop.ee\/ru\/wp-json\/wp\/v2\/comments?post=3796"}],"version-history":[{"count":1,"href":"https:\/\/ecoshop.ee\/ru\/wp-json\/wp\/v2\/product\/3796\/revisions"}],"predecessor-version":[{"id":396265,"href":"https:\/\/ecoshop.ee\/ru\/wp-json\/wp\/v2\/product\/3796\/revisions\/396265"}],"wp:featuredmedia":[{"embeddable":true,"href":"https:\/\/ecoshop.ee\/ru\/wp-json\/wp\/v2\/media\/3797"}],"wp:attachment":[{"href":"https:\/\/ecoshop.ee\/ru\/wp-json\/wp\/v2\/media?parent=3796"}],"wp:term":[{"taxonomy":"product_brand","embeddable":true,"href":"https:\/\/ecoshop.ee\/ru\/wp-json\/wp\/v2\/product_brand?post=3796"},{"taxonomy":"product_cat","embeddable":true,"href":"https:\/\/ecoshop.ee\/ru\/wp-json\/wp\/v2\/product_cat?post=3796"},{"taxonomy":"product_tag","embeddable":true,"href":"https:\/\/ecoshop.ee\/ru\/wp-json\/wp\/v2\/product_tag?post=3796"}],"curies":[{"name":"wp","href":"https:\/\/api.w.org\/{rel}","templated":true}]}}