{"id":392274,"date":"2026-04-10T17:28:53","date_gmt":"2026-04-10T14:28:53","guid":{"rendered":"https:\/\/ecoshop.ee\/?post_type=product&#038;p=392274"},"modified":"2026-04-10T19:04:37","modified_gmt":"2026-04-10T16:04:37","slug":"%d0%b2%d0%b8%d1%82%d0%b0%d0%bc%d0%b8%d0%bd-d3-4000-%d0%bc%d0%b5-k2-n60","status":"publish","type":"product","link":"https:\/\/ecoshop.ee\/ru\/vegan-toidulisandid\/vitamiin-d3-4000iu-k2-n60\/","title":{"rendered":"\u0412\u0438\u0442\u0430\u043c\u0438\u043d D3 4000 \u041c\u0415 + K2, N60"},"content":{"rendered":"<p class=\"font-claude-response-body break-words whitespace-normal leading-[1.7]\">P\u00e4ikesevalgus on parim looduslik D-vitamiini allikas, kuid eriti talvekuudel v\u00f5i palju siseruumides viibides j\u00e4\u00e4b sellest sageli puudu. Vegetology D3 + K2 toidulisand on valmistatud looduslikust samblikust \u2013 taimep\u00f5hisest allikast, mis tagab suurep\u00e4rase imendumise ja sobib t\u00e4ielikult vegan eluviisiga.<\/p>\n<p class=\"font-claude-response-body break-words whitespace-normal leading-[1.7]\">Maksimaalne 4000IU D3-vitamiini annus koos 75\u00b5g K2-vitamiiniga on eriti sobiv neile, kes viibivad v\u00e4he p\u00e4ikese k\u00e4es, omavad tumedamat nahka, kannavad katvaid riideid, on \u00fcle 65-aastased v\u00f5i on tuvastanud D-vitamiini puuduse. K2-vitamiin t\u00e4iendab D3 toimet, suunates kaltsiumi \u00f5igetesse kohtadesse \u2013 luudesse ja hammastesse \u2013 ning aitab v\u00e4ltida selle kogunemist veresoontes. Koos moodustavad need kaks vitamiini tervikliku lahenduse kaltsiumi tasakaalu ja luutervise toetamiseks.<\/p>\n<p class=\"font-claude-response-body break-words whitespace-normal leading-[1.7]\">N\u00e4ritavad tabletid on looduslikult maitsestatud baobabi viljaga \u2013 s\u00e4\u00e4stvalt korjatud Aafrika puuviljaga, ilma kunstlike lisaainete, pestitsiidide ega lahustita.<\/p>\n<p class=\"font-claude-response-body break-words whitespace-normal leading-[1.7]\"><strong>Peamised eelised:<\/strong><\/p>\n<ul>\n<li>Luude ja hammaste tugevdamine<\/li>\n<li>Lihaste normaalse talitluse toetamine<\/li>\n<li>Immuuns\u00fcsteemi kaitse<\/li>\n<li>Kaltsiumi tasakaalu reguleerimine<\/li>\n<\/ul>\n","protected":false},"excerpt":{"rendered":"<p>P\u00e4ikesevalgus on parim looduslik D-vitamiini allikas, kuid eriti talvekuudel v\u00f5i palju siseruumides viibides j\u00e4\u00e4b sellest sageli puudu. Vegetology D3 + K2 toidulisand&hellip;<\/p>","protected":false},"featured_media":392291,"comment_status":"open","ping_status":"closed","template":"","meta":{"wprm-recipe-roundup-name":"","wprm-recipe-roundup-description":""},"product_brand":[12063],"product_cat":[318],"product_tag":[342],"class_list":{"0":"post-392274","1":"product","2":"type-product","3":"status-publish","4":"has-post-thumbnail","6":"product_brand-vegetology","7":"product_cat-vegan-toidulisandid","8":"product_tag-vitamiin-d3","9":"j79_wcxd_expiry_type-best-before","11":"first","12":"instock","13":"taxable","14":"shipping-taxable","15":"purchasable","16":"product-type-simple"},"supplier_id":9147,"supplier_sku":"","barcode":"5060351380836","atum_controlled":true,"out_stock_date":null,"out_stock_threshold":null,"inheritable":false,"inbound_stock":0,"stock_on_hold":0,"sold_today":0,"sales_last_days":0,"reserved_stock":0,"customer_returns":0,"warehouse_damage":0,"lost_in_post":0,"other_logs":0,"out_stock_days":0,"lost_sales":0,"has_location":false,"update_date":"2026-04-20T21:45:55","atum_locations":[],"atum_stock_status":"instock","restock_status":false,"low_stock_amount":"","sales_update_date":"2026-04-20T21:45:55","calc_backorders":null,"aioseo_notices":[],"_links":{"self":[{"href":"https:\/\/ecoshop.ee\/ru\/wp-json\/wp\/v2\/product\/392274","targetHints":{"allow":["GET"]}}],"collection":[{"href":"https:\/\/ecoshop.ee\/ru\/wp-json\/wp\/v2\/product"}],"about":[{"href":"https:\/\/ecoshop.ee\/ru\/wp-json\/wp\/v2\/types\/product"}],"replies":[{"embeddable":true,"href":"https:\/\/ecoshop.ee\/ru\/wp-json\/wp\/v2\/comments?post=392274"}],"version-history":[{"count":0,"href":"https:\/\/ecoshop.ee\/ru\/wp-json\/wp\/v2\/product\/392274\/revisions"}],"wp:featuredmedia":[{"embeddable":true,"href":"https:\/\/ecoshop.ee\/ru\/wp-json\/wp\/v2\/media\/392291"}],"wp:attachment":[{"href":"https:\/\/ecoshop.ee\/ru\/wp-json\/wp\/v2\/media?parent=392274"}],"wp:term":[{"taxonomy":"product_brand","embeddable":true,"href":"https:\/\/ecoshop.ee\/ru\/wp-json\/wp\/v2\/product_brand?post=392274"},{"taxonomy":"product_cat","embeddable":true,"href":"https:\/\/ecoshop.ee\/ru\/wp-json\/wp\/v2\/product_cat?post=392274"},{"taxonomy":"product_tag","embeddable":true,"href":"https:\/\/ecoshop.ee\/ru\/wp-json\/wp\/v2\/product_tag?post=392274"}],"curies":[{"name":"wp","href":"https:\/\/api.w.org\/{rel}","templated":true}]}}