{"id":392285,"date":"2026-04-10T18:35:31","date_gmt":"2026-04-10T15:35:31","guid":{"rendered":"https:\/\/ecoshop.ee\/?post_type=product&#038;p=392285"},"modified":"2026-04-10T18:35:32","modified_gmt":"2026-04-10T15:35:32","slug":"%d0%b4%d0%be%d0%b1%d0%b0%d0%b2%d0%ba%d0%b0-%d0%b2%d0%b8%d1%82%d0%b0%d0%bc%d0%b8%d0%bd%d0%b0-d3-4000-%d0%bc%d0%b5-n60","status":"publish","type":"product","link":"https:\/\/ecoshop.ee\/ru\/vegan-toidulisandid\/vitamiin-d3-toidulisand-4000iu-n60\/","title":{"rendered":"\u0412\u0438\u0442\u0430\u043c\u0438\u043d D3 \u0432 \u0444\u043e\u0440\u043c\u0435 \u0434\u043e\u0431\u0430\u0432\u043a\u0438, 4000 \u041c\u0415, N60"},"content":{"rendered":"<p class=\"font-claude-response-body break-words whitespace-normal leading-[1.7]\">P\u00e4ikesevalgus on parim looduslik D-vitamiini allikas, kuid talvekuudel v\u00f5i siseruumides viibides j\u00e4\u00e4b sellest sageli puudu. Vegetology D3-vitamiin on valmistatud looduslikust samblikust \u2013 taimep\u00f5hisest allikast, mis tagab suurep\u00e4rase imendumise.<\/p>\n<p class=\"font-claude-response-body break-words whitespace-normal leading-[1.7]\">Maksimaalne 4000IU annus on eriti sobiv neile, kes viibivad v\u00e4he p\u00e4ikese k\u00e4es, omavad tumedamat nahka, kannavad katvaid riideid, on \u00fcle 65-aastased v\u00f5i on tuvastanud D-vitamiini puuduse. D-vitamiin reguleerib kaltsiumi ja fosfaadi tasakaalu kehas, toetades tugevat luustikku, hammaste tervist, lihaste normaalset talitlust ning immuuns\u00fcsteemi.<\/p>\n<p class=\"font-claude-response-body break-words whitespace-normal leading-[1.7]\">N\u00e4ritavad tabletid on looduslikult maitsestatud baobabi viljaga \u2013 s\u00e4\u00e4stvalt korjatud Aafrika puuviljaga. Ilma kunstlike lisaainete, pestitsiidide ega lahustita.<\/p>\n<p class=\"font-claude-response-body break-words whitespace-normal leading-[1.7]\"><strong>Peamised eelised:<\/strong><\/p>\n<ul>\n<li>Luude ja hammaste tugevdamine<\/li>\n<li>Lihaste normaalse talitluse toetamine<\/li>\n<li>Immuuns\u00fcsteemi kaitse<\/li>\n<li>Kaltsiumi tasakaalu reguleerimine<\/li>\n<\/ul>\n","protected":false},"excerpt":{"rendered":"<p>P\u00e4ikesevalgus on parim looduslik D-vitamiini allikas, kuid talvekuudel v\u00f5i siseruumides viibides j\u00e4\u00e4b sellest sageli puudu. Vegetology D3-vitamiin on valmistatud looduslikust samblikust \u2013&hellip;<\/p>","protected":false},"featured_media":392286,"comment_status":"open","ping_status":"closed","template":"","meta":{"wprm-recipe-roundup-name":"","wprm-recipe-roundup-description":""},"product_brand":[12063],"product_cat":[318],"product_tag":[342],"class_list":{"0":"post-392285","1":"product","2":"type-product","3":"status-publish","4":"has-post-thumbnail","6":"product_brand-vegetology","7":"product_cat-vegan-toidulisandid","8":"product_tag-vitamiin-d3","9":"j79_wcxd_expiry_type-best-before","11":"first","12":"instock","13":"taxable","14":"shipping-taxable","15":"purchasable","16":"product-type-simple"},"supplier_id":9147,"supplier_sku":"","barcode":"5060351380829","atum_controlled":true,"out_stock_date":null,"out_stock_threshold":null,"inheritable":false,"inbound_stock":0,"stock_on_hold":0,"sold_today":0,"sales_last_days":0,"reserved_stock":0,"customer_returns":0,"warehouse_damage":0,"lost_in_post":0,"other_logs":0,"out_stock_days":0,"lost_sales":0,"has_location":false,"update_date":"2026-04-20T21:45:55","atum_locations":[],"atum_stock_status":"instock","restock_status":false,"low_stock_amount":"","sales_update_date":"2026-04-20T21:45:55","calc_backorders":null,"aioseo_notices":[],"_links":{"self":[{"href":"https:\/\/ecoshop.ee\/ru\/wp-json\/wp\/v2\/product\/392285","targetHints":{"allow":["GET"]}}],"collection":[{"href":"https:\/\/ecoshop.ee\/ru\/wp-json\/wp\/v2\/product"}],"about":[{"href":"https:\/\/ecoshop.ee\/ru\/wp-json\/wp\/v2\/types\/product"}],"replies":[{"embeddable":true,"href":"https:\/\/ecoshop.ee\/ru\/wp-json\/wp\/v2\/comments?post=392285"}],"version-history":[{"count":0,"href":"https:\/\/ecoshop.ee\/ru\/wp-json\/wp\/v2\/product\/392285\/revisions"}],"wp:featuredmedia":[{"embeddable":true,"href":"https:\/\/ecoshop.ee\/ru\/wp-json\/wp\/v2\/media\/392286"}],"wp:attachment":[{"href":"https:\/\/ecoshop.ee\/ru\/wp-json\/wp\/v2\/media?parent=392285"}],"wp:term":[{"taxonomy":"product_brand","embeddable":true,"href":"https:\/\/ecoshop.ee\/ru\/wp-json\/wp\/v2\/product_brand?post=392285"},{"taxonomy":"product_cat","embeddable":true,"href":"https:\/\/ecoshop.ee\/ru\/wp-json\/wp\/v2\/product_cat?post=392285"},{"taxonomy":"product_tag","embeddable":true,"href":"https:\/\/ecoshop.ee\/ru\/wp-json\/wp\/v2\/product_tag?post=392285"}],"curies":[{"name":"wp","href":"https:\/\/api.w.org\/{rel}","templated":true}]}}