{"id":3923,"date":"2024-05-31T23:55:08","date_gmt":"2024-05-31T20:55:08","guid":{"rendered":"https:\/\/ecoshop.ee\/?post_type=product&#038;p=3923"},"modified":"2026-04-14T00:41:55","modified_gmt":"2026-04-13T21:41:55","slug":"%d0%b1%d0%b0%d0%bc%d0%b1%d1%83%d0%ba%d0%be%d0%b2%d1%8b%d0%b5-%d0%b8-%d0%be%d1%80%d0%b3%d0%b0%d0%bd%d0%b8%d1%87%d0%b5%d1%81%d0%ba%d0%b8%d0%b5-%d0%b2%d0%b0%d1%82%d0%bd%d1%8b%d0%b5-%d0%bf%d0%b0%d0%bb","status":"publish","type":"product","link":"https:\/\/ecoshop.ee\/ru\/hugieenitarbed\/bambuse-ja-orgaanilise-puuvillaga-vatitikud-200tk\/","title":{"rendered":"\u0412\u0430\u0442\u043d\u044b\u0435 \u043f\u0430\u043b\u043e\u0447\u043a\u0438 \u0438\u0437 \u0431\u0430\u043c\u0431\u0443\u043a\u0430 \u0438 \u043e\u0440\u0433\u0430\u043d\u0438\u0447\u0435\u0441\u043a\u043e\u0433\u043e \u0445\u043b\u043e\u043f\u043a\u0430, 200 \u0448\u0442."},"content":{"rendered":"<p>\u0412\u0430\u0442\u043d\u044b\u0435 \u043f\u0430\u043b\u043e\u0447\u043a\u0438 Jungle Culture, \u0438\u0437\u0433\u043e\u0442\u043e\u0432\u043b\u0435\u043d\u043d\u044b\u0435 \u0438\u0437 \u044d\u043a\u043e\u043b\u043e\u0433\u0438\u0447\u0435\u0441\u043a\u0438 \u0447\u0438\u0441\u0442\u043e\u0433\u043e \u0431\u0430\u043c\u0431\u0443\u043a\u0430 \u0438 \u043e\u0440\u0433\u0430\u043d\u0438\u0447\u0435\u0441\u043a\u043e\u0433\u043e \u0445\u043b\u043e\u043f\u043a\u0430, \u044f\u0432\u043b\u044f\u044e\u0442\u0441\u044f \u043b\u0443\u0447\u0448\u0435\u0439 \u044d\u043a\u043e\u043b\u043e\u0433\u0438\u0447\u043d\u043e\u0439 \u0430\u043b\u044c\u0442\u0435\u0440\u043d\u0430\u0442\u0438\u0432\u043e\u0439 \u043f\u043b\u0430\u0441\u0442\u0438\u043a\u043e\u0432\u044b\u043c \u043d\u0430\u0443\u0448\u043d\u0438\u043a\u0430\u043c. \u041c\u044b \u0438\u0441\u043f\u043e\u043b\u044c\u0437\u0443\u0435\u043c \u043f\u0440\u043e\u0447\u043d\u044b\u0439, \u0442\u043e\u043b\u0441\u0442\u044b\u0439 \u0438 \u0434\u043e\u043b\u0433\u043e\u0432\u0435\u0447\u043d\u044b\u0439 \u0431\u0430\u043c\u0431\u0443\u043a, \u0447\u0442\u043e\u0431\u044b \u0433\u0430\u0440\u0430\u043d\u0442\u0438\u0440\u043e\u0432\u0430\u0442\u044c, \u0447\u0442\u043e \u0432\u0430\u0442\u043d\u0430\u044f \u043f\u0430\u043b\u043e\u0447\u043a\u0430 \u043d\u0435 \u0441\u043b\u043e\u043c\u0430\u0435\u0442\u0441\u044f.<\/p>\n<p>\u041d\u0430\u0448\u0438 \u043e\u0440\u0433\u0430\u043d\u0438\u0447\u0435\u0441\u043a\u0438\u0435 \u0432\u0430\u0442\u043d\u044b\u0435 \u043f\u0430\u043b\u043e\u0447\u043a\u0438 \u0443\u043f\u0430\u043a\u043e\u0432\u0430\u043d\u044b \u0432 \u043a\u0440\u0443\u0433\u043b\u0443\u044e \u043a\u0430\u0440\u0442\u043e\u043d\u043d\u0443\u044e \u043a\u043e\u0440\u043e\u0431\u043a\u0443, \u043d\u0435 \u043e\u0441\u0442\u0430\u0432\u043b\u044f\u044e\u0449\u0443\u044e \u043e\u0442\u0445\u043e\u0434\u043e\u0432. \u041f\u0440\u043e\u0441\u0442\u043e \u0441\u043d\u0438\u043c\u0438\u0442\u0435 \u043a\u0440\u044b\u0448\u043a\u0443 \u0438 \u043e\u0441\u0442\u0430\u0432\u044c\u0442\u0435 \u0432\u0430\u0448\u0438 \u044d\u043a\u043e\u043b\u043e\u0433\u0438\u0447\u043d\u044b\u0435 \u0432\u0430\u0442\u043d\u044b\u0435 \u043f\u0430\u043b\u043e\u0447\u043a\u0438 \u0432 \u0432\u0430\u043d\u043d\u043e\u0439 \u043a\u043e\u043c\u043d\u0430\u0442\u0435, \u0447\u0442\u043e\u0431\u044b \u043e\u043d\u0438 \u0432\u0441\u0435\u0433\u0434\u0430 \u0431\u044b\u043b\u0438 \u0433\u043e\u0442\u043e\u0432\u044b \u043a \u0438\u0441\u043f\u043e\u043b\u044c\u0437\u043e\u0432\u0430\u043d\u0438\u044e!<\/p>\n<p>\u0412\u0430\u0442\u043d\u044b\u0435 \u0434\u0438\u0441\u043a\u0438 \u0438\u0437 \u0431\u0430\u043c\u0431\u0443\u043a\u043e\u0432\u043e\u0433\u043e \u0432\u043e\u043b\u043e\u043a\u043d\u0430 \u0438\u043c\u0435\u044e\u0442 \u0432\u043f\u0438\u0442\u044b\u0432\u0430\u044e\u0449\u0443\u044e \u043f\u043e\u0432\u0435\u0440\u0445\u043d\u043e\u0441\u0442\u044c \u0438 \u043f\u043e\u0434\u0445\u043e\u0434\u044f\u0442 \u0442\u0430\u043a\u0436\u0435 \u0434\u043b\u044f \u0443\u0434\u0430\u043b\u0435\u043d\u0438\u044f \u043c\u0430\u043a\u0438\u044f\u0436\u0430 \u0441 \u0433\u043b\u0430\u0437 \u0432 \u0442\u0440\u0443\u0434\u043d\u043e\u0434\u043e\u0441\u0442\u0443\u043f\u043d\u044b\u0445 \u043c\u0435\u0441\u0442\u0430\u0445, \u043d\u0430\u043f\u0440\u0438\u043c\u0435\u0440, \u0432 \u0443\u0433\u043e\u043b\u043a\u0430\u0445 \u0433\u043b\u0430\u0437.<\/p>","protected":false},"excerpt":{"rendered":"<p>Valmistatud keskkonnas\u00f5bralikust bambusest ja orgaanilisest puuvillast, Jungle Culture&#8217;i vatitikud on parim \u00f6koloogiline alternatiiv plastikust k\u00f5rvatikkudele. Kasutame tugevat, paksu ja vastupidavat bambust, et&hellip;<\/p>","protected":false},"featured_media":3927,"comment_status":"open","ping_status":"closed","template":"","meta":{"wprm-recipe-roundup-name":"","wprm-recipe-roundup-description":""},"product_brand":[12064],"product_cat":[163,246],"product_tag":[172],"class_list":{"0":"post-3923","1":"product","2":"type-product","3":"status-publish","4":"has-post-thumbnail","6":"product_brand-jungle-culture","7":"product_cat-kodutarbed","8":"product_cat-hugieenitarbed","9":"product_tag-vatitikud","11":"first","12":"instock","13":"taxable","14":"shipping-taxable","15":"purchasable","16":"product-type-simple"},"supplier_id":9133,"supplier_sku":"","barcode":null,"atum_controlled":true,"out_stock_date":null,"out_stock_threshold":null,"inheritable":false,"inbound_stock":0,"stock_on_hold":0,"sold_today":0,"sales_last_days":0,"reserved_stock":0,"customer_returns":0,"warehouse_damage":0,"lost_in_post":0,"other_logs":0,"out_stock_days":0,"lost_sales":0,"has_location":false,"update_date":"2026-04-13T21:41:56","atum_locations":[],"atum_stock_status":"instock","restock_status":false,"low_stock_amount":"","sales_update_date":"2026-03-07T01:16:04","calc_backorders":null,"aioseo_notices":[],"_links":{"self":[{"href":"https:\/\/ecoshop.ee\/ru\/wp-json\/wp\/v2\/product\/3923","targetHints":{"allow":["GET"]}}],"collection":[{"href":"https:\/\/ecoshop.ee\/ru\/wp-json\/wp\/v2\/product"}],"about":[{"href":"https:\/\/ecoshop.ee\/ru\/wp-json\/wp\/v2\/types\/product"}],"replies":[{"embeddable":true,"href":"https:\/\/ecoshop.ee\/ru\/wp-json\/wp\/v2\/comments?post=3923"}],"version-history":[{"count":0,"href":"https:\/\/ecoshop.ee\/ru\/wp-json\/wp\/v2\/product\/3923\/revisions"}],"wp:featuredmedia":[{"embeddable":true,"href":"https:\/\/ecoshop.ee\/ru\/wp-json\/wp\/v2\/media\/3927"}],"wp:attachment":[{"href":"https:\/\/ecoshop.ee\/ru\/wp-json\/wp\/v2\/media?parent=3923"}],"wp:term":[{"taxonomy":"product_brand","embeddable":true,"href":"https:\/\/ecoshop.ee\/ru\/wp-json\/wp\/v2\/product_brand?post=3923"},{"taxonomy":"product_cat","embeddable":true,"href":"https:\/\/ecoshop.ee\/ru\/wp-json\/wp\/v2\/product_cat?post=3923"},{"taxonomy":"product_tag","embeddable":true,"href":"https:\/\/ecoshop.ee\/ru\/wp-json\/wp\/v2\/product_tag?post=3923"}],"curies":[{"name":"wp","href":"https:\/\/api.w.org\/{rel}","templated":true}]}}