{"id":395459,"date":"2026-04-15T16:43:00","date_gmt":"2026-04-15T13:43:00","guid":{"rendered":"https:\/\/ecoshop.ee\/maaratlemata\/kussenslopen-soft-taupe-premium\/"},"modified":"2026-05-14T07:15:31","modified_gmt":"2026-05-14T04:15:31","slug":"%d0%b1%d0%b0%d0%bc%d0%b1%d1%83%d0%ba%d0%be%d0%b2%d1%8b%d0%b5-%d0%bd%d0%b0%d0%b2%d0%be%d0%bb%d0%be%d1%87%d0%ba%d0%b8-%d0%bc%d1%8f%d0%b3%d0%ba%d0%b8%d0%b5-%d0%b1%d0%b5%d0%b6%d0%b5%d0%b2%d0%be%d0%b3","status":"publish","type":"product","link":"https:\/\/ecoshop.ee\/ru\/bambusest-padjapuurid\/bambusest-padjapyyrid-soft-taupe-premium\/","title":{"rendered":"\u0411\u0430\u043c\u0431\u0443\u043a\u043e\u0432\u044b\u0435 \u043d\u0430\u0432\u043e\u043b\u043e\u0447\u043a\u0438 \u2013 \u043d\u0435\u0436\u043d\u043e-\u0431\u0435\u0436\u0435\u0432\u044b\u0439 \u0446\u0432\u0435\u0442 \u2013 \u043f\u0440\u0435\u043c\u0438\u0443\u043c-\u043a\u043b\u0430\u0441\u0441\u0430"},"content":{"rendered":"<p>\u041f\u0435\u0440\u0432\u043e\u0435, \u0447\u0442\u043e \u0432\u044b \u043f\u043e\u0447\u0443\u0432\u0441\u0442\u0432\u0443\u0435\u0442\u0435 \u043d\u0430 \u0441\u0432\u043e\u0435\u0439 \u043a\u043e\u0436\u0435 \u043a\u0430\u0436\u0434\u0443\u044e \u043d\u043e\u0447\u044c, \u2014 \u044d\u0442\u043e \u0431\u0430\u043c\u0431\u0443\u043a\u043e\u0432\u0430\u044f \u043d\u0430\u0432\u043e\u043b\u043e\u0447\u043a\u0430, \u0438 \u0432\u044b \u0441\u0440\u0430\u0437\u0443 \u0436\u0435 \u043e\u0449\u0443\u0442\u0438\u0442\u0435 \u0440\u0430\u0437\u043d\u0438\u0446\u0443. \u041d\u0430\u0432\u043e\u043b\u043e\u0447\u043a\u0430 \u043f\u0440\u0435\u043c\u0438\u0443\u043c-\u043a\u043b\u0430\u0441\u0441\u0430 100% \u0438\u0437 \u043e\u0440\u0433\u0430\u043d\u0438\u0447\u0435\u0441\u043a\u043e\u0433\u043e \u0431\u0430\u043c\u0431\u0443\u043a\u043e\u0432\u043e\u0433\u043e \u0432\u043e\u043b\u043e\u043a\u043d\u0430 \u043d\u0435\u0432\u0435\u0440\u043e\u044f\u0442\u043d\u043e \u043c\u044f\u0433\u043a\u0430\u044f, \u0448\u0435\u043b\u043a\u043e\u0432\u0438\u0441\u0442\u0430\u044f \u043d\u0430 \u043e\u0449\u0443\u043f\u044c \u0438 \u0434\u044b\u0448\u0430\u0449\u0430\u044f \u2014 \u043e\u043d\u0430 \u0433\u0438\u043f\u043e\u0430\u043b\u043b\u0435\u0440\u0433\u0435\u043d\u043d\u0430, \u043e\u0442\u0432\u043e\u0434\u0438\u0442 \u0432\u043b\u0430\u0433\u0443 \u0438 \u043e\u0447\u0435\u043d\u044c \u0431\u0435\u0440\u0435\u0436\u043d\u043e \u0432\u043e\u0437\u0434\u0435\u0439\u0441\u0442\u0432\u0443\u0435\u0442 \u043d\u0430 \u043a\u043e\u0436\u0443 \u0438 \u0432\u043e\u043b\u043e\u0441\u044b. \u0418\u0434\u0435\u0430\u043b\u044c\u043d\u044b\u0439 \u0432\u044b\u0431\u043e\u0440 \u0434\u043b\u044f \u0447\u0443\u0432\u0441\u0442\u0432\u0438\u0442\u0435\u043b\u044c\u043d\u043e\u0439 \u043a\u043e\u0436\u0438, \u043a\u0443\u0434\u0440\u044f\u0432\u044b\u0445 \u0432\u043e\u043b\u043e\u0441 \u0438 \u043b\u044e\u0434\u0435\u0439, \u0441\u043a\u043b\u043e\u043d\u043d\u044b\u0445 \u043a \u0430\u043b\u043b\u0435\u0440\u0433\u0438\u0438.<\/p>\n<ul>\n<li>\u041d\u0435\u0436\u043d\u0430\u044f \u0448\u0435\u043b\u043a\u043e\u0432\u0438\u0441\u0442\u0430\u044f \u0442\u0435\u043a\u0441\u0442\u0443\u0440\u0430, \u043f\u0440\u0438\u044f\u0442\u043d\u0430\u044f \u0434\u043b\u044f \u043a\u043e\u0436\u0438 \u0438 \u0432\u043e\u043b\u043e\u0441 \u2014 \u0443\u043c\u0435\u043d\u044c\u0448\u0430\u0435\u0442 \u0442\u0440\u0435\u043d\u0438\u0435 \u0438 \u043f\u043e\u0432\u0440\u0435\u0436\u0434\u0435\u043d\u0438\u0435 \u0432\u043e\u043b\u043e\u0441.<\/li>\n<li>\u0412 \u043a\u043e\u043c\u043f\u043b\u0435\u043a\u0442 \u0432\u0445\u043e\u0434\u044f\u0442 \u0434\u0432\u0435 \u043d\u0430\u0432\u043e\u043b\u043e\u0447\u043a\u0438, \u0443\u043f\u0430\u043a\u043e\u0432\u0430\u043d\u043d\u044b\u0435 \u0432 \u044d\u043a\u043e\u043b\u043e\u0433\u0438\u0447\u0435\u0441\u043a\u0438 \u0447\u0438\u0441\u0442\u0443\u044e \u0431\u0438\u043e\u0440\u0430\u0437\u043b\u0430\u0433\u0430\u0435\u043c\u0443\u044e \u0443\u043f\u0430\u043a\u043e\u0432\u043a\u0443.<\/li>\n<li>\u0420\u0435\u0433\u0443\u043b\u0438\u0440\u043e\u0432\u0430\u043d\u0438\u0435 \u0442\u0435\u043c\u043f\u0435\u0440\u0430\u0442\u0443\u0440\u044b \u2014 \u0431\u0430\u043c\u0431\u0443\u043a\u043e\u0432\u044b\u0435 \u0432\u043e\u043b\u043e\u043a\u043d\u0430 \u0430\u0434\u0430\u043f\u0442\u0438\u0440\u0443\u044e\u0442\u0441\u044f \u043a \u0442\u0435\u043c\u043f\u0435\u0440\u0430\u0442\u0443\u0440\u0435 \u0442\u0435\u043b\u0430, \u043e\u0445\u043b\u0430\u0436\u0434\u0430\u044f \u043b\u0435\u0442\u043e\u043c \u0438 \u0441\u043e\u0433\u0440\u0435\u0432\u0430\u044f \u0437\u0438\u043c\u043e\u0439.<\/li>\n<li>\u0422\u043a\u0430\u043d\u044c \u043f\u0440\u0435\u043c\u0438\u0443\u043c-\u043a\u043b\u0430\u0441\u0441\u0430 \u043f\u043b\u043e\u0442\u043d\u043e\u0441\u0442\u044c\u044e 400TC \u2014 \u044d\u043a\u0432\u0438\u0432\u0430\u043b\u0435\u043d\u0442\u043d\u0430 \u0445\u043b\u043e\u043f\u043a\u0443 \u043f\u043b\u043e\u0442\u043d\u043e\u0441\u0442\u044c\u044e 1200TC, \u043c\u044f\u0433\u043a\u043e\u0441\u0442\u044c \u043e\u0449\u0443\u0449\u0430\u0435\u0442\u0441\u044f \u0441 \u043f\u0435\u0440\u0432\u043e\u0433\u043e \u043f\u0440\u0438\u043a\u043e\u0441\u043d\u043e\u0432\u0435\u043d\u0438\u044f.<\/li>\n<li>\u0412\u043b\u0430\u0433\u043e\u043e\u0442\u0432\u043e\u0434\u044f\u0449\u0438\u0435 \u0441\u0432\u043e\u0439\u0441\u0442\u0432\u0430 \u2014 \u0431\u0430\u043c\u0431\u0443\u043a \u043f\u0440\u043e\u043f\u0443\u0441\u043a\u0430\u0435\u0442 \u0432\u043e\u0437\u0434\u0443\u0445 \u0438 \u0434\u043e\u043b\u044c\u0448\u0435 \u0441\u043e\u0445\u0440\u0430\u043d\u044f\u0435\u0442 \u043d\u0430\u0432\u043e\u043b\u043e\u0447\u043a\u0443 \u0441\u0432\u0435\u0436\u0435\u0439 \u0438 \u043f\u0440\u0438\u044f\u0442\u043d\u043e \u043f\u0430\u0445\u043d\u0443\u0449\u0435\u0439.<\/li>\n<li>\u0421\u0435\u0440\u0442\u0438\u0444\u0438\u043a\u0430\u0442\u044b OEKO-TEX\u00ae, Ecocert \u0438 Organic 100.<\/li>\n<li>\u0413\u0438\u043f\u043e\u0430\u043b\u043b\u0435\u0440\u0433\u0435\u043d\u043d\u044b\u0439 \u0438 \u0430\u043d\u0442\u0438\u0431\u0430\u043a\u0442\u0435\u0440\u0438\u0430\u043b\u044c\u043d\u044b\u0439 \u2014 \u043f\u043e\u0434\u0445\u043e\u0434\u0438\u0442 \u0434\u043b\u044f \u0447\u0443\u0432\u0441\u0442\u0432\u0438\u0442\u0435\u043b\u044c\u043d\u043e\u0439 \u043a\u043e\u0436\u0438, \u0430\u043b\u043b\u0435\u0440\u0433\u0438\u043a\u043e\u0432 \u0438 \u0430\u0441\u0442\u043c\u0430\u0442\u0438\u043a\u043e\u0432.<\/li>\n<li>\u0421 \u043a\u0430\u0436\u0434\u043e\u0439 \u0441\u0442\u0438\u0440\u043a\u043e\u0439 \u043c\u044f\u0433\u0447\u0435 \u2014 \u0431\u0430\u043c\u0431\u0443\u043a\u043e\u0432\u044b\u0435 \u0432\u043e\u043b\u043e\u043a\u043d\u0430 \u0441\u0442\u0430\u043d\u043e\u0432\u044f\u0442\u0441\u044f \u0442\u043e\u043b\u044c\u043a\u043e \u043b\u0443\u0447\u0448\u0435 \u0441 \u0442\u0435\u0447\u0435\u043d\u0438\u0435\u043c \u0432\u0440\u0435\u043c\u0435\u043d\u0438 \u0438 \u0441\u0442\u0438\u0440\u043a\u0438.<\/li>\n<li>\u041c\u043e\u0436\u043d\u043e \u0441\u0442\u0438\u0440\u0430\u0442\u044c \u043f\u0440\u0438 30\u00b0C \u2014 \u044d\u043a\u043e\u043d\u043e\u043c\u0438\u0447\u043d\u043e \u0438 \u044d\u043a\u043e\u043b\u043e\u0433\u0438\u0447\u043d\u043e.<\/li>\n<\/ul>\n<p><strong>\u0426\u0432\u0435\u0442: \u041d\u0435\u0436\u043d\u043e-\u0431\u0435\u0436\u0435\u0432\u044b\u0439<\/strong><br \/>\n\u041c\u044f\u0433\u043a\u0438\u0439 \u0441\u0435\u0440\u043e-\u0431\u0435\u0436\u0435\u0432\u044b\u0439 \u043e\u0442\u0442\u0435\u043d\u043e\u043a \u2014 \u044d\u0442\u043e \u0442\u0435\u043f\u043b\u044b\u0439 \u0441\u0435\u0440\u043e-\u0431\u0435\u0436\u0435\u0432\u044b\u0439 \u0446\u0432\u0435\u0442, \u0432\u043d\u0435\u0432\u0440\u0435\u043c\u0435\u043d\u043d\u043e\u0439, \u043d\u0435\u0439\u0442\u0440\u0430\u043b\u044c\u043d\u044b\u0439 \u0438 \u043d\u0435\u0432\u0435\u0440\u043e\u044f\u0442\u043d\u043e \u044d\u043b\u0435\u0433\u0430\u043d\u0442\u043d\u044b\u0439. \u042d\u0442\u043e\u0442 \u043c\u044f\u0433\u043a\u0438\u0439 \u0441\u0435\u0440\u043e-\u0431\u0435\u0436\u0435\u0432\u044b\u0439 \u043e\u0442\u0442\u0435\u043d\u043e\u043a \u0438\u0434\u0435\u0430\u043b\u044c\u043d\u043e \u0441\u043e\u0447\u0435\u0442\u0430\u0435\u0442\u0441\u044f \u0441 \u0431\u0435\u043b\u044b\u043c, \u043a\u0440\u0435\u043c\u043e\u0432\u044b\u043c, \u0434\u0435\u0440\u0435\u0432\u044f\u043d\u043d\u044b\u043c\u0438 \u0438 \u0431\u043e\u043b\u0435\u0435 \u0442\u0435\u043c\u043d\u044b\u043c\u0438 \u0430\u043a\u0446\u0435\u043d\u0442\u0430\u043c\u0438, \u0441\u043e\u0437\u0434\u0430\u0432\u0430\u044f \u0441\u043f\u043e\u043a\u043e\u0439\u043d\u0443\u044e \u0438 \u0440\u0430\u0441\u043f\u043e\u043b\u0430\u0433\u0430\u044e\u0449\u0443\u044e \u043a \u0440\u0430\u0437\u043c\u044b\u0448\u043b\u0435\u043d\u0438\u044f\u043c \u0430\u0442\u043c\u043e\u0441\u0444\u0435\u0440\u0443 \u0432 \u0441\u043f\u0430\u043b\u044c\u043d\u0435.<\/p>\n<p><strong>\u0417\u0430\u043a\u0440\u044b\u0442\u0438\u0435<\/strong><br \/>\n\u041d\u0430\u0432\u043e\u043b\u043e\u0447\u043a\u0438 \u0438\u043c\u0435\u044e\u0442 \u0437\u0430\u0441\u0442\u0435\u0436\u043a\u0443-\u043a\u043e\u043d\u0432\u0435\u0440\u0442 \u2014 \u043f\u0435\u0440\u0435\u043a\u0440\u044b\u0432\u0430\u044e\u0449\u0435\u0435\u0441\u044f \u043e\u0442\u0432\u0435\u0440\u0441\u0442\u0438\u0435 \u0441 \u043e\u0431\u0440\u0430\u0442\u043d\u043e\u0439 \u0441\u0442\u043e\u0440\u043e\u043d\u044b, \u043a\u043e\u0442\u043e\u0440\u043e\u0435 \u043d\u0430\u0434\u0435\u0436\u043d\u043e \u0443\u0434\u0435\u0440\u0436\u0438\u0432\u0430\u0435\u0442 \u043f\u043e\u0434\u0443\u0448\u043a\u0443 \u043d\u0430 \u043c\u0435\u0441\u0442\u0435 \u0431\u0435\u0437 \u043f\u0443\u0433\u043e\u0432\u0438\u0446 \u0438\u043b\u0438 \u043c\u043e\u043b\u043d\u0438\u0439. \u0418\u0445 \u043b\u0435\u0433\u043a\u043e \u043d\u0430\u0434\u0435\u0432\u0430\u0442\u044c \u0438 \u0441\u043d\u0438\u043c\u0430\u0442\u044c, \u0438 \u043f\u043e\u0434\u0443\u0448\u043a\u0430 \u043e\u0441\u0442\u0430\u0435\u0442\u0441\u044f \u043d\u0430 \u043c\u0435\u0441\u0442\u0435 \u0432\u0441\u044e \u043d\u043e\u0447\u044c.<\/p>\n<p><strong>\u041e\u0431\u0441\u043b\u0443\u0436\u0438\u0432\u0430\u043d\u0438\u0435<\/strong><br \/>\n\u0421\u0442\u0438\u0440\u0430\u0442\u044c \u043f\u0440\u0438 \u0442\u0435\u043c\u043f\u0435\u0440\u0430\u0442\u0443\u0440\u0435 30\u00b0C \u0441 \u0438\u0441\u043f\u043e\u043b\u044c\u0437\u043e\u0432\u0430\u043d\u0438\u0435\u043c \u043c\u044f\u0433\u043a\u043e\u0433\u043e \u043c\u043e\u044e\u0449\u0435\u0433\u043e \u0441\u0440\u0435\u0434\u0441\u0442\u0432\u0430, \u0431\u0435\u0437 \u043a\u043e\u043d\u0434\u0438\u0446\u0438\u043e\u043d\u0435\u0440\u0430 \u0434\u043b\u044f \u0431\u0435\u043b\u044c\u044f \u0438 \u043e\u0442\u0431\u0435\u043b\u0438\u0432\u0430\u0442\u0435\u043b\u044f. \u0421\u0443\u0448\u0438\u0442\u044c \u043d\u0430 \u0432\u043e\u0437\u0434\u0443\u0445\u0435 \u0438\u043b\u0438 \u0432 \u0441\u0443\u0448\u0438\u043b\u044c\u043d\u043e\u0439 \u043c\u0430\u0448\u0438\u043d\u0435 \u0432 \u0441\u0430\u043c\u043e\u043c \u0449\u0430\u0434\u044f\u0449\u0435\u043c \u0440\u0435\u0436\u0438\u043c\u0435.<\/p>\n<p><strong>\u041c\u043d\u0435\u043d\u0438\u044f \u043f\u043e\u043a\u0443\u043f\u0430\u0442\u0435\u043b\u0435\u0439, \u043a\u043e\u0442\u043e\u0440\u044b\u0435 \u043f\u0440\u0438\u043e\u0431\u0440\u0435\u043b\u0438 \u044d\u0442\u043e\u0442 \u0442\u043e\u0432\u0430\u0440:<\/strong><br \/>\n\u201c\u041e\u0442\u0442\u0435\u043d\u043e\u043a Soft Taupe \u2014 \u044d\u0442\u043e \u0438\u043c\u0435\u043d\u043d\u043e \u0442\u043e\u0442 \u0442\u0435\u043f\u043b\u044b\u0439 \u0431\u0435\u0436\u0435\u0432\u043e-\u0441\u0435\u0440\u044b\u0439 \u0446\u0432\u0435\u0442, \u043a\u043e\u0442\u043e\u0440\u044b\u0439 \u044f \u0438\u0441\u043a\u0430\u043b\u0430. \u041e\u043d \u0438\u0434\u0435\u0430\u043b\u044c\u043d\u043e \u0441\u043e\u0447\u0435\u0442\u0430\u0435\u0442\u0441\u044f \u0441 \u043d\u0430\u0448\u0435\u0439 \u0434\u0435\u0440\u0435\u0432\u044f\u043d\u043d\u043e\u0439 \u043c\u0435\u0431\u0435\u043b\u044c\u044e\u201d.\u201d<br \/>\n\u201c\u041d\u0430\u043a\u043e\u043d\u0435\u0446-\u0442\u043e \u0431\u0435\u0436\u0435\u0432\u044b\u0435 \u0442\u043e\u043d\u0430 \u0432 \u043f\u043e\u0441\u0442\u0435\u043b\u044c\u043d\u043e\u043c \u0431\u0435\u043b\u044c\u0435, \u043a\u043e\u0442\u043e\u0440\u044b\u0435 \u043d\u0435 \u0436\u0435\u043b\u0442\u0435\u044e\u0442 \u043f\u0440\u0438 \u0441\u0442\u0438\u0440\u043a\u0435. \u041c\u0430\u0442\u0435\u0440\u0438\u0430\u043b \u043d\u0435\u0432\u0435\u0440\u043e\u044f\u0442\u043d\u043e \u043c\u044f\u0433\u043a\u0438\u0439\u201d.\u201d<\/p>","protected":false},"excerpt":{"rendered":"<p>Bambusest padjap\u00fc\u00fcr on esimene asi, mida iga \u00f6\u00f6 oma nahal tunned \u2014 ja vahe on kohe tunda. 100% orgaanilisest bambuskiust Premium padjap\u00fc\u00fcr&hellip;<\/p>","protected":false},"featured_media":395454,"comment_status":"open","ping_status":"closed","template":"","meta":{"wprm-recipe-roundup-name":"","wprm-recipe-roundup-description":""},"product_brand":[],"product_cat":[12072],"product_tag":[12073,12165],"class_list":{"0":"post-395459","1":"product","2":"type-product","3":"status-publish","4":"has-post-thumbnail","6":"product_cat-bambusest-padjapuurid","7":"product_tag-boomba-bamboo","8":"product_tag-kussenslopen","9":"pa_brand-boomba-bamboo","11":"first","12":"instock","13":"taxable","14":"shipping-taxable","15":"purchasable","16":"product-type-variable"},"supplier_id":null,"supplier_sku":"","barcode":null,"atum_controlled":true,"out_stock_date":null,"out_stock_threshold":null,"inheritable":true,"inbound_stock":null,"stock_on_hold":null,"sold_today":null,"sales_last_days":null,"reserved_stock":null,"customer_returns":null,"warehouse_damage":null,"lost_in_post":null,"other_logs":null,"out_stock_days":null,"lost_sales":null,"has_location":false,"update_date":"2026-04-15T21:00:12","atum_locations":[],"atum_stock_status":"instock","restock_status":false,"low_stock_amount":"","sales_update_date":null,"calc_backorders":null,"aioseo_notices":[],"_links":{"self":[{"href":"https:\/\/ecoshop.ee\/ru\/wp-json\/wp\/v2\/product\/395459","targetHints":{"allow":["GET"]}}],"collection":[{"href":"https:\/\/ecoshop.ee\/ru\/wp-json\/wp\/v2\/product"}],"about":[{"href":"https:\/\/ecoshop.ee\/ru\/wp-json\/wp\/v2\/types\/product"}],"replies":[{"embeddable":true,"href":"https:\/\/ecoshop.ee\/ru\/wp-json\/wp\/v2\/comments?post=395459"}],"version-history":[{"count":2,"href":"https:\/\/ecoshop.ee\/ru\/wp-json\/wp\/v2\/product\/395459\/revisions"}],"predecessor-version":[{"id":395677,"href":"https:\/\/ecoshop.ee\/ru\/wp-json\/wp\/v2\/product\/395459\/revisions\/395677"}],"wp:featuredmedia":[{"embeddable":true,"href":"https:\/\/ecoshop.ee\/ru\/wp-json\/wp\/v2\/media\/395454"}],"wp:attachment":[{"href":"https:\/\/ecoshop.ee\/ru\/wp-json\/wp\/v2\/media?parent=395459"}],"wp:term":[{"taxonomy":"product_brand","embeddable":true,"href":"https:\/\/ecoshop.ee\/ru\/wp-json\/wp\/v2\/product_brand?post=395459"},{"taxonomy":"product_cat","embeddable":true,"href":"https:\/\/ecoshop.ee\/ru\/wp-json\/wp\/v2\/product_cat?post=395459"},{"taxonomy":"product_tag","embeddable":true,"href":"https:\/\/ecoshop.ee\/ru\/wp-json\/wp\/v2\/product_tag?post=395459"}],"curies":[{"name":"wp","href":"https:\/\/api.w.org\/{rel}","templated":true}]}}