{"id":396091,"date":"2026-05-04T20:56:26","date_gmt":"2026-05-04T17:56:26","guid":{"rendered":"https:\/\/ecoshop.ee\/maaratlemata\/milky-bonsai-terrarium-bottle-garden-diy-kit-o-21-cm-%e2%86%91-30-cm\/"},"modified":"2026-05-15T17:15:04","modified_gmt":"2026-05-15T14:15:04","slug":"%d1%82%d0%b5%d1%80%d1%80%d0%b0%d1%80%d0%b8%d1%83%d0%bc-%d1%81%d0%b2%d0%be%d0%b8%d0%bc%d0%b8-%d1%80%d1%83%d0%ba%d0%b0%d0%bc%d0%b8-%d0%bc%d0%be%d0%bb%d0%be%d1%87%d0%bd%d1%8b%d0%b9-%d0%b1%d0%be%d0%bd-2","status":"publish","type":"product","link":"https:\/\/ecoshop.ee\/ru\/taime-terraariumid\/tee-ise-terraarium-milky-bonsai-terrarium-ficus-ginseng-%e2%86%91-30-cm\/","title":{"rendered":"\u0422\u0435\u0440\u0440\u0430\u0440\u0438\u0443\u043c \u0441\u0432\u043e\u0438\u043c\u0438 \u0440\u0443\u043a\u0430\u043c\u0438 - \u0422\u0435\u0440\u0440\u0430\u0440\u0438\u0443\u043c \u00ab\u041c\u043e\u043b\u043e\u0447\u043d\u044b\u0439 \u0431\u043e\u043d\u0441\u0430\u0439\u00bb - \u0424\u0438\u043a\u0443\u0441 \u0436\u0435\u043d\u044c\u0448\u0435\u043d\u044c - \u2191 30 \u0441\u043c"},"content":{"rendered":"<p class=\"font-claude-response-body break-words whitespace-normal leading-[1.7]\">Loo oma koju v\u00f5i kontorisse pilkup\u00fc\u00fcdev ja isetoimiv taime terraaarium! See kaunis biotoop ei vaja rohen\u00e4pu oskusi ega erilist hooldust, kuna kastmist on vaja vaid paar korda aastas.<\/p>\n<p class=\"font-claude-response-body break-words whitespace-normal leading-[1.7]\"><strong>Omadused:<\/strong><\/p>\n<ul>\n<li>Suurus: \u00d8 21 cm, k\u00f5rgus 30 cm<\/li>\n<li>Isetoimiv, j\u00e4tkusuutlik ja dekoratiivne<\/li>\n<li>Tee-Ise komplekt sisaldab k\u00f5ike vajalikku oma terraariumi loomiseks<\/li>\n<\/ul>\n<p class=\"font-claude-response-body break-words whitespace-normal leading-[1.7]\"><strong>Komplektis sisaldub:<\/strong><\/p>\n<ul>\n<li>Taimed: Ficus Ginseng bonsai<\/li>\n<li>Milky terraaarium LED-korgiga \u2013 \u00d8 21 cm \u2191 30 cm<\/li>\n<li>Roheline sammal (3 tk)<\/li>\n<li>H\u00fcdrograanulid (0,75 l)<\/li>\n<li>Aktiivss\u00fcsi (35 g)<\/li>\n<li>Terraariumi muld (1,75 l)<\/li>\n<li>Samm-sammuline juhend terraariumi valmistamiseks (DE, NL, EN, FR, IT, ES)<\/li>\n<li>Hooldusn\u00f5uanded<\/li>\n<\/ul>\n<p class=\"font-claude-response-body break-words whitespace-normal leading-[1.7]\"><strong>Kokku panemine ja hooldus:<\/strong><br \/>\nKomplekti abil saad oma terraariumi h\u00f5lpsasti kokku panna, j\u00e4rgides lihtsat ja selget 5-sammulist juhendit. Tulemuseks on lopsakas roheline oaas, mis sobib igasse interj\u00f6\u00f6ri. Soovitatav on terraaarium kord kuus m\u00f5neks tunniks avada.<\/p>\n<p class=\"font-claude-response-body break-words whitespace-normal leading-[1.7]\"><strong>J\u00e4tkusuutlikkus:<\/strong><br \/>\nMeie taimed ja samblikud valitakse ja kasvatatakse hoolikalt kohalikes kasvandustes, tagades parima kvaliteedi ja keskkonnas\u00f5braliku l\u00e4henemise.<\/p>\n<p class=\"font-claude-response-body break-words whitespace-normal leading-[1.7]\"><strong>Kingisoovitus:<\/strong><br \/>\nSee terraaarium on ideaalne kingitus nii rohen\u00e4pule kui ka algajale taimehuvilisele. Sobib s\u00fcnnip\u00e4evaks, soolaleivapeoks v\u00f5i lihtsalt r\u00f5\u00f5mu tegemiseks l\u00e4hedasele.<\/p>\n<p class=\"font-claude-response-body break-words whitespace-normal leading-[1.7]\"><strong>Muuda oma ruum roheliseks oaasiks ja naudi looduse ilu iga p\u00e4ev!<\/strong><\/p>\n","protected":false},"excerpt":{"rendered":"<p>Loo oma koju v\u00f5i kontorisse pilkup\u00fc\u00fcdev ja isetoimiv taime terraaarium! See kaunis biotoop ei vaja rohen\u00e4pu oskusi ega erilist hooldust, kuna kastmist&hellip;<\/p>","protected":false},"featured_media":396087,"comment_status":"open","ping_status":"closed","template":"","meta":{"wprm-recipe-roundup-name":"","wprm-recipe-roundup-description":""},"product_brand":[],"product_cat":[2063],"product_tag":[2048,2019,2003,2050,2052,2053,2008,2009,2002],"class_list":{"0":"post-396091","1":"product","2":"type-product","3":"status-publish","4":"has-post-thumbnail","6":"product_cat-taime-terraariumid","7":"product_tag-closed-terrarium","8":"product_tag-diy-terrarium","9":"product_tag-diy-terrarium-kit","10":"product_tag-glass-terrarium","11":"product_tag-plant-terrarium","12":"product_tag-planten-terrarium","13":"product_tag-terrarium","14":"product_tag-terrarium-kit","15":"product_tag-urbanjngl","16":"pa_brand-urbanjngl","18":"first","19":"instock","20":"taxable","21":"shipping-taxable","22":"purchasable","23":"product-type-simple"},"supplier_id":null,"supplier_sku":"","barcode":null,"atum_controlled":false,"out_stock_date":null,"out_stock_threshold":null,"inheritable":false,"inbound_stock":null,"stock_on_hold":null,"sold_today":null,"sales_last_days":null,"reserved_stock":null,"customer_returns":null,"warehouse_damage":null,"lost_in_post":null,"other_logs":null,"out_stock_days":null,"lost_sales":null,"has_location":false,"update_date":"2026-05-15T14:15:05","atum_locations":[],"atum_stock_status":"instock","restock_status":false,"low_stock_amount":"","sales_update_date":null,"calc_backorders":null,"aioseo_notices":[],"_links":{"self":[{"href":"https:\/\/ecoshop.ee\/ru\/wp-json\/wp\/v2\/product\/396091","targetHints":{"allow":["GET"]}}],"collection":[{"href":"https:\/\/ecoshop.ee\/ru\/wp-json\/wp\/v2\/product"}],"about":[{"href":"https:\/\/ecoshop.ee\/ru\/wp-json\/wp\/v2\/types\/product"}],"replies":[{"embeddable":true,"href":"https:\/\/ecoshop.ee\/ru\/wp-json\/wp\/v2\/comments?post=396091"}],"version-history":[{"count":2,"href":"https:\/\/ecoshop.ee\/ru\/wp-json\/wp\/v2\/product\/396091\/revisions"}],"predecessor-version":[{"id":396096,"href":"https:\/\/ecoshop.ee\/ru\/wp-json\/wp\/v2\/product\/396091\/revisions\/396096"}],"wp:featuredmedia":[{"embeddable":true,"href":"https:\/\/ecoshop.ee\/ru\/wp-json\/wp\/v2\/media\/396087"}],"wp:attachment":[{"href":"https:\/\/ecoshop.ee\/ru\/wp-json\/wp\/v2\/media?parent=396091"}],"wp:term":[{"taxonomy":"product_brand","embeddable":true,"href":"https:\/\/ecoshop.ee\/ru\/wp-json\/wp\/v2\/product_brand?post=396091"},{"taxonomy":"product_cat","embeddable":true,"href":"https:\/\/ecoshop.ee\/ru\/wp-json\/wp\/v2\/product_cat?post=396091"},{"taxonomy":"product_tag","embeddable":true,"href":"https:\/\/ecoshop.ee\/ru\/wp-json\/wp\/v2\/product_tag?post=396091"}],"curies":[{"name":"wp","href":"https:\/\/api.w.org\/{rel}","templated":true}]}}