{"id":396145,"date":"2026-05-08T21:53:09","date_gmt":"2026-05-08T18:53:09","guid":{"rendered":"https:\/\/ecoshop.ee\/?post_type=product&#038;p=396145"},"modified":"2026-05-08T21:55:05","modified_gmt":"2026-05-08T18:55:05","slug":"bettr-%d0%b2%d0%b0%d1%84%d0%b5%d0%bb%d1%8c%d0%bd%d1%8b%d0%b9-%d0%b1%d0%b0%d1%82%d0%be%d0%bd%d1%87%d0%b8%d0%ba-%d1%81-%d0%ba%d0%be%d0%ba%d0%be%d1%81%d0%be%d0%b2%d1%8b%d0%bc-%d0%ba%d1%80%d0%b5%d0%bc","status":"publish","type":"product","link":"https:\/\/ecoshop.ee\/ru\/vahvlid-ja-kupsised\/bettr-kookoskreemiga-vahvlibatoon-mahe-33g\/","title":{"rendered":"\u0412\u0430\u0444\u0435\u043b\u044c\u043d\u044b\u0439 \u0431\u0430\u0442\u043e\u043d\u0447\u0438\u043a Bett&#039;r \u0441 \u043a\u043e\u043a\u043e\u0441\u043e\u0432\u044b\u043c \u043a\u0440\u0435\u043c\u043e\u043c, \u043e\u0440\u0433\u0430\u043d\u0438\u0447\u0435\u0441\u043a\u0438\u0439, 33 \u0433"},"content":{"rendered":"<p class=\"font-claude-response-body break-words whitespace-normal leading-[1.7]\">Avasta eksootilise luksuse maailm, kus \u00f5rn kookoskreem ja valge mandlikreem kohtuvad kr\u00f5beda vahvli ning sametise kakaokattega. Bett&#8217;r toob sinuni elegantse maiuse, mis hellitab meeli iga suut\u00e4iega \u2013 puhas nauding ilma kompromissideta.<\/p>\n<p class=\"font-claude-response-body break-words whitespace-normal leading-[1.7]\">Iga pakk sisaldab kahe \u00f5hukest vahvlit, mille vahel peitub siidiselt sulav kookose ja valge mandli kreemis\u00fcda \u2013 ideaalne hetk endaga v\u00f5i jagamiseks.<\/p>\n<ul>\n<li>Mahe<\/li>\n<li>Vegan<\/li>\n<li>Ilma palmi\u00f5lita<\/li>\n<li>Ilma rafineeritud suhkruta<\/li>\n<\/ul>\n","protected":false},"excerpt":{"rendered":"<p>Avasta eksootilise luksuse maailm, kus \u00f5rn kookoskreem ja valge mandlikreem kohtuvad kr\u00f5beda vahvli ning sametise kakaokattega. Bett&#8217;r toob sinuni elegantse maiuse, mis&hellip;<\/p>","protected":false},"featured_media":396147,"comment_status":"open","ping_status":"closed","template":"","meta":{"wprm-recipe-roundup-name":"","wprm-recipe-roundup-description":""},"product_brand":[11995],"product_cat":[160,148],"product_tag":[5829,149],"class_list":{"0":"post-396145","1":"product","2":"type-product","3":"status-publish","4":"has-post-thumbnail","6":"product_brand-bettr","7":"product_cat-kommid","8":"product_cat-vahvlid-ja-kupsised","9":"product_tag-vahvlibatoon","10":"product_tag-vahvlid","11":"j79_wcxd_expiry_type-best-before","13":"first","14":"instock","15":"taxable","16":"shipping-taxable","17":"purchasable","18":"product-type-simple"},"supplier_id":9165,"supplier_sku":"","barcode":"3800233784091","atum_controlled":true,"out_stock_date":null,"out_stock_threshold":null,"inheritable":false,"inbound_stock":null,"stock_on_hold":null,"sold_today":null,"sales_last_days":null,"reserved_stock":null,"customer_returns":null,"warehouse_damage":null,"lost_in_post":null,"other_logs":null,"out_stock_days":null,"lost_sales":null,"has_location":false,"update_date":"2026-05-08T18:55:06","atum_locations":[],"atum_stock_status":"instock","restock_status":false,"low_stock_amount":"","sales_update_date":null,"calc_backorders":null,"aioseo_notices":[],"_links":{"self":[{"href":"https:\/\/ecoshop.ee\/ru\/wp-json\/wp\/v2\/product\/396145","targetHints":{"allow":["GET"]}}],"collection":[{"href":"https:\/\/ecoshop.ee\/ru\/wp-json\/wp\/v2\/product"}],"about":[{"href":"https:\/\/ecoshop.ee\/ru\/wp-json\/wp\/v2\/types\/product"}],"replies":[{"embeddable":true,"href":"https:\/\/ecoshop.ee\/ru\/wp-json\/wp\/v2\/comments?post=396145"}],"version-history":[{"count":1,"href":"https:\/\/ecoshop.ee\/ru\/wp-json\/wp\/v2\/product\/396145\/revisions"}],"predecessor-version":[{"id":396148,"href":"https:\/\/ecoshop.ee\/ru\/wp-json\/wp\/v2\/product\/396145\/revisions\/396148"}],"wp:featuredmedia":[{"embeddable":true,"href":"https:\/\/ecoshop.ee\/ru\/wp-json\/wp\/v2\/media\/396147"}],"wp:attachment":[{"href":"https:\/\/ecoshop.ee\/ru\/wp-json\/wp\/v2\/media?parent=396145"}],"wp:term":[{"taxonomy":"product_brand","embeddable":true,"href":"https:\/\/ecoshop.ee\/ru\/wp-json\/wp\/v2\/product_brand?post=396145"},{"taxonomy":"product_cat","embeddable":true,"href":"https:\/\/ecoshop.ee\/ru\/wp-json\/wp\/v2\/product_cat?post=396145"},{"taxonomy":"product_tag","embeddable":true,"href":"https:\/\/ecoshop.ee\/ru\/wp-json\/wp\/v2\/product_tag?post=396145"}],"curies":[{"name":"wp","href":"https:\/\/api.w.org\/{rel}","templated":true}]}}