{"id":396182,"date":"2026-05-10T19:51:34","date_gmt":"2026-05-10T16:51:34","guid":{"rendered":"https:\/\/ecoshop.ee\/?post_type=product&#038;p=396182"},"modified":"2026-05-10T19:51:35","modified_gmt":"2026-05-10T16:51:35","slug":"bettr-%d0%be%d1%80%d0%b3%d0%b0%d0%bd%d0%b8%d1%87%d0%b5%d1%81%d0%ba%d0%b0%d1%8f-%d1%81%d0%bc%d0%b5%d1%81%d1%8c-%d0%b4%d0%bb%d1%8f-%d0%bc%d0%b0%d1%82%d1%87%d0%b0-%d0%bb%d0%b0%d1%82%d1%82%d0%b5-200","status":"publish","type":"product","link":"https:\/\/ecoshop.ee\/ru\/teed-ja-kuumad-joogid\/bettr-matcha-latte-segu-mahe-200g\/","title":{"rendered":"\u0421\u043c\u0435\u0441\u044c \u0434\u043b\u044f \u043f\u0440\u0438\u0433\u043e\u0442\u043e\u0432\u043b\u0435\u043d\u0438\u044f \u043c\u0430\u0442\u0447\u0430-\u043b\u0430\u0442\u0442\u0435 Bett&#039;r, \u043c\u044f\u0433\u043a\u0430\u044f, 200 \u0433"},"content":{"rendered":"<p class=\"font-claude-response-body break-words whitespace-normal leading-[1.7]\">Kreemjas ja sametise tekstuuriga matcha latte, mis valmib sekunditega \u2013 lisa lihtsalt kuum v\u00f5i k\u00fclm vesi. Tseremoniaalse astme matcha ja kaera-riisipulbri kombinatsioon annab pehme ja t\u00e4idlase maitse ilma lisatud suhkruta.<\/p>\n<p class=\"font-claude-response-body break-words whitespace-normal leading-[1.7]\">Looduslik antioks\u00fcdantide allikas, mis toetab keskendumisv\u00f5imet, ainevahetust ja meeleolu. Sobib nii hommikuseks rituaaliks kui ka v\u00e4rskendavaks vahepalaks p\u00e4eva jooksul.<\/p>\n<ul>\n<li>Mahe ja vegan<\/li>\n<li>Ilma lisatud suhkruta<\/li>\n<li>K\u00f5rge kiudainesisaldusega<\/li>\n<li>Tseremoniaalne matcha<\/li>\n<\/ul>\n<p class=\"font-claude-response-body break-words whitespace-normal leading-[1.7]\"><strong>Valmistamine:<\/strong> Sega 40 g segu (u 3\u00bd sl) 200 ml kuuma v\u00f5i 150 ml k\u00fclma veega kuni t\u00e4ieliku lahustumiseni. K\u00fclmalt serveeri 2\u20133 j\u00e4\u00e4kuubikuga. Vahuse tulemuse saamiseks kasuta bambusvisplit v\u00f5i elektrilist vahustajat. Soovi korral magusta maitse j\u00e4rgi.<\/p>\n","protected":false},"excerpt":{"rendered":"<p>Kreemjas ja sametise tekstuuriga matcha latte, mis valmib sekunditega \u2013 lisa lihtsalt kuum v\u00f5i k\u00fclm vesi. Tseremoniaalse astme matcha ja kaera-riisipulbri kombinatsioon&hellip;<\/p>","protected":false},"featured_media":396183,"comment_status":"open","ping_status":"closed","template":"","meta":{"wprm-recipe-roundup-name":"","wprm-recipe-roundup-description":""},"product_brand":[11995],"product_cat":[390],"product_tag":[278],"class_list":{"0":"post-396182","1":"product","2":"type-product","3":"status-publish","4":"has-post-thumbnail","6":"product_brand-bettr","7":"product_cat-teed-ja-kuumad-joogid","8":"product_tag-matcha","9":"j79_wcxd_expiry_type-best-before","11":"first","12":"instock","13":"taxable","14":"shipping-taxable","15":"purchasable","16":"product-type-simple"},"supplier_id":9165,"supplier_sku":"","barcode":"3800233783919","atum_controlled":true,"out_stock_date":null,"out_stock_threshold":null,"inheritable":false,"inbound_stock":null,"stock_on_hold":null,"sold_today":null,"sales_last_days":null,"reserved_stock":null,"customer_returns":null,"warehouse_damage":null,"lost_in_post":null,"other_logs":null,"out_stock_days":null,"lost_sales":null,"has_location":false,"update_date":"2026-05-10T16:51:36","atum_locations":[],"atum_stock_status":"instock","restock_status":false,"low_stock_amount":"","sales_update_date":null,"calc_backorders":null,"aioseo_notices":[],"_links":{"self":[{"href":"https:\/\/ecoshop.ee\/ru\/wp-json\/wp\/v2\/product\/396182","targetHints":{"allow":["GET"]}}],"collection":[{"href":"https:\/\/ecoshop.ee\/ru\/wp-json\/wp\/v2\/product"}],"about":[{"href":"https:\/\/ecoshop.ee\/ru\/wp-json\/wp\/v2\/types\/product"}],"replies":[{"embeddable":true,"href":"https:\/\/ecoshop.ee\/ru\/wp-json\/wp\/v2\/comments?post=396182"}],"version-history":[{"count":1,"href":"https:\/\/ecoshop.ee\/ru\/wp-json\/wp\/v2\/product\/396182\/revisions"}],"predecessor-version":[{"id":396186,"href":"https:\/\/ecoshop.ee\/ru\/wp-json\/wp\/v2\/product\/396182\/revisions\/396186"}],"wp:featuredmedia":[{"embeddable":true,"href":"https:\/\/ecoshop.ee\/ru\/wp-json\/wp\/v2\/media\/396183"}],"wp:attachment":[{"href":"https:\/\/ecoshop.ee\/ru\/wp-json\/wp\/v2\/media?parent=396182"}],"wp:term":[{"taxonomy":"product_brand","embeddable":true,"href":"https:\/\/ecoshop.ee\/ru\/wp-json\/wp\/v2\/product_brand?post=396182"},{"taxonomy":"product_cat","embeddable":true,"href":"https:\/\/ecoshop.ee\/ru\/wp-json\/wp\/v2\/product_cat?post=396182"},{"taxonomy":"product_tag","embeddable":true,"href":"https:\/\/ecoshop.ee\/ru\/wp-json\/wp\/v2\/product_tag?post=396182"}],"curies":[{"name":"wp","href":"https:\/\/api.w.org\/{rel}","templated":true}]}}