{"id":396189,"date":"2026-05-10T21:13:09","date_gmt":"2026-05-10T18:13:09","guid":{"rendered":"https:\/\/ecoshop.ee\/?post_type=product&#038;p=396189"},"modified":"2026-05-10T21:13:09","modified_gmt":"2026-05-10T18:13:09","slug":"bettr-%d1%84%d1%80%d1%83%d0%ba%d1%82%d0%be%d0%b2%d1%8b%d0%b5-%d1%88%d0%b0%d1%80%d0%b8%d0%ba%d0%b8-%d1%81-%d0%bc%d0%b0%d1%82%d1%87%d0%b5%d0%b9-%d0%b8-%d0%b0%d0%bf%d0%b5%d0%bb%d1%8c%d1%81%d0%b8%d0%bd","status":"publish","type":"product","link":"https:\/\/ecoshop.ee\/ru\/proteiinibatoonid\/bettr-puuviljapallid-matcha-ja-apelsiniga-45g\/","title":{"rendered":"\u0424\u0440\u0443\u043a\u0442\u043e\u0432\u044b\u0435 \u0448\u0430\u0440\u0438\u043a\u0438 Better \u0441 \u043c\u0430\u0442\u0447\u0435\u0439 \u0438 \u0430\u043f\u0435\u043b\u044c\u0441\u0438\u043d\u043e\u043c, 45 \u0433."},"content":{"rendered":"<p class=\"font-claude-response-body break-words whitespace-normal leading-[1.7]\">Pehme ja n\u00e4tsutava koorega, kreemja t\u00e4idisega pallikesed, milles kohtuvad magusad mahedatest datlitest valmistatud alus, k\u00f5rgekvaliteediline matcha ja v\u00e4rske apelsiini\u00f5li. Kolm 15g pallikest pakis \u2013 t\u00e4iuslik suupiste energiat n\u00f5udvateks hetkedeks.<\/p>\n<p class=\"font-claude-response-body break-words whitespace-normal leading-[1.7]\">K\u00fclmpressimismeetodil valmistatud, et s\u00e4iliks maksimaalselt vitamiine ja antioks\u00fcdante. Ilma palmi\u00f5li, kunstlike magusainete v\u00f5i rafineeritud suhkruta.<\/p>\n<ul>\n<li>Mahe ja vegan<\/li>\n<li>Gluteenivaba<\/li>\n<li>Ilma rafineeritud suhkruta<\/li>\n<li>K\u00f5rge kiudainesisaldusega<\/li>\n<\/ul>\n","protected":false},"excerpt":{"rendered":"<p>Pehme ja n\u00e4tsutava koorega, kreemja t\u00e4idisega pallikesed, milles kohtuvad magusad mahedatest datlitest valmistatud alus, k\u00f5rgekvaliteediline matcha ja v\u00e4rske apelsiini\u00f5li. Kolm 15g pallikest&hellip;<\/p>","protected":false},"featured_media":396190,"comment_status":"open","ping_status":"closed","template":"","meta":{"wprm-recipe-roundup-name":"","wprm-recipe-roundup-description":""},"product_brand":[11995],"product_cat":[144,160],"product_tag":[278],"class_list":{"0":"post-396189","1":"product","2":"type-product","3":"status-publish","4":"has-post-thumbnail","6":"product_brand-bettr","7":"product_cat-proteiinibatoonid","8":"product_cat-kommid","9":"product_tag-matcha","10":"j79_wcxd_expiry_type-expiry-date","12":"first","13":"instock","14":"taxable","15":"shipping-taxable","16":"purchasable","17":"product-type-simple"},"supplier_id":9165,"supplier_sku":"","barcode":"3800233783902","atum_controlled":true,"out_stock_date":null,"out_stock_threshold":null,"inheritable":false,"inbound_stock":null,"stock_on_hold":null,"sold_today":null,"sales_last_days":null,"reserved_stock":null,"customer_returns":null,"warehouse_damage":null,"lost_in_post":null,"other_logs":null,"out_stock_days":null,"lost_sales":null,"has_location":false,"update_date":"2026-05-10T18:13:11","atum_locations":[],"atum_stock_status":"instock","restock_status":false,"low_stock_amount":"","sales_update_date":null,"calc_backorders":null,"aioseo_notices":[],"_links":{"self":[{"href":"https:\/\/ecoshop.ee\/ru\/wp-json\/wp\/v2\/product\/396189","targetHints":{"allow":["GET"]}}],"collection":[{"href":"https:\/\/ecoshop.ee\/ru\/wp-json\/wp\/v2\/product"}],"about":[{"href":"https:\/\/ecoshop.ee\/ru\/wp-json\/wp\/v2\/types\/product"}],"replies":[{"embeddable":true,"href":"https:\/\/ecoshop.ee\/ru\/wp-json\/wp\/v2\/comments?post=396189"}],"version-history":[{"count":1,"href":"https:\/\/ecoshop.ee\/ru\/wp-json\/wp\/v2\/product\/396189\/revisions"}],"predecessor-version":[{"id":396191,"href":"https:\/\/ecoshop.ee\/ru\/wp-json\/wp\/v2\/product\/396189\/revisions\/396191"}],"wp:featuredmedia":[{"embeddable":true,"href":"https:\/\/ecoshop.ee\/ru\/wp-json\/wp\/v2\/media\/396190"}],"wp:attachment":[{"href":"https:\/\/ecoshop.ee\/ru\/wp-json\/wp\/v2\/media?parent=396189"}],"wp:term":[{"taxonomy":"product_brand","embeddable":true,"href":"https:\/\/ecoshop.ee\/ru\/wp-json\/wp\/v2\/product_brand?post=396189"},{"taxonomy":"product_cat","embeddable":true,"href":"https:\/\/ecoshop.ee\/ru\/wp-json\/wp\/v2\/product_cat?post=396189"},{"taxonomy":"product_tag","embeddable":true,"href":"https:\/\/ecoshop.ee\/ru\/wp-json\/wp\/v2\/product_tag?post=396189"}],"curies":[{"name":"wp","href":"https:\/\/api.w.org\/{rel}","templated":true}]}}