{"id":43676,"date":"2024-12-24T01:22:50","date_gmt":"2024-12-23T22:22:50","guid":{"rendered":"https:\/\/ecoshop.ee\/maaratlemata\/terrarium-diy-kit-sam-xl-bottle-garden-%e2%86%91-35-cm\/"},"modified":"2026-05-13T10:15:53","modified_gmt":"2026-05-13T07:15:53","slug":"%d1%82%d0%b5%d1%80%d1%80%d0%b0%d1%80%d0%b8%d1%83%d0%bc-%d1%81%d0%b2%d0%be%d0%b8%d0%bc%d0%b8-%d1%80%d1%83%d0%ba%d0%b0%d0%bc%d0%b8-sam-xl-%e2%86%91-35-%d1%81%d0%bc","status":"publish","type":"product","link":"https:\/\/ecoshop.ee\/ru\/taime-terraariumid\/tee-ise-terraarium-sam-xl-%e2%86%91-35-cm\/","title":{"rendered":"\u0422\u0435\u0440\u0440\u0430\u0440\u0438\u0443\u043c \u0441\u0432\u043e\u0438\u043c\u0438 \u0440\u0443\u043a\u0430\u043c\u0438 - Sam XL - \u2191 35 \u0441\u043c"},"content":{"rendered":"<p>\u041a\u0440\u0430\u0441\u0438\u0432\u044b\u0439 \u0442\u0435\u0440\u0440\u0430\u0440\u0438\u0443\u043c \u0441 \u0440\u0430\u0441\u0442\u0435\u043d\u0438\u044f\u043c\u0438 \u0441\u0442\u0430\u043d\u0435\u0442 \u044f\u0440\u043a\u0438\u043c \u0438 \u043f\u0440\u0438\u0432\u043b\u0435\u043a\u0430\u0442\u0435\u043b\u044c\u043d\u044b\u043c \u044d\u043b\u0435\u043c\u0435\u043d\u0442\u043e\u043c \u0434\u0435\u043a\u043e\u0440\u0430 \u0432\u0430\u0448\u0435\u0433\u043e \u0434\u043e\u043c\u0430 \u0438\u043b\u0438 \u043e\u0444\u0438\u0441\u0430. \u0414\u043b\u044f \u0442\u043e\u0433\u043e \u0447\u0442\u043e\u0431\u044b \u043d\u0430\u0441\u043b\u0430\u0436\u0434\u0430\u0442\u044c\u0441\u044f \u0438\u043c, \u0432\u0430\u043c \u043d\u0435 \u043f\u043e\u043d\u0430\u0434\u043e\u0431\u0438\u0442\u0441\u044f \u0442\u0430\u043b\u0430\u043d\u0442 \u0441\u0430\u0434\u043e\u0432\u043e\u0434\u0430 \u2013 \u043d\u0430\u0448\u0438 \u0441\u0430\u043c\u043e\u043f\u043e\u043b\u0438\u0432\u0430\u044e\u0449\u0438\u0435\u0441\u044f \u0442\u0435\u0440\u0440\u0430\u0440\u0438\u0443\u043c\u044b \u0442\u0440\u0435\u0431\u0443\u044e\u0442 \u043f\u043e\u043b\u0438\u0432\u0430 \u0432\u0441\u0435\u0433\u043e \u043d\u0435\u0441\u043a\u043e\u043b\u044c\u043a\u043e \u0440\u0430\u0437 \u0432 \u0433\u043e\u0434.<\/p>\n<p><strong>\u0424\u0443\u043d\u043a\u0446\u0438\u0438:<\/strong><\/p>\n<ul>\n<li>\u0420\u0430\u0437\u043c\u0435\u0440\u044b: \u00d8 30 \u0441\u043c, \u0432\u044b\u0441\u043e\u0442\u0430 35 \u0441\u043c.<\/li>\n<li>\u041d\u0435\u0437\u0430\u0432\u0438\u0441\u0438\u043c\u044b\u0439, \u044d\u043a\u043e\u043b\u043e\u0433\u0438\u0447\u043d\u044b\u0439 \u0438 \u044d\u0441\u0442\u0435\u0442\u0438\u0447\u043d\u044b\u0439<\/li>\n<li>\u0412 \u043d\u0430\u0431\u043e\u0440 \u0434\u043b\u044f \u0441\u0430\u043c\u043e\u0441\u0442\u043e\u044f\u0442\u0435\u043b\u044c\u043d\u043e\u0439 \u0441\u0431\u043e\u0440\u043a\u0438 \u0432\u0445\u043e\u0434\u0438\u0442 \u0432\u0441\u0435 \u043d\u0435\u043e\u0431\u0445\u043e\u0434\u0438\u043c\u043e\u0435 \u0434\u043b\u044f \u0441\u043e\u0437\u0434\u0430\u043d\u0438\u044f \u0441\u043e\u0431\u0441\u0442\u0432\u0435\u043d\u043d\u044b\u0445 \u043c\u0438\u043d\u0438-\u0434\u0436\u0443\u043d\u0433\u043b\u0435\u0439.<\/li>\n<\/ul>\n<p><strong>\u0412 \u043a\u043e\u043c\u043f\u043b\u0435\u043a\u0442 \u0432\u0445\u043e\u0434\u044f\u0442:<\/strong><\/p>\n<ul>\n<li>\u0420\u0430\u0441\u0442\u0435\u043d\u0438\u044f: \u0431\u0435\u043b\u0430\u044f \u0444\u0438\u0442\u0442\u043e\u043d\u0438\u044f, \u0441\u043f\u0430\u0440\u0436\u0435\u0432\u044b\u0439 \u043f\u0430\u043f\u043e\u0440\u043e\u0442\u043d\u0438\u043a.<\/li>\n<li>\u0417\u0435\u043b\u0435\u043d\u044b\u0439 \u043c\u043e\u0445<\/li>\n<li>\u0413\u0438\u0434\u0440\u043e\u0433\u0440\u0430\u043d\u0443\u043b\u044b<\/li>\n<li>\u0410\u043a\u0442\u0438\u0432\u0438\u0440\u043e\u0432\u0430\u043d\u043d\u044b\u0439 \u0443\u0433\u043e\u043b\u044c<\/li>\n<li>\u043f\u043e\u0447\u0432\u0430 \u0434\u043b\u044f \u0442\u0435\u0440\u0440\u0430\u0440\u0438\u0443\u043c\u0430<\/li>\n<li>\u041f\u043e\u0448\u0430\u0433\u043e\u0432\u0430\u044f \u0438\u043d\u0441\u0442\u0440\u0443\u043a\u0446\u0438\u044f \u043f\u043e \u0441\u043e\u0437\u0434\u0430\u043d\u0438\u044e \u0437\u0430\u043a\u0440\u044b\u0442\u043e\u0433\u043e \u0442\u0435\u0440\u0440\u0430\u0440\u0438\u0443\u043c\u0430<\/li>\n<li>\u0421\u043e\u0432\u0435\u0442\u044b \u043f\u043e \u0442\u0435\u0445\u043d\u0438\u0447\u0435\u0441\u043a\u043e\u043c\u0443 \u043e\u0431\u0441\u043b\u0443\u0436\u0438\u0432\u0430\u043d\u0438\u044e<\/li>\n<\/ul>\n<p><strong>\u0421\u0431\u043e\u0440\u043a\u0430 \u0438 \u0442\u0435\u0445\u043d\u0438\u0447\u0435\u0441\u043a\u043e\u0435 \u043e\u0431\u0441\u043b\u0443\u0436\u0438\u0432\u0430\u043d\u0438\u0435:<\/strong><br \/>\n\u0421 \u043f\u043e\u043c\u043e\u0449\u044c\u044e \u044d\u0442\u043e\u0433\u043e \u043d\u0430\u0431\u043e\u0440\u0430 \u0434\u043b\u044f \u0441\u0430\u043c\u043e\u0441\u0442\u043e\u044f\u0442\u0435\u043b\u044c\u043d\u043e\u0439 \u0441\u0431\u043e\u0440\u043a\u0438 \u0432\u044b \u0441\u043c\u043e\u0436\u0435\u0442\u0435 \u0431\u044b\u0441\u0442\u0440\u043e \u0438 \u043b\u0435\u0433\u043a\u043e \u0441\u043e\u0431\u0440\u0430\u0442\u044c \u0441\u0432\u043e\u0439 \u0442\u0435\u0440\u0440\u0430\u0440\u0438\u0443\u043c, \u0441\u043b\u0435\u0434\u0443\u044f \u043f\u0440\u043e\u0441\u0442\u043e\u0439 \u043f\u043e\u0448\u0430\u0433\u043e\u0432\u043e\u0439 \u0438\u043d\u0441\u0442\u0440\u0443\u043a\u0446\u0438\u0438 \u0438\u0437 5 \u0448\u0430\u0433\u043e\u0432. \u0412\u0441\u0435 \u043d\u0435\u043e\u0431\u0445\u043e\u0434\u0438\u043c\u044b\u0435 \u0438\u043d\u0441\u0442\u0440\u0443\u043a\u0446\u0438\u0438 \u0447\u0435\u0442\u043a\u043e \u043e\u0431\u044a\u044f\u0441\u043d\u0435\u043d\u044b, \u043f\u043e\u044d\u0442\u043e\u043c\u0443 \u0432\u044b \u0441\u043c\u043e\u0436\u0435\u0442\u0435 \u0441\u043e\u0437\u0434\u0430\u0442\u044c \u0441\u0432\u043e\u0439 \u0441\u043e\u0431\u0441\u0442\u0432\u0435\u043d\u043d\u044b\u0439 \u0431\u0438\u043e\u0442\u043e\u043f, \u043a\u043e\u0442\u043e\u0440\u044b\u0439 \u0431\u0443\u0434\u0435\u0442 \u0440\u0430\u0434\u043e\u0432\u0430\u0442\u044c \u0432\u0430\u0441 \u0434\u043e\u043b\u0433\u0438\u0435 \u0433\u043e\u0434\u044b.<\/p>\n<p><strong>\u042d\u043a\u043e\u043b\u043e\u0433\u0438\u0447\u043d\u044b\u0439 \u0432\u044b\u0431\u043e\u0440:<\/strong><br \/>\n\u041d\u0430\u0448\u0438 \u0440\u0430\u0441\u0442\u0435\u043d\u0438\u044f \u0438 \u043b\u0438\u0448\u0430\u0439\u043d\u0438\u043a\u0438 \u0432\u044b\u0440\u0430\u0449\u0438\u0432\u0430\u044e\u0442\u0441\u044f \u0441 \u043b\u044e\u0431\u043e\u0432\u044c\u044e \u0438 \u043f\u0440\u043e\u0445\u043e\u0434\u044f\u0442 \u0442\u0449\u0430\u0442\u0435\u043b\u044c\u043d\u044b\u0439 \u043a\u043e\u043d\u0442\u0440\u043e\u043b\u044c \u043a\u0430\u0447\u0435\u0441\u0442\u0432\u0430. \u041e\u043d\u0438 \u043f\u043e\u043f\u0430\u0434\u0430\u044e\u0442 \u043a \u0432\u0430\u043c \u0441\u0430\u043c\u044b\u043c \u043a\u043e\u0440\u043e\u0442\u043a\u0438\u043c \u043f\u0443\u0442\u0435\u043c, \u0433\u0430\u0440\u0430\u043d\u0442\u0438\u0440\u0443\u044f \u043a\u0430\u0447\u0435\u0441\u0442\u0432\u043e \u0438 \u044d\u043a\u043e\u043b\u043e\u0433\u0438\u0447\u043d\u043e\u0441\u0442\u044c, \u043a\u043e\u0442\u043e\u0440\u044b\u043c \u0432\u044b \u043c\u043e\u0436\u0435\u0442\u0435 \u0434\u043e\u0432\u0435\u0440\u044f\u0442\u044c.<\/p>\n<p><strong>\u0412\u0430\u0440\u0438\u0430\u043d\u0442 \u043f\u043e\u0434\u0430\u0440\u043a\u0430:<\/strong><br \/>\n\u042d\u0442\u043e\u0442 \u0442\u0435\u0440\u0440\u0430\u0440\u0438\u0443\u043c \u2014 \u0438\u0434\u0435\u0430\u043b\u044c\u043d\u044b\u0439 \u043f\u043e\u0434\u0430\u0440\u043e\u043a \u043d\u0430 \u043b\u044e\u0431\u043e\u0439 \u0441\u043b\u0443\u0447\u0430\u0439: \u0434\u043b\u044f \u0447\u043b\u0435\u043d\u0430 \u0441\u0435\u043c\u044c\u0438, \u0434\u0440\u0443\u0433\u0430, \u043a\u043e\u043b\u043b\u0435\u0433\u0438 \u0438\u043b\u0438 \u0443\u0447\u0438\u0442\u0435\u043b\u044f. \u0421\u043e\u0437\u0434\u0430\u0439\u0442\u0435 \u0443\u043d\u0438\u043a\u0430\u043b\u044c\u043d\u044b\u0439 \u0438 \u043f\u0435\u0440\u0441\u043e\u043d\u0430\u043b\u0438\u0437\u0438\u0440\u043e\u0432\u0430\u043d\u043d\u044b\u0439 \u043f\u043e\u0434\u0430\u0440\u043e\u043a, \u043a\u043e\u0442\u043e\u0440\u044b\u0439 \u0443\u043a\u0440\u0430\u0441\u0438\u0442 \u043b\u044e\u0431\u043e\u0439 \u0434\u043e\u043c \u0438\u043b\u0438 \u043e\u0444\u0438\u0441.<\/p>\n<p><strong>\u041f\u0440\u0435\u0432\u0440\u0430\u0442\u0438\u0442\u0435 \u0441\u0432\u043e\u0435 \u043f\u0440\u043e\u0441\u0442\u0440\u0430\u043d\u0441\u0442\u0432\u043e \u0432 \u0437\u0435\u043b\u0435\u043d\u044b\u0439 \u043e\u0430\u0437\u0438\u0441 \u0438 \u0432\u0434\u043e\u0445\u043d\u0438\u0442\u0435 \u0436\u0438\u0437\u043d\u044c \u0432 \u043f\u0440\u0438\u0440\u043e\u0434\u0443!<\/strong><\/p>","protected":false},"excerpt":{"rendered":"<p>Kaunis taime terraarium lisab sinu koju v\u00f5i kontorisse pilkup\u00fc\u00fcdva ja elava sisustuselemendi. Seda nautimiseks ei ole vaja rohen\u00e4pu oskusi \u2013 meie isetoimivad&hellip;<\/p>","protected":false},"featured_media":43670,"comment_status":"open","ping_status":"closed","template":"","meta":{"wprm-recipe-roundup-name":"","wprm-recipe-roundup-description":""},"product_brand":[],"product_cat":[2001,2063],"product_tag":[2005,2003,2043,2008,2009,2010,2002],"class_list":{"0":"post-43676","1":"product","2":"type-product","3":"status-publish","4":"has-post-thumbnail","6":"product_cat-taimed","7":"product_cat-taime-terraariumid","8":"product_tag-diy","9":"product_tag-diy-terrarium-kit","10":"product_tag-terraarium","11":"product_tag-terrarium","12":"product_tag-terrarium-kit","13":"product_tag-urban-jungle","14":"product_tag-urbanjngl","15":"pa_brand-urbanjngl","17":"first","18":"instock","19":"taxable","20":"shipping-taxable","21":"purchasable","22":"product-type-variable"},"supplier_id":null,"supplier_sku":"","barcode":null,"atum_controlled":true,"out_stock_date":null,"out_stock_threshold":null,"inheritable":true,"inbound_stock":null,"stock_on_hold":0,"sold_today":0,"sales_last_days":0,"reserved_stock":null,"customer_returns":null,"warehouse_damage":null,"lost_in_post":null,"other_logs":null,"out_stock_days":0,"lost_sales":0,"has_location":false,"update_date":"2026-03-07T01:16:02","atum_locations":[],"atum_stock_status":"instock","restock_status":false,"low_stock_amount":"","sales_update_date":"2026-03-07T01:16:02","calc_backorders":null,"aioseo_notices":[],"_links":{"self":[{"href":"https:\/\/ecoshop.ee\/ru\/wp-json\/wp\/v2\/product\/43676","targetHints":{"allow":["GET"]}}],"collection":[{"href":"https:\/\/ecoshop.ee\/ru\/wp-json\/wp\/v2\/product"}],"about":[{"href":"https:\/\/ecoshop.ee\/ru\/wp-json\/wp\/v2\/types\/product"}],"replies":[{"embeddable":true,"href":"https:\/\/ecoshop.ee\/ru\/wp-json\/wp\/v2\/comments?post=43676"}],"version-history":[{"count":0,"href":"https:\/\/ecoshop.ee\/ru\/wp-json\/wp\/v2\/product\/43676\/revisions"}],"wp:featuredmedia":[{"embeddable":true,"href":"https:\/\/ecoshop.ee\/ru\/wp-json\/wp\/v2\/media\/43670"}],"wp:attachment":[{"href":"https:\/\/ecoshop.ee\/ru\/wp-json\/wp\/v2\/media?parent=43676"}],"wp:term":[{"taxonomy":"product_brand","embeddable":true,"href":"https:\/\/ecoshop.ee\/ru\/wp-json\/wp\/v2\/product_brand?post=43676"},{"taxonomy":"product_cat","embeddable":true,"href":"https:\/\/ecoshop.ee\/ru\/wp-json\/wp\/v2\/product_cat?post=43676"},{"taxonomy":"product_tag","embeddable":true,"href":"https:\/\/ecoshop.ee\/ru\/wp-json\/wp\/v2\/product_tag?post=43676"}],"curies":[{"name":"wp","href":"https:\/\/api.w.org\/{rel}","templated":true}]}}