{"id":43820,"date":"2024-12-25T01:47:29","date_gmt":"2024-12-24T22:47:29","guid":{"rendered":"https:\/\/ecoshop.ee\/maaratlemata\/terrarium-diy-kit-sam-xl-bonsai-fittonia-fern-bottle-garden-%e2%86%91-35-cm\/"},"modified":"2026-05-13T18:15:26","modified_gmt":"2026-05-13T15:15:26","slug":"%d1%82%d0%b5%d1%80%d1%80%d0%b0%d1%80%d0%b8%d1%83%d0%bc-%d1%81%d0%b2%d0%be%d0%b8%d0%bc%d0%b8-%d1%80%d1%83%d0%ba%d0%b0%d0%bc%d0%b8-sam-xl-%d0%b1%d0%be%d0%bd%d1%81%d0%b0%d0%b9-%d1%84%d0%b8%d1%82%d1%82","status":"publish","type":"product","link":"https:\/\/ecoshop.ee\/ru\/taime-terraariumid\/tee-ise-terraarium-sam-xl-bonsai-fittonia-sonajalg-%e2%86%91-35-cm\/","title":{"rendered":"\u0422\u0435\u0440\u0440\u0430\u0440\u0438\u0443\u043c \u0441\u0432\u043e\u0438\u043c\u0438 \u0440\u0443\u043a\u0430\u043c\u0438 \u2013 \u0411\u043e\u043d\u0441\u0430\u0439 \u0421\u044d\u043c XL \u2013 \u0424\u0438\u0442\u0442\u043e\u043d\u0438\u044f \u2013 \u041f\u0430\u043f\u043e\u0440\u043e\u0442\u043d\u0438\u043a \u2013 \u2191 35 \u0441\u043c"},"content":{"rendered":"<p>\u0421\u043e\u0437\u0434\u0430\u0439\u0442\u0435 \u043f\u0440\u0438\u0432\u043b\u0435\u043a\u0430\u0442\u0435\u043b\u044c\u043d\u044b\u0439 \u0438 \u0441\u0430\u043c\u043e\u0434\u043e\u0441\u0442\u0430\u0442\u043e\u0447\u043d\u044b\u0439 \u0442\u0435\u0440\u0440\u0430\u0440\u0438\u0443\u043c \u0441 \u0440\u0430\u0441\u0442\u0435\u043d\u0438\u044f\u043c\u0438 \u0434\u043b\u044f \u0441\u0432\u043e\u0435\u0433\u043e \u0434\u043e\u043c\u0430 \u0438\u043b\u0438 \u043e\u0444\u0438\u0441\u0430! \u042d\u0442\u043e\u0442 \u043f\u0440\u0435\u043a\u0440\u0430\u0441\u043d\u044b\u0439 \u0431\u0438\u043e\u0442\u043e\u043f \u043d\u0435 \u0442\u0440\u0435\u0431\u0443\u0435\u0442 \u043e\u0441\u043e\u0431\u044b\u0445 \u043d\u0430\u0432\u044b\u043a\u043e\u0432 \u0441\u0430\u0434\u043e\u0432\u043e\u0434\u0441\u0442\u0432\u0430 \u0438\u043b\u0438 \u043e\u0441\u043e\u0431\u043e\u0433\u043e \u0443\u0445\u043e\u0434\u0430, \u0442\u0430\u043a \u043a\u0430\u043a \u0435\u0433\u043e \u043d\u0443\u0436\u043d\u043e \u043f\u043e\u043b\u0438\u0432\u0430\u0442\u044c \u0432\u0441\u0435\u0433\u043e \u043d\u0435\u0441\u043a\u043e\u043b\u044c\u043a\u043e \u0440\u0430\u0437 \u0432 \u0433\u043e\u0434.<\/p>\n<p><strong>\u0424\u0443\u043d\u043a\u0446\u0438\u0438:<\/strong><\/p>\n<ul>\n<li>\u0420\u0430\u0437\u043c\u0435\u0440\u044b: \u00d8 29 \u0441\u043c, \u0432\u044b\u0441\u043e\u0442\u0430 35 \u0441\u043c.<\/li>\n<li>\u0410\u0432\u0442\u043e\u043d\u043e\u043c\u043d\u044b\u0439, \u044d\u043a\u043e\u043b\u043e\u0433\u0438\u0447\u043d\u044b\u0439 \u0438 \u0434\u0435\u043a\u043e\u0440\u0430\u0442\u0438\u0432\u043d\u044b\u0439.<\/li>\n<li>\u0412 \u043d\u0430\u0431\u043e\u0440 \u0434\u043b\u044f \u0441\u0430\u043c\u043e\u0441\u0442\u043e\u044f\u0442\u0435\u043b\u044c\u043d\u043e\u0433\u043e \u0438\u0437\u0433\u043e\u0442\u043e\u0432\u043b\u0435\u043d\u0438\u044f \u0432\u0445\u043e\u0434\u0438\u0442 \u0432\u0441\u0435 \u043d\u0435\u043e\u0431\u0445\u043e\u0434\u0438\u043c\u043e\u0435 \u0434\u043b\u044f \u0441\u043e\u0437\u0434\u0430\u043d\u0438\u044f \u0441\u043e\u0431\u0441\u0442\u0432\u0435\u043d\u043d\u043e\u0433\u043e \u0442\u0435\u0440\u0440\u0430\u0440\u0438\u0443\u043c\u0430.<\/li>\n<\/ul>\n<p><strong>\u0412 \u043a\u043e\u043c\u043f\u043b\u0435\u043a\u0442 \u0432\u0445\u043e\u0434\u044f\u0442:<\/strong><\/p>\n<ul>\n<li>\u0420\u0430\u0441\u0442\u0435\u043d\u0438\u044f: \u0431\u043e\u043d\u0441\u0430\u0439 \u0438\u0437 \u0444\u0438\u043a\u0443\u0441\u0430 \u0436\u0435\u043d\u044c\u0448\u0435\u043d\u044f, \u0444\u0438\u0442\u0442\u043e\u043d\u0438\u044f \u043a\u0440\u0430\u0441\u043d\u043e-\u043e\u0440\u0430\u043d\u0436\u0435\u0432\u0430\u044f, \u043f\u0430\u043f\u043e\u0440\u043e\u0442\u043d\u0438\u043a.<\/li>\n<li>\u0417\u0435\u043b\u0435\u043d\u044b\u0439 \u043c\u043e\u0445<\/li>\n<li>\u0413\u0438\u0434\u0440\u043e\u0433\u0440\u0430\u043d\u0443\u043b\u044b<\/li>\n<li>\u0410\u043a\u0442\u0438\u0432\u0438\u0440\u043e\u0432\u0430\u043d\u043d\u044b\u0439 \u0443\u0433\u043e\u043b\u044c<\/li>\n<li>\u043f\u043e\u0447\u0432\u0430 \u0434\u043b\u044f \u0442\u0435\u0440\u0440\u0430\u0440\u0438\u0443\u043c\u0430<\/li>\n<li>\u041f\u043e\u0448\u0430\u0433\u043e\u0432\u0430\u044f \u0438\u043d\u0441\u0442\u0440\u0443\u043a\u0446\u0438\u044f \u043f\u043e \u0438\u0437\u0433\u043e\u0442\u043e\u0432\u043b\u0435\u043d\u0438\u044e \u0442\u0435\u0440\u0440\u0430\u0440\u0438\u0443\u043c\u0430<\/li>\n<li>\u0421\u043e\u0432\u0435\u0442\u044b \u043f\u043e \u0442\u0435\u0445\u043d\u0438\u0447\u0435\u0441\u043a\u043e\u043c\u0443 \u043e\u0431\u0441\u043b\u0443\u0436\u0438\u0432\u0430\u043d\u0438\u044e<\/li>\n<\/ul>\n<p><strong>\u0421\u0431\u043e\u0440\u043a\u0430 \u0438 \u0442\u0435\u0445\u043d\u0438\u0447\u0435\u0441\u043a\u043e\u0435 \u043e\u0431\u0441\u043b\u0443\u0436\u0438\u0432\u0430\u043d\u0438\u0435:<\/strong><br \/>\n\u0421 \u043f\u043e\u043c\u043e\u0449\u044c\u044e \u044d\u0442\u043e\u0433\u043e \u043d\u0430\u0431\u043e\u0440\u0430 \u0432\u044b \u043b\u0435\u0433\u043a\u043e \u0441\u043e\u0431\u0435\u0440\u0435\u0442\u0435 \u0441\u0432\u043e\u0439 \u0442\u0435\u0440\u0440\u0430\u0440\u0438\u0443\u043c, \u0441\u043b\u0435\u0434\u0443\u044f \u043f\u0440\u043e\u0441\u0442\u043e\u0439 \u0438 \u043f\u043e\u043d\u044f\u0442\u043d\u043e\u0439 \u043f\u043e\u0448\u0430\u0433\u043e\u0432\u043e\u0439 \u0438\u043d\u0441\u0442\u0440\u0443\u043a\u0446\u0438\u0438 \u0438\u0437 5 \u0448\u0430\u0433\u043e\u0432. \u0412 \u0440\u0435\u0437\u0443\u043b\u044c\u0442\u0430\u0442\u0435 \u043f\u043e\u043b\u0443\u0447\u0438\u0442\u0441\u044f \u043f\u044b\u0448\u043d\u044b\u0439 \u0437\u0435\u043b\u0435\u043d\u044b\u0439 \u043e\u0430\u0437\u0438\u0441, \u043a\u043e\u0442\u043e\u0440\u044b\u0439 \u0432\u043f\u0438\u0448\u0435\u0442\u0441\u044f \u0432 \u043b\u044e\u0431\u043e\u0439 \u0438\u043d\u0442\u0435\u0440\u044c\u0435\u0440.<\/p>\n<p><strong>\u0423\u0441\u0442\u043e\u0439\u0447\u0438\u0432\u043e\u0435 \u0440\u0430\u0437\u0432\u0438\u0442\u0438\u0435:<\/strong><br \/>\n\u041d\u0430\u0448\u0438 \u0440\u0430\u0441\u0442\u0435\u043d\u0438\u044f \u0438 \u043b\u0438\u0448\u0430\u0439\u043d\u0438\u043a\u0438 \u0442\u0449\u0430\u0442\u0435\u043b\u044c\u043d\u043e \u043e\u0442\u0431\u0438\u0440\u0430\u044e\u0442\u0441\u044f \u0438 \u0432\u044b\u0440\u0430\u0449\u0438\u0432\u0430\u044e\u0442\u0441\u044f \u0432 \u043c\u0435\u0441\u0442\u043d\u044b\u0445 \u043f\u0438\u0442\u043e\u043c\u043d\u0438\u043a\u0430\u0445, \u0447\u0442\u043e \u0433\u0430\u0440\u0430\u043d\u0442\u0438\u0440\u0443\u0435\u0442 \u0432\u044b\u0441\u043e\u0447\u0430\u0439\u0448\u0435\u0435 \u043a\u0430\u0447\u0435\u0441\u0442\u0432\u043e \u0438 \u044d\u043a\u043e\u043b\u043e\u0433\u0438\u0447\u043d\u043e\u0441\u0442\u044c.<\/p>\n<p><strong>\u0412\u0430\u0440\u0438\u0430\u043d\u0442 \u043f\u043e\u0434\u0430\u0440\u043a\u0430:<\/strong><br \/>\n\u042d\u0442\u043e\u0442 \u0442\u0435\u0440\u0440\u0430\u0440\u0438\u0443\u043c \u0441\u0442\u0430\u043d\u0435\u0442 \u0438\u0434\u0435\u0430\u043b\u044c\u043d\u044b\u043c \u043f\u043e\u0434\u0430\u0440\u043a\u043e\u043c \u043a\u0430\u043a \u0434\u043b\u044f \u043b\u044e\u0431\u0438\u0442\u0435\u043b\u0435\u0439 \u0440\u0430\u0441\u0442\u0435\u043d\u0438\u0439, \u0442\u0430\u043a \u0438 \u0434\u043b\u044f \u043d\u0430\u0447\u0438\u043d\u0430\u044e\u0449\u0438\u0445. \u041e\u043d \u043e\u0442\u043b\u0438\u0447\u043d\u043e \u043f\u043e\u0434\u043e\u0439\u0434\u0435\u0442 \u0434\u043b\u044f \u0434\u043d\u044f \u0440\u043e\u0436\u0434\u0435\u043d\u0438\u044f, \u0432\u0435\u0447\u0435\u0440\u0438\u043d\u043a\u0438 \u0441 \u0441\u043e\u043b\u0435\u043d\u044b\u043c \u0445\u043b\u0435\u0431\u043e\u043c \u0438\u043b\u0438 \u043f\u0440\u043e\u0441\u0442\u043e \u0447\u0442\u043e\u0431\u044b \u043f\u043e\u0440\u0430\u0434\u043e\u0432\u0430\u0442\u044c \u043a\u043e\u0433\u043e-\u043d\u0438\u0431\u0443\u0434\u044c.<\/p>\n<p><strong>\u041f\u0440\u0435\u0432\u0440\u0430\u0442\u0438\u0442\u0435 \u0441\u0432\u043e\u0439 \u0443\u0433\u043e\u043b\u043e\u043a \u0432 \u0437\u0435\u043b\u0435\u043d\u044b\u0439 \u043e\u0430\u0437\u0438\u0441 \u0438 \u043d\u0430\u0441\u043b\u0430\u0436\u0434\u0430\u0439\u0442\u0435\u0441\u044c \u043a\u0440\u0430\u0441\u043e\u0442\u043e\u0439 \u043f\u0440\u0438\u0440\u043e\u0434\u044b \u043a\u0430\u0436\u0434\u044b\u0439 \u0434\u0435\u043d\u044c!<\/strong><\/p>","protected":false},"excerpt":{"rendered":"<p>Loo oma koju v\u00f5i kontorisse pilkup\u00fc\u00fcdev ja isetoimiv taime terraarium! See kaunis biotoop ei vaja rohen\u00e4pu oskusi ega erilist hooldust, kuna kastmist&hellip;<\/p>","protected":false},"featured_media":43816,"comment_status":"open","ping_status":"closed","template":"","meta":{"wprm-recipe-roundup-name":"","wprm-recipe-roundup-description":""},"product_brand":[],"product_cat":[2001,2063],"product_tag":[2004,2070,2005,2038,2071,2008,2009,2010,2002],"class_list":{"0":"post-43820","1":"product","2":"type-product","3":"status-publish","4":"has-post-thumbnail","6":"product_cat-taimed","7":"product_cat-taime-terraariumid","8":"product_tag-bonsai","9":"product_tag-bonsai-tree","10":"product_tag-diy","11":"product_tag-ficus-bonsai","12":"product_tag-ficus-ginseng","13":"product_tag-terrarium","14":"product_tag-terrarium-kit","15":"product_tag-urban-jungle","16":"product_tag-urbanjngl","17":"pa_brand-urbanjngl","19":"first","20":"instock","21":"taxable","22":"shipping-taxable","23":"purchasable","24":"product-type-variable"},"supplier_id":null,"supplier_sku":"","barcode":null,"atum_controlled":true,"out_stock_date":null,"out_stock_threshold":null,"inheritable":true,"inbound_stock":null,"stock_on_hold":0,"sold_today":0,"sales_last_days":0,"reserved_stock":null,"customer_returns":null,"warehouse_damage":null,"lost_in_post":null,"other_logs":null,"out_stock_days":0,"lost_sales":0,"has_location":false,"update_date":"2026-03-07T01:16:00","atum_locations":[],"atum_stock_status":"instock","restock_status":false,"low_stock_amount":"","sales_update_date":"2026-03-07T01:16:00","calc_backorders":null,"aioseo_notices":[],"_links":{"self":[{"href":"https:\/\/ecoshop.ee\/ru\/wp-json\/wp\/v2\/product\/43820","targetHints":{"allow":["GET"]}}],"collection":[{"href":"https:\/\/ecoshop.ee\/ru\/wp-json\/wp\/v2\/product"}],"about":[{"href":"https:\/\/ecoshop.ee\/ru\/wp-json\/wp\/v2\/types\/product"}],"replies":[{"embeddable":true,"href":"https:\/\/ecoshop.ee\/ru\/wp-json\/wp\/v2\/comments?post=43820"}],"version-history":[{"count":0,"href":"https:\/\/ecoshop.ee\/ru\/wp-json\/wp\/v2\/product\/43820\/revisions"}],"wp:featuredmedia":[{"embeddable":true,"href":"https:\/\/ecoshop.ee\/ru\/wp-json\/wp\/v2\/media\/43816"}],"wp:attachment":[{"href":"https:\/\/ecoshop.ee\/ru\/wp-json\/wp\/v2\/media?parent=43820"}],"wp:term":[{"taxonomy":"product_brand","embeddable":true,"href":"https:\/\/ecoshop.ee\/ru\/wp-json\/wp\/v2\/product_brand?post=43820"},{"taxonomy":"product_cat","embeddable":true,"href":"https:\/\/ecoshop.ee\/ru\/wp-json\/wp\/v2\/product_cat?post=43820"},{"taxonomy":"product_tag","embeddable":true,"href":"https:\/\/ecoshop.ee\/ru\/wp-json\/wp\/v2\/product_tag?post=43820"}],"curies":[{"name":"wp","href":"https:\/\/api.w.org\/{rel}","templated":true}]}}