{"id":4511,"date":"2024-06-18T00:47:59","date_gmt":"2024-06-17T21:47:59","guid":{"rendered":"https:\/\/ecoshop.ee\/?post_type=product&#038;p=4511"},"modified":"2026-04-14T00:50:01","modified_gmt":"2026-04-13T21:50:01","slug":"%d0%b1%d0%b0%d0%bc%d0%b1%d1%83%d0%ba%d0%be%d0%b2%d1%8b%d0%b5-%d0%bc%d0%b8%d1%81%d0%ba%d0%b8-15-%d1%81%d0%bc","status":"publish","type":"product","link":"https:\/\/ecoshop.ee\/ru\/noud-ja-koogitarbed\/bambusest-kausid-15cm\/","title":{"rendered":"\u0411\u0430\u043c\u0431\u0443\u043a\u043e\u0432\u044b\u0435 \u043c\u0438\u0441\u043a\u0438, 15 \u0441\u043c"},"content":{"rendered":"<p>\u041d\u0430\u0448\u0438 \u0431\u0430\u043c\u0431\u0443\u043a\u043e\u0432\u044b\u0435 \u043c\u0438\u0441\u043a\u0438 \u0434\u043b\u044f \u0437\u0430\u043a\u0443\u0441\u043e\u043a \u0438 \u0441\u043e\u0443\u0441\u043e\u0432 \u0438\u0434\u0435\u0430\u043b\u044c\u043d\u043e \u043f\u043e\u0434\u0445\u043e\u0434\u044f\u0442 \u0434\u043b\u044f \u043f\u043e\u0434\u0430\u0447\u0438 \u043a\u0430\u0440\u0442\u043e\u0444\u0435\u043b\u044c\u043d\u044b\u0445 \u0447\u0438\u043f\u0441\u043e\u0432, \u043e\u0440\u0435\u0445\u043e\u0432\u044b\u0445 \u0441\u043c\u0435\u0441\u0435\u0439 \u0438 \u0434\u0440\u0443\u0433\u0438\u0445 \u0437\u0430\u043a\u0443\u0441\u043e\u043a \u043d\u0430 \u0432\u0435\u0447\u0435\u0440\u0438\u043d\u043a\u0430\u0445! \u041d\u0430\u0448\u0438 \u0434\u0435\u0440\u0435\u0432\u0435\u043d\u0441\u043a\u0438\u0435 \u0434\u0435\u0440\u0435\u0432\u044f\u043d\u043d\u044b\u0435 \u043c\u0438\u0441\u043a\u0438 \u0434\u043b\u044f \u0437\u0430\u043a\u0443\u0441\u043e\u043a, \u0438\u0437\u0433\u043e\u0442\u043e\u0432\u043b\u0435\u043d\u043d\u044b\u0435 \u0432\u0440\u0443\u0447\u043d\u0443\u044e \u0438\u0437 \u0441\u043a\u0440\u0443\u0447\u0435\u043d\u043d\u043e\u0433\u043e \u0431\u0430\u043c\u0431\u0443\u043a\u0430 \u0438 \u0440\u0430\u0441\u043f\u0438\u0441\u0430\u043d\u043d\u044b\u0435 \u0443\u0437\u043e\u0440\u043e\u043c \u0442\u0435\u0440\u0440\u0430\u0446\u0446\u043e, \u043f\u043e\u0434\u043e\u0439\u0434\u0443\u0442 \u043f\u0440\u0430\u043a\u0442\u0438\u0447\u0435\u0441\u043a\u0438 \u043a \u043b\u044e\u0431\u043e\u043c\u0443 \u0434\u043e\u043c\u0430\u0448\u043d\u0435\u043c\u0443 \u0438\u043d\u0442\u0435\u0440\u044c\u0435\u0440\u0443.<\/p>\n<p>\u0412\u0441\u0435 \u043d\u0430\u0448\u0438 \u043d\u0430\u0431\u043e\u0440\u044b \u0431\u0430\u043c\u0431\u0443\u043a\u043e\u0432\u044b\u0445 \u043c\u0438\u0441\u043e\u043a \u0438\u0437\u0433\u043e\u0442\u043e\u0432\u043b\u0435\u043d\u044b \u0438\u0437 \u043d\u0430\u0442\u0443\u0440\u0430\u043b\u044c\u043d\u043e\u0433\u043e \u0438 \u043e\u0440\u0433\u0430\u043d\u0438\u0447\u0435\u0441\u043a\u043e\u0433\u043e \u0432\u044c\u0435\u0442\u043d\u0430\u043c\u0441\u043a\u043e\u0433\u043e \u0431\u0430\u043c\u0431\u0443\u043a\u0430. \u042d\u0442\u043e\u0442 \u0431\u0430\u043c\u0431\u0443\u043a \u0438\u0437\u0432\u0435\u0441\u0442\u0435\u043d \u0441\u0432\u043e\u0438\u043c \u0441\u0432\u0435\u0442\u043b\u044b\u043c \u0446\u0432\u0435\u0442\u043e\u043c \u0438 \u0431\u044b\u0441\u0442\u0440\u044b\u043c \u0440\u043e\u0441\u0442\u043e\u043c, \u0430 \u044d\u0442\u043e \u0437\u043d\u0430\u0447\u0438\u0442, \u0447\u0442\u043e \u043d\u0430\u0448\u0430 \u043f\u0440\u043e\u0434\u0443\u043a\u0446\u0438\u044f \u043d\u0435 \u0441\u043f\u043e\u0441\u043e\u0431\u0441\u0442\u0432\u0443\u0435\u0442 \u0432\u044b\u0440\u0443\u0431\u043a\u0435 \u043b\u0435\u0441\u043e\u0432.<\/p>\n<p>\u0414\u043e\u0431\u0430\u0432\u044c\u0442\u0435 \u0432 \u0441\u0432\u043e\u044e \u043a\u043e\u043b\u043b\u0435\u043a\u0446\u0438\u044e \u043d\u0430\u0448\u0438 \u043b\u0435\u0433\u043a\u0438\u0435 \u0431\u0430\u043c\u0431\u0443\u043a\u043e\u0432\u044b\u0435 \u043c\u0438\u0441\u043a\u0438 \u0434\u043b\u044f \u0441\u043e\u0443\u0441\u043e\u0432 \u0438 \u0443\u0433\u043e\u0449\u0430\u0439\u0442\u0435 \u0434\u0440\u0443\u0437\u0435\u0439 \u0438 \u0441\u0435\u043c\u044c\u044e, \u0438\u0441\u043f\u043e\u043b\u044c\u0437\u0443\u044f \u0442\u043e\u043b\u044c\u043a\u043e \u043d\u0430\u0442\u0443\u0440\u0430\u043b\u044c\u043d\u0443\u044e \u043f\u043e\u0441\u0443\u0434\u0443!<\/p>\n<p><strong><span class=\"jCAhz JxVs2d\"><span class=\"ryNqvb\">\u0412\u043a\u043b\u044e\u0447\u0430\u0435\u0442:<\/span><\/span><\/strong><\/p>\n<ul>\n<li><span class=\"jCAhz JxVs2d ChMk0b\"><span class=\"ryNqvb\">2 \u0431\u0430\u043c\u0431\u0443\u043a\u043e\u0432\u044b\u0435 \u043c\u0438\u0441\u043a\u0438 \u0434\u043b\u044f \u0437\u0430\u043a\u0443\u0441\u043e\u043a \u0438 \u0441\u043e\u0443\u0441\u043e\u0432<\/span><\/span><\/li>\n<\/ul>","protected":false},"excerpt":{"rendered":"<p>Meie bambusest sn\u00e4ki- ja dipikausid sobivad suurep\u00e4raselt pidudel kartulikr\u00f5psude, p\u00e4hklisegude ja muude toitude serveerimiseks! Meie rustikaalsed puidust suupistekausid, mis on k\u00e4sitsi valmistatud&hellip;<\/p>","protected":false},"featured_media":4517,"comment_status":"open","ping_status":"closed","template":"","meta":{"wprm-recipe-roundup-name":"","wprm-recipe-roundup-description":""},"product_brand":[12064],"product_cat":[163,247],"product_tag":[171],"class_list":{"0":"post-4511","1":"product","2":"type-product","3":"status-publish","4":"has-post-thumbnail","6":"product_brand-jungle-culture","7":"product_cat-kodutarbed","8":"product_cat-noud-ja-koogitarbed","9":"product_tag-kauss","11":"first","12":"instock","13":"taxable","14":"shipping-taxable","15":"purchasable","16":"product-type-simple"},"supplier_id":9133,"supplier_sku":"","barcode":null,"atum_controlled":true,"out_stock_date":null,"out_stock_threshold":null,"inheritable":false,"inbound_stock":0,"stock_on_hold":0,"sold_today":0,"sales_last_days":0,"reserved_stock":0,"customer_returns":0,"warehouse_damage":0,"lost_in_post":0,"other_logs":0,"out_stock_days":0,"lost_sales":0,"has_location":false,"update_date":"2026-04-13T21:50:02","atum_locations":[],"atum_stock_status":"instock","restock_status":false,"low_stock_amount":"","sales_update_date":"2026-03-07T01:16:04","calc_backorders":null,"aioseo_notices":[],"_links":{"self":[{"href":"https:\/\/ecoshop.ee\/ru\/wp-json\/wp\/v2\/product\/4511","targetHints":{"allow":["GET"]}}],"collection":[{"href":"https:\/\/ecoshop.ee\/ru\/wp-json\/wp\/v2\/product"}],"about":[{"href":"https:\/\/ecoshop.ee\/ru\/wp-json\/wp\/v2\/types\/product"}],"replies":[{"embeddable":true,"href":"https:\/\/ecoshop.ee\/ru\/wp-json\/wp\/v2\/comments?post=4511"}],"version-history":[{"count":0,"href":"https:\/\/ecoshop.ee\/ru\/wp-json\/wp\/v2\/product\/4511\/revisions"}],"wp:featuredmedia":[{"embeddable":true,"href":"https:\/\/ecoshop.ee\/ru\/wp-json\/wp\/v2\/media\/4517"}],"wp:attachment":[{"href":"https:\/\/ecoshop.ee\/ru\/wp-json\/wp\/v2\/media?parent=4511"}],"wp:term":[{"taxonomy":"product_brand","embeddable":true,"href":"https:\/\/ecoshop.ee\/ru\/wp-json\/wp\/v2\/product_brand?post=4511"},{"taxonomy":"product_cat","embeddable":true,"href":"https:\/\/ecoshop.ee\/ru\/wp-json\/wp\/v2\/product_cat?post=4511"},{"taxonomy":"product_tag","embeddable":true,"href":"https:\/\/ecoshop.ee\/ru\/wp-json\/wp\/v2\/product_tag?post=4511"}],"curies":[{"name":"wp","href":"https:\/\/api.w.org\/{rel}","templated":true}]}}