{"id":47643,"date":"2025-01-16T00:50:18","date_gmt":"2025-01-15T21:50:18","guid":{"rendered":"https:\/\/ecoshop.ee\/?post_type=product&#038;p=47643"},"modified":"2026-05-04T11:29:13","modified_gmt":"2026-05-04T08:29:13","slug":"%d0%b2%d0%b5%d0%b3%d0%b0%d0%bd%d1%81%d0%ba%d0%b8%d0%b9-%d1%88%d0%be%d0%ba%d0%be%d0%bb%d0%b0%d0%b4-icho-%d1%81-%d0%ba%d0%b5%d0%ba%d1%81%d0%b0%d0%bc%d0%b8-%d0%be%d1%80%d0%b3%d0%b0%d0%bd%d0%b8%d1%87","status":"publish","type":"product","link":"https:\/\/ecoshop.ee\/ru\/sokolaadid\/ichoc-kupsisetukkidega-vegan-sokolaad-mahe-80g\/","title":{"rendered":"\u0412\u0435\u0433\u0430\u043d\u0441\u043a\u0438\u0439 \u0448\u043e\u043a\u043e\u043b\u0430\u0434 iChoc \u0441 \u043a\u0443\u0441\u043e\u0447\u043a\u0430\u043c\u0438 \u043f\u0435\u0447\u0435\u043d\u044c\u044f, \u043e\u0440\u0433\u0430\u043d\u0438\u0447\u0435\u0441\u043a\u0438\u0439, 80 \u0433"},"content":{"rendered":"<p>\u0428\u043e\u043a\u043e\u043b\u0430\u0434\u043d\u043e\u0435 \u043f\u0435\u0447\u0435\u043d\u044c\u0435 iChoc Choco Cookie \u2014 \u044d\u0442\u043e \u0432\u043e\u0441\u0445\u0438\u0442\u0438\u0442\u0435\u043b\u044c\u043d\u044b\u0439 \u0432\u0435\u0433\u0430\u043d\u0441\u043a\u0438\u0439 \u0448\u043e\u043a\u043e\u043b\u0430\u0434 \u043d\u0430 \u043e\u0441\u043d\u043e\u0432\u0435 \u043a\u0430\u043a\u0430\u043e-\u043c\u0430\u0441\u043b\u0430, \u0441\u043e\u0434\u0435\u0440\u0436\u0430\u0449\u0438\u0439 \u0445\u0440\u0443\u0441\u0442\u044f\u0449\u0438\u0435 \u043a\u0443\u0441\u043e\u0447\u043a\u0438 \u0448\u043e\u043a\u043e\u043b\u0430\u0434\u043d\u043e\u0433\u043e \u043f\u0435\u0447\u0435\u043d\u044c\u044f. \u041f\u0440\u0435\u043a\u0440\u0430\u0441\u043d\u044b\u0439 \u043f\u0440\u0438\u043c\u0435\u0440 \u0442\u043e\u0433\u043e, \u0447\u0442\u043e \u0432\u0435\u0433\u0430\u043d\u0441\u043a\u0438\u0439 \u0448\u043e\u043a\u043e\u043b\u0430\u0434 \u043d\u0435 \u0432\u0441\u0435\u0433\u0434\u0430 \u0434\u043e\u043b\u0436\u0435\u043d \u0431\u044b\u0442\u044c \u0442\u0435\u043c\u043d\u044b\u043c.<\/p>\n<p>\u042d\u0442\u043e\u0442 \u043e\u0440\u0433\u0430\u043d\u0438\u0447\u0435\u0441\u043a\u0438\u0439 \u0448\u043e\u043a\u043e\u043b\u0430\u0434 \u2014 \u043e\u0442\u043b\u0438\u0447\u043d\u044b\u0439 \u0432\u044b\u0431\u043e\u0440 \u0434\u043b\u044f \u0442\u0435\u0445, \u043a\u0442\u043e \u0438\u0449\u0435\u0442 \u0440\u0430\u0441\u0442\u0438\u0442\u0435\u043b\u044c\u043d\u043e\u0435 \u043b\u0430\u043a\u043e\u043c\u0441\u0442\u0432\u043e, \u043a\u043e\u0442\u043e\u0440\u043e\u0435 \u043e\u0434\u043d\u043e\u0432\u0440\u0435\u043c\u0435\u043d\u043d\u043e \u0432\u043a\u0443\u0441\u043d\u043e\u0435 \u0438 \u044d\u043a\u043e\u043b\u043e\u0433\u0438\u0447\u043d\u043e\u0435.<\/p>","protected":false},"excerpt":{"rendered":"<p>iChoc Choco Cookie on maitsev vegan \u0161okolaad, mis p\u00f5hineb kakaov\u00f5il ja sisaldab kr\u00f5mpsuvaid \u0161okolaadik\u00fcpsiset\u00fckke. Suurep\u00e4rane n\u00e4ide sellest, et vegan \u0161okolaad ei pea&hellip;<\/p>","protected":false},"featured_media":47644,"comment_status":"open","ping_status":"closed","template":"","meta":{"wprm-recipe-roundup-name":"","wprm-recipe-roundup-description":""},"product_brand":[12028],"product_cat":[141],"product_tag":[297,142],"class_list":{"0":"post-47643","1":"product","2":"type-product","3":"status-publish","4":"has-post-thumbnail","6":"product_brand-ichoc","7":"product_cat-sokolaadid","8":"product_tag-mahe","9":"product_tag-sokolaad","10":"j79_wcxd_expiry_type-best-before","12":"first","13":"instock","14":"taxable","15":"shipping-taxable","16":"purchasable","17":"product-type-simple"},"supplier_id":390160,"supplier_sku":"","barcode":"4044889004601","atum_controlled":true,"out_stock_date":null,"out_stock_threshold":null,"inheritable":false,"inbound_stock":0,"stock_on_hold":0,"sold_today":0,"sales_last_days":1,"reserved_stock":0,"customer_returns":0,"warehouse_damage":0,"lost_in_post":0,"other_logs":0,"out_stock_days":0,"lost_sales":0,"has_location":false,"update_date":"2026-05-07T14:39:18","atum_locations":[],"atum_stock_status":"instock","restock_status":false,"low_stock_amount":"","sales_update_date":"2026-05-07T14:39:18","calc_backorders":null,"aioseo_notices":[],"_links":{"self":[{"href":"https:\/\/ecoshop.ee\/ru\/wp-json\/wp\/v2\/product\/47643","targetHints":{"allow":["GET"]}}],"collection":[{"href":"https:\/\/ecoshop.ee\/ru\/wp-json\/wp\/v2\/product"}],"about":[{"href":"https:\/\/ecoshop.ee\/ru\/wp-json\/wp\/v2\/types\/product"}],"replies":[{"embeddable":true,"href":"https:\/\/ecoshop.ee\/ru\/wp-json\/wp\/v2\/comments?post=47643"}],"version-history":[{"count":0,"href":"https:\/\/ecoshop.ee\/ru\/wp-json\/wp\/v2\/product\/47643\/revisions"}],"wp:featuredmedia":[{"embeddable":true,"href":"https:\/\/ecoshop.ee\/ru\/wp-json\/wp\/v2\/media\/47644"}],"wp:attachment":[{"href":"https:\/\/ecoshop.ee\/ru\/wp-json\/wp\/v2\/media?parent=47643"}],"wp:term":[{"taxonomy":"product_brand","embeddable":true,"href":"https:\/\/ecoshop.ee\/ru\/wp-json\/wp\/v2\/product_brand?post=47643"},{"taxonomy":"product_cat","embeddable":true,"href":"https:\/\/ecoshop.ee\/ru\/wp-json\/wp\/v2\/product_cat?post=47643"},{"taxonomy":"product_tag","embeddable":true,"href":"https:\/\/ecoshop.ee\/ru\/wp-json\/wp\/v2\/product_tag?post=47643"}],"curies":[{"name":"wp","href":"https:\/\/api.w.org\/{rel}","templated":true}]}}