{"id":4866,"date":"2024-06-27T21:20:11","date_gmt":"2024-06-27T18:20:11","guid":{"rendered":"https:\/\/ecoshop.ee\/?post_type=product&#038;p=4866"},"modified":"2024-11-09T01:37:16","modified_gmt":"2024-11-08T22:37:16","slug":"%d0%ba%d1%80%d0%b0%d1%81%d0%b8%d0%b2%d1%8b%d0%b9-%d0%bf%d1%80%d0%be%d0%b1%d0%ba%d0%be%d0%b2%d1%8b%d0%b9-%d1%84%d0%be%d0%bd%d1%82%d0%b0%d0%bd-%d1%81-%d1%82%d1%80%d0%b0%d0%b4%d0%b8%d1%86%d0%b8%d0%be","status":"publish","type":"product","link":"https:\/\/ecoshop.ee\/ru\/kaekellad-ja-ehted\/kaunis-korgist-kaevoru-traditsioonilise-portugali-amuletiga\/","title":{"rendered":"\u041a\u0440\u0430\u0441\u0438\u0432\u044b\u0439 \u043f\u0440\u043e\u0431\u043a\u043e\u0432\u044b\u0439 \u0431\u0440\u0430\u0441\u043b\u0435\u0442 \u0441 \u0442\u0440\u0430\u0434\u0438\u0446\u0438\u043e\u043d\u043d\u044b\u043c \u0430\u043c\u0443\u043b\u0435\u0442\u043e\u043c."},"content":{"rendered":"<p>\u041a\u0440\u0430\u0441\u0438\u0432\u044b\u0439 \u0431\u0440\u0430\u0441\u043b\u0435\u0442 \u0438\u0437 \u043f\u0440\u043e\u0431\u043a\u0438 \u2014 \u0430\u043a\u0441\u0435\u0441\u0441\u0443\u0430\u0440, \u0441\u043e\u0447\u0435\u0442\u0430\u044e\u0449\u0438\u0439 \u0432 \u0441\u0435\u0431\u0435 \u0442\u0440\u0430\u0434\u0438\u0446\u0438\u043e\u043d\u043d\u044b\u0439 \u043f\u043e\u0440\u0442\u0443\u0433\u0430\u043b\u044c\u0441\u043a\u0438\u0439 \u0430\u043c\u0443\u043b\u0435\u0442 \u0438 \u043f\u0440\u043e\u0447\u043d\u044b\u0439 \u043f\u0440\u043e\u0431\u043a\u043e\u0432\u044b\u0439 \u0448\u043d\u0443\u0440, \u0438\u0437\u0433\u043e\u0442\u043e\u0432\u043b\u0435\u043d\u043d\u044b\u0439 \u0438\u0437 \u043d\u0430\u0442\u0443\u0440\u0430\u043b\u044c\u043d\u043e\u0433\u043e \u043f\u043e\u0440\u0442\u0443\u0433\u0430\u043b\u044c\u0441\u043a\u043e\u0433\u043e \u0434\u0443\u0431\u0430. \u041f\u0440\u043e\u0431\u043a\u0430 \u043f\u0440\u043e\u0438\u0437\u0432\u043e\u0434\u0438\u0442\u0441\u044f \u044d\u043a\u043e\u043b\u043e\u0433\u0438\u0447\u043d\u044b\u043c \u0441\u043f\u043e\u0441\u043e\u0431\u043e\u043c \u0438 \u043d\u0435 \u043d\u0430\u043d\u043e\u0441\u0438\u0442 \u0432\u0440\u0435\u0434\u0430 \u0434\u0435\u0440\u0435\u0432\u0443. \u0411\u0440\u0430\u0441\u043b\u0435\u0442 \u043e\u0441\u043d\u0430\u0449\u0435\u043d \u0443\u0434\u043e\u0431\u043d\u043e\u0439 \u043c\u0430\u0433\u043d\u0438\u0442\u043d\u043e\u0439 \u0437\u0430\u0441\u0442\u0435\u0436\u043a\u043e\u0439, \u043a\u043e\u0442\u043e\u0440\u0430\u044f \u043e\u0431\u0435\u0441\u043f\u0435\u0447\u0438\u0432\u0430\u0435\u0442 \u043b\u0435\u0433\u043a\u043e\u0435 \u0437\u0430\u0441\u0442\u0435\u0433\u0438\u0432\u0430\u043d\u0438\u0435 \u0438 \u043d\u0430\u0434\u0435\u0436\u043d\u0443\u044e \u0444\u0438\u043a\u0441\u0430\u0446\u0438\u044e.<\/p>","protected":false},"excerpt":{"rendered":"<p>Kaunis korgist k\u00e4ev\u00f5ru \u2013 aksessuaar, mis \u00fchendab endas traditsioonilise Portugali amuleti ja vastupidava korgist n\u00f6\u00f6ri mis valmistatud ehtsast Portugali tammepuidust. Korgi tootmine&hellip;<\/p>","protected":false},"featured_media":4870,"comment_status":"open","ping_status":"closed","template":"","meta":{"wprm-recipe-roundup-name":"","wprm-recipe-roundup-description":""},"product_brand":[],"product_cat":[243],"product_tag":[225],"class_list":{"0":"post-4866","1":"product","2":"type-product","3":"status-publish","4":"has-post-thumbnail","6":"product_cat-kaekellad-ja-ehted","7":"product_tag-kaevoru","9":"first","10":"instock","11":"taxable","12":"shipping-taxable","13":"purchasable","14":"product-type-simple"},"supplier_id":9159,"supplier_sku":"","barcode":null,"atum_controlled":true,"out_stock_date":null,"out_stock_threshold":null,"inheritable":false,"inbound_stock":0,"stock_on_hold":0,"sold_today":0,"sales_last_days":0,"reserved_stock":0,"customer_returns":0,"warehouse_damage":0,"lost_in_post":0,"other_logs":0,"out_stock_days":0,"lost_sales":0,"has_location":false,"update_date":"2026-03-07T01:16:01","atum_locations":[],"atum_stock_status":"instock","restock_status":false,"low_stock_amount":"","sales_update_date":"2026-03-07T01:16:01","calc_backorders":null,"aioseo_notices":[],"_links":{"self":[{"href":"https:\/\/ecoshop.ee\/ru\/wp-json\/wp\/v2\/product\/4866","targetHints":{"allow":["GET"]}}],"collection":[{"href":"https:\/\/ecoshop.ee\/ru\/wp-json\/wp\/v2\/product"}],"about":[{"href":"https:\/\/ecoshop.ee\/ru\/wp-json\/wp\/v2\/types\/product"}],"replies":[{"embeddable":true,"href":"https:\/\/ecoshop.ee\/ru\/wp-json\/wp\/v2\/comments?post=4866"}],"version-history":[{"count":0,"href":"https:\/\/ecoshop.ee\/ru\/wp-json\/wp\/v2\/product\/4866\/revisions"}],"wp:featuredmedia":[{"embeddable":true,"href":"https:\/\/ecoshop.ee\/ru\/wp-json\/wp\/v2\/media\/4870"}],"wp:attachment":[{"href":"https:\/\/ecoshop.ee\/ru\/wp-json\/wp\/v2\/media?parent=4866"}],"wp:term":[{"taxonomy":"product_brand","embeddable":true,"href":"https:\/\/ecoshop.ee\/ru\/wp-json\/wp\/v2\/product_brand?post=4866"},{"taxonomy":"product_cat","embeddable":true,"href":"https:\/\/ecoshop.ee\/ru\/wp-json\/wp\/v2\/product_cat?post=4866"},{"taxonomy":"product_tag","embeddable":true,"href":"https:\/\/ecoshop.ee\/ru\/wp-json\/wp\/v2\/product_tag?post=4866"}],"curies":[{"name":"wp","href":"https:\/\/api.w.org\/{rel}","templated":true}]}}