{"id":5579,"date":"2024-07-14T21:51:19","date_gmt":"2024-07-14T18:51:19","guid":{"rendered":"https:\/\/ecoshop.ee\/?post_type=product&#038;p=5579"},"modified":"2024-11-09T01:29:17","modified_gmt":"2024-11-08T22:29:17","slug":"%d1%81%d1%83%d0%bc%d0%ba%d0%b0-%d1%87%d0%b5%d1%80%d0%b5%d0%b7-%d0%bf%d0%bb%d0%b5%d1%87%d0%be-%d0%b8%d0%b7-%d0%bf%d1%80%d0%be%d0%b1%d0%ba%d0%b8-%d1%81-%d1%83%d0%b7%d0%be%d1%80%d0%be%d0%bc","status":"publish","type":"product","link":"https:\/\/ecoshop.ee\/ru\/kotid\/mustriga-korgist-crossbody-kott\/","title":{"rendered":"\u0421\u0443\u043c\u043a\u0430 \u0447\u0435\u0440\u0435\u0437 \u043f\u043b\u0435\u0447\u043e \u0438\u0437 \u043f\u0440\u043e\u0431\u043a\u0438 \u0441 \u0443\u0437\u043e\u0440\u043e\u043c"},"content":{"rendered":"<p>\u0421\u0443\u043c\u043a\u0430 \u0438\u0437 \u043d\u0430\u0442\u0443\u0440\u0430\u043b\u044c\u043d\u043e\u0439 \u043f\u0440\u043e\u0431\u043a\u0438 \u0441 \u043f\u0440\u043e\u0431\u043a\u043e\u0432\u044b\u043c \u0440\u0435\u043c\u0435\u0448\u043a\u043e\u043c \u0438 \u0437\u0430\u0441\u0442\u0435\u0436\u043a\u043e\u0439-\u043c\u043e\u043b\u043d\u0438\u0435\u0439. \u0417\u0430\u0434\u043d\u0438\u0439 \u043a\u0430\u0440\u043c\u0430\u043d \u043d\u0430 \u043c\u043e\u043b\u043d\u0438\u0438 \u043f\u043e\u043c\u043e\u0436\u0435\u0442 \u043e\u0440\u0433\u0430\u043d\u0438\u0437\u043e\u0432\u0430\u0442\u044c \u0445\u0440\u0430\u043d\u0435\u043d\u0438\u0435 \u043f\u043e\u0432\u0441\u0435\u0434\u043d\u0435\u0432\u043d\u044b\u0445 \u0432\u0435\u0449\u0435\u0439 \u0438 \u043a\u043b\u044e\u0447\u0435\u0439. \u042d\u0442\u0430 \u043d\u0435\u0431\u043e\u043b\u044c\u0448\u0430\u044f \u0441\u0443\u043c\u043a\u0430 \u0441 \u043e\u0447\u0430\u0440\u043e\u0432\u0430\u0442\u0435\u043b\u044c\u043d\u044b\u043c \u0443\u0437\u043e\u0440\u043e\u043c \u2014 \u0438\u0434\u0435\u0430\u043b\u044c\u043d\u044b\u0439 \u0432\u044b\u0431\u043e\u0440 \u0434\u043b\u044f \u044d\u043a\u043e\u043b\u043e\u0433\u0438\u0447\u043d\u043e\u0433\u043e \u043e\u0431\u0440\u0430\u0437\u0430 \u0436\u0438\u0437\u043d\u0438, \u043f\u043e\u0441\u043a\u043e\u043b\u044c\u043a\u0443 \u043e\u043d\u0430 \u0438\u0437\u0433\u043e\u0442\u043e\u0432\u043b\u0435\u043d\u0430 \u0438\u0437 \u043f\u0440\u043e\u0431\u043a\u0438, \u043f\u043e\u043b\u0443\u0447\u0435\u043d\u043d\u043e\u0439 \u043e\u0440\u0433\u0430\u043d\u0438\u0447\u0435\u0441\u043a\u0438\u043c \u0438 \u044d\u043a\u043e\u043b\u043e\u0433\u0438\u0447\u0435\u0441\u043a\u0438 \u0447\u0438\u0441\u0442\u044b\u043c \u0441\u043f\u043e\u0441\u043e\u0431\u043e\u043c \u0438\u0437 \u0434\u0443\u0431\u043e\u0432\u044b\u0445 \u0434\u0435\u0440\u0435\u0432\u044c\u0435\u0432. \u0412\u044b\u0441\u043e\u043a\u043e\u043a\u0430\u0447\u0435\u0441\u0442\u0432\u0435\u043d\u043d\u0430\u044f \u043f\u0440\u043e\u0431\u043a\u0430 \u044d\u043a\u043e\u043b\u043e\u0433\u0438\u0447\u043d\u0430, \u0443\u0441\u0442\u043e\u0439\u0447\u0438\u0432\u0430, \u043e\u0447\u0435\u043d\u044c \u043c\u044f\u0433\u043a\u0430\u044f, \u0433\u0438\u0431\u043a\u0430\u044f \u0438 \u0434\u043e\u043b\u0433\u043e\u0432\u0435\u0447\u043d\u0430\u044f!<\/p>\n<p>&nbsp;<\/p>\n<p>\u041c\u0430\u0442\u0435\u0440\u0438\u0430\u043b\u044b:<\/p>\n<ul>\n<li>\u041e\u0441\u043d\u043e\u0432\u043d\u043e\u0439: \u043f\u0440\u043e\u0431\u043a\u0430<\/li>\n<li>\u0414\u0440\u0443\u0433\u043e\u0435: \u0438\u0441\u043a\u0443\u0441\u0441\u0442\u0432\u0435\u043d\u043d\u0430\u044f \u043a\u043e\u0436\u0430<\/li>\n<\/ul>\n<p>\u0420\u0430\u0437\u043c\u0435\u0440 \u0438 \u043f\u043e\u0441\u0430\u0434\u043a\u0430:<\/p>\n<ul>\n<li>\u0414\u043b\u0438\u043d\u0430: 20 \u0441\u043c<\/li>\n<li>\u0428\u0438\u0440\u0438\u043d\u0430: 14 \u0441\u043c<\/li>\n<li>\u0422\u043e\u043b\u0449\u0438\u043d\u0430 \u0434\u043d\u0430: 7 \u0441\u043c<\/li>\n<\/ul>","protected":false},"excerpt":{"rendered":"<p>Looduslikust korgist struktuurne kott, millel on korgist rihm ja lukuga kinnitus. Tagak\u00fcljel asetsev t\u00f5mblukuga tasku aitab organiseerida igap\u00e4evaseid asju ja v\u00f5tmeid. See&hellip;<\/p>","protected":false},"featured_media":5638,"comment_status":"open","ping_status":"closed","template":"","meta":{"wprm-recipe-roundup-name":"","wprm-recipe-roundup-description":""},"product_brand":[],"product_cat":[242],"product_tag":[202],"class_list":{"0":"post-5579","1":"product","2":"type-product","3":"status-publish","4":"has-post-thumbnail","6":"product_cat-kotid","7":"product_tag-kott","9":"first","10":"instock","11":"taxable","12":"shipping-taxable","13":"purchasable","14":"product-type-variable"},"supplier_id":null,"supplier_sku":"","barcode":null,"atum_controlled":true,"out_stock_date":null,"out_stock_threshold":null,"inheritable":false,"inbound_stock":0,"stock_on_hold":0,"sold_today":0,"sales_last_days":0,"reserved_stock":0,"customer_returns":0,"warehouse_damage":0,"lost_in_post":0,"other_logs":0,"out_stock_days":0,"lost_sales":0,"has_location":false,"update_date":"2026-03-07T01:16:04","atum_locations":[],"atum_stock_status":"instock","restock_status":false,"low_stock_amount":"","sales_update_date":"2026-03-07T01:16:04","calc_backorders":null,"aioseo_notices":[],"_links":{"self":[{"href":"https:\/\/ecoshop.ee\/ru\/wp-json\/wp\/v2\/product\/5579","targetHints":{"allow":["GET"]}}],"collection":[{"href":"https:\/\/ecoshop.ee\/ru\/wp-json\/wp\/v2\/product"}],"about":[{"href":"https:\/\/ecoshop.ee\/ru\/wp-json\/wp\/v2\/types\/product"}],"replies":[{"embeddable":true,"href":"https:\/\/ecoshop.ee\/ru\/wp-json\/wp\/v2\/comments?post=5579"}],"version-history":[{"count":0,"href":"https:\/\/ecoshop.ee\/ru\/wp-json\/wp\/v2\/product\/5579\/revisions"}],"wp:featuredmedia":[{"embeddable":true,"href":"https:\/\/ecoshop.ee\/ru\/wp-json\/wp\/v2\/media\/5638"}],"wp:attachment":[{"href":"https:\/\/ecoshop.ee\/ru\/wp-json\/wp\/v2\/media?parent=5579"}],"wp:term":[{"taxonomy":"product_brand","embeddable":true,"href":"https:\/\/ecoshop.ee\/ru\/wp-json\/wp\/v2\/product_brand?post=5579"},{"taxonomy":"product_cat","embeddable":true,"href":"https:\/\/ecoshop.ee\/ru\/wp-json\/wp\/v2\/product_cat?post=5579"},{"taxonomy":"product_tag","embeddable":true,"href":"https:\/\/ecoshop.ee\/ru\/wp-json\/wp\/v2\/product_tag?post=5579"}],"curies":[{"name":"wp","href":"https:\/\/api.w.org\/{rel}","templated":true}]}}