{"id":5687,"date":"2024-07-15T23:56:57","date_gmt":"2024-07-15T20:56:57","guid":{"rendered":"https:\/\/ecoshop.ee\/?post_type=product&#038;p=5687"},"modified":"2025-12-25T19:40:49","modified_gmt":"2025-12-25T16:40:49","slug":"%d1%81%d1%83%d0%bc%d0%ba%d0%b0-%d1%87%d0%b5%d1%80%d0%b5%d0%b7-%d0%bf%d0%bb%d0%b5%d1%87%d0%be-%d0%b8%d0%b7-%d0%bd%d0%b0%d1%82%d1%83%d1%80%d0%b0%d0%bb%d1%8c%d0%bd%d0%be%d0%b9-%d0%bf%d1%80%d0%be%d0%b1-2","status":"publish","type":"product","link":"https:\/\/ecoshop.ee\/ru\/kotid\/naturaalsest-korgist-crossbody-kott-reguleeritavate-rihmadega\/","title":{"rendered":"\u0421\u0443\u043c\u043a\u0430 \u0447\u0435\u0440\u0435\u0437 \u043f\u043b\u0435\u0447\u043e \u0438\u0437 \u043d\u0430\u0442\u0443\u0440\u0430\u043b\u044c\u043d\u043e\u0439 \u043f\u0440\u043e\u0431\u043a\u0438 \u0441 \u0440\u0435\u0433\u0443\u043b\u0438\u0440\u0443\u0435\u043c\u044b\u043c\u0438 \u0440\u0435\u043c\u043d\u044f\u043c\u0438."},"content":{"rendered":"<div class=\"flex-shrink-0 flex flex-col relative items-end\">\n<div>\n<div class=\"pt-0.5 juice:pt-0\">\n<div class=\"gizmo-bot-avatar flex h-6 w-6 items-center justify-center overflow-hidden rounded-full juice:h-8 juice:w-8\">\n<div class=\"relative p-1 rounded-sm flex items-center justify-center bg-token-main-surface-primary text-token-text-primary h-8 w-8\">See stiilne korgist kott on valmistatud j\u00e4tkusuutlikust korgimaterjalist ja sobib ideaalselt moeteadlikule ja keskkonnas\u00f5bralikule inimesele. Koti pealmine lukuga tasku ja kaks sisetaskut pakuvad piisavalt ruumi igap\u00e4evaste esemete kompaktseks ja organiseeritud hoidmiseks. Kaunid mosaiigimustrid esik\u00fcljel lisavad unikaalset v\u00f5lu ja isikup\u00e4ra. Kott on valmistatud k\u00f5rgekvaliteedilisest korgist, mis tagab pikaajalise vastupidavuse ja kerge kaalu. T\u00e4iuslik kaaslane nii igap\u00e4evasteks k\u00e4ikudeks kui ka erilisteks s\u00fcndmusteks.<\/div>\n<\/div>\n<\/div>\n<\/div>\n<\/div>\n<div class=\"group\/conversation-turn relative flex w-full min-w-0 flex-col agent-turn\">\n<div class=\"flex-col gap-1 md:gap-3\">\n<div class=\"flex flex-grow flex-col max-w-full\">\n<div class=\"min-h-[20px] text-message flex flex-col items-start whitespace-pre-wrap break-words [.text-message+&amp;]:mt-5 juice:w-full juice:items-end overflow-x-auto gap-2\" dir=\"auto\" data-message-author-role=\"assistant\" data-message-id=\"e4abf491-f524-4f7d-afdd-20fc678abb21\">\n<div class=\"flex w-full flex-col gap-1 juice:empty:hidden juice:first:pt-[3px]\">\n<div class=\"markdown prose w-full break-words dark:prose-invert dark\">\n<p>&nbsp;<\/p>\n<\/div>\n<p><strong>Suurused:<\/strong><\/p>\n<ul>\n<li>Pikkus: 26 cm<\/li>\n<li>Laius: 15 cm<\/li>\n<li>Paksus:\u00a0 6 cm<\/li>\n<\/ul>\n<\/div>\n<\/div>\n<\/div>\n<\/div>\n<\/div>\n","protected":false},"excerpt":{"rendered":"<p>See stiilne korgist kott on valmistatud j\u00e4tkusuutlikust korgimaterjalist ja sobib ideaalselt moeteadlikule ja keskkonnas\u00f5bralikule inimesele. Koti pealmine lukuga tasku ja kaks sisetaskut&hellip;<\/p>","protected":false},"featured_media":5693,"comment_status":"open","ping_status":"closed","template":"","meta":{"wprm-recipe-roundup-name":"","wprm-recipe-roundup-description":""},"product_brand":[],"product_cat":[242],"product_tag":[202],"class_list":{"0":"post-5687","1":"product","2":"type-product","3":"status-publish","4":"has-post-thumbnail","6":"product_cat-kotid","7":"product_tag-kott","9":"first","10":"instock","11":"taxable","12":"shipping-taxable","13":"purchasable","14":"product-type-variable"},"supplier_id":null,"supplier_sku":"","barcode":null,"atum_controlled":true,"out_stock_date":null,"out_stock_threshold":null,"inheritable":false,"inbound_stock":0,"stock_on_hold":0,"sold_today":0,"sales_last_days":0,"reserved_stock":0,"customer_returns":0,"warehouse_damage":0,"lost_in_post":0,"other_logs":0,"out_stock_days":0,"lost_sales":0,"has_location":false,"update_date":"2026-03-07T01:16:08","atum_locations":[],"atum_stock_status":"instock","restock_status":false,"low_stock_amount":"","sales_update_date":"2026-03-07T01:16:08","calc_backorders":null,"aioseo_notices":[],"_links":{"self":[{"href":"https:\/\/ecoshop.ee\/ru\/wp-json\/wp\/v2\/product\/5687","targetHints":{"allow":["GET"]}}],"collection":[{"href":"https:\/\/ecoshop.ee\/ru\/wp-json\/wp\/v2\/product"}],"about":[{"href":"https:\/\/ecoshop.ee\/ru\/wp-json\/wp\/v2\/types\/product"}],"replies":[{"embeddable":true,"href":"https:\/\/ecoshop.ee\/ru\/wp-json\/wp\/v2\/comments?post=5687"}],"version-history":[{"count":0,"href":"https:\/\/ecoshop.ee\/ru\/wp-json\/wp\/v2\/product\/5687\/revisions"}],"wp:featuredmedia":[{"embeddable":true,"href":"https:\/\/ecoshop.ee\/ru\/wp-json\/wp\/v2\/media\/5693"}],"wp:attachment":[{"href":"https:\/\/ecoshop.ee\/ru\/wp-json\/wp\/v2\/media?parent=5687"}],"wp:term":[{"taxonomy":"product_brand","embeddable":true,"href":"https:\/\/ecoshop.ee\/ru\/wp-json\/wp\/v2\/product_brand?post=5687"},{"taxonomy":"product_cat","embeddable":true,"href":"https:\/\/ecoshop.ee\/ru\/wp-json\/wp\/v2\/product_cat?post=5687"},{"taxonomy":"product_tag","embeddable":true,"href":"https:\/\/ecoshop.ee\/ru\/wp-json\/wp\/v2\/product_tag?post=5687"}],"curies":[{"name":"wp","href":"https:\/\/api.w.org\/{rel}","templated":true}]}}