{"id":5740,"date":"2024-07-16T15:29:41","date_gmt":"2024-07-16T12:29:41","guid":{"rendered":"https:\/\/ecoshop.ee\/?post_type=product&#038;p=5740"},"modified":"2025-12-25T19:36:50","modified_gmt":"2025-12-25T16:36:50","slug":"%d1%81%d1%82%d0%b8%d0%bb%d1%8c%d0%bd%d1%8b%d0%b5-%d0%bf%d1%80%d0%be%d0%b1%d0%ba%d0%be%d0%b2%d1%8b%d0%b5-%d0%b6%d0%b5%d0%bd%d1%81%d0%ba%d0%b8%d0%b5-%d1%81%d1%82%d1%80%d1%83%d1%8f%d1%89%d0%b8%d0%b5","status":"publish","type":"product","link":"https:\/\/ecoshop.ee\/ru\/rihmad\/stiilne-korgist-naiste-voo\/","title":{"rendered":"\u0421\u0442\u0438\u043b\u044c\u043d\u044b\u0439 \u0436\u0435\u043d\u0441\u043a\u0438\u0439 \u043f\u043e\u044f\u0441 \u0438\u0437 \u043f\u0440\u043e\u0431\u043a\u0438"},"content":{"rendered":"<p>\u0421\u0442\u0438\u043b\u044c\u043d\u044b\u0439 \u0436\u0435\u043d\u0441\u043a\u0438\u0439 \u043f\u043e\u044f\u0441 \u0438\u0437 \u043f\u0440\u043e\u0431\u043a\u0438, \u0438\u0437\u0433\u043e\u0442\u043e\u0432\u043b\u0435\u043d\u043d\u044b\u0439 \u0438\u0437 \u043d\u0430\u0442\u0443\u0440\u0430\u043b\u044c\u043d\u043e\u0433\u043e \u0438 \u043f\u0440\u043e\u0447\u043d\u043e\u0433\u043e \u043f\u0440\u043e\u0431\u043a\u043e\u0432\u043e\u0433\u043e \u043c\u0430\u0442\u0435\u0440\u0438\u0430\u043b\u0430. \u041f\u043e\u044f\u0441 \u0438\u043c\u0435\u0435\u0442 \u043f\u0440\u043e\u0447\u043d\u0443\u044e \u0438 \u044d\u043b\u0435\u0433\u0430\u043d\u0442\u043d\u0443\u044e \u043f\u043e\u043b\u0443\u043a\u0440\u0443\u0433\u043b\u0443\u044e \u0437\u043e\u043b\u043e\u0442\u0443\u044e \u043f\u0440\u044f\u0436\u043a\u0443. \u0418\u0437\u0433\u043e\u0442\u043e\u0432\u043b\u0435\u043d\u043d\u044b\u0439 \u0438\u0437 \u043d\u0430\u0442\u0443\u0440\u0430\u043b\u044c\u043d\u043e\u0439 \u043f\u0440\u043e\u0431\u043a\u0438, \u043f\u043e\u044f\u0441 \u044d\u043a\u043e\u043b\u043e\u0433\u0438\u0447\u0435\u043d \u0438 \u0434\u0435\u043c\u043e\u043d\u0441\u0442\u0440\u0438\u0440\u0443\u0435\u0442 \u0443\u043d\u0438\u043a\u0430\u043b\u044c\u043d\u0443\u044e \u0442\u0435\u043a\u0441\u0442\u0443\u0440\u0443 \u044d\u0442\u043e\u0433\u043e \u043c\u0430\u0442\u0435\u0440\u0438\u0430\u043b\u0430. \u0417\u043e\u043b\u043e\u0442\u0430\u044f \u043f\u043e\u043b\u0443\u043a\u0440\u0443\u0433\u043b\u0430\u044f \u043f\u0440\u044f\u0436\u043a\u0430 \u0434\u043e\u0431\u0430\u0432\u043b\u044f\u0435\u0442 \u0441\u0442\u0438\u043b\u044f \u0438 \u043e\u0431\u0435\u0441\u043f\u0435\u0447\u0438\u0432\u0430\u0435\u0442 \u043d\u0430\u0434\u0435\u0436\u043d\u0443\u044e \u0440\u0435\u0433\u0443\u043b\u0438\u0440\u0443\u0435\u043c\u0443\u044e \u043f\u043e\u0441\u0430\u0434\u043a\u0443. \u0414\u043e\u0441\u0442\u0443\u043f\u0435\u043d \u0432 \u0442\u0440\u0435\u0445 \u0441\u0442\u0438\u043b\u044c\u043d\u044b\u0445 \u0446\u0432\u0435\u0442\u0430\u0445.<\/p>\n<p>&nbsp;<\/p>\n<p><strong>\u0420\u0430\u0437\u043c\u0435\u0440\u044b:<\/strong><\/p>\n<ul>\n<li>\u0414\u043b\u0438\u043d\u0430: 90 \u0441\u043c<\/li>\n<li>\u0428\u0438\u0440\u0438\u043d\u0430: 1,9 \u0441\u043c<\/li>\n<\/ul>","protected":false},"excerpt":{"rendered":"<p>Stiilne korgist naiste v\u00f6\u00f6, valmistatud ehtsast ja vastupidavast korgimaterjalist. V\u00f6\u00f6l on tugev ja elegantne poolringikujuline kuldne pannal. Looduslikust korgist valmistatud v\u00f6\u00f6 on&hellip;<\/p>","protected":false},"featured_media":5748,"comment_status":"open","ping_status":"closed","template":"","meta":{"wprm-recipe-roundup-name":"","wprm-recipe-roundup-description":""},"product_brand":[],"product_cat":[244],"product_tag":[214],"class_list":{"0":"post-5740","1":"product","2":"type-product","3":"status-publish","4":"has-post-thumbnail","6":"product_cat-rihmad","7":"product_tag-voo","9":"first","10":"instock","11":"taxable","12":"shipping-taxable","13":"purchasable","14":"product-type-variable"},"supplier_id":null,"supplier_sku":"","barcode":null,"atum_controlled":true,"out_stock_date":null,"out_stock_threshold":null,"inheritable":false,"inbound_stock":0,"stock_on_hold":0,"sold_today":0,"sales_last_days":0,"reserved_stock":0,"customer_returns":0,"warehouse_damage":0,"lost_in_post":0,"other_logs":0,"out_stock_days":0,"lost_sales":0,"has_location":false,"update_date":"2026-03-07T01:16:09","atum_locations":[],"atum_stock_status":"instock","restock_status":false,"low_stock_amount":"","sales_update_date":"2026-03-07T01:16:09","calc_backorders":null,"aioseo_notices":[],"_links":{"self":[{"href":"https:\/\/ecoshop.ee\/ru\/wp-json\/wp\/v2\/product\/5740","targetHints":{"allow":["GET"]}}],"collection":[{"href":"https:\/\/ecoshop.ee\/ru\/wp-json\/wp\/v2\/product"}],"about":[{"href":"https:\/\/ecoshop.ee\/ru\/wp-json\/wp\/v2\/types\/product"}],"replies":[{"embeddable":true,"href":"https:\/\/ecoshop.ee\/ru\/wp-json\/wp\/v2\/comments?post=5740"}],"version-history":[{"count":0,"href":"https:\/\/ecoshop.ee\/ru\/wp-json\/wp\/v2\/product\/5740\/revisions"}],"wp:featuredmedia":[{"embeddable":true,"href":"https:\/\/ecoshop.ee\/ru\/wp-json\/wp\/v2\/media\/5748"}],"wp:attachment":[{"href":"https:\/\/ecoshop.ee\/ru\/wp-json\/wp\/v2\/media?parent=5740"}],"wp:term":[{"taxonomy":"product_brand","embeddable":true,"href":"https:\/\/ecoshop.ee\/ru\/wp-json\/wp\/v2\/product_brand?post=5740"},{"taxonomy":"product_cat","embeddable":true,"href":"https:\/\/ecoshop.ee\/ru\/wp-json\/wp\/v2\/product_cat?post=5740"},{"taxonomy":"product_tag","embeddable":true,"href":"https:\/\/ecoshop.ee\/ru\/wp-json\/wp\/v2\/product_tag?post=5740"}],"curies":[{"name":"wp","href":"https:\/\/api.w.org\/{rel}","templated":true}]}}