{"id":6380,"date":"2024-07-24T20:14:23","date_gmt":"2024-07-24T17:14:23","guid":{"rendered":"https:\/\/ecoshop.ee\/?post_type=product&#038;p=6380"},"modified":"2025-12-25T19:40:50","modified_gmt":"2025-12-25T16:40:50","slug":"%d0%ba%d0%be%d0%bc%d0%bf%d0%b0%d0%ba%d1%82%d0%bd%d0%b0%d1%8f-%d0%bf%d1%80%d0%be%d0%b1%d0%ba%d0%be%d0%b2%d0%b0%d1%8f-%d1%81%d1%83%d0%bc%d0%ba%d0%b0-%d1%87%d0%b5%d1%80%d0%b5%d0%b7-%d0%bf%d0%bb%d0%b5","status":"publish","type":"product","link":"https:\/\/ecoshop.ee\/ru\/kotid\/kompaktne-korgist-crossbody-kott\/","title":{"rendered":"\u041a\u043e\u043c\u043f\u0430\u043a\u0442\u043d\u0430\u044f \u043f\u0440\u043e\u0431\u043a\u043e\u0432\u0430\u044f \u0441\u0443\u043c\u043a\u0430 \u0447\u0435\u0440\u0435\u0437 \u043f\u043b\u0435\u0447\u043e"},"content":{"rendered":"<div class=\"flex flex-grow flex-col max-w-full\">\n<div class=\"min-h-[20px] text-message flex w-full flex-col items-end gap-2 whitespace-pre-wrap break-words [.text-message+&amp;]:mt-5 overflow-x-auto\" dir=\"auto\" data-message-author-role=\"assistant\" data-message-id=\"2f1c4341-6739-4c26-89ae-9f0dfb0f47ec\">\n<div class=\"flex w-full flex-col gap-1 empty:hidden first:pt-[3px]\">\n<div class=\"markdown prose w-full break-words dark:prose-invert dark\">\n<p>See kompaktne korgist crossbody kott pakub t\u00e4iuslikku kombinatsioon j\u00e4tkusuutlikkusest ja stiilist. Kompaktne ja stiilne korgist kott on ideaalne igap\u00e4evaste tarbeesemete kandmiseks, j\u00e4\u00e4des samas piisavalt v\u00e4ikeseks ja kergeks, et seda muretult kogu p\u00e4eva kanda. Korgimaterjal on j\u00e4tkusuutlik, keskkonnas\u00f5bralik, vastupidav ja kergesti hooldatav. Ideaalne igap\u00e4evaseks kasutamiseks.<\/p>\n<p>&nbsp;<\/p>\n<p><strong>Omadused:<\/strong><\/p>\n<ul>\n<li>Lukuga taskud peal ja taga, kolm eraldi sektsiooni isiklike asjade h\u00f5lpsaks hoiustamiseks.<\/li>\n<li>Varustatud metallist ketirihmaga, mida saab kanda \u00fcle \u00f5la v\u00f5i k\u00e4es.<\/li>\n<li>Mitmed taskud sees ja k\u00fcljepeal, et hoida teie olulised esemed organiseerituna.<\/li>\n<\/ul>\n<p><strong>M\u00f5\u00f5tmed<\/strong>:<\/p>\n<ul>\n<li>Pikkus 28 cm<\/li>\n<li>Laius: 18 cm<\/li>\n<li>Paksus: 4 cm<\/li>\n<\/ul>\n<\/div>\n<\/div>\n<\/div>\n<\/div>\n","protected":false},"excerpt":{"rendered":"<p>See kompaktne korgist crossbody kott pakub t\u00e4iuslikku kombinatsioon j\u00e4tkusuutlikkusest ja stiilist. Kompaktne ja stiilne korgist kott on ideaalne igap\u00e4evaste tarbeesemete kandmiseks, j\u00e4\u00e4des&hellip;<\/p>","protected":false},"featured_media":6389,"comment_status":"open","ping_status":"closed","template":"","meta":{"wprm-recipe-roundup-name":"","wprm-recipe-roundup-description":""},"product_brand":[],"product_cat":[242],"product_tag":[202],"class_list":{"0":"post-6380","1":"product","2":"type-product","3":"status-publish","4":"has-post-thumbnail","6":"product_cat-kotid","7":"product_tag-kott","9":"first","10":"instock","11":"taxable","12":"shipping-taxable","13":"purchasable","14":"product-type-variable"},"supplier_id":null,"supplier_sku":"","barcode":null,"atum_controlled":true,"out_stock_date":null,"out_stock_threshold":null,"inheritable":true,"inbound_stock":0,"stock_on_hold":0,"sold_today":0,"sales_last_days":0,"reserved_stock":0,"customer_returns":0,"warehouse_damage":0,"lost_in_post":0,"other_logs":0,"out_stock_days":0,"lost_sales":0,"has_location":false,"update_date":"2026-03-07T01:16:01","atum_locations":[],"atum_stock_status":"instock","restock_status":false,"low_stock_amount":"","sales_update_date":"2026-03-07T01:16:01","calc_backorders":null,"aioseo_notices":[],"_links":{"self":[{"href":"https:\/\/ecoshop.ee\/ru\/wp-json\/wp\/v2\/product\/6380","targetHints":{"allow":["GET"]}}],"collection":[{"href":"https:\/\/ecoshop.ee\/ru\/wp-json\/wp\/v2\/product"}],"about":[{"href":"https:\/\/ecoshop.ee\/ru\/wp-json\/wp\/v2\/types\/product"}],"replies":[{"embeddable":true,"href":"https:\/\/ecoshop.ee\/ru\/wp-json\/wp\/v2\/comments?post=6380"}],"version-history":[{"count":0,"href":"https:\/\/ecoshop.ee\/ru\/wp-json\/wp\/v2\/product\/6380\/revisions"}],"wp:featuredmedia":[{"embeddable":true,"href":"https:\/\/ecoshop.ee\/ru\/wp-json\/wp\/v2\/media\/6389"}],"wp:attachment":[{"href":"https:\/\/ecoshop.ee\/ru\/wp-json\/wp\/v2\/media?parent=6380"}],"wp:term":[{"taxonomy":"product_brand","embeddable":true,"href":"https:\/\/ecoshop.ee\/ru\/wp-json\/wp\/v2\/product_brand?post=6380"},{"taxonomy":"product_cat","embeddable":true,"href":"https:\/\/ecoshop.ee\/ru\/wp-json\/wp\/v2\/product_cat?post=6380"},{"taxonomy":"product_tag","embeddable":true,"href":"https:\/\/ecoshop.ee\/ru\/wp-json\/wp\/v2\/product_tag?post=6380"}],"curies":[{"name":"wp","href":"https:\/\/api.w.org\/{rel}","templated":true}]}}