{"id":6468,"date":"2024-07-26T20:50:04","date_gmt":"2024-07-26T17:50:04","guid":{"rendered":"https:\/\/ecoshop.ee\/?post_type=product&#038;p=6468"},"modified":"2026-04-14T00:43:22","modified_gmt":"2026-04-13T21:43:22","slug":"%d0%bc%d0%bd%d0%be%d0%b3%d0%be%d1%80%d0%b0%d0%b7%d0%be%d0%b2%d0%b0%d1%8f-%d0%ba%d0%bb%d0%b0%d1%81%d1%81%d0%b8%d1%87%d0%b5%d1%81%d0%ba%d0%b0%d1%8f-%d0%bc%d0%b5%d1%82%d0%b0%d0%bb%d0%bb%d0%b8%d1%87%d0%b5-4","status":"publish","type":"product","link":"https:\/\/ecoshop.ee\/ru\/raseerijad\/korduvkasutatav-klassikaline-metallist-raseerija-10-tera-4\/","title":{"rendered":"\u041c\u043d\u043e\u0433\u043e\u0440\u0430\u0437\u043e\u0432\u0430\u044f \u043a\u043b\u0430\u0441\u0441\u0438\u0447\u0435\u0441\u043a\u0430\u044f \u043c\u0435\u0442\u0430\u043b\u043b\u0438\u0447\u0435\u0441\u043a\u0430\u044f \u0431\u0440\u0438\u0442\u0432\u0430 + 10 \u043b\u0435\u0437\u0432\u0438\u0439"},"content":{"rendered":"<p><span class=\"jCAhz JxVs2d ChMk0b\"><span class=\"ryNqvb\">\u041d\u0430\u0448\u0438 \u043c\u043d\u043e\u0433\u043e\u0440\u0430\u0437\u043e\u0432\u044b\u0435 \u0438 \u044d\u043a\u043e\u043b\u043e\u0433\u0438\u0447\u043d\u044b\u0435 \u043c\u0435\u0442\u0430\u043b\u043b\u0438\u0447\u0435\u0441\u043a\u0438\u0435 \u0431\u0440\u0438\u0442\u0432\u044b \u043f\u043e\u0434\u0445\u043e\u0434\u044f\u0442 \u043a\u0430\u043a \u0434\u043b\u044f \u043c\u0443\u0436\u0447\u0438\u043d, \u0442\u0430\u043a \u0438 \u0434\u043b\u044f \u0436\u0435\u043d\u0449\u0438\u043d. \u041e\u043d\u0438 \u0440\u0430\u0437\u0440\u0430\u0431\u043e\u0442\u0430\u043d\u044b \u0442\u0430\u043a\u0438\u043c \u043e\u0431\u0440\u0430\u0437\u043e\u043c, \u0447\u0442\u043e\u0431\u044b \u043e\u0431\u0435\u0441\u043f\u0435\u0447\u0438\u0442\u044c \u0433\u043b\u0430\u0434\u043a\u043e\u0435 \u0438 \u043a\u043e\u043c\u0444\u043e\u0440\u0442\u043d\u043e\u0435 \u0431\u0440\u0438\u0442\u044c\u0435 \u0431\u0435\u0437 \u043e\u0442\u0445\u043e\u0434\u043e\u0432. <\/span><\/span><span class=\"jCAhz JxVs2d ChMk0b\"><span class=\"ryNqvb\">\u041a\u0430\u0436\u0434\u0430\u044f \u0431\u0440\u0438\u0442\u0432\u0430, \u043e\u0442\u043b\u0438\u0447\u0430\u044e\u0449\u0430\u044f\u0441\u044f \u044d\u043a\u043e\u043b\u043e\u0433\u0438\u0447\u043d\u044b\u043c \u0438 \u0431\u0435\u0437\u043e\u043f\u0430\u0441\u043d\u044b\u043c \u0434\u0438\u0437\u0430\u0439\u043d\u043e\u043c, \u0438\u043c\u0435\u0435\u0442 \u0442\u0435\u043a\u0441\u0442\u0443\u0440\u0438\u0440\u043e\u0432\u0430\u043d\u043d\u0443\u044e \u0434\u043b\u0438\u043d\u043d\u0443\u044e \u0445\u0440\u043e\u043c\u0438\u0440\u043e\u0432\u0430\u043d\u043d\u0443\u044e \u0440\u0443\u0447\u043a\u0443, \u0438\u0434\u0435\u0430\u043b\u044c\u043d\u043e \u0441\u0431\u0430\u043b\u0430\u043d\u0441\u0438\u0440\u043e\u0432\u0430\u043d\u043d\u0443\u044e \u0434\u043b\u044f \u043b\u0443\u0447\u0448\u0435\u0433\u043e \u0434\u043e\u0441\u0442\u0443\u043f\u0430 \u043a \u0442\u0440\u0443\u0434\u043d\u043e\u0434\u043e\u0441\u0442\u0443\u043f\u043d\u044b\u043c \u043c\u0435\u0441\u0442\u0430\u043c, \u0431\u0435\u0437\u043e\u043f\u0430\u0441\u043d\u043e\u0433\u043e \u0431\u0440\u0438\u0442\u044c\u044f \u0438 \u0438\u0434\u0435\u0430\u043b\u044c\u043d\u043e \u0433\u043b\u0430\u0434\u043a\u043e\u0433\u043e \u0440\u0435\u0437\u0443\u043b\u044c\u0442\u0430\u0442\u0430 \u043a\u0430\u0436\u0434\u044b\u0439 \u0440\u0430\u0437.<br \/>\n<\/span><\/span><\/p>\n<p>&nbsp;<\/p>\n<p><strong><span class=\"jCAhz JxVs2d ChMk0b\"><span class=\"ryNqvb\">\u0412 \u043a\u043e\u043c\u043f\u043b\u0435\u043a\u0442 \u0432\u0445\u043e\u0434\u044f\u0442:<\/span><\/span><\/strong><\/p>\n<ul>\n<li><span class=\"jCAhz JxVs2d ChMk0b\"><span class=\"ryNqvb\">1 \u043c\u0435\u0442\u0430\u043b\u043b\u0438\u0447\u0435\u0441\u043a\u0430\u044f \u0431\u0440\u0438\u0442\u0432\u0430<\/span><\/span><\/li>\n<li><span class=\"jCAhz JxVs2d ChMk0b\"><span class=\"ryNqvb\">10 \u043b\u0435\u0437\u0432\u0438\u0439 \u0434\u043b\u044f \u0431\u0440\u0438\u0442\u0432\u044b<\/span><\/span><\/li>\n<li><span class=\"jCAhz JxVs2d ChMk0b\"><span class=\"ryNqvb\">1 \u043f\u043e\u0434\u0430\u0440\u043e\u0447\u043d\u0430\u044f \u043a\u043e\u0440\u043e\u0431\u043a\u0430<\/span><\/span><\/li>\n<\/ul>","protected":false},"excerpt":{"rendered":"<p>Meie korduvkasutatavad ja keskkonnas\u00f5bralikud metallist raseerijad on nii meestele kui naistele. Need on t\u00e4pselt v\u00e4lja t\u00f6\u00f6tatud pakkumaks sujuvat ja mugavat j\u00e4\u00e4tmeteta raseerimiskogemust.&hellip;<\/p>","protected":false},"featured_media":6446,"comment_status":"open","ping_status":"closed","template":"","meta":{"wprm-recipe-roundup-name":"","wprm-recipe-roundup-description":""},"product_brand":[12064],"product_cat":[163,280],"product_tag":[190],"class_list":{"0":"post-6468","1":"product","2":"type-product","3":"status-publish","4":"has-post-thumbnail","6":"product_brand-jungle-culture","7":"product_cat-kodutarbed","8":"product_cat-raseerijad","9":"product_tag-raseerija","11":"first","12":"instock","13":"sale","14":"taxable","15":"shipping-taxable","16":"purchasable","17":"product-type-variable"},"supplier_id":null,"supplier_sku":"","barcode":null,"atum_controlled":true,"out_stock_date":null,"out_stock_threshold":null,"inheritable":true,"inbound_stock":0,"stock_on_hold":0,"sold_today":0,"sales_last_days":0,"reserved_stock":0,"customer_returns":0,"warehouse_damage":0,"lost_in_post":0,"other_logs":0,"out_stock_days":0,"lost_sales":0,"has_location":false,"update_date":"2026-04-13T21:43:23","atum_locations":[],"atum_stock_status":"instock","restock_status":false,"low_stock_amount":"","sales_update_date":"2026-03-07T01:16:01","calc_backorders":null,"aioseo_notices":[],"_links":{"self":[{"href":"https:\/\/ecoshop.ee\/ru\/wp-json\/wp\/v2\/product\/6468","targetHints":{"allow":["GET"]}}],"collection":[{"href":"https:\/\/ecoshop.ee\/ru\/wp-json\/wp\/v2\/product"}],"about":[{"href":"https:\/\/ecoshop.ee\/ru\/wp-json\/wp\/v2\/types\/product"}],"replies":[{"embeddable":true,"href":"https:\/\/ecoshop.ee\/ru\/wp-json\/wp\/v2\/comments?post=6468"}],"version-history":[{"count":0,"href":"https:\/\/ecoshop.ee\/ru\/wp-json\/wp\/v2\/product\/6468\/revisions"}],"wp:featuredmedia":[{"embeddable":true,"href":"https:\/\/ecoshop.ee\/ru\/wp-json\/wp\/v2\/media\/6446"}],"wp:attachment":[{"href":"https:\/\/ecoshop.ee\/ru\/wp-json\/wp\/v2\/media?parent=6468"}],"wp:term":[{"taxonomy":"product_brand","embeddable":true,"href":"https:\/\/ecoshop.ee\/ru\/wp-json\/wp\/v2\/product_brand?post=6468"},{"taxonomy":"product_cat","embeddable":true,"href":"https:\/\/ecoshop.ee\/ru\/wp-json\/wp\/v2\/product_cat?post=6468"},{"taxonomy":"product_tag","embeddable":true,"href":"https:\/\/ecoshop.ee\/ru\/wp-json\/wp\/v2\/product_tag?post=6468"}],"curies":[{"name":"wp","href":"https:\/\/api.w.org\/{rel}","templated":true}]}}