{"id":6488,"date":"2024-07-27T15:13:15","date_gmt":"2024-07-27T12:13:15","guid":{"rendered":"https:\/\/ecoshop.ee\/?post_type=product&#038;p=6488"},"modified":"2026-04-14T00:40:30","modified_gmt":"2026-04-13T21:40:30","slug":"%d0%bd%d0%b0%d1%82%d1%83%d1%80%d0%b0%d0%bb%d1%8c%d0%bd%d0%be%d0%b5-%d0%bc%d1%8b%d0%bb%d0%be-%d1%81-%d0%bb%d0%b0%d0%b9%d0%bc%d0%be%d0%bc-%d0%b8-%d0%bc%d0%be%d1%80%d1%81%d0%ba%d0%be%d0%b9-%d1%81%d0%be","status":"publish","type":"product","link":"https:\/\/ecoshop.ee\/ru\/hugieenitarbed\/laimi-ja-meresoolaga-looduslik-seep\/","title":{"rendered":"\u041d\u0430\u0442\u0443\u0440\u0430\u043b\u044c\u043d\u043e\u0435 \u043c\u044b\u043b\u043e \u0441 \u0438\u0437\u0432\u0435\u0441\u0442\u044c\u044e \u0438 \u043c\u043e\u0440\u0441\u043a\u043e\u0439 \u0441\u043e\u043b\u044c\u044e."},"content":{"rendered":"<p>\u042d\u0442\u043e \u0443\u043d\u0438\u043a\u0430\u043b\u044c\u043d\u043e\u0435 \u043d\u0430\u0442\u0443\u0440\u0430\u043b\u044c\u043d\u043e\u0435 \u043c\u044b\u043b\u043e \u0441\u043e\u0437\u0434\u0430\u043d\u043e \u0434\u043b\u044f \u043e\u0431\u043d\u043e\u0432\u043b\u0435\u043d\u0438\u044f, \u0431\u043e\u0434\u0440\u043e\u0441\u0442\u0438 \u0438 \u043e\u0441\u0432\u0435\u0436\u0435\u043d\u0438\u044f \u0432\u0430\u0448\u0435\u0439 \u043a\u043e\u0436\u0438 \u0438 \u043d\u0430\u0441\u0442\u0440\u043e\u0435\u043d\u0438\u044f! \u041e\u0447\u0438\u0449\u0430\u044e\u0449\u0438\u0435 \u0441\u0432\u043e\u0439\u0441\u0442\u0432\u0430 \u043b\u0430\u0439\u043c\u0430 \u043f\u0440\u043e\u0431\u0443\u0436\u0434\u0430\u044e\u0442 \u0432\u0430\u0448\u0438 \u0447\u0443\u0432\u0441\u0442\u0432\u0430 \u0438 \u043f\u0440\u0438\u0434\u0430\u044e\u0442 \u043a\u043e\u0436\u0435 \u0441\u0438\u044f\u043d\u0438\u0435, \u0430 \u043a\u0440\u0443\u043f\u0438\u043d\u043a\u0438 \u043c\u043e\u0440\u0441\u043a\u043e\u0439 \u0441\u043e\u043b\u0438 \u0443\u0434\u0430\u043b\u044f\u044e\u0442 \u0441\u0443\u0445\u0438\u0435 \u0438 \u043e\u0442\u043c\u0435\u0440\u0448\u0438\u0435 \u043a\u043b\u0435\u0442\u043a\u0438 \u043a\u043e\u0436\u0438. \u041d\u0430\u0448\u0435 \u043c\u044b\u043b\u043e \u0438\u0437\u0433\u043e\u0442\u043e\u0432\u043b\u0435\u043d\u043e \u043c\u0435\u0442\u043e\u0434\u043e\u043c \u0445\u043e\u043b\u043e\u0434\u043d\u043e\u0433\u043e \u043e\u0442\u0436\u0438\u043c\u0430, \u0447\u0442\u043e \u043f\u043e\u043c\u043e\u0433\u0430\u0435\u0442 \u0441\u043e\u0445\u0440\u0430\u043d\u0438\u0442\u044c \u043f\u043e\u043b\u0435\u0437\u043d\u044b\u0435 \u0441\u0432\u043e\u0439\u0441\u0442\u0432\u0430 \u0440\u0430\u0441\u0442\u0438\u0442\u0435\u043b\u044c\u043d\u044b\u0445 \u0438\u043d\u0433\u0440\u0435\u0434\u0438\u0435\u043d\u0442\u043e\u0432.<\/p>\n<p>\u041d\u0430\u0442\u0443\u0440\u0430\u043b\u044c\u043d\u043e\u0435 \u043c\u044b\u043b\u043e Jungle Culture, \u043d\u0435 \u043e\u0441\u0442\u0430\u0432\u043b\u044f\u044e\u0449\u0435\u0435 \u043e\u0442\u0445\u043e\u0434\u043e\u0432, \u0441\u043b\u0443\u0436\u0438\u0442 \u0434\u043e\u043b\u044c\u0448\u0435 \u043e\u0431\u044b\u0447\u043d\u043e\u0433\u043e, \u043f\u043e\u0441\u043a\u043e\u043b\u044c\u043a\u0443 \u0441\u043e\u0434\u0435\u0440\u0436\u0438\u0442 \u043c\u0435\u043d\u044c\u0448\u0435 \u0432\u043e\u0434\u044b \u0438 \u0431\u043e\u043b\u044c\u0448\u0435 \u043c\u0430\u0441\u0435\u043b. \u0425\u0440\u0430\u043d\u0438\u0442\u0435 \u043c\u044b\u043b\u043e \u0432 \u043f\u0440\u043e\u0445\u043b\u0430\u0434\u043d\u043e\u043c, \u0441\u0443\u0445\u043e\u043c \u043c\u0435\u0441\u0442\u0435, \u0447\u0442\u043e\u0431\u044b \u0435\u0449\u0435 \u0431\u043e\u043b\u044c\u0448\u0435 \u043f\u0440\u043e\u0434\u043b\u0438\u0442\u044c \u0441\u0440\u043e\u043a \u0435\u0433\u043e \u0441\u043b\u0443\u0436\u0431\u044b.<\/p>","protected":false},"excerpt":{"rendered":"<p>See ainulaadne looduslik seep on loodud sinu naha ja meeleolu uuendamiseks, elavdamiseks ja v\u00e4rskendamiseks! Laimi puhastavad omadused \u00e4ratavad su meeled ja j\u00e4tavad&hellip;<\/p>","protected":false},"featured_media":6490,"comment_status":"open","ping_status":"closed","template":"","meta":{"wprm-recipe-roundup-name":"","wprm-recipe-roundup-description":""},"product_brand":[12064],"product_cat":[246],"product_tag":[193],"class_list":{"0":"post-6488","1":"product","2":"type-product","3":"status-publish","4":"has-post-thumbnail","6":"product_brand-jungle-culture","7":"product_cat-hugieenitarbed","8":"product_tag-seep","10":"first","11":"instock","12":"taxable","13":"shipping-taxable","14":"purchasable","15":"product-type-simple"},"supplier_id":9133,"supplier_sku":"","barcode":null,"atum_controlled":true,"out_stock_date":null,"out_stock_threshold":null,"inheritable":false,"inbound_stock":0,"stock_on_hold":0,"sold_today":0,"sales_last_days":0,"reserved_stock":0,"customer_returns":0,"warehouse_damage":0,"lost_in_post":0,"other_logs":0,"out_stock_days":0,"lost_sales":0,"has_location":false,"update_date":"2026-04-13T21:40:31","atum_locations":[],"atum_stock_status":"instock","restock_status":false,"low_stock_amount":"","sales_update_date":"2026-03-07T01:16:10","calc_backorders":null,"aioseo_notices":[],"_links":{"self":[{"href":"https:\/\/ecoshop.ee\/ru\/wp-json\/wp\/v2\/product\/6488","targetHints":{"allow":["GET"]}}],"collection":[{"href":"https:\/\/ecoshop.ee\/ru\/wp-json\/wp\/v2\/product"}],"about":[{"href":"https:\/\/ecoshop.ee\/ru\/wp-json\/wp\/v2\/types\/product"}],"replies":[{"embeddable":true,"href":"https:\/\/ecoshop.ee\/ru\/wp-json\/wp\/v2\/comments?post=6488"}],"version-history":[{"count":0,"href":"https:\/\/ecoshop.ee\/ru\/wp-json\/wp\/v2\/product\/6488\/revisions"}],"wp:featuredmedia":[{"embeddable":true,"href":"https:\/\/ecoshop.ee\/ru\/wp-json\/wp\/v2\/media\/6490"}],"wp:attachment":[{"href":"https:\/\/ecoshop.ee\/ru\/wp-json\/wp\/v2\/media?parent=6488"}],"wp:term":[{"taxonomy":"product_brand","embeddable":true,"href":"https:\/\/ecoshop.ee\/ru\/wp-json\/wp\/v2\/product_brand?post=6488"},{"taxonomy":"product_cat","embeddable":true,"href":"https:\/\/ecoshop.ee\/ru\/wp-json\/wp\/v2\/product_cat?post=6488"},{"taxonomy":"product_tag","embeddable":true,"href":"https:\/\/ecoshop.ee\/ru\/wp-json\/wp\/v2\/product_tag?post=6488"}],"curies":[{"name":"wp","href":"https:\/\/api.w.org\/{rel}","templated":true}]}}