{"id":6491,"date":"2024-07-27T15:22:05","date_gmt":"2024-07-27T12:22:05","guid":{"rendered":"https:\/\/ecoshop.ee\/?post_type=product&#038;p=6491"},"modified":"2026-04-14T00:40:26","modified_gmt":"2026-04-13T21:40:26","slug":"%d0%bd%d0%b0%d1%82%d1%83%d1%80%d0%b0%d0%bb%d1%8c%d0%bd%d0%be%d0%b5-%d0%be%d1%82%d1%88%d0%b5%d0%bb%d1%83%d1%88%d0%b8%d0%b2%d0%b0%d1%8e%d1%89%d0%b5%d0%b5-%d0%bc%d1%8b%d0%bb%d0%be-%d1%81-%d0%ba%d0%be","status":"publish","type":"product","link":"https:\/\/ecoshop.ee\/ru\/hugieenitarbed\/kohviga-looduslik-kooriv-seep\/","title":{"rendered":"\u041d\u0430\u0442\u0443\u0440\u0430\u043b\u044c\u043d\u043e\u0435 \u043e\u0442\u0448\u0435\u043b\u0443\u0448\u0438\u0432\u0430\u044e\u0449\u0435\u0435 \u043c\u044b\u043b\u043e \u0441 \u043a\u043e\u0444\u0435"},"content":{"rendered":"<p>\u041d\u0430\u0442\u0443\u0440\u0430\u043b\u044c\u043d\u044b\u0435 \u043a\u043e\u0444\u0435\u0439\u043d\u044b\u0435 \u0441\u043a\u0440\u0430\u0431\u044b-\u043c\u044b\u043b\u0430 Jungle Culture \u0441\u043e\u0434\u0435\u0440\u0436\u0430\u0442 \u0430\u0440\u043e\u043c\u0430\u0442\u043d\u044b\u0435 \u043c\u043e\u043b\u043e\u0442\u044b\u0435 \u043e\u0440\u0433\u0430\u043d\u0438\u0447\u0435\u0441\u043a\u0438\u0435 \u043a\u043e\u0444\u0435\u0439\u043d\u044b\u0435 \u0437\u0435\u0440\u043d\u0430. \u041a\u043e\u0444\u0435 \u044f\u0432\u043b\u044f\u0435\u0442\u0441\u044f \u0432\u0430\u0436\u043d\u044b\u043c \u0438 \u0431\u043e\u0433\u0430\u0442\u044b\u043c \u0438\u0441\u0442\u043e\u0447\u043d\u0438\u043a\u043e\u043c \u0430\u043d\u0442\u0438\u043e\u043a\u0441\u0438\u0434\u0430\u043d\u0442\u043e\u0432, \u043f\u043e\u044d\u0442\u043e\u043c\u0443 \u044d\u0442\u043e \u043e\u0442\u0448\u0435\u043b\u0443\u0448\u0438\u0432\u0430\u044e\u0449\u0435\u0435 \u043c\u044b\u043b\u043e \u044d\u0444\u0444\u0435\u043a\u0442\u0438\u0432\u043d\u043e \u043e\u0441\u0432\u0435\u0442\u043b\u044f\u0435\u0442 \u043a\u043e\u0436\u0443 \u0438 \u0443\u043b\u0443\u0447\u0448\u0430\u0435\u0442 \u0435\u0435 \u043e\u0431\u0449\u0435\u0435 \u0441\u043e\u0441\u0442\u043e\u044f\u043d\u0438\u0435 \u0438 \u0432\u043d\u0435\u0448\u043d\u0438\u0439 \u0432\u0438\u0434.<\/p>\n<p>\u041d\u0430\u0448\u0438 \u043a\u043e\u0444\u0435\u0439\u043d\u044b\u0435 \u0441\u043a\u0440\u0430\u0431\u044b-\u043c\u044b\u043b\u0430 \u0440\u0430\u0437\u0440\u0430\u0431\u043e\u0442\u0430\u043d\u044b \u0434\u043b\u044f \u0431\u0435\u0440\u0435\u0436\u043d\u043e\u0433\u043e \u0443\u0434\u0430\u043b\u0435\u043d\u0438\u044f \u0441\u0443\u0445\u0438\u0445 \u0438 \u043e\u0442\u043c\u0435\u0440\u0448\u0438\u0445 \u043a\u043b\u0435\u0442\u043e\u043a \u043a\u043e\u0436\u0438, \u043f\u0440\u043e\u0431\u0443\u0436\u0434\u0430\u044f \u0432\u0430\u0448\u0443 \u043a\u043e\u0436\u0443 \u0438 \u043f\u043e\u0434\u043d\u0438\u043c\u0430\u044f \u043d\u0430\u0441\u0442\u0440\u043e\u0435\u043d\u0438\u0435.<\/p>\n<p>\u0418\u0434\u0435\u0430\u043b\u044c\u043d\u043e \u043f\u043e\u0434\u0445\u043e\u0434\u0438\u0442 \u0434\u043b\u044f: \u043e\u0442\u0448\u0435\u043b\u0443\u0448\u0438\u0432\u0430\u043d\u0438\u044f \u0438 \u0440\u0435\u0433\u0435\u043d\u0435\u0440\u0430\u0446\u0438\u0438 \u043a\u043e\u0436\u0438, \u043d\u0430\u0442\u0443\u0440\u0430\u043b\u044c\u043d\u043e\u0433\u043e \u043b\u0435\u0447\u0435\u043d\u0438\u044f \u0430\u043a\u043d\u0435, \u0443\u043b\u0443\u0447\u0448\u0435\u043d\u0438\u044f \u0446\u0432\u0435\u0442\u0430 \u043b\u0438\u0446\u0430, \u0443\u043b\u0443\u0447\u0448\u0435\u043d\u0438\u044f \u043a\u0440\u043e\u0432\u043e\u043e\u0431\u0440\u0430\u0449\u0435\u043d\u0438\u044f.<\/p>","protected":false},"excerpt":{"rendered":"<p>Jungle Culture&#8217;i looduslikud kohvikoorija seebid on t\u00e4idetud aromaatsete jahvatatud orgaaniliste kohviubadega. Kohv on oluline ja rikkalik antioks\u00fcdantide allikas, mist\u00f5ttu on see kooriv&hellip;<\/p>","protected":false},"featured_media":6492,"comment_status":"open","ping_status":"closed","template":"","meta":{"wprm-recipe-roundup-name":"","wprm-recipe-roundup-description":""},"product_brand":[12064],"product_cat":[246],"product_tag":[193],"class_list":{"0":"post-6491","1":"product","2":"type-product","3":"status-publish","4":"has-post-thumbnail","6":"product_brand-jungle-culture","7":"product_cat-hugieenitarbed","8":"product_tag-seep","10":"first","11":"instock","12":"taxable","13":"shipping-taxable","14":"purchasable","15":"product-type-simple"},"supplier_id":9133,"supplier_sku":"","barcode":null,"atum_controlled":true,"out_stock_date":null,"out_stock_threshold":null,"inheritable":false,"inbound_stock":0,"stock_on_hold":0,"sold_today":0,"sales_last_days":0,"reserved_stock":0,"customer_returns":0,"warehouse_damage":0,"lost_in_post":0,"other_logs":0,"out_stock_days":0,"lost_sales":0,"has_location":false,"update_date":"2026-04-13T21:40:30","atum_locations":[],"atum_stock_status":"instock","restock_status":false,"low_stock_amount":"","sales_update_date":"2026-03-07T01:16:10","calc_backorders":null,"aioseo_notices":[],"_links":{"self":[{"href":"https:\/\/ecoshop.ee\/ru\/wp-json\/wp\/v2\/product\/6491","targetHints":{"allow":["GET"]}}],"collection":[{"href":"https:\/\/ecoshop.ee\/ru\/wp-json\/wp\/v2\/product"}],"about":[{"href":"https:\/\/ecoshop.ee\/ru\/wp-json\/wp\/v2\/types\/product"}],"replies":[{"embeddable":true,"href":"https:\/\/ecoshop.ee\/ru\/wp-json\/wp\/v2\/comments?post=6491"}],"version-history":[{"count":0,"href":"https:\/\/ecoshop.ee\/ru\/wp-json\/wp\/v2\/product\/6491\/revisions"}],"wp:featuredmedia":[{"embeddable":true,"href":"https:\/\/ecoshop.ee\/ru\/wp-json\/wp\/v2\/media\/6492"}],"wp:attachment":[{"href":"https:\/\/ecoshop.ee\/ru\/wp-json\/wp\/v2\/media?parent=6491"}],"wp:term":[{"taxonomy":"product_brand","embeddable":true,"href":"https:\/\/ecoshop.ee\/ru\/wp-json\/wp\/v2\/product_brand?post=6491"},{"taxonomy":"product_cat","embeddable":true,"href":"https:\/\/ecoshop.ee\/ru\/wp-json\/wp\/v2\/product_cat?post=6491"},{"taxonomy":"product_tag","embeddable":true,"href":"https:\/\/ecoshop.ee\/ru\/wp-json\/wp\/v2\/product_tag?post=6491"}],"curies":[{"name":"wp","href":"https:\/\/api.w.org\/{rel}","templated":true}]}}