{"id":6511,"date":"2024-07-27T16:20:33","date_gmt":"2024-07-27T13:20:33","guid":{"rendered":"https:\/\/ecoshop.ee\/?post_type=product&#038;p=6511"},"modified":"2026-04-14T00:40:21","modified_gmt":"2026-04-13T21:40:21","slug":"%d0%be%d0%b1%d1%83%d0%b2%d1%8c-%d0%b8%d0%b7-%d0%bd%d0%b0%d1%82%d1%83%d1%80%d0%b0%d0%bb%d1%8c%d0%bd%d0%be%d0%b3%d0%be-%d0%b4%d0%b6%d1%83%d1%82%d0%b0","status":"publish","type":"product","link":"https:\/\/ecoshop.ee\/ru\/korduvkasutus\/looduslikud-dzuudist-korrekotid\/","title":{"rendered":"\u041d\u0430\u0442\u0443\u0440\u0430\u043b\u044c\u043d\u044b\u0435 \u043c\u0435\u0448\u043a\u0438 \u0438\u0437 \u0434\u0436\u0443\u0442\u043e\u0432\u043e\u0439 \u0441\u043e\u043b\u043e\u043c\u044b"},"content":{"rendered":"<p>\u041d\u0430\u0442\u0443\u0440\u0430\u043b\u044c\u043d\u044b\u0439 \u043c\u044f\u0433\u043a\u0438\u0439 \u0434\u0436\u0443\u0442\u043e\u0432\u044b\u0439 \u043c\u0435\u0448\u043e\u043a \u0440\u0443\u0447\u043d\u043e\u0439 \u0440\u0430\u0431\u043e\u0442\u044b \u0434\u043b\u044f \u0445\u0440\u0430\u043d\u0435\u043d\u0438\u044f \u0441\u043e\u043b\u043e\u043c\u0438\u043d\u043e\u043a, \u0434\u043e\u0441\u0442\u0443\u043f\u0435\u043d \u0432 \u0440\u0430\u0437\u043d\u044b\u0445 \u0446\u0432\u0435\u0442\u0430\u0445. \u041c\u0435\u0448\u043a\u0438 \u0434\u043b\u044f \u0441\u043e\u043b\u043e\u043c\u0438\u043d\u043e\u043a Jungle Culture \u0438\u0434\u0435\u0430\u043b\u044c\u043d\u043e \u043f\u043e\u0434\u0445\u043e\u0434\u044f\u0442 \u0434\u043b\u044f \u043e\u0440\u0433\u0430\u043d\u0438\u0437\u0430\u0446\u0438\u0438 \u0445\u0440\u0430\u043d\u0435\u043d\u0438\u044f \u0441\u043e\u043b\u043e\u043c\u0438\u043d\u043e\u043a \u0438 \u0434\u043b\u044f \u0442\u043e\u0433\u043e, \u0447\u0442\u043e\u0431\u044b \u0431\u0440\u0430\u0442\u044c \u0438\u0445 \u0441 \u0441\u043e\u0431\u043e\u0439 \u043d\u0430 \u043f\u0438\u043a\u043d\u0438\u043a. \u0412 \u043e\u0434\u0438\u043d \u043c\u0435\u0448\u043e\u043a \u043f\u043e\u043c\u0435\u0449\u0430\u0435\u0442\u0441\u044f 2-3 \u0441\u043e\u043b\u043e\u043c\u0438\u043d\u043a\u0438.<\/p>\n<p>&nbsp;<\/p>\n<p><strong>\u0412\u043a\u043b\u044e\u0447\u0430\u0435\u0442:<\/strong><\/p>\n<ul>\n<li>1 \u0434\u0436\u0443\u0442\u043e\u0432\u044b\u0439 \u043c\u0435\u0448\u043e\u043a<\/li>\n<\/ul>","protected":false},"excerpt":{"rendered":"<p>Looduslik ja k\u00e4sit\u00f6\u00f6na valmistatud pehme d\u017euutkotike k\u00f5rte hoiustamiseks, saadaval erinevates v\u00e4rvitoonides. Jungle Culture k\u00f5rrekotid sobivad ideaalselt teie k\u00f5rte organiseerimiseks ja piknikule kaasav\u00f5tmiseks.&hellip;<\/p>","protected":false},"featured_media":6512,"comment_status":"open","ping_status":"closed","template":"","meta":{"wprm-recipe-roundup-name":"","wprm-recipe-roundup-description":""},"product_brand":[12064],"product_cat":[248,247],"product_tag":[],"class_list":{"0":"post-6511","1":"product","2":"type-product","3":"status-publish","4":"has-post-thumbnail","6":"product_brand-jungle-culture","7":"product_cat-korduvkasutus","8":"product_cat-noud-ja-koogitarbed","10":"first","11":"instock","12":"taxable","13":"shipping-taxable","14":"purchasable","15":"product-type-variable"},"supplier_id":null,"supplier_sku":"","barcode":null,"atum_controlled":true,"out_stock_date":null,"out_stock_threshold":null,"inheritable":true,"inbound_stock":0,"stock_on_hold":0,"sold_today":0,"sales_last_days":0,"reserved_stock":0,"customer_returns":0,"warehouse_damage":0,"lost_in_post":0,"other_logs":0,"out_stock_days":0,"lost_sales":0,"has_location":false,"update_date":"2026-04-13T21:40:22","atum_locations":[],"atum_stock_status":"instock","restock_status":false,"low_stock_amount":"","sales_update_date":"2026-03-07T01:16:10","calc_backorders":null,"aioseo_notices":[],"_links":{"self":[{"href":"https:\/\/ecoshop.ee\/ru\/wp-json\/wp\/v2\/product\/6511","targetHints":{"allow":["GET"]}}],"collection":[{"href":"https:\/\/ecoshop.ee\/ru\/wp-json\/wp\/v2\/product"}],"about":[{"href":"https:\/\/ecoshop.ee\/ru\/wp-json\/wp\/v2\/types\/product"}],"replies":[{"embeddable":true,"href":"https:\/\/ecoshop.ee\/ru\/wp-json\/wp\/v2\/comments?post=6511"}],"version-history":[{"count":0,"href":"https:\/\/ecoshop.ee\/ru\/wp-json\/wp\/v2\/product\/6511\/revisions"}],"wp:featuredmedia":[{"embeddable":true,"href":"https:\/\/ecoshop.ee\/ru\/wp-json\/wp\/v2\/media\/6512"}],"wp:attachment":[{"href":"https:\/\/ecoshop.ee\/ru\/wp-json\/wp\/v2\/media?parent=6511"}],"wp:term":[{"taxonomy":"product_brand","embeddable":true,"href":"https:\/\/ecoshop.ee\/ru\/wp-json\/wp\/v2\/product_brand?post=6511"},{"taxonomy":"product_cat","embeddable":true,"href":"https:\/\/ecoshop.ee\/ru\/wp-json\/wp\/v2\/product_cat?post=6511"},{"taxonomy":"product_tag","embeddable":true,"href":"https:\/\/ecoshop.ee\/ru\/wp-json\/wp\/v2\/product_tag?post=6511"}],"curies":[{"name":"wp","href":"https:\/\/api.w.org\/{rel}","templated":true}]}}