{"id":6526,"date":"2024-07-27T16:51:06","date_gmt":"2024-07-27T13:51:06","guid":{"rendered":"https:\/\/ecoshop.ee\/?post_type=product&#038;p=6526"},"modified":"2026-05-10T15:30:19","modified_gmt":"2026-05-10T12:30:19","slug":"%d0%bd%d0%b0%d1%82%d1%83%d1%80%d0%b0%d0%bb%d1%8c%d0%bd%d1%8b%d0%b5-%d1%87%d0%b8%d1%81%d1%82%d1%8f%d1%89%d0%b8%d0%b5-%d1%89%d0%b5%d1%82%d0%ba%d0%b8","status":"publish","type":"product","link":"https:\/\/ecoshop.ee\/ru\/korduvkasutus\/looduslikud-korrepuhastamise-harjad\/","title":{"rendered":"\u041d\u0430\u0442\u0443\u0440\u0430\u043b\u044c\u043d\u044b\u0435 \u0449\u0435\u0442\u043a\u0438 \u0434\u043b\u044f \u0447\u0438\u0441\u0442\u043a\u0438 \u0438\u0437 \u0441\u043e\u043b\u043e\u043c\u044b"},"content":{"rendered":"<p>\u0418\u0441\u043f\u043e\u043b\u044c\u0437\u0443\u0439\u0442\u0435 \u043d\u0430\u0448\u0438 \u0449\u0435\u0442\u043a\u0438 \u0434\u043b\u044f \u044d\u0444\u0444\u0435\u043a\u0442\u0438\u0432\u043d\u043e\u0439 \u043e\u0447\u0438\u0441\u0442\u043a\u0438 \u0432\u043d\u0443\u0442\u0440\u0435\u043d\u043d\u0435\u0439 \u043f\u043e\u0432\u0435\u0440\u0445\u043d\u043e\u0441\u0442\u0438 \u043c\u043d\u043e\u0433\u043e\u0440\u0430\u0437\u043e\u0432\u044b\u0445 \u0441\u043e\u043b\u043e\u043c\u0438\u043d\u043e\u043a. \u0429\u0435\u0442\u043a\u0438 \u0438\u0437 \u043a\u043e\u043a\u043e\u0441\u043e\u0432\u043e\u0433\u043e \u0432\u043e\u043b\u043e\u043a\u043d\u0430 \u0438 \u0441\u0438\u0437\u0430\u043b\u044f \u0438\u043c\u0435\u044e\u0442 \u0436\u0435\u0441\u0442\u043a\u0443\u044e \u0449\u0435\u0442\u0438\u043d\u0443, \u043a\u043e\u0442\u043e\u0440\u0430\u044f \u043e\u0442\u043b\u0438\u0447\u043d\u043e \u043f\u043e\u0434\u0445\u043e\u0434\u0438\u0442 \u0434\u043b\u044f \u043e\u0447\u0438\u0441\u0442\u043a\u0438 \u0441\u043e\u043b\u043e\u043c\u0438\u043d\u043e\u043a \u0441\u0440\u0435\u0434\u043d\u0435\u0439 \u0438 \u0442\u043e\u043b\u0441\u0442\u043e\u0439 \u0442\u043e\u043b\u0449\u0438\u043d\u044b, \u043d\u043e \u0438\u043d\u043e\u0433\u0434\u0430 \u043c\u043e\u0436\u0435\u0442 \u0437\u0430\u0441\u0442\u0440\u0435\u0432\u0430\u0442\u044c \u0432 \u0442\u043e\u043d\u043a\u0438\u0445 \u0441\u043e\u043b\u043e\u043c\u0438\u043d\u043a\u0430\u0445. \u0418\u043c\u0435\u043d\u043d\u043e \u043f\u043e\u044d\u0442\u043e\u043c\u0443 \u043c\u044b \u043f\u043e-\u043f\u0440\u0435\u0436\u043d\u0435\u043c\u0443 \u043f\u0440\u0435\u0434\u043b\u0430\u0433\u0430\u0435\u043c \u043d\u0435\u0439\u043b\u043e\u043d\u043e\u0432\u044b\u0435 \u0449\u0435\u0442\u043a\u0438 \u0434\u043b\u044f \u0447\u0438\u0441\u0442\u043a\u0438 \u0432 \u043a\u0430\u0447\u0435\u0441\u0442\u0432\u0435 \u0434\u043e\u043f\u043e\u043b\u043d\u0438\u0442\u0435\u043b\u044c\u043d\u043e\u0439 \u043e\u043f\u0446\u0438\u0438.<\/p>","protected":false},"excerpt":{"rendered":"<p>Kasuta meie harju oma korduvkasutatavate k\u00f5rte sisemuse t\u00f5husaks puhastamiseks. Kookoskiud- ja sisalkiudharjad kasutavad j\u00e4medaid harjaseid, mis on suurep\u00e4rased keskmiste kuni paksude k\u00f5rte&hellip;<\/p>","protected":false},"featured_media":6527,"comment_status":"open","ping_status":"closed","template":"","meta":{"wprm-recipe-roundup-name":"","wprm-recipe-roundup-description":""},"product_brand":[12064],"product_cat":[248,247],"product_tag":[],"class_list":{"0":"post-6526","1":"product","2":"type-product","3":"status-publish","4":"has-post-thumbnail","6":"product_brand-jungle-culture","7":"product_cat-korduvkasutus","8":"product_cat-noud-ja-koogitarbed","10":"first","11":"instock","12":"taxable","13":"shipping-taxable","14":"purchasable","15":"product-type-variable"},"supplier_id":null,"supplier_sku":"","barcode":null,"atum_controlled":true,"out_stock_date":null,"out_stock_threshold":null,"inheritable":true,"inbound_stock":0,"stock_on_hold":0,"sold_today":0,"sales_last_days":0,"reserved_stock":0,"customer_returns":0,"warehouse_damage":0,"lost_in_post":0,"other_logs":0,"out_stock_days":0,"lost_sales":0,"has_location":false,"update_date":"2026-05-10T12:30:20","atum_locations":[],"atum_stock_status":"instock","restock_status":false,"low_stock_amount":"","sales_update_date":"2026-03-07T01:16:13","calc_backorders":null,"aioseo_notices":[],"_links":{"self":[{"href":"https:\/\/ecoshop.ee\/ru\/wp-json\/wp\/v2\/product\/6526","targetHints":{"allow":["GET"]}}],"collection":[{"href":"https:\/\/ecoshop.ee\/ru\/wp-json\/wp\/v2\/product"}],"about":[{"href":"https:\/\/ecoshop.ee\/ru\/wp-json\/wp\/v2\/types\/product"}],"replies":[{"embeddable":true,"href":"https:\/\/ecoshop.ee\/ru\/wp-json\/wp\/v2\/comments?post=6526"}],"version-history":[{"count":0,"href":"https:\/\/ecoshop.ee\/ru\/wp-json\/wp\/v2\/product\/6526\/revisions"}],"wp:featuredmedia":[{"embeddable":true,"href":"https:\/\/ecoshop.ee\/ru\/wp-json\/wp\/v2\/media\/6527"}],"wp:attachment":[{"href":"https:\/\/ecoshop.ee\/ru\/wp-json\/wp\/v2\/media?parent=6526"}],"wp:term":[{"taxonomy":"product_brand","embeddable":true,"href":"https:\/\/ecoshop.ee\/ru\/wp-json\/wp\/v2\/product_brand?post=6526"},{"taxonomy":"product_cat","embeddable":true,"href":"https:\/\/ecoshop.ee\/ru\/wp-json\/wp\/v2\/product_cat?post=6526"},{"taxonomy":"product_tag","embeddable":true,"href":"https:\/\/ecoshop.ee\/ru\/wp-json\/wp\/v2\/product_tag?post=6526"}],"curies":[{"name":"wp","href":"https:\/\/api.w.org\/{rel}","templated":true}]}}