{"id":6908,"date":"2024-08-09T23:47:48","date_gmt":"2024-08-09T20:47:48","guid":{"rendered":"https:\/\/ecoshop.ee\/?post_type=product&#038;p=6908"},"modified":"2026-05-08T20:46:25","modified_gmt":"2026-05-08T17:46:25","slug":"%d0%be%d1%80%d0%b3%d0%b0%d0%bd%d0%b8%d1%87%d0%b5%d1%81%d0%ba%d0%b8%d0%b9-%d0%bf%d0%be%d1%80%d0%be%d1%88%d0%be%d0%ba-%d0%bc%d0%b0%d1%82%d1%87%d0%b0-%d0%b2%d1%8b%d1%81%d1%88%d0%b5%d0%b3%d0%be-%d1%81","status":"publish","type":"product","link":"https:\/\/ecoshop.ee\/ru\/sahvrikaubad\/orgaaniline-matcha-pulber-klass-a-100g\/","title":{"rendered":"\u041e\u0440\u0433\u0430\u043d\u0438\u0447\u0435\u0441\u043a\u0438\u0439 \u043f\u043e\u0440\u043e\u0448\u043e\u043a \u043c\u0430\u0442\u0447\u0430, \u043a\u043b\u0430\u0441\u0441 \u0410, \u0446\u0435\u0440\u0435\u043c\u043e\u043d\u0438\u0430\u043b\u044c\u043d\u044b\u0439, 100 \u0433"},"content":{"rendered":"<p class=\"font-claude-response-body break-words whitespace-normal leading-[1.7]\">Dragon Superfoods orgaaniline matcha pulber on tseremoniaalne klass-A roheline teepulber, mis p\u00e4rineb traditsioonilisest Jaapani teekultuurist. Camellia sinensis taimi kasvatatakse 30 p\u00e4eva varjus, misj\u00e4rel noored lehed k\u00e4sitsi korjatakse ja peeneks jahvatatakse \u2013 see aegan\u00f5udev protsess s\u00e4ilitab k\u00f5ik taime v\u00e4\u00e4rtuslikud toitained ning annab matchale tema iseloomuliku s\u00fcgava maitse ja erkrohelise v\u00e4rvuse.<\/p>\n<p>&nbsp;<\/p>\n<ul>\n<li class=\"font-claude-response-body break-words whitespace-normal leading-[1.7]\">Sobib smuutidesse, lattedesse, kastmetesse ja k\u00fcpsetistesse.<\/li>\n<li class=\"font-claude-response-body break-words whitespace-normal leading-[1.7]\">Soovitatav kogus 1\u20132 teelusikat\u00e4it (5\u201310 g) p\u00e4evas.<\/li>\n<li class=\"font-claude-response-body break-words whitespace-normal leading-[1.7]\">Hoida jahedas ja kuivas kohas.<\/li>\n<\/ul>\n<p>&nbsp;<\/p>\n<p class=\"font-claude-response-body break-words whitespace-normal leading-[1.7]\"><span style=\"color: #008000;\"><a class=\"underline underline underline-offset-2 decoration-1 decoration-current\/40 hover:decoration-current focus:decoration-current\" style=\"color: #008000;\" href=\"https:\/\/ecoshop.ee\/matcha-traditsiooniline-jaapani-tee-mis-voidab-sudameid\/\">Loe l\u00e4hemalt matcha traditsiooni kohta \u2192<\/a><\/span><\/p>\n","protected":false},"excerpt":{"rendered":"<p>Dragon Superfoods orgaaniline matcha pulber on tseremoniaalne klass-A roheline teepulber, mis p\u00e4rineb traditsioonilisest Jaapani teekultuurist. Camellia sinensis taimi kasvatatakse 30 p\u00e4eva varjus,&hellip;<\/p>","protected":false},"featured_media":6909,"comment_status":"open","ping_status":"closed","template":"","meta":{"wprm-recipe-roundup-name":"","wprm-recipe-roundup-description":""},"product_brand":[12065],"product_cat":[323,390,524,161,303,302],"product_tag":[296,297,278,298],"class_list":{"0":"post-6908","1":"product","2":"type-product","3":"status-publish","4":"has-post-thumbnail","6":"product_brand-dragon-superfoods","7":"product_cat-kupsetussegud-ja-kuivained","8":"product_cat-teed-ja-kuumad-joogid","9":"product_cat-supertoidud","10":"product_cat-sahvrikaubad","11":"product_cat-mahetooted","12":"product_cat-gluteenivaba","13":"product_tag-gluteenivaba","14":"product_tag-mahe","15":"product_tag-matcha","16":"product_tag-roheline-tee","17":"j79_wcxd_expiry_type-best-before","19":"first","20":"instock","21":"taxable","22":"shipping-taxable","23":"purchasable","24":"product-type-simple"},"supplier_id":9165,"supplier_sku":"","barcode":"3800225476188","atum_controlled":true,"out_stock_date":null,"out_stock_threshold":null,"inheritable":false,"inbound_stock":0,"stock_on_hold":0,"sold_today":0,"sales_last_days":1,"reserved_stock":0,"customer_returns":0,"warehouse_damage":0,"lost_in_post":0,"other_logs":0,"out_stock_days":1,"lost_sales":1,"has_location":false,"update_date":"2026-05-08T17:46:26","atum_locations":[],"atum_stock_status":"instock","restock_status":false,"low_stock_amount":"","sales_update_date":"2026-05-05T13:43:21","calc_backorders":null,"aioseo_notices":[],"_links":{"self":[{"href":"https:\/\/ecoshop.ee\/ru\/wp-json\/wp\/v2\/product\/6908","targetHints":{"allow":["GET"]}}],"collection":[{"href":"https:\/\/ecoshop.ee\/ru\/wp-json\/wp\/v2\/product"}],"about":[{"href":"https:\/\/ecoshop.ee\/ru\/wp-json\/wp\/v2\/types\/product"}],"replies":[{"embeddable":true,"href":"https:\/\/ecoshop.ee\/ru\/wp-json\/wp\/v2\/comments?post=6908"}],"version-history":[{"count":3,"href":"https:\/\/ecoshop.ee\/ru\/wp-json\/wp\/v2\/product\/6908\/revisions"}],"predecessor-version":[{"id":396137,"href":"https:\/\/ecoshop.ee\/ru\/wp-json\/wp\/v2\/product\/6908\/revisions\/396137"}],"wp:featuredmedia":[{"embeddable":true,"href":"https:\/\/ecoshop.ee\/ru\/wp-json\/wp\/v2\/media\/6909"}],"wp:attachment":[{"href":"https:\/\/ecoshop.ee\/ru\/wp-json\/wp\/v2\/media?parent=6908"}],"wp:term":[{"taxonomy":"product_brand","embeddable":true,"href":"https:\/\/ecoshop.ee\/ru\/wp-json\/wp\/v2\/product_brand?post=6908"},{"taxonomy":"product_cat","embeddable":true,"href":"https:\/\/ecoshop.ee\/ru\/wp-json\/wp\/v2\/product_cat?post=6908"},{"taxonomy":"product_tag","embeddable":true,"href":"https:\/\/ecoshop.ee\/ru\/wp-json\/wp\/v2\/product_tag?post=6908"}],"curies":[{"name":"wp","href":"https:\/\/api.w.org\/{rel}","templated":true}]}}