{"id":6914,"date":"2024-08-10T00:20:23","date_gmt":"2024-08-09T21:20:23","guid":{"rendered":"https:\/\/ecoshop.ee\/?post_type=product&#038;p=6914"},"modified":"2026-05-08T11:44:06","modified_gmt":"2026-05-08T08:44:06","slug":"%d0%be%d1%80%d0%b3%d0%b0%d0%bd%d0%b8%d1%87%d0%b5%d1%81%d0%ba%d0%b8%d0%b9-%d0%bf%d0%be%d1%80%d0%be%d1%88%d0%be%d0%ba-%d0%b0%d1%88%d0%b2%d0%b0%d0%b3%d0%b0%d0%bd%d0%b4%d1%8b-200-%d0%b3","status":"publish","type":"product","link":"https:\/\/ecoshop.ee\/ru\/sahvrikaubad\/mahe-ashwagandha-pulber-200g\/","title":{"rendered":"\u041e\u0440\u0433\u0430\u043d\u0438\u0447\u0435\u0441\u043a\u0438\u0439 \u043f\u043e\u0440\u043e\u0448\u043e\u043a \u0430\u0448\u0432\u0430\u0433\u0430\u043d\u0434\u044b, 200 \u0433"},"content":{"rendered":"<p>\u0410\u0448\u0432\u0430\u0433\u0430\u043d\u0434\u0430 \u2014 \u043e\u0434\u043d\u0430 \u0438\u0437 \u0441\u0430\u043c\u044b\u0445 \u043f\u043e\u043f\u0443\u043b\u044f\u0440\u043d\u044b\u0445 \u0442\u0440\u0430\u0432 \u0432 \u0430\u044e\u0440\u0432\u0435\u0434\u0438\u0447\u0435\u0441\u043a\u043e\u0439 \u043a\u0443\u043b\u044c\u0442\u0443\u0440\u0435, \u0438\u0441\u043f\u043e\u043b\u044c\u0437\u0443\u0435\u043c\u0430\u044f \u0441 \u0434\u0440\u0435\u0432\u043d\u0438\u0445 \u0432\u0440\u0435\u043c\u0435\u043d. \u0422\u0430\u043a\u0436\u0435 \u0438\u0437\u0432\u0435\u0441\u0442\u043d\u0430\u044f \u043a\u0430\u043a \u201c\u0438\u043d\u0434\u0438\u0439\u0441\u043a\u0438\u0439 \u0436\u0435\u043d\u044c\u0448\u0435\u043d\u044c\u201d, \u043e\u043d\u0430 \u044f\u0432\u043b\u044f\u0435\u0442\u0441\u044f \u0447\u0430\u0441\u0442\u044c\u044e \u0432\u043e\u0441\u0442\u043e\u0447\u043d\u043e\u0439 \u043a\u0443\u043b\u044c\u0442\u0443\u0440\u044b \u0438 \u0441\u0435\u0439\u0447\u0430\u0441 \u043d\u0430\u0431\u0438\u0440\u0430\u0435\u0442 \u043f\u043e\u043f\u0443\u043b\u044f\u0440\u043d\u043e\u0441\u0442\u044c \u043d\u0430 \u0417\u0430\u043f\u0430\u0434\u0435. \u041e\u0440\u0433\u0430\u043d\u0438\u0447\u0435\u0441\u043a\u0438\u0439 \u043f\u043e\u0440\u043e\u0448\u043e\u043a \u0430\u0448\u0432\u0430\u0433\u0430\u043d\u0434\u044b Dragon Superfoods \u043f\u043e\u043c\u043e\u0433\u0430\u0435\u0442 \u0441\u043d\u0438\u0437\u0438\u0442\u044c \u0441\u0442\u0440\u0435\u0441\u0441 \u0438 \u0442\u0440\u0435\u0432\u043e\u0433\u0443, \u043f\u043e\u0434\u0434\u0435\u0440\u0436\u0438\u0432\u0430\u0435\u0442 \u0438\u043c\u043c\u0443\u043d\u043d\u0443\u044e \u0441\u0438\u0441\u0442\u0435\u043c\u0443, \u0443\u043b\u0443\u0447\u0448\u0430\u0435\u0442 \u043a\u0430\u0447\u0435\u0441\u0442\u0432\u043e \u0441\u043d\u0430 \u0438 \u0441\u043f\u043e\u0441\u043e\u0431\u0441\u0442\u0432\u0443\u0435\u0442 \u043f\u043e\u0432\u044b\u0448\u0435\u043d\u0438\u044e \u0443\u043c\u0441\u0442\u0432\u0435\u043d\u043d\u043e\u0439 \u0438 \u0444\u0438\u0437\u0438\u0447\u0435\u0441\u043a\u043e\u0439 \u0432\u044b\u043d\u043e\u0441\u043b\u0438\u0432\u043e\u0441\u0442\u0438. \u041e\u043d \u0442\u0430\u043a\u0436\u0435 \u043c\u043e\u0436\u0435\u0442 \u0441\u043f\u043e\u0441\u043e\u0431\u0441\u0442\u0432\u043e\u0432\u0430\u0442\u044c \u0433\u043e\u0440\u043c\u043e\u043d\u0430\u043b\u044c\u043d\u043e\u043c\u0443 \u0431\u0430\u043b\u0430\u043d\u0441\u0443 \u0438 \u043f\u043e\u0432\u044b\u0448\u0435\u043d\u0438\u044e \u0443\u0440\u043e\u0432\u043d\u044f \u044d\u043d\u0435\u0440\u0433\u0438\u0438.<\/p>\n<p>\u0420\u0435\u043a\u043e\u043c\u0435\u043d\u0434\u0430\u0446\u0438\u0438 \u043f\u043e \u043f\u0440\u0438\u043c\u0435\u043d\u0435\u043d\u0438\u044e: \u0434\u043e\u0431\u0430\u0432\u044c\u0442\u0435 \u00bd \u0447\u0430\u0439\u043d\u043e\u0439 \u043b\u043e\u0436\u043a\u0438 \u043f\u043e\u0440\u043e\u0448\u043a\u0430 \u0430\u0448\u0432\u0430\u0433\u0430\u043d\u0434\u044b \u0432 \u0447\u0430\u0448\u043a\u0443 \u0433\u043e\u0440\u044f\u0447\u0435\u0439 \u0432\u043e\u0434\u044b. \u0423\u043f\u043e\u0442\u0440\u0435\u0431\u043b\u044f\u0439\u0442\u0435 \u0443\u0442\u0440\u043e\u043c \u0438\u043b\u0438 \u0432\u0435\u0447\u0435\u0440\u043e\u043c, \u0434\u043e \u0438\u043b\u0438 \u043f\u043e\u0441\u043b\u0435 \u0435\u0434\u044b.<\/p>\n<p>\u0425\u0440\u0430\u043d\u0438\u0442\u044c \u0432 \u043f\u0440\u043e\u0445\u043b\u0430\u0434\u043d\u043e\u043c, \u0441\u0443\u0445\u043e\u043c \u043c\u0435\u0441\u0442\u0435.<\/p>","protected":false},"excerpt":{"rendered":"<p>Ashwagandha on \u00fcks populaarsemaid \u00fcrte Ayurveda kultuuris, mida on kasutatud juba iidsetest aegadest. Tuntud ka kui &#8220;India \u017een\u0161enn&#8221;, on see osa idamaade&hellip;<\/p>","protected":false},"featured_media":6915,"comment_status":"open","ping_status":"closed","template":"","meta":{"wprm-recipe-roundup-name":"","wprm-recipe-roundup-description":""},"product_brand":[12065],"product_cat":[323,524,161,303],"product_tag":[279,297],"class_list":{"0":"post-6914","1":"product","2":"type-product","3":"status-publish","4":"has-post-thumbnail","6":"product_brand-dragon-superfoods","7":"product_cat-kupsetussegud-ja-kuivained","8":"product_cat-supertoidud","9":"product_cat-sahvrikaubad","10":"product_cat-mahetooted","11":"product_tag-ashwagandha","12":"product_tag-mahe","13":"j79_wcxd_expiry_type-expiry-date","15":"first","16":"instock","17":"taxable","18":"shipping-taxable","19":"purchasable","20":"product-type-simple"},"supplier_id":9165,"supplier_sku":"","barcode":"3800225475655","atum_controlled":true,"out_stock_date":null,"out_stock_threshold":null,"inheritable":false,"inbound_stock":0,"stock_on_hold":0,"sold_today":0,"sales_last_days":1,"reserved_stock":0,"customer_returns":0,"warehouse_damage":0,"lost_in_post":0,"other_logs":0,"out_stock_days":0,"lost_sales":0,"has_location":false,"update_date":"2026-05-12T12:37:21","atum_locations":[],"atum_stock_status":"instock","restock_status":false,"low_stock_amount":"","sales_update_date":"2026-05-12T12:37:21","calc_backorders":null,"aioseo_notices":[],"_links":{"self":[{"href":"https:\/\/ecoshop.ee\/ru\/wp-json\/wp\/v2\/product\/6914","targetHints":{"allow":["GET"]}}],"collection":[{"href":"https:\/\/ecoshop.ee\/ru\/wp-json\/wp\/v2\/product"}],"about":[{"href":"https:\/\/ecoshop.ee\/ru\/wp-json\/wp\/v2\/types\/product"}],"replies":[{"embeddable":true,"href":"https:\/\/ecoshop.ee\/ru\/wp-json\/wp\/v2\/comments?post=6914"}],"version-history":[{"count":0,"href":"https:\/\/ecoshop.ee\/ru\/wp-json\/wp\/v2\/product\/6914\/revisions"}],"wp:featuredmedia":[{"embeddable":true,"href":"https:\/\/ecoshop.ee\/ru\/wp-json\/wp\/v2\/media\/6915"}],"wp:attachment":[{"href":"https:\/\/ecoshop.ee\/ru\/wp-json\/wp\/v2\/media?parent=6914"}],"wp:term":[{"taxonomy":"product_brand","embeddable":true,"href":"https:\/\/ecoshop.ee\/ru\/wp-json\/wp\/v2\/product_brand?post=6914"},{"taxonomy":"product_cat","embeddable":true,"href":"https:\/\/ecoshop.ee\/ru\/wp-json\/wp\/v2\/product_cat?post=6914"},{"taxonomy":"product_tag","embeddable":true,"href":"https:\/\/ecoshop.ee\/ru\/wp-json\/wp\/v2\/product_tag?post=6914"}],"curies":[{"name":"wp","href":"https:\/\/api.w.org\/{rel}","templated":true}]}}