{"id":6958,"date":"2024-08-11T00:40:02","date_gmt":"2024-08-10T21:40:02","guid":{"rendered":"https:\/\/ecoshop.ee\/?post_type=product&#038;p=6958"},"modified":"2025-12-25T18:08:10","modified_gmt":"2025-12-25T15:08:10","slug":"%d0%ba%d0%be%d0%ba%d0%be%d1%81%d0%be%d0%b2%d0%b0%d1%8f-%d1%81%d1%82%d1%80%d1%83%d0%b6%d0%ba%d0%b0-%d1%81-%d1%84%d1%80%d0%b0%d0%bd%d1%86%d1%83%d0%b7%d1%81%d0%ba%d0%be%d0%b9-%d0%bc%d0%be%d1%80%d1%81","status":"publish","type":"product","link":"https:\/\/ecoshop.ee\/ru\/soolased-snakid\/kookosekropsud-prantsuse-meresoolaga-70g\/","title":{"rendered":"\u041a\u043e\u043a\u043e\u0441\u043e\u0432\u0430\u044f \u0441\u0442\u0440\u0443\u0436\u043a\u0430 \u0441 \u0444\u0440\u0430\u043d\u0446\u0443\u0437\u0441\u043a\u043e\u0439 \u043c\u043e\u0440\u0441\u043a\u043e\u0439 \u0441\u043e\u043b\u044c\u044e, 70 \u0433"},"content":{"rendered":"<p>\u041a\u043b\u0430\u0441\u0441\u0438\u0447\u0435\u0441\u043a\u0438\u0435 \u043a\u043e\u043a\u043e\u0441\u043e\u0432\u044b\u0435 \u0447\u0438\u043f\u0441\u044b Bett&#039;r \u2014 \u043e\u0440\u0433\u0430\u043d\u0438\u0447\u0435\u0441\u043a\u0430\u044f \u043a\u043e\u043a\u043e\u0441\u043e\u0432\u0430\u044f \u0441\u0442\u0440\u0443\u0436\u043a\u0430 \u0441 \u0444\u0440\u0430\u043d\u0446\u0443\u0437\u0441\u043a\u043e\u0439 \u043c\u043e\u0440\u0441\u043a\u043e\u0439 \u0441\u043e\u043b\u044c\u044e, \u0437\u0430\u043f\u0435\u0447\u0435\u043d\u043d\u044b\u0435 \u0434\u043e \u0445\u0440\u0443\u0441\u0442\u044f\u0449\u0435\u0439 \u043a\u043e\u0440\u043e\u0447\u043a\u0438. \u041f\u0440\u043e\u0441\u0442\u043e\u0435 \u0438 \u043f\u043e\u043b\u0435\u0437\u043d\u043e\u0435 \u0441\u043e\u0447\u0435\u0442\u0430\u043d\u0438\u0435. \u0411\u0435\u0437 \u0434\u043e\u0431\u0430\u0432\u043b\u0435\u043d\u0438\u044f \u0436\u0438\u0440\u0430, \u0441\u0430\u0445\u0430\u0440\u0430, \u0438\u0441\u043a\u0443\u0441\u0441\u0442\u0432\u0435\u043d\u043d\u044b\u0445 \u0438\u043d\u0433\u0440\u0435\u0434\u0438\u0435\u043d\u0442\u043e\u0432 \u0438 \u0443\u0441\u0438\u043b\u0438\u0442\u0435\u043b\u0435\u0439 \u0432\u043a\u0443\u0441\u0430. \u0427\u0438\u043f\u0441\u044b, \u043a\u043e\u0442\u043e\u0440\u044b\u0435 \u0434\u0435\u0439\u0441\u0442\u0432\u0438\u0442\u0435\u043b\u044c\u043d\u043e Bett&#039;r!<\/p>","protected":false},"excerpt":{"rendered":"<p>Bett&#8217;r kookosekr\u00f5psud klassikalises variandis \u2013 mahedad kookosehelbed, millele on lisatud Prantsuse meresoola ja k\u00fcpsetatud m\u00f5nusalt kr\u00f5bedaks. Lihtne ja puhas kooslus. Ei ole&hellip;<\/p>","protected":false},"featured_media":6959,"comment_status":"open","ping_status":"closed","template":"","meta":{"wprm-recipe-roundup-name":"","wprm-recipe-roundup-description":""},"product_brand":[],"product_cat":[157,303],"product_tag":[284,297],"class_list":{"0":"post-6958","1":"product","2":"type-product","3":"status-publish","4":"has-post-thumbnail","6":"product_cat-soolased-snakid","7":"product_cat-mahetooted","8":"product_tag-kookosekropsud","9":"product_tag-mahe","10":"j79_wcxd_expiry_type-expiry-date","12":"first","13":"outofstock","14":"taxable","15":"shipping-taxable","16":"purchasable","17":"product-type-simple"},"supplier_id":9165,"supplier_sku":"","barcode":"3800232733458","atum_controlled":true,"out_stock_date":"2025-10-18 12:33:40","out_stock_threshold":null,"inheritable":false,"inbound_stock":0,"stock_on_hold":0,"sold_today":0,"sales_last_days":0,"reserved_stock":0,"customer_returns":0,"warehouse_damage":0,"lost_in_post":0,"other_logs":0,"out_stock_days":170,"lost_sales":53,"has_location":false,"update_date":"2026-04-06T20:01:18","atum_locations":[],"atum_stock_status":"outofstock","restock_status":false,"low_stock_amount":"","sales_update_date":"2026-04-06T20:01:18","calc_backorders":null,"aioseo_notices":[],"_links":{"self":[{"href":"https:\/\/ecoshop.ee\/ru\/wp-json\/wp\/v2\/product\/6958","targetHints":{"allow":["GET"]}}],"collection":[{"href":"https:\/\/ecoshop.ee\/ru\/wp-json\/wp\/v2\/product"}],"about":[{"href":"https:\/\/ecoshop.ee\/ru\/wp-json\/wp\/v2\/types\/product"}],"replies":[{"embeddable":true,"href":"https:\/\/ecoshop.ee\/ru\/wp-json\/wp\/v2\/comments?post=6958"}],"version-history":[{"count":0,"href":"https:\/\/ecoshop.ee\/ru\/wp-json\/wp\/v2\/product\/6958\/revisions"}],"wp:featuredmedia":[{"embeddable":true,"href":"https:\/\/ecoshop.ee\/ru\/wp-json\/wp\/v2\/media\/6959"}],"wp:attachment":[{"href":"https:\/\/ecoshop.ee\/ru\/wp-json\/wp\/v2\/media?parent=6958"}],"wp:term":[{"taxonomy":"product_brand","embeddable":true,"href":"https:\/\/ecoshop.ee\/ru\/wp-json\/wp\/v2\/product_brand?post=6958"},{"taxonomy":"product_cat","embeddable":true,"href":"https:\/\/ecoshop.ee\/ru\/wp-json\/wp\/v2\/product_cat?post=6958"},{"taxonomy":"product_tag","embeddable":true,"href":"https:\/\/ecoshop.ee\/ru\/wp-json\/wp\/v2\/product_tag?post=6958"}],"curies":[{"name":"wp","href":"https:\/\/api.w.org\/{rel}","templated":true}]}}